{"id":52852,"date":"2026-04-05T17:12:56","date_gmt":"2026-04-05T15:12:56","guid":{"rendered":"https:\/\/connectaled.com\/?post_type=product&#038;p=52852"},"modified":"2026-04-05T20:48:26","modified_gmt":"2026-04-05T18:48:26","slug":"pasek-led-connecta-copy-2","status":"publish","type":"product","link":"https:\/\/connectaled.com\/pl\/produkt\/pasek-led-connecta-copy-2\/","title":{"rendered":"ESTA LED PRO Ta\u015bma 5m w rolce"},"content":{"rendered":"<div class=\"wp-block-group connecta-b2b-product-notice\"><div class=\"wp-block-group__inner-container is-layout-flow wp-block-group-is-layout-flow\"><p>W przypadku profesjonalnych projekt\u00f3w i wi\u0119kszych ilo\u015bci prosimy o kontakt w celu konsultacji technicznej.<\/p><p><a href=\"https:\/\/connectaled.com\/pl\/modulowy-system-oswietlenia-led\/\">modu\u0142owy system o\u015bwietlenia LED<\/a> | <a href=\"https:\/\/connectaled.com\/pl\/dlaczego-connecta\/\">Dlaczego Connecta<\/a> | <a href=\"https:\/\/connectaled.com\/pl\/popros-o-konsultacje-projektowa\/\">Popro\u015b o konsultacj\u0119 projektu<\/a><\/p><\/div><\/div><h2 data-start=\"321\" data-end=\"375\">\ud83d\udd39 Opis produktu \u2013 ESTA LED PRO Ta\u015bma<\/h2>\r\n<p data-start=\"377\" data-end=\"684\"><strong data-start=\"377\" data-end=\"407\">ESTA LED PRO Ta\u015bma<\/strong> to profesjonalne rozwi\u0105zanie o\u015bwietleniowe zaprojektowane z my\u015bl\u0105 o maksymalnej wydajno\u015bci, niezawodno\u015bci i \u0142atwo\u015bci instalacji. ESTA LED PRO Ta\u015bma to konwencjonalna ta\u015bma LED dostarczana w rolkach. <\/p>\r\n<h3 data-start=\"1421\" data-end=\"1455\">Zaawansowana ochrona elektryczna<\/h3>\r\n<p data-start=\"1456\" data-end=\"1932\">Ta\u015bmy ESTA LED PRO s\u0105 wyposa\u017cone w zintegrowan\u0105 <strong data-start=\"1507\" data-end=\"1525\">ochron\u0119 ESD<\/strong>, aby zabezpieczy\u0107 wra\u017cliwe komponenty elektroniczne przed wy\u0142adowaniami elektrostatycznymi podczas obs\u0142ugi i instalacji.<br data-start=\"1633\" data-end=\"1636\">Dodatkowo, ka\u017cdy segment zawiera <strong data-start=\"1675\" data-end=\"1708\">elektroniczn\u0105 regulacj\u0119 pr\u0105du<\/strong> za pomoc\u0105 dedykowanego uk\u0142adu scalonego, zapewniaj\u0105c, \u017ce pr\u0105d przep\u0142ywaj\u0105cy przez ka\u017cd\u0105 diod\u0119 LED <strong data-start=\"1782\" data-end=\"1805\">nigdy nie przekracza 60 mA<\/strong>. Zapobiega to przeci\u0105\u017ceniom pr\u0105dowym, zmniejsza napr\u0119\u017cenia termiczne i znacz\u0105co wyd\u0142u\u017ca \u017cywotno\u015b\u0107 diod LED. <\/p>\r\n<h3 data-start=\"1934\" data-end=\"1976\">O\u015bwietlenie o wysokiej g\u0119sto\u015bci i wydajno\u015bci<\/h3>\r\n<ul data-start=\"1977\" data-end=\"2214\">\r\n<li data-start=\"1977\" data-end=\"2030\">\r\n<p data-start=\"1979\" data-end=\"2030\"><strong data-start=\"1979\" data-end=\"2000\">70 diod LED na metr<\/strong> (35 diod LED na segment 0,5 m)<\/p>\r\n<\/li>\r\n<li data-start=\"2031\" data-end=\"2093\">\r\n<p data-start=\"2033\" data-end=\"2093\">Jednolity rozsy\u0142 \u015bwiat\u0142a bez widocznego spadku jasno\u015bci<\/p>\r\n<\/li>\r\n<li data-start=\"2094\" data-end=\"2214\">\r\n<p data-start=\"2096\" data-end=\"2214\">Wysoka skuteczno\u015b\u0107 \u015bwietlna do <strong data-start=\"2128\" data-end=\"2140\">165 lm\/W<\/strong>, co przek\u0142ada si\u0119 na doskona\u0142\u0105 efektywno\u015b\u0107 energetyczn\u0105 i zmniejszone zu\u017cycie energii<\/p>\r\n<\/li>\r\n<\/ul>\r\n<h3 data-start=\"2216\" data-end=\"2243\">Solidna konstrukcja PCB<\/h3>\r\n<p data-start=\"2244\" data-end=\"2388\">Elastyczna p\u0142ytka PCB jest wykonana z <strong data-start=\"2284\" data-end=\"2325\">miedzi o grubo\u015bci 0,105 mm (105 \u00b5m)<\/strong> \u2014 znacznie wi\u0119kszej ni\u017c w standardowych paskach LED. Zapewnia to: <\/p>\r\n<ul data-start=\"2389\" data-end=\"2503\">\r\n<li data-start=\"2389\" data-end=\"2420\">\r\n<p data-start=\"2391\" data-end=\"2420\">Ni\u017csz\u0105 rezystancj\u0119 elektryczn\u0105<\/p>\r\n<\/li>\r\n<li data-start=\"2421\" data-end=\"2448\">\r\n<p data-start=\"2423\" data-end=\"2448\">Zmniejszone wytwarzanie ciep\u0142a<\/p>\r\n<\/li>\r\n<li data-start=\"2449\" data-end=\"2479\">\r\n<p data-start=\"2451\" data-end=\"2479\">Poprawion\u0105 stabilno\u015b\u0107 termiczn\u0105<\/p>\r\n<\/li>\r\n<li data-start=\"2480\" data-end=\"2503\">\r\n<p data-start=\"2482\" data-end=\"2503\">D\u0142u\u017csz\u0105 \u017cywotno\u015b\u0107<\/p>\r\n<\/li>\r\n<\/ul>\r\n<h3 data-start=\"2505\" data-end=\"2535\">Kluczowe zalety w skr\u00f3cie<\/h3>\r\n<ul data-start=\"2536\" data-end=\"2843\">\r\n<li data-start=\"2636\" data-end=\"2681\">\r\n<p data-start=\"2638\" data-end=\"2681\">Zintegrowana ochrona ESD i przed przeci\u0105\u017ceniem<\/p>\r\n<\/li>\r\n<li data-start=\"2682\" data-end=\"2731\">\r\n<p data-start=\"2684\" data-end=\"2731\">Kontrola sta\u0142ego pr\u0105du (maks. 60 mA na diod\u0119 LED)<\/p>\r\n<\/li>\r\n<li data-start=\"2732\" data-end=\"2783\">\r\n<p data-start=\"2734\" data-end=\"2783\">Wysoka g\u0119sto\u015b\u0107 diod LED i doskona\u0142a efektywno\u015b\u0107 energetyczna<\/p>\r\n<\/li>\r\n<li data-start=\"2784\" data-end=\"2843\">\r\n<p data-start=\"2786\" data-end=\"2843\">Gruba miedziana p\u0142ytka PCB dla trwa\u0142o\u015bci i wydajno\u015bci termicznej<\/p>\r\n<\/li>\r\n<\/ul>\r\n<p data-start=\"2845\" data-end=\"3023\"><strong data-start=\"2845\" data-end=\"2867\">ESTA LED PRO Ta\u015bma<\/strong> to idealny wyb\u00f3r do zastosowa\u0144 o\u015bwietleniowych w budynkach mieszkalnych, komercyjnych i profesjonalnych, gdzie niezawodno\u015b\u0107, wydajno\u015b\u0107 i czysta instalacja s\u0105 kluczowe.<\/p>\r\n<h2>Specyfikacja techniczna<\/h2>\r\n<table class=\"connecta-specs\">\r\n<tbody>\r\n<tr>\r\n<th>Typ produktu<\/th>\r\n<td>ESTA LED PRO Ta\u015bma<\/td>\r\n<\/tr>\r\n<tr>\r\n<th>Materia\u0142<\/th>\r\n<td>Elastyczny pasek LED PCB<\/td>\r\n<\/tr>\r\n<tr>\r\n<th>Szeroko\u015b\u0107 paska<\/th>\r\n<td>10 mm<\/td>\r\n<\/tr>\r\n<tr>\r\n<th>D\u0142ugo\u015b\u0107 rolki<\/th>\r\n<td>5 m (lub d\u0142ugo\u015b\u0107 niestandardowa)<\/td>\r\n<\/tr>\r\n<tr>\r\n<th>D\u0142ugo\u015b\u0107 ci\u0119cia<\/th>\r\n<td>10 cm<\/td>\r\n<\/tr>\r\n<tr>\r\n<th>G\u0119sto\u015b\u0107 diod LED<\/th>\r\n<td>70 diod LED na metr<\/td>\r\n<\/tr>\r\n<tr>\r\n<th>Typ diod LED<\/th>\r\n<td>Diody LED OSRAM DURIS 2835<\/td>\r\n<\/tr>\r\n<tr>\r\n<th>Barwa \u015bwiat\u0142a (CCT)<\/th>\r\n<td>\r\n 2200K, 2700K, 3000K, 3500K, 4000K, 5000K, 5700K, 6500K\r\n      <\/td>\r\n<\/tr>\r\n<tr>\r\n<th>Wsp\u00f3\u0142czynnik oddawania barw (CRI)<\/th>\r\n<td>CRI &gt;80 lub CRI &gt;90 (opcjonalnie)<\/td>\r\n<\/tr>\r\n<tr>\r\n<th>Skuteczno\u015b\u0107 \u015bwietlna<\/th>\r\n<td>148\u2013165 lm\/W (w zale\u017cno\u015bci od CCT)<\/td>\r\n<\/tr>\r\n<tr>\r\n<th>Strumie\u0144 \u015bwietlny<\/th>\r\n<td>Do 2000 lm\/m (w zale\u017cno\u015bci od temperatury barwowej LED)<\/td>\r\n<\/tr>\r\n<tr>\r\n<th>Napi\u0119cie robocze<\/th>\r\n<td>24 V DC<\/td>\r\n<\/tr>\r\n<tr>\r\n<th>Pob\u00f3r mocy<\/th>\r\n<td>\r\n 14,4 W\/m      <\/td>\r\n<\/tr>\r\n<tr>\r\n<th>Kontrola pr\u0105du<\/th>\r\n<td>Kontrola sta\u0142ego pr\u0105du Infineon IC, maks. 60 mA na diod\u0119 LED<\/td>\r\n<\/tr>\r\n<tr>\r\n<th>Grubo\u015b\u0107 miedzi<\/th>\r\n<td>105 \u00b5m (0,105 mm)<\/td>\r\n<\/tr>\r\n<tr>\r\n<th>Ochrona ESD<\/th>\r\n<td>2 kV zgodnie z ANSI\/ESDA\/JEDEC JS-001 (HBM, Klasa 2)<\/td>\r\n<\/tr>\r\n<tr>\r\n<th>Stopie\u0144 ochrony IP<\/th>\r\n<td>IP10<\/td>\r\n<\/tr>\r\n<tr>\r\n<th>Klasa efektywno\u015bci energetycznej<\/th>\r\n<td>Klasa C lub D (w zale\u017cno\u015bci od CCT)<\/td>\r\n<\/tr>\r\n<tr>\r\n<th>\u017bywotno\u015b\u0107<\/th>\r\n<td>&gt;50 000 godzin<\/td>\r\n<\/tr>\r\n<tr>\r\n<th>Podk\u0142ad samoprzylepny<\/th>\r\n<td>Oryginalna dwustronna ta\u015bma samoprzylepna 3M<\/td>\r\n<\/tr>\r\n<tr>\r\n<th>Producent<\/th>\r\n<td>ESTA, Kru\u0161evac, Serbia<\/td>\r\n<\/tr>\r\n<tr>\r\n<th>Certyfikaty<\/th>\r\n<td>Zgodno\u015b\u0107 z CE<\/td>\r\n<\/tr>\r\n<\/tbody>\r\n<\/table>\r\n<p><script type=\"application\/ld+json\">\r\n{\r\n  \"@context\": \"https:\/\/schema.org\",\r\n  \"@type\": \"Product\",\r\n  \"@id\": \"https:\/\/connectaled.com\/product\/esta-led-pro-stripe\/#product\",\r\n  \"name\": \"ESTA LED PRO Stripe \",\r\n  \"inLanguage\": \"en\",\r\n  \"offers\": {\r\n    \"@type\": \"Offer\",\r\n    \"url\": \"https:\/\/connectaled.com\/product\/esta-led-pro-stripe\/\",\r\n    \"priceCurrency\": \"EUR\",\r\n    \"price\": \"30\",\r\n    \"availability\": \"https:\/\/schema.org\/InStock\",\r\n\"shippingDetails\": [\r\n  {\r\n    \"@type\": \"OfferShippingDetails\",\r\n    \"shippingDestination\": { \"@type\": \"DefinedRegion\", \"addressCountry\": \"DE\" },\r\n    \"shippingRate\": { \"@type\": \"MonetaryAmount\", \"value\": \"5.00\", \"currency\": \"EUR\" },\r\n    \"deliveryTime\": {\r\n      \"@type\": \"ShippingDeliveryTime\",\r\n      \"handlingTime\": { \"@type\": \"QuantitativeValue\", \"minValue\": 1, \"maxValue\": 2, \"unitCode\": \"DAY\" },\r\n      \"transitTime\": { \"@type\": \"QuantitativeValue\", \"minValue\": 7, \"maxValue\": 10, \"unitCode\": \"DAY\" }\r\n    }\r\n  },\r\n  {\r\n    \"@type\": \"OfferShippingDetails\",\r\n    \"shippingDestination\": { \"@type\": \"DefinedRegion\", \"addressCountry\": \"AT\" },\r\n    \"shippingRate\": { \"@type\": \"MonetaryAmount\", \"value\": \"5.00\", \"currency\": \"EUR\" },\r\n    \"deliveryTime\": {\r\n      \"@type\": \"ShippingDeliveryTime\",\r\n      \"handlingTime\": { \"@type\": \"QuantitativeValue\", \"minValue\": 1, \"maxValue\": 2, \"unitCode\": \"DAY\" },\r\n      \"transitTime\": { \"@type\": \"QuantitativeValue\", \"minValue\": 7, \"maxValue\": 10, \"unitCode\": \"DAY\" }\r\n    }\r\n  },\r\n  {\r\n    \"@type\": \"OfferShippingDetails\",\r\n    \"shippingDestination\": { \"@type\": \"DefinedRegion\", \"addressCountry\": \"FR\" },\r\n    \"shippingRate\": { \"@type\": \"MonetaryAmount\", \"value\": \"5.00\", \"currency\": \"EUR\" },\r\n    \"deliveryTime\": {\r\n      \"@type\": \"ShippingDeliveryTime\",\r\n      \"handlingTime\": { \"@type\": \"QuantitativeValue\", \"minValue\": 1, \"maxValue\": 2, \"unitCode\": \"DAY\" },\r\n      \"transitTime\": { \"@type\": \"QuantitativeValue\", \"minValue\": 7, \"maxValue\": 10, \"unitCode\": \"DAY\" }\r\n    }\r\n  },\r\n  {\r\n    \"@type\": \"OfferShippingDetails\",\r\n    \"shippingDestination\": { \"@type\": \"DefinedRegion\", \"addressCountry\": \"IT\" },\r\n    \"shippingRate\": { \"@type\": \"MonetaryAmount\", \"value\": \"5.00\", \"currency\": \"EUR\" },\r\n    \"deliveryTime\": {\r\n      \"@type\": \"ShippingDeliveryTime\",\r\n      \"handlingTime\": { \"@type\": \"QuantitativeValue\", \"minValue\": 1, \"maxValue\": 2, \"unitCode\": \"DAY\" },\r\n      \"transitTime\": { \"@type\": \"QuantitativeValue\", \"minValue\": 7, \"maxValue\": 10, \"unitCode\": \"DAY\" }\r\n    }\r\n  },\r\n  {\r\n    \"@type\": \"OfferShippingDetails\",\r\n    \"shippingDestination\": { \"@type\": \"DefinedRegion\", \"addressCountry\": \"ES\" },\r\n    \"shippingRate\": { \"@type\": \"MonetaryAmount\", \"value\": \"5.00\", \"currency\": \"EUR\" },\r\n    \"deliveryTime\": {\r\n      \"@type\": \"ShippingDeliveryTime\",\r\n      \"handlingTime\": { \"@type\": \"QuantitativeValue\", \"minValue\": 1, \"maxValue\": 2, \"unitCode\": \"DAY\" },\r\n      \"transitTime\": { \"@type\": \"QuantitativeValue\", \"minValue\": 7, \"maxValue\": 10, \"unitCode\": \"DAY\" }\r\n    }\r\n  },\r\n  {\r\n    \"@type\": \"OfferShippingDetails\",\r\n    \"shippingDestination\": { \"@type\": \"DefinedRegion\", \"addressCountry\": \"SI\" },\r\n    \"shippingRate\": { \"@type\": \"MonetaryAmount\", \"value\": \"5.00\", \"currency\": \"EUR\" },\r\n    \"deliveryTime\": {\r\n      \"@type\": \"ShippingDeliveryTime\",\r\n      \"handlingTime\": { \"@type\": \"QuantitativeValue\", \"minValue\": 1, \"maxValue\": 2, \"unitCode\": \"DAY\" },\r\n      \"transitTime\": { \"@type\": \"QuantitativeValue\", \"minValue\": 7, \"maxValue\": 10, \"unitCode\": \"DAY\" }\r\n    }\r\n  },\r\n  {\r\n    \"@type\": \"OfferShippingDetails\",\r\n    \"shippingDestination\": { \"@type\": \"DefinedRegion\", \"addressCountry\": \"DK\" },\r\n    \"shippingRate\": { \"@type\": \"MonetaryAmount\", \"value\": \"5.00\", \"currency\": \"EUR\" },\r\n    \"deliveryTime\": {\r\n      \"@type\": \"ShippingDeliveryTime\",\r\n      \"handlingTime\": { \"@type\": \"QuantitativeValue\", \"minValue\": 1, \"maxValue\": 2, \"unitCode\": \"DAY\" },\r\n      \"transitTime\": { \"@type\": \"QuantitativeValue\", \"minValue\": 7, \"maxValue\": 10, \"unitCode\": \"DAY\" }\r\n    }\r\n  },\r\n  {\r\n    \"@type\": \"OfferShippingDetails\",\r\n    \"shippingDestination\": { \"@type\": \"DefinedRegion\", \"addressCountry\": \"SE\" },\r\n    \"shippingRate\": { \"@type\": \"MonetaryAmount\", \"value\": \"5.00\", \"currency\": \"EUR\" },\r\n    \"deliveryTime\": {\r\n      \"@type\": \"ShippingDeliveryTime\",\r\n      \"handlingTime\": { \"@type\": \"QuantitativeValue\", \"minValue\": 1, \"maxValue\": 2, \"unitCode\": \"DAY\" },\r\n      \"transitTime\": { \"@type\": \"QuantitativeValue\", \"minValue\": 7, \"maxValue\": 10, \"unitCode\": \"DAY\" }\r\n    }\r\n  }\r\n],<\/p>\r\n<p>    \"hasMerchantReturnPolicy\": {\r\n      \"@type\": \"MerchantReturnPolicy\",\r\n      \"applicableCountry\": [\"DE\",\"AT\",\"FR\",\"IT\",\"ES\",\"SI\",\"DK\",\"SE\"],\r\n      \"returnPolicyCategory\": \"https:\/\/schema.org\/MerchantReturnFiniteReturnWindow\",\r\n      \"merchantReturnDays\": 14,\r\n      \"returnMethod\": \"https:\/\/schema.org\/ReturnByMail\",\r\n      \"returnFees\": \"https:\/\/schema.org\/ReturnFeesCustomerResponsibility\"\r\n    }\r\n  }\r\n}\r\n<\/script><\/p>\r\n","protected":false},"excerpt":{"rendered":"<div class=\"connecta-uspgrid\">\n<div class=\"card\">\n<div class=\"top\"><span class=\"icon\">\ud83d\udee1\ufe0f<\/span><strong>Wbudowana ochrona<\/strong><\/div>\n<p>Zintegrowana ochrona ESD i elektroniczna kontrola pr\u0105du do 60 mA na diod\u0119 LED.<\/p>\n<\/p><\/div>\n<div class=\"card\">\n<div class=\"top\"><span class=\"icon\">\ud83d\udca1<\/span><strong>Wysoka wydajno\u015b\u0107<\/strong><\/div>\n<p>Do 165 lm\/W z jednolit\u0105 emisj\u0105 \u015bwiat\u0142a w ca\u0142ej instalacji.<\/p>\n<\/p><\/div>\n<div class=\"card\">\n<div class=\"top\"><span class=\"icon\">\ud83e\uddf2<\/span><strong>\u0141atwy monta\u017c<\/strong><\/div>\n<p>Oryginalny podk\u0142ad samoprzylepny 3M do szybkiej i czystej instalacji.<\/p>\n<\/p><\/div>\n<div class=\"card\">\n<div class=\"top\"><span class=\"icon\">\u2705<\/span><strong>Zgodno\u015b\u0107 z CE<\/strong><\/div>\n<p>Zaprojektowany w celu spe\u0142nienia obowi\u0105zuj\u0105cych wymaga\u0144 UE dotycz\u0105cych bezpiecze\u0144stwa i zgodno\u015bci.<\/p>\n<\/p><\/div>\n<\/div>\n","protected":false},"featured_media":52896,"comment_status":"open","ping_status":"closed","template":"","meta":{"iawp_total_views":24},"product_brand":[],"product_cat":[88],"product_tag":[85],"class_list":{"0":"post-52852","1":"product","2":"type-product","3":"status-publish","4":"has-post-thumbnail","6":"product_cat-tasmy-led","7":"product_tag-pasek-led","8":"sales-flash-overlay","9":"woocommerce-text-align-center","10":"woocommerce-image-align-center","11":"do-quantity-buttons","12":"wc-has-gallery","14":"first","15":"instock","16":"shipping-taxable","17":"purchasable","18":"product-type-variable"},"yoast_head":"<!-- This site is optimized with the Yoast SEO plugin v27.4 - https:\/\/yoast.com\/product\/yoast-seo-wordpress\/ -->\n<title>Modu\u0142owy pasek LED 24V Connecta | Profesjonalne rozwi\u0105zanie<\/title>\n<meta name=\"description\" content=\"Profesjonalna ta\u015bma LED 24V z kontrol\u0105 pr\u0105du, ochron\u0105 ESD i wydajno\u015bci\u0105 do 165 lm\/W. 70 LED\/m, wysoka trwa\u0142o\u015b\u0107, idealna do projekt\u00f3w.\" \/>\n<meta name=\"robots\" content=\"index, follow, max-snippet:-1, max-image-preview:large, max-video-preview:-1\" \/>\n<link rel=\"canonical\" href=\"https:\/\/connectaled.com\/pl\/produkt\/pasek-led-connecta-copy-2\/\" \/>\n<meta property=\"og:locale\" content=\"pl_PL\" \/>\n<meta property=\"og:type\" content=\"article\" \/>\n<meta property=\"og:title\" content=\"Modu\u0142owy pasek LED 24V Connecta | Profesjonalne rozwi\u0105zanie\" \/>\n<meta property=\"og:description\" content=\"Profesjonalna ta\u015bma LED 24V z kontrol\u0105 pr\u0105du, ochron\u0105 ESD i wydajno\u015bci\u0105 do 165 lm\/W. 70 LED\/m, wysoka trwa\u0142o\u015b\u0107, idealna do projekt\u00f3w.\" \/>\n<meta property=\"og:url\" content=\"https:\/\/connectaled.com\/pl\/produkt\/pasek-led-connecta-copy-2\/\" \/>\n<meta property=\"og:site_name\" content=\"Connecta\" \/>\n<meta property=\"article:modified_time\" content=\"2026-04-05T18:48:26+00:00\" \/>\n<meta property=\"og:image\" content=\"https:\/\/connectaled.com\/wp-content\/uploads\/2026\/04\/ESTA-LED-PRO-1.jpg\" \/>\n\t<meta property=\"og:image:width\" content=\"1200\" \/>\n\t<meta property=\"og:image:height\" content=\"1600\" \/>\n\t<meta property=\"og:image:type\" content=\"image\/jpeg\" \/>\n<meta name=\"twitter:card\" content=\"summary_large_image\" \/>\n<meta name=\"twitter:label1\" content=\"Szacowany czas czytania\" \/>\n\t<meta name=\"twitter:data1\" content=\"3 minuty\" \/>\n<script type=\"application\/ld+json\" class=\"yoast-schema-graph\">{\"@context\":\"https:\\\/\\\/schema.org\",\"@graph\":[{\"@type\":\"WebPage\",\"@id\":\"https:\\\/\\\/connectaled.com\\\/pl\\\/produkt\\\/pasek-led-connecta-copy-2\\\/\",\"url\":\"https:\\\/\\\/connectaled.com\\\/pl\\\/produkt\\\/pasek-led-connecta-copy-2\\\/\",\"name\":\"Modu\u0142owy pasek LED 24V Connecta | Profesjonalne rozwi\u0105zanie\",\"isPartOf\":{\"@id\":\"https:\\\/\\\/connectaled.com\\\/pl\\\/#website\"},\"primaryImageOfPage\":{\"@id\":\"https:\\\/\\\/connectaled.com\\\/pl\\\/produkt\\\/pasek-led-connecta-copy-2\\\/#primaryimage\"},\"image\":{\"@id\":\"https:\\\/\\\/connectaled.com\\\/pl\\\/produkt\\\/pasek-led-connecta-copy-2\\\/#primaryimage\"},\"thumbnailUrl\":\"https:\\\/\\\/connectaled.com\\\/wp-content\\\/uploads\\\/2026\\\/04\\\/ESTA-LED-PRO-1.jpg\",\"datePublished\":\"2026-04-05T15:12:56+00:00\",\"dateModified\":\"2026-04-05T18:48:26+00:00\",\"description\":\"Profesjonalna ta\u015bma LED 24V z kontrol\u0105 pr\u0105du, ochron\u0105 ESD i wydajno\u015bci\u0105 do 165 lm\\\/W. 70 LED\\\/m, wysoka trwa\u0142o\u015b\u0107, idealna do projekt\u00f3w.\",\"breadcrumb\":{\"@id\":\"https:\\\/\\\/connectaled.com\\\/pl\\\/produkt\\\/pasek-led-connecta-copy-2\\\/#breadcrumb\"},\"inLanguage\":\"pl-PL\",\"potentialAction\":[{\"@type\":\"ReadAction\",\"target\":[\"https:\\\/\\\/connectaled.com\\\/pl\\\/produkt\\\/pasek-led-connecta-copy-2\\\/\"]}]},{\"@type\":\"ImageObject\",\"inLanguage\":\"pl-PL\",\"@id\":\"https:\\\/\\\/connectaled.com\\\/pl\\\/produkt\\\/pasek-led-connecta-copy-2\\\/#primaryimage\",\"url\":\"https:\\\/\\\/connectaled.com\\\/wp-content\\\/uploads\\\/2026\\\/04\\\/ESTA-LED-PRO-1.jpg\",\"contentUrl\":\"https:\\\/\\\/connectaled.com\\\/wp-content\\\/uploads\\\/2026\\\/04\\\/ESTA-LED-PRO-1.jpg\",\"width\":1200,\"height\":1600,\"caption\":\"ESTA LED PRO 1\"},{\"@type\":\"BreadcrumbList\",\"@id\":\"https:\\\/\\\/connectaled.com\\\/pl\\\/produkt\\\/pasek-led-connecta-copy-2\\\/#breadcrumb\",\"itemListElement\":[{\"@type\":\"ListItem\",\"position\":1,\"name\":\"Home\",\"item\":\"https:\\\/\\\/connectaled.com\\\/pl\\\/\"},{\"@type\":\"ListItem\",\"position\":2,\"name\":\"Sklep\",\"item\":\"https:\\\/\\\/connectaled.com\\\/pl\\\/sklep\\\/\"},{\"@type\":\"ListItem\",\"position\":3,\"name\":\"ESTA LED PRO Ta\u015bma 5m w rolce\"}]},{\"@type\":\"WebSite\",\"@id\":\"https:\\\/\\\/connectaled.com\\\/pl\\\/#website\",\"url\":\"https:\\\/\\\/connectaled.com\\\/pl\\\/\",\"name\":\"Click&Light\",\"description\":\"Click&amp;Light\",\"publisher\":{\"@id\":\"https:\\\/\\\/connectaled.com\\\/pl\\\/#organization\"},\"alternateName\":\"Profesional LED Stripes\",\"potentialAction\":[{\"@type\":\"SearchAction\",\"target\":{\"@type\":\"EntryPoint\",\"urlTemplate\":\"https:\\\/\\\/connectaled.com\\\/pl\\\/?s={search_term_string}\"},\"query-input\":{\"@type\":\"PropertyValueSpecification\",\"valueRequired\":true,\"valueName\":\"search_term_string\"}}],\"inLanguage\":\"pl-PL\"},{\"@type\":\"Organization\",\"@id\":\"https:\\\/\\\/connectaled.com\\\/pl\\\/#organization\",\"name\":\"Click&Light\",\"alternateName\":\"ESTA Connecta LED Profesional LED Stripes\",\"url\":\"https:\\\/\\\/connectaled.com\\\/pl\\\/\",\"logo\":{\"@type\":\"ImageObject\",\"inLanguage\":\"pl-PL\",\"@id\":\"https:\\\/\\\/connectaled.com\\\/pl\\\/#\\\/schema\\\/logo\\\/image\\\/\",\"url\":\"https:\\\/\\\/connectaled.com\\\/wp-content\\\/uploads\\\/2026\\\/02\\\/0971ccf6-3fff-42e1-94cc-ad01a54d4b85-4.png\",\"contentUrl\":\"https:\\\/\\\/connectaled.com\\\/wp-content\\\/uploads\\\/2026\\\/02\\\/0971ccf6-3fff-42e1-94cc-ad01a54d4b85-4.png\",\"width\":1326,\"height\":330,\"caption\":\"Click&Light\"},\"image\":{\"@id\":\"https:\\\/\\\/connectaled.com\\\/pl\\\/#\\\/schema\\\/logo\\\/image\\\/\"}}]}<\/script>\n<!-- \/ Yoast SEO plugin. -->","yoast_head_json":{"title":"Modu\u0142owy pasek LED 24V Connecta | Profesjonalne rozwi\u0105zanie","description":"Profesjonalna ta\u015bma LED 24V z kontrol\u0105 pr\u0105du, ochron\u0105 ESD i wydajno\u015bci\u0105 do 165 lm\/W. 70 LED\/m, wysoka trwa\u0142o\u015b\u0107, idealna do projekt\u00f3w.","robots":{"index":"index","follow":"follow","max-snippet":"max-snippet:-1","max-image-preview":"max-image-preview:large","max-video-preview":"max-video-preview:-1"},"canonical":"https:\/\/connectaled.com\/pl\/produkt\/pasek-led-connecta-copy-2\/","og_locale":"pl_PL","og_type":"article","og_title":"Modu\u0142owy pasek LED 24V Connecta | Profesjonalne rozwi\u0105zanie","og_description":"Profesjonalna ta\u015bma LED 24V z kontrol\u0105 pr\u0105du, ochron\u0105 ESD i wydajno\u015bci\u0105 do 165 lm\/W. 70 LED\/m, wysoka trwa\u0142o\u015b\u0107, idealna do projekt\u00f3w.","og_url":"https:\/\/connectaled.com\/pl\/produkt\/pasek-led-connecta-copy-2\/","og_site_name":"Connecta","article_modified_time":"2026-04-05T18:48:26+00:00","og_image":[{"width":1200,"height":1600,"url":"https:\/\/connectaled.com\/wp-content\/uploads\/2026\/04\/ESTA-LED-PRO-1.jpg","type":"image\/jpeg"}],"twitter_card":"summary_large_image","twitter_misc":{"Szacowany czas czytania":"3 minuty"},"schema":{"@context":"https:\/\/schema.org","@graph":[{"@type":"WebPage","@id":"https:\/\/connectaled.com\/pl\/produkt\/pasek-led-connecta-copy-2\/","url":"https:\/\/connectaled.com\/pl\/produkt\/pasek-led-connecta-copy-2\/","name":"Modu\u0142owy pasek LED 24V Connecta | Profesjonalne rozwi\u0105zanie","isPartOf":{"@id":"https:\/\/connectaled.com\/pl\/#website"},"primaryImageOfPage":{"@id":"https:\/\/connectaled.com\/pl\/produkt\/pasek-led-connecta-copy-2\/#primaryimage"},"image":{"@id":"https:\/\/connectaled.com\/pl\/produkt\/pasek-led-connecta-copy-2\/#primaryimage"},"thumbnailUrl":"https:\/\/connectaled.com\/wp-content\/uploads\/2026\/04\/ESTA-LED-PRO-1.jpg","datePublished":"2026-04-05T15:12:56+00:00","dateModified":"2026-04-05T18:48:26+00:00","description":"Profesjonalna ta\u015bma LED 24V z kontrol\u0105 pr\u0105du, ochron\u0105 ESD i wydajno\u015bci\u0105 do 165 lm\/W. 70 LED\/m, wysoka trwa\u0142o\u015b\u0107, idealna do projekt\u00f3w.","breadcrumb":{"@id":"https:\/\/connectaled.com\/pl\/produkt\/pasek-led-connecta-copy-2\/#breadcrumb"},"inLanguage":"pl-PL","potentialAction":[{"@type":"ReadAction","target":["https:\/\/connectaled.com\/pl\/produkt\/pasek-led-connecta-copy-2\/"]}]},{"@type":"ImageObject","inLanguage":"pl-PL","@id":"https:\/\/connectaled.com\/pl\/produkt\/pasek-led-connecta-copy-2\/#primaryimage","url":"https:\/\/connectaled.com\/wp-content\/uploads\/2026\/04\/ESTA-LED-PRO-1.jpg","contentUrl":"https:\/\/connectaled.com\/wp-content\/uploads\/2026\/04\/ESTA-LED-PRO-1.jpg","width":1200,"height":1600,"caption":"ESTA LED PRO 1"},{"@type":"BreadcrumbList","@id":"https:\/\/connectaled.com\/pl\/produkt\/pasek-led-connecta-copy-2\/#breadcrumb","itemListElement":[{"@type":"ListItem","position":1,"name":"Home","item":"https:\/\/connectaled.com\/pl\/"},{"@type":"ListItem","position":2,"name":"Sklep","item":"https:\/\/connectaled.com\/pl\/sklep\/"},{"@type":"ListItem","position":3,"name":"ESTA LED PRO Ta\u015bma 5m w rolce"}]},{"@type":"WebSite","@id":"https:\/\/connectaled.com\/pl\/#website","url":"https:\/\/connectaled.com\/pl\/","name":"Click&Light","description":"Click&amp;Light","publisher":{"@id":"https:\/\/connectaled.com\/pl\/#organization"},"alternateName":"Profesional LED Stripes","potentialAction":[{"@type":"SearchAction","target":{"@type":"EntryPoint","urlTemplate":"https:\/\/connectaled.com\/pl\/?s={search_term_string}"},"query-input":{"@type":"PropertyValueSpecification","valueRequired":true,"valueName":"search_term_string"}}],"inLanguage":"pl-PL"},{"@type":"Organization","@id":"https:\/\/connectaled.com\/pl\/#organization","name":"Click&Light","alternateName":"ESTA Connecta LED Profesional LED Stripes","url":"https:\/\/connectaled.com\/pl\/","logo":{"@type":"ImageObject","inLanguage":"pl-PL","@id":"https:\/\/connectaled.com\/pl\/#\/schema\/logo\/image\/","url":"https:\/\/connectaled.com\/wp-content\/uploads\/2026\/02\/0971ccf6-3fff-42e1-94cc-ad01a54d4b85-4.png","contentUrl":"https:\/\/connectaled.com\/wp-content\/uploads\/2026\/02\/0971ccf6-3fff-42e1-94cc-ad01a54d4b85-4.png","width":1326,"height":330,"caption":"Click&Light"},"image":{"@id":"https:\/\/connectaled.com\/pl\/#\/schema\/logo\/image\/"}}]}},"jetpack_sharing_enabled":true,"_links":{"self":[{"href":"https:\/\/connectaled.com\/pl\/wp-json\/wp\/v2\/product\/52852","targetHints":{"allow":["GET"]}}],"collection":[{"href":"https:\/\/connectaled.com\/pl\/wp-json\/wp\/v2\/product"}],"about":[{"href":"https:\/\/connectaled.com\/pl\/wp-json\/wp\/v2\/types\/product"}],"replies":[{"embeddable":true,"href":"https:\/\/connectaled.com\/pl\/wp-json\/wp\/v2\/comments?post=52852"}],"wp:featuredmedia":[{"embeddable":true,"href":"https:\/\/connectaled.com\/pl\/wp-json\/wp\/v2\/media\/52896"}],"wp:attachment":[{"href":"https:\/\/connectaled.com\/pl\/wp-json\/wp\/v2\/media?parent=52852"}],"wp:term":[{"taxonomy":"product_brand","embeddable":true,"href":"https:\/\/connectaled.com\/pl\/wp-json\/wp\/v2\/product_brand?post=52852"},{"taxonomy":"product_cat","embeddable":true,"href":"https:\/\/connectaled.com\/pl\/wp-json\/wp\/v2\/product_cat?post=52852"},{"taxonomy":"product_tag","embeddable":true,"href":"https:\/\/connectaled.com\/pl\/wp-json\/wp\/v2\/product_tag?post=52852"}],"curies":[{"name":"wp","href":"https:\/\/api.w.org\/{rel}","templated":true}]}}