{"id":51461,"date":"2026-01-10T22:20:17","date_gmt":"2026-01-10T21:20:17","guid":{"rendered":"https:\/\/connectaled.com\/polityka-zwrotow-i-refundacji\/"},"modified":"2026-02-22T20:02:46","modified_gmt":"2026-02-22T19:02:46","slug":"polityka-zwrotow-i-refundacji","status":"publish","type":"page","link":"https:\/\/connectaled.com\/pl\/polityka-zwrotow-i-refundacji\/","title":{"rendered":"Polityka zwrot\u00f3w i refundacji"},"content":{"rendered":"\n<h1>Polityka zwrot\u00f3w i refundacji<\/h1>\n<p><strong>Ostatnia aktualizacja:<\/strong> stycze\u0144 2026<\/p>\n\n<h2>1. Unijne prawo odst\u0105pienia od umowy dla konsument\u00f3w<\/h2>\n<p>\nJe\u015bli s\u0105 Pa\u0144stwo konsumentem zamieszka\u0142ym na terenie Unii Europejskiej, maj\u0105 Pa\u0144stwo prawo odst\u0105pi\u0107 od zakupu w ci\u0105gu 14 dni bez podania przyczyny, zgodnie z dyrektyw\u0105 2011\/83\/UE.\n<\/p>\n\n<h2>2. Termin na odst\u0105pienie<\/h2>\n<p>\nTermin na odst\u0105pienie wynosi 14 dni od dnia, w kt\u00f3rym Pa\u0144stwo lub wskazana przez Pa\u0144stwa osoba trzecia fizycznie weszli w posiadanie towar\u00f3w.\n<\/p>\n\n<h2>3. Wykonanie prawa odst\u0105pienia<\/h2>\n<p>\nAby skorzysta\u0107 z prawa odst\u0105pienia, musz\u0105 Pa\u0144stwo poinformowa\u0107 nas o swojej decyzji e-mailem:\n<a href=\"mailto:admin@connectaled.com\">admin@connectaled.com<\/a>.\n<\/p>\n\n<h2>4. Skutki odst\u0105pienia<\/h2>\n<p>\nJe\u015bli odst\u0105pi\u0105 Pa\u0144stwo od niniejszej umowy, zwr\u00f3cimy Pa\u0144stwu wszystkie otrzymane od Pa\u0144stwa p\u0142atno\u015bci, w tym standardowe koszty wysy\u0142ki.\nZwrot zostanie dokonany tym samym sposobem p\u0142atno\u015bci, kt\u00f3rego u\u017cyli Pa\u0144stwo w pierwotnej transakcji, w ci\u0105gu 14 dni.\n<\/p>\n\n<h2>5. Zwrot towaru<\/h2>\n<p>\nTowary nale\u017cy odes\u0142a\u0107 niezw\u0142ocznie, nie p\u00f3\u017aniej ni\u017c w ci\u0105gu 14 dni od poinformowania o odst\u0105pieniu.\n<\/p>\n\n<h2>6. Koszty zwrotu<\/h2>\n<p>\nPonios\u0105 Pa\u0144stwo bezpo\u015brednie koszty zwrotu towar\u00f3w, chyba \u017ce towary s\u0105 wadliwe lub zosta\u0142y dostarczone nieprawid\u0142owo.\n<\/p>\n\n<h2>7. Utrata warto\u015bci<\/h2>\n<p>\nOdpowiadaj\u0105 Pa\u0144stwo wy\u0142\u0105cznie za zmniejszenie warto\u015bci towar\u00f3w wynikaj\u0105ce z korzystania z nich w spos\u00f3b inny ni\u017c konieczny do stwierdzenia charakteru, cech i funkcjonowania towar\u00f3w.\n<\/p>\n\n<h2>8. Produkty wadliwe lub niezgodne z umow\u0105<\/h2>\n<p>\nJe\u015bli produkt jest wadliwy lub niezgodny z umow\u0105, przys\u0142uguj\u0105 Pa\u0144stwu \u015brodki ochrony prawnej zgodnie z obowi\u0105zuj\u0105cymi przepisami UE o ochronie konsument\u00f3w, w tym naprawa, wymiana lub zwrot pieni\u0119dzy.\n<\/p>\n","protected":false},"excerpt":{"rendered":"<p>Polityka zwrot\u00f3w i refundacji Ostatnia aktualizacja: stycze\u0144 2026 1. Unijne prawo odst\u0105pienia od umowy dla konsument\u00f3w Je\u015bli s\u0105 Pa\u0144stwo konsumentem zamieszka\u0142ym na terenie Unii Europejskiej, maj\u0105 Pa\u0144stwo prawo odst\u0105pi\u0107 od zakupu w ci\u0105gu 14 dni bez podania przyczyny, zgodnie z dyrektyw\u0105 2011\/83\/UE. 2. Termin na odst\u0105pienie Termin na odst\u0105pienie wynosi 14 dni od dnia, w &#8230; <a title=\"Polityka zwrot\u00f3w i refundacji\" class=\"read-more\" href=\"https:\/\/connectaled.com\/pl\/polityka-zwrotow-i-refundacji\/\" aria-label=\"Dowiedz si\u0119 wi\u0119cej o Polityka zwrot\u00f3w i refundacji\">Czytaj dalej<\/a><\/p>\n","protected":false},"author":1,"featured_media":0,"parent":0,"menu_order":0,"comment_status":"closed","ping_status":"closed","template":"","meta":{"iawp_total_views":0,"footnotes":""},"class_list":["post-51461","page","type-page","status-publish"],"yoast_head":"<!-- This site is optimized with the Yoast SEO plugin v27.4 - https:\/\/yoast.com\/product\/yoast-seo-wordpress\/ -->\n<title>Polityka zwrot\u00f3w i refundacji &#8226; Connecta<\/title>\n<meta name=\"description\" content=\"14-dniowe prawo zwrotu produkt\u00f3w Connecta LED. Zgodne z prawami konsumenta w UE. Zwroty poczt\u0105, przy czym koszty wysy\u0142ki ponosi klient.\" \/>\n<meta name=\"robots\" content=\"noindex, follow\" \/>\n<meta property=\"og:locale\" content=\"pl_PL\" \/>\n<meta property=\"og:type\" content=\"article\" \/>\n<meta property=\"og:title\" content=\"Polityka zwrot\u00f3w i refundacji &#8226; Connecta\" \/>\n<meta property=\"og:description\" content=\"14-dniowe prawo zwrotu produkt\u00f3w Connecta LED. Zgodne z prawami konsumenta w UE. Zwroty poczt\u0105, przy czym koszty wysy\u0142ki ponosi klient.\" \/>\n<meta property=\"og:url\" content=\"https:\/\/connectaled.com\/pl\/polityka-zwrotow-i-refundacji\/\" \/>\n<meta property=\"og:site_name\" content=\"Connecta\" \/>\n<meta property=\"article:modified_time\" content=\"2026-02-22T19:02:46+00:00\" \/>\n<meta name=\"twitter:card\" content=\"summary_large_image\" \/>\n<meta name=\"twitter:label1\" content=\"Szacowany czas czytania\" \/>\n\t<meta name=\"twitter:data1\" content=\"1 minuta\" \/>\n<script type=\"application\/ld+json\" class=\"yoast-schema-graph\">{\"@context\":\"https:\\\/\\\/schema.org\",\"@graph\":[{\"@type\":\"WebPage\",\"@id\":\"https:\\\/\\\/connectaled.com\\\/pl\\\/polityka-zwrotow-i-refundacji\\\/\",\"url\":\"https:\\\/\\\/connectaled.com\\\/pl\\\/polityka-zwrotow-i-refundacji\\\/\",\"name\":\"Polityka zwrot\u00f3w i refundacji &#8226; Connecta\",\"isPartOf\":{\"@id\":\"https:\\\/\\\/connectaled.com\\\/pl\\\/#website\"},\"datePublished\":\"2026-01-10T21:20:17+00:00\",\"dateModified\":\"2026-02-22T19:02:46+00:00\",\"description\":\"14-dniowe prawo zwrotu produkt\u00f3w Connecta LED. Zgodne z prawami konsumenta w UE. Zwroty poczt\u0105, przy czym koszty wysy\u0142ki ponosi klient.\",\"breadcrumb\":{\"@id\":\"https:\\\/\\\/connectaled.com\\\/pl\\\/polityka-zwrotow-i-refundacji\\\/#breadcrumb\"},\"inLanguage\":\"pl-PL\",\"potentialAction\":[{\"@type\":\"ReadAction\",\"target\":[\"https:\\\/\\\/connectaled.com\\\/pl\\\/polityka-zwrotow-i-refundacji\\\/\"]}]},{\"@type\":\"BreadcrumbList\",\"@id\":\"https:\\\/\\\/connectaled.com\\\/pl\\\/polityka-zwrotow-i-refundacji\\\/#breadcrumb\",\"itemListElement\":[{\"@type\":\"ListItem\",\"position\":1,\"name\":\"Home\",\"item\":\"https:\\\/\\\/connectaled.com\\\/pl\\\/\"},{\"@type\":\"ListItem\",\"position\":2,\"name\":\"Polityka zwrot\u00f3w i refundacji\"}]},{\"@type\":\"WebSite\",\"@id\":\"https:\\\/\\\/connectaled.com\\\/pl\\\/#website\",\"url\":\"https:\\\/\\\/connectaled.com\\\/pl\\\/\",\"name\":\"Click&Light\",\"description\":\"Click&amp;Light\",\"publisher\":{\"@id\":\"https:\\\/\\\/connectaled.com\\\/pl\\\/#organization\"},\"alternateName\":\"Profesional LED Stripes\",\"potentialAction\":[{\"@type\":\"SearchAction\",\"target\":{\"@type\":\"EntryPoint\",\"urlTemplate\":\"https:\\\/\\\/connectaled.com\\\/pl\\\/?s={search_term_string}\"},\"query-input\":{\"@type\":\"PropertyValueSpecification\",\"valueRequired\":true,\"valueName\":\"search_term_string\"}}],\"inLanguage\":\"pl-PL\"},{\"@type\":\"Organization\",\"@id\":\"https:\\\/\\\/connectaled.com\\\/pl\\\/#organization\",\"name\":\"Click&Light\",\"alternateName\":\"ESTA Connecta LED Profesional LED Stripes\",\"url\":\"https:\\\/\\\/connectaled.com\\\/pl\\\/\",\"logo\":{\"@type\":\"ImageObject\",\"inLanguage\":\"pl-PL\",\"@id\":\"https:\\\/\\\/connectaled.com\\\/pl\\\/#\\\/schema\\\/logo\\\/image\\\/\",\"url\":\"https:\\\/\\\/connectaled.com\\\/wp-content\\\/uploads\\\/2026\\\/02\\\/0971ccf6-3fff-42e1-94cc-ad01a54d4b85-4.png\",\"contentUrl\":\"https:\\\/\\\/connectaled.com\\\/wp-content\\\/uploads\\\/2026\\\/02\\\/0971ccf6-3fff-42e1-94cc-ad01a54d4b85-4.png\",\"width\":1326,\"height\":330,\"caption\":\"Click&Light\"},\"image\":{\"@id\":\"https:\\\/\\\/connectaled.com\\\/pl\\\/#\\\/schema\\\/logo\\\/image\\\/\"}}]}<\/script>\n<!-- \/ Yoast SEO plugin. -->","yoast_head_json":{"title":"Polityka zwrot\u00f3w i refundacji &#8226; Connecta","description":"14-dniowe prawo zwrotu produkt\u00f3w Connecta LED. Zgodne z prawami konsumenta w UE. Zwroty poczt\u0105, przy czym koszty wysy\u0142ki ponosi klient.","robots":{"index":"noindex","follow":"follow"},"og_locale":"pl_PL","og_type":"article","og_title":"Polityka zwrot\u00f3w i refundacji &#8226; Connecta","og_description":"14-dniowe prawo zwrotu produkt\u00f3w Connecta LED. Zgodne z prawami konsumenta w UE. Zwroty poczt\u0105, przy czym koszty wysy\u0142ki ponosi klient.","og_url":"https:\/\/connectaled.com\/pl\/polityka-zwrotow-i-refundacji\/","og_site_name":"Connecta","article_modified_time":"2026-02-22T19:02:46+00:00","twitter_card":"summary_large_image","twitter_misc":{"Szacowany czas czytania":"1 minuta"},"schema":{"@context":"https:\/\/schema.org","@graph":[{"@type":"WebPage","@id":"https:\/\/connectaled.com\/pl\/polityka-zwrotow-i-refundacji\/","url":"https:\/\/connectaled.com\/pl\/polityka-zwrotow-i-refundacji\/","name":"Polityka zwrot\u00f3w i refundacji &#8226; Connecta","isPartOf":{"@id":"https:\/\/connectaled.com\/pl\/#website"},"datePublished":"2026-01-10T21:20:17+00:00","dateModified":"2026-02-22T19:02:46+00:00","description":"14-dniowe prawo zwrotu produkt\u00f3w Connecta LED. Zgodne z prawami konsumenta w UE. Zwroty poczt\u0105, przy czym koszty wysy\u0142ki ponosi klient.","breadcrumb":{"@id":"https:\/\/connectaled.com\/pl\/polityka-zwrotow-i-refundacji\/#breadcrumb"},"inLanguage":"pl-PL","potentialAction":[{"@type":"ReadAction","target":["https:\/\/connectaled.com\/pl\/polityka-zwrotow-i-refundacji\/"]}]},{"@type":"BreadcrumbList","@id":"https:\/\/connectaled.com\/pl\/polityka-zwrotow-i-refundacji\/#breadcrumb","itemListElement":[{"@type":"ListItem","position":1,"name":"Home","item":"https:\/\/connectaled.com\/pl\/"},{"@type":"ListItem","position":2,"name":"Polityka zwrot\u00f3w i refundacji"}]},{"@type":"WebSite","@id":"https:\/\/connectaled.com\/pl\/#website","url":"https:\/\/connectaled.com\/pl\/","name":"Click&Light","description":"Click&amp;Light","publisher":{"@id":"https:\/\/connectaled.com\/pl\/#organization"},"alternateName":"Profesional LED Stripes","potentialAction":[{"@type":"SearchAction","target":{"@type":"EntryPoint","urlTemplate":"https:\/\/connectaled.com\/pl\/?s={search_term_string}"},"query-input":{"@type":"PropertyValueSpecification","valueRequired":true,"valueName":"search_term_string"}}],"inLanguage":"pl-PL"},{"@type":"Organization","@id":"https:\/\/connectaled.com\/pl\/#organization","name":"Click&Light","alternateName":"ESTA Connecta LED Profesional LED Stripes","url":"https:\/\/connectaled.com\/pl\/","logo":{"@type":"ImageObject","inLanguage":"pl-PL","@id":"https:\/\/connectaled.com\/pl\/#\/schema\/logo\/image\/","url":"https:\/\/connectaled.com\/wp-content\/uploads\/2026\/02\/0971ccf6-3fff-42e1-94cc-ad01a54d4b85-4.png","contentUrl":"https:\/\/connectaled.com\/wp-content\/uploads\/2026\/02\/0971ccf6-3fff-42e1-94cc-ad01a54d4b85-4.png","width":1326,"height":330,"caption":"Click&Light"},"image":{"@id":"https:\/\/connectaled.com\/pl\/#\/schema\/logo\/image\/"}}]}},"jetpack_sharing_enabled":true,"_links":{"self":[{"href":"https:\/\/connectaled.com\/pl\/wp-json\/wp\/v2\/pages\/51461","targetHints":{"allow":["GET"]}}],"collection":[{"href":"https:\/\/connectaled.com\/pl\/wp-json\/wp\/v2\/pages"}],"about":[{"href":"https:\/\/connectaled.com\/pl\/wp-json\/wp\/v2\/types\/page"}],"author":[{"embeddable":true,"href":"https:\/\/connectaled.com\/pl\/wp-json\/wp\/v2\/users\/1"}],"replies":[{"embeddable":true,"href":"https:\/\/connectaled.com\/pl\/wp-json\/wp\/v2\/comments?post=51461"}],"version-history":[{"count":1,"href":"https:\/\/connectaled.com\/pl\/wp-json\/wp\/v2\/pages\/51461\/revisions"}],"predecessor-version":[{"id":51462,"href":"https:\/\/connectaled.com\/pl\/wp-json\/wp\/v2\/pages\/51461\/revisions\/51462"}],"wp:attachment":[{"href":"https:\/\/connectaled.com\/pl\/wp-json\/wp\/v2\/media?parent=51461"}],"curies":[{"name":"wp","href":"https:\/\/api.w.org\/{rel}","templated":true}]}}