{"id":51413,"date":"2026-01-13T02:49:47","date_gmt":"2026-01-13T01:49:47","guid":{"rendered":"https:\/\/connectaled.com\/blog\/"},"modified":"2026-02-27T17:32:10","modified_gmt":"2026-02-27T16:32:10","slug":"blog","status":"publish","type":"page","link":"https:\/\/connectaled.com\/pl\/blog\/","title":{"rendered":"Blog"},"content":{"rendered":"\n<div class=\"gbp-section gb-element-44b41719\">\n<div class=\"gbp-section__inner gb-element-d7745965\">\n<div class=\"gb-element-8260374c\">\n<h1 class=\"gb-text gbp-section__headline gb-text-af0bf7f7\">Technologia o\u015bwietlenia LED i wiedza specjalistyczna<\/h1>\n\n\n\n<p class=\"gb-text gbp-section__text\">Techniczne spojrzenie na ta\u015bmy LED, zasilacze SMPS, efektywno\u015b\u0107 energetyczn\u0105 i d\u0142ugoterminow\u0105 stabilno\u015b\u0107 systemu.<br>Artyku\u0142y fachowe dla projektant\u00f3w, producent\u00f3w i profesjonalnych u\u017cytkownik\u00f3w.<\/p>\n<\/div>\n\n\n\n<figure class=\"wp-block-image size-full\"><img decoding=\"async\" width=\"2560\" height=\"1920\" src=\"https:\/\/connectaled.com\/wp-content\/uploads\/2026\/02\/95a639f0-69c1-40d1-a2ca-0c6d18b2363f-3-scaled.jpg\" alt=\"Technologia o\u015bwietlenia LED\" class=\"wp-image-52510\" srcset=\"https:\/\/connectaled.com\/wp-content\/uploads\/2026\/02\/95a639f0-69c1-40d1-a2ca-0c6d18b2363f-3-scaled.jpg 2560w, https:\/\/connectaled.com\/wp-content\/uploads\/2026\/02\/95a639f0-69c1-40d1-a2ca-0c6d18b2363f-3-300x225.jpg 300w, https:\/\/connectaled.com\/wp-content\/uploads\/2026\/02\/95a639f0-69c1-40d1-a2ca-0c6d18b2363f-3-1024x768.jpg 1024w, https:\/\/connectaled.com\/wp-content\/uploads\/2026\/02\/95a639f0-69c1-40d1-a2ca-0c6d18b2363f-3-768x576.jpg 768w, https:\/\/connectaled.com\/wp-content\/uploads\/2026\/02\/95a639f0-69c1-40d1-a2ca-0c6d18b2363f-3-1536x1152.jpg 1536w, https:\/\/connectaled.com\/wp-content\/uploads\/2026\/02\/95a639f0-69c1-40d1-a2ca-0c6d18b2363f-3-2048x1536.jpg 2048w, https:\/\/connectaled.com\/wp-content\/uploads\/2026\/02\/95a639f0-69c1-40d1-a2ca-0c6d18b2363f-3-700x525.jpg 700w\" sizes=\"(max-width: 2560px) 100vw, 2560px\" \/><\/figure>\n<\/div>\n<\/div>\n\n\n\n<h2 class=\"gb-text\">Witamy w naszym blogu technicznym o o\u015bwietleniu LED<\/h2>\n\n\n\n<p class=\"gb-text\"><strong>Blog techniczny o o\u015bwietleniu LED<\/strong> oferuje rzetelne artyku\u0142y fachowe dla profesjonalnych u\u017cytkownik\u00f3w i projektant\u00f3w. Mimo to wiele instalacji jest planowanych bez wystarczaj\u0105cej wiedzy technicznej. W\u0142a\u015bnie tutaj pojawiaj\u0105 si\u0119 nasze artyku\u0142y specjalistyczne dotycz\u0105ce o\u015bwietlenia LED.<br>Systemy LED to nie tylko \u017ar\u00f3d\u0142a \u015bwiat\u0142a. R\u00f3wnie wa\u017cne s\u0105 stabilno\u015b\u0107 elektryczna, zarz\u0105dzanie termiczne i niezawodne zasilanie. Dlatego wyja\u015bniamy podstawy techniczne, kt\u00f3re decyduj\u0105 o \u017cywotno\u015bci i wydajno\u015bci.<br>W naszej sekcji technicznej omawiamy takie tematy jak zasilacze impulsowe SMPS, sterowniki LED, regulacja pr\u0105du sta\u0142ego i spadek napi\u0119cia w ta\u015bmach LED. Ponadto analizujemy znaczenie grubo\u015bci warstwy miedzi, CRI (wska\u017anika oddawania barw) i klas efektywno\u015bci energetycznej.<br>Co wi\u0119cej, \u0142\u0105czymy teori\u0119 z praktycznymi zastosowaniami. Zamiast czystych definicji technicznych otrzymuj\u0105 Pa\u0144stwo konkretne wskaz\u00f3wki dla producent\u00f3w mebli, firm zajmuj\u0105cych si\u0119 wyko\u0144czeniami wn\u0119trz, projektant\u00f3w o\u015bwietlenia i profesjonalnych u\u017cytkownik\u00f3w.<br>Dzi\u0119ki temu uzyskuj\u0105 Pa\u0144stwo solidn\u0105 podstaw\u0119 do podejmowania decyzji przy por\u00f3wnywaniu ta\u015bm LED lub ocenie modu\u0142owego systemu o\u015bwietlenia LED.<br>Wed\u0142ug <a href=\"https:\/\/www.iea.org\/topics\/energy-efficiency\">Mi\u0119dzynarodowej Agencji Energetycznej (IEA)<\/a> efektywno\u015b\u0107 energetyczna odgrywa kluczow\u0105 rol\u0119 w redukcji zu\u017cycia energii elektrycznej w systemach o\u015bwietleniowych.      <\/p>\n\n\n\n<div class=\"gbp-section gb-element-ec599304\">\n<div class=\"gbp-section__inner\"><\/div>\n\n\n\n<div class=\"gbp-section__inner gb-element-17fbcbea\">\n<div><ul class=\"gbp-list--unstyled gb-looper-aa07b41a\">\n<li class=\"gb-loop-item post-51488 post type-post status-publish format-standard has-post-thumbnail hentry category-efektywnosc-energetyczna-oswietlenia\">\n<article class=\"gbp-card--border\">\n<img decoding=\"async\" width=\"768\" height=\"512\" alt=\"SMPS vs. klasyczne zasilanie LED\" data-media-id=\"51489\" class=\"gb-media-8f32fd7b\" src=\"https:\/\/connectaled.com\/wp-content\/uploads\/2026\/01\/ChatGPT-Image-15.-\u0458\u0430\u043d-2026.-20_32_48-768x512.png\" srcset=\"https:\/\/connectaled.com\/wp-content\/uploads\/2026\/01\/ChatGPT-Image-15.-\u0458\u0430\u043d-2026.-20_32_48-768x512.png 768w, https:\/\/connectaled.com\/wp-content\/uploads\/2026\/01\/ChatGPT-Image-15.-\u0458\u0430\u043d-2026.-20_32_48-700x467.png 700w, https:\/\/connectaled.com\/wp-content\/uploads\/2026\/01\/ChatGPT-Image-15.-\u0458\u0430\u043d-2026.-20_32_48-300x200.png 300w, https:\/\/connectaled.com\/wp-content\/uploads\/2026\/01\/ChatGPT-Image-15.-\u0458\u0430\u043d-2026.-20_32_48-1024x683.png 1024w, https:\/\/connectaled.com\/wp-content\/uploads\/2026\/01\/ChatGPT-Image-15.-\u0458\u0430\u043d-2026.-20_32_48.png 1536w\" sizes=\"(max-width: 768px) 100vw, 768px\" \/>\n\n\n\n<div class=\"gbp-card\">\n<p class=\"gb-text gbp-card__meta-text\">2026-02-22<\/p>\n\n\n\n<h2 class=\"gb-text gbp-card__title\"><a href=\"https:\/\/connectaled.com\/pl\/dlaczego-zasilacze-impulsowe-smps-sa-niezbedne-dla-nowoczesnej-elektroniki-i-oswietlenia-led\/\">Dlaczego zasilacze impulsowe (SMPS) s\u0105 niezb\u0119dne dla nowoczesnej elektroniki i o\u015bwietlenia LED<\/a><\/h2>\n\n\n\n<p class=\"gb-text\">Dlaczego zasilacze impulsowe (SMPS) s\u0105 niezb\u0119dne dla nowoczesnej elektroniki i o\u015bwietlenia LED (Podstawowe s\u0142owa kluczowe: zasilacz impulsowy, SMPS, sterownik LED, efektywno\u015b\u0107 zasilacza, zasilacz liniowy vs&#8230;.<\/p>\n\n\n\n<a class=\"gb-text gb-text-e7e8b064\" href=\"https:\/\/connectaled.com\/pl\/dlaczego-zasilacze-impulsowe-smps-sa-niezbedne-dla-nowoczesnej-elektroniki-i-oswietlenia-led\/\" aria-label=\"Read more about Dlaczego zasilacze impulsowe (SMPS) s\u0105 niezb\u0119dne dla nowoczesnej elektroniki i o\u015bwietlenia LED\">Czytaj wi\u0119cej<\/a>\n<\/div>\n<\/article>\n<\/li>\n\n<li class=\"gb-loop-item post-51494 post type-post status-publish format-standard has-post-thumbnail hentry category-wskazowki-dotyczace-podlaczania-i-sterowania-oswietleniem\">\n<article class=\"gbp-card--border\">\n<img decoding=\"async\" width=\"768\" height=\"353\" alt=\"Connecta-led-stripe-schematics\" data-media-id=\"51495\" class=\"gb-media-8f32fd7b\" src=\"https:\/\/connectaled.com\/wp-content\/uploads\/2026\/01\/fur-1024x470-1-768x353.png\" srcset=\"https:\/\/connectaled.com\/wp-content\/uploads\/2026\/01\/fur-1024x470-1-768x353.png 768w, https:\/\/connectaled.com\/wp-content\/uploads\/2026\/01\/fur-1024x470-1-700x321.png 700w, https:\/\/connectaled.com\/wp-content\/uploads\/2026\/01\/fur-1024x470-1-300x138.png 300w, https:\/\/connectaled.com\/wp-content\/uploads\/2026\/01\/fur-1024x470-1.png 1024w\" sizes=\"(max-width: 768px) 100vw, 768px\" \/>\n\n\n\n<div class=\"gbp-card\">\n<p class=\"gb-text gbp-card__meta-text\">2026-02-22<\/p>\n\n\n\n<h2 class=\"gb-text gbp-card__title\"><a href=\"https:\/\/connectaled.com\/pl\/jak-zabezpieczylismy-kazda-diode-led-w-tasmie-dlaczego-tasma-led-esta-jest-trwala\/\">Jak zabezpieczyli\u015bmy ka\u017cd\u0105 diod\u0119 LED w ta\u015bmie \u2013 Dlaczego ta\u015bma LED ESTA jest trwa\u0142a<\/a><\/h2>\n\n\n\n<p class=\"gb-text\">Na powy\u017cszym obrazku wida\u0107 klasyczne rozwi\u0105zanie (przedstawione schematycznie) segmentu ta\u015bmy LED. Ta\u015bma sk\u0142ada si\u0119 z szeregu takich segment\u00f3w. Fizycznie s\u0105 one oznaczone na ta\u015bmie lini\u0105&#8230;<\/p>\n\n\n\n<a class=\"gb-text gb-text-e7e8b064\" href=\"https:\/\/connectaled.com\/pl\/jak-zabezpieczylismy-kazda-diode-led-w-tasmie-dlaczego-tasma-led-esta-jest-trwala\/\" aria-label=\"Read more about Jak zabezpieczyli\u015bmy ka\u017cd\u0105 diod\u0119 LED w ta\u015bmie \u2013 Dlaczego ta\u015bma LED ESTA jest trwa\u0142a\">Czytaj wi\u0119cej<\/a>\n<\/div>\n<\/article>\n<\/li>\n\n<li class=\"gb-loop-item post-51500 post type-post status-publish format-standard has-post-thumbnail hentry category-wskazowki-dotyczace-podlaczania-i-sterowania-oswietleniem\">\n<article class=\"gbp-card--border\">\n<img decoding=\"async\" width=\"768\" height=\"768\" alt=\"Ciep\u0142o barwy \u015bwiat\u0142a\" data-media-id=\"51501\" class=\"gb-media-8f32fd7b\" src=\"https:\/\/connectaled.com\/wp-content\/uploads\/2026\/01\/Designer-768x768.jpeg\" srcset=\"https:\/\/connectaled.com\/wp-content\/uploads\/2026\/01\/Designer-768x768.jpeg 768w, https:\/\/connectaled.com\/wp-content\/uploads\/2026\/01\/Designer-150x150.jpeg 150w, https:\/\/connectaled.com\/wp-content\/uploads\/2026\/01\/Designer-100x100.jpeg 100w, https:\/\/connectaled.com\/wp-content\/uploads\/2026\/01\/Designer-700x700.jpeg 700w, https:\/\/connectaled.com\/wp-content\/uploads\/2026\/01\/Designer-300x300.jpeg 300w, https:\/\/connectaled.com\/wp-content\/uploads\/2026\/01\/Designer.jpeg 1024w\" sizes=\"(max-width: 768px) 100vw, 768px\" \/>\n\n\n\n<div class=\"gbp-card\">\n<p class=\"gb-text gbp-card__meta-text\">2026-02-22<\/p>\n\n\n\n<h2 class=\"gb-text gbp-card__title\"><a href=\"https:\/\/connectaled.com\/pl\/cieplo-barwy-swiatla\/\">Ciep\u0142o barwy \u015bwiat\u0142a<\/a><\/h2>\n\n\n\n<p class=\"gb-text\">Jak wybra\u0107 temperatur\u0119 barwow\u0105 ta\u015bmy LED? O\u015bwietlenie odgrywa kluczow\u0105 rol\u0119 w przestrzeniach architektonicznych. S\u0142u\u017cy nie tylko g\u0142\u00f3wnemu celowi, jakim jest widoczno\u015b\u0107, ale tak\u017ce znacz\u0105co wp\u0142ywa&#8230;<\/p>\n\n\n\n<a class=\"gb-text gb-text-e7e8b064\" href=\"https:\/\/connectaled.com\/pl\/cieplo-barwy-swiatla\/\" aria-label=\"Read more about Ciep\u0142o barwy \u015bwiat\u0142a\">Czytaj wi\u0119cej<\/a>\n<\/div>\n<\/article>\n<\/li>\n\n<li class=\"gb-loop-item post-51506 post type-post status-publish format-standard has-post-thumbnail hentry category-wysokiej-jakosci-tasmy-led\">\n<article class=\"gbp-card--border\">\n<img decoding=\"async\" width=\"353\" height=\"259\" alt=\"osram-led-image\" data-media-id=\"51507\" class=\"gb-media-8f32fd7b\" src=\"https:\/\/connectaled.com\/wp-content\/uploads\/2026\/01\/osram-led-slika.png\" srcset=\"https:\/\/connectaled.com\/wp-content\/uploads\/2026\/01\/osram-led-slika.png 353w, https:\/\/connectaled.com\/wp-content\/uploads\/2026\/01\/osram-led-slika-300x220.png 300w\" sizes=\"(max-width: 353px) 100vw, 353px\" \/>\n\n\n\n<div class=\"gbp-card\">\n<p class=\"gb-text gbp-card__meta-text\">2026-02-22<\/p>\n\n\n\n<h2 class=\"gb-text gbp-card__title\"><a href=\"https:\/\/connectaled.com\/pl\/tasmy-led-connecta-sa-wyposazone-w-diody-led-firmy-osram\/\">Ta\u015bmy LED CONNECTA s\u0105 wyposa\u017cone w diody LED firmy OSRAM<\/a><\/h2>\n\n\n\n<p class=\"gb-text\">Zgodnie z tytu\u0142em, w ta\u015bmach LED i produktach ESTA stosujemy diody LED OSRAM z serii Duris, w zale\u017cno\u015bci od przeznaczenia produktu. OSRAM to renomowany europejski&#8230;<\/p>\n\n\n\n<a class=\"gb-text gb-text-e7e8b064\" href=\"https:\/\/connectaled.com\/pl\/tasmy-led-connecta-sa-wyposazone-w-diody-led-firmy-osram\/\" aria-label=\"Read more about Ta\u015bmy LED CONNECTA s\u0105 wyposa\u017cone w diody LED firmy OSRAM\">Czytaj wi\u0119cej<\/a>\n<\/div>\n<\/article>\n<\/li>\n\n<li class=\"gb-loop-item post-51512 post type-post status-publish format-standard has-post-thumbnail hentry category-wysokiej-jakosci-tasmy-led\">\n<article class=\"gbp-card--border\">\n<img decoding=\"async\" width=\"768\" height=\"506\" alt=\"layers_pcb_led_connecta\" data-media-id=\"51513\" class=\"gb-media-8f32fd7b\" src=\"https:\/\/connectaled.com\/wp-content\/uploads\/2026\/01\/slojevi-768x506.png\" srcset=\"https:\/\/connectaled.com\/wp-content\/uploads\/2026\/01\/slojevi-768x506.png 768w, https:\/\/connectaled.com\/wp-content\/uploads\/2026\/01\/slojevi-700x462.png 700w, https:\/\/connectaled.com\/wp-content\/uploads\/2026\/01\/slojevi-300x198.png 300w, https:\/\/connectaled.com\/wp-content\/uploads\/2026\/01\/slojevi.png 790w\" sizes=\"(max-width: 768px) 100vw, 768px\" \/>\n\n\n\n<div class=\"gbp-card\">\n<p class=\"gb-text gbp-card__meta-text\">2026-02-22<\/p>\n\n\n\n<h2 class=\"gb-text gbp-card__title\"><a href=\"https:\/\/connectaled.com\/pl\/znaczenie-warstwy-miedzi-w-tasmach-led\/\">Znaczenie warstwy miedzi w ta\u015bmach LED<\/a><\/h2>\n\n\n\n<p class=\"gb-text\">Struktura PCB (ta\u015bmy miedziane montowane dwustronnie) W po\u0142\u0105czeniu z powy\u017cszym obrazem zrozumienie b\u0119dzie proste. Pierwsza warstwa s\u0142u\u017cy do umieszczania komponent\u00f3w elektrycznych, takich jak diody LED&#8230;<\/p>\n\n\n\n<a class=\"gb-text gb-text-e7e8b064\" href=\"https:\/\/connectaled.com\/pl\/znaczenie-warstwy-miedzi-w-tasmach-led\/\" aria-label=\"Read more about Znaczenie warstwy miedzi w ta\u015bmach LED\">Czytaj wi\u0119cej<\/a>\n<\/div>\n<\/article>\n<\/li>\n\n<li class=\"gb-loop-item post-51518 post type-post status-publish format-standard has-post-thumbnail hentry category-wysokiej-jakosci-tasmy-led\">\n<article class=\"gbp-card--border\">\n<img decoding=\"async\" width=\"768\" height=\"480\" alt=\"color-rendering-index-cri-wipro-lighting\" data-media-id=\"51415\" class=\"gb-media-8f32fd7b\" src=\"https:\/\/connectaled.com\/wp-content\/uploads\/2026\/01\/color-rendering-index-cri-wipro-lighting-1624976873-768x480.jpg\" srcset=\"https:\/\/connectaled.com\/wp-content\/uploads\/2026\/01\/color-rendering-index-cri-wipro-lighting-1624976873-768x480.jpg 768w, https:\/\/connectaled.com\/wp-content\/uploads\/2026\/01\/color-rendering-index-cri-wipro-lighting-1624976873-700x438.jpg 700w, https:\/\/connectaled.com\/wp-content\/uploads\/2026\/01\/color-rendering-index-cri-wipro-lighting-1624976873-300x188.jpg 300w, https:\/\/connectaled.com\/wp-content\/uploads\/2026\/01\/color-rendering-index-cri-wipro-lighting-1624976873.jpg 780w\" sizes=\"(max-width: 768px) 100vw, 768px\" \/>\n\n\n\n<div class=\"gbp-card\">\n<p class=\"gb-text gbp-card__meta-text\">2026-02-22<\/p>\n\n\n\n<h2 class=\"gb-text gbp-card__title\"><a href=\"https:\/\/connectaled.com\/pl\/co-to-jest-wskaznik-oddawania-barw-cri\/\">Co to jest wska\u017anik oddawania barw (CRI)?<\/a><\/h2>\n\n\n\n<p class=\"gb-text\">Wska\u017anik oddawania barw (CRI) to ilo\u015bciowa miara zdolno\u015bci \u017ar\u00f3d\u0142a \u015bwiat\u0142a do wiernego odwzorowania barw r\u00f3\u017cnych obiekt\u00f3w w por\u00f3wnaniu z naturalnym lub standardowym \u017ar\u00f3d\u0142em \u015bwiat\u0142a. Odwzorowanie&#8230;<\/p>\n\n\n\n<a class=\"gb-text gb-text-e7e8b064\" href=\"https:\/\/connectaled.com\/pl\/co-to-jest-wskaznik-oddawania-barw-cri\/\" aria-label=\"Read more about Co to jest wska\u017anik oddawania barw (CRI)?\">Czytaj wi\u0119cej<\/a>\n<\/div>\n<\/article>\n<\/li>\n<\/ul><\/div>\n<\/div>\n<\/div>\n","protected":false},"excerpt":{"rendered":"<p>Technologia o\u015bwietlenia LED i wiedza specjalistyczna Techniczne spojrzenie na ta\u015bmy LED, zasilacze SMPS, efektywno\u015b\u0107 energetyczn\u0105 i d\u0142ugoterminow\u0105 stabilno\u015b\u0107 systemu.Artyku\u0142y fachowe dla projektant\u00f3w, producent\u00f3w i profesjonalnych u\u017cytkownik\u00f3w. Witamy w naszym blogu technicznym o o\u015bwietleniu LED Blog techniczny o o\u015bwietleniu LED oferuje rzetelne artyku\u0142y fachowe dla profesjonalnych u\u017cytkownik\u00f3w i projektant\u00f3w. Mimo to wiele instalacji jest planowanych bez &#8230; <a title=\"Blog\" class=\"read-more\" href=\"https:\/\/connectaled.com\/pl\/blog\/\" aria-label=\"Dowiedz si\u0119 wi\u0119cej o Blog\">Czytaj dalej<\/a><\/p>\n","protected":false},"author":1,"featured_media":51414,"parent":0,"menu_order":0,"comment_status":"closed","ping_status":"closed","template":"","meta":{"iawp_total_views":3,"footnotes":""},"class_list":["post-51413","page","type-page","status-publish","has-post-thumbnail"],"yoast_head":"<!-- This site is optimized with the Yoast SEO plugin v27.4 - https:\/\/yoast.com\/product\/yoast-seo-wordpress\/ -->\n<title>Blog techniczny o o\u015bwietleniu LED | Ta\u015bmy LED i efektywno\u015b\u0107<\/title>\n<meta name=\"description\" content=\"Blog techniczny o o\u015bwietleniu LED z artyku\u0142ami fachowymi dotycz\u0105cymi ta\u015bm LED, zasilaczy SMPS, CRI, efektywno\u015bci energetycznej i profesjonalnych system\u00f3w LED.\" \/>\n<meta name=\"robots\" content=\"index, follow, max-snippet:-1, max-image-preview:large, max-video-preview:-1\" \/>\n<link rel=\"canonical\" href=\"https:\/\/connectaled.com\/pl\/blog\/\" \/>\n<meta property=\"og:locale\" content=\"pl_PL\" \/>\n<meta property=\"og:type\" content=\"article\" \/>\n<meta property=\"og:title\" content=\"Blog techniczny o o\u015bwietleniu LED | Ta\u015bmy LED i efektywno\u015b\u0107\" \/>\n<meta property=\"og:description\" content=\"Blog techniczny o o\u015bwietleniu LED z artyku\u0142ami fachowymi dotycz\u0105cymi ta\u015bm LED, zasilaczy SMPS, CRI, efektywno\u015bci energetycznej i profesjonalnych system\u00f3w LED.\" \/>\n<meta property=\"og:url\" content=\"https:\/\/connectaled.com\/pl\/blog\/\" \/>\n<meta property=\"og:site_name\" content=\"Connecta\" \/>\n<meta property=\"article:modified_time\" content=\"2026-02-27T16:32:10+00:00\" \/>\n<meta property=\"og:image\" content=\"https:\/\/connectaled.com\/wp-content\/uploads\/2026\/01\/Stednja-struje-696x516-1.jpg\" \/>\n\t<meta property=\"og:image:width\" content=\"696\" \/>\n\t<meta property=\"og:image:height\" content=\"516\" \/>\n\t<meta property=\"og:image:type\" content=\"image\/jpeg\" \/>\n<meta name=\"twitter:card\" content=\"summary_large_image\" \/>\n<meta name=\"twitter:label1\" content=\"Szacowany czas czytania\" \/>\n\t<meta name=\"twitter:data1\" content=\"2 minuty\" \/>\n<script type=\"application\/ld+json\" class=\"yoast-schema-graph\">{\"@context\":\"https:\\\/\\\/schema.org\",\"@graph\":[{\"@type\":\"WebPage\",\"@id\":\"https:\\\/\\\/connectaled.com\\\/pl\\\/blog\\\/\",\"url\":\"https:\\\/\\\/connectaled.com\\\/pl\\\/blog\\\/\",\"name\":\"Blog techniczny o o\u015bwietleniu LED | Ta\u015bmy LED i efektywno\u015b\u0107\",\"isPartOf\":{\"@id\":\"https:\\\/\\\/connectaled.com\\\/pl\\\/#website\"},\"primaryImageOfPage\":{\"@id\":\"https:\\\/\\\/connectaled.com\\\/pl\\\/blog\\\/#primaryimage\"},\"image\":{\"@id\":\"https:\\\/\\\/connectaled.com\\\/pl\\\/blog\\\/#primaryimage\"},\"thumbnailUrl\":\"https:\\\/\\\/connectaled.com\\\/wp-content\\\/uploads\\\/2026\\\/01\\\/Stednja-struje-696x516-1.jpg\",\"datePublished\":\"2026-01-13T01:49:47+00:00\",\"dateModified\":\"2026-02-27T16:32:10+00:00\",\"description\":\"Blog techniczny o o\u015bwietleniu LED z artyku\u0142ami fachowymi dotycz\u0105cymi ta\u015bm LED, zasilaczy SMPS, CRI, efektywno\u015bci energetycznej i profesjonalnych system\u00f3w LED.\",\"breadcrumb\":{\"@id\":\"https:\\\/\\\/connectaled.com\\\/pl\\\/blog\\\/#breadcrumb\"},\"inLanguage\":\"pl-PL\",\"potentialAction\":[{\"@type\":\"ReadAction\",\"target\":[\"https:\\\/\\\/connectaled.com\\\/pl\\\/blog\\\/\"]}]},{\"@type\":\"ImageObject\",\"inLanguage\":\"pl-PL\",\"@id\":\"https:\\\/\\\/connectaled.com\\\/pl\\\/blog\\\/#primaryimage\",\"url\":\"https:\\\/\\\/connectaled.com\\\/wp-content\\\/uploads\\\/2026\\\/01\\\/Stednja-struje-696x516-1.jpg\",\"contentUrl\":\"https:\\\/\\\/connectaled.com\\\/wp-content\\\/uploads\\\/2026\\\/01\\\/Stednja-struje-696x516-1.jpg\",\"width\":696,\"height\":516,\"caption\":\"Oszcz\u0119dno\u015b\u0107 energii\"},{\"@type\":\"BreadcrumbList\",\"@id\":\"https:\\\/\\\/connectaled.com\\\/pl\\\/blog\\\/#breadcrumb\",\"itemListElement\":[{\"@type\":\"ListItem\",\"position\":1,\"name\":\"Home\",\"item\":\"https:\\\/\\\/connectaled.com\\\/pl\\\/\"},{\"@type\":\"ListItem\",\"position\":2,\"name\":\"Blog\"}]},{\"@type\":\"WebSite\",\"@id\":\"https:\\\/\\\/connectaled.com\\\/pl\\\/#website\",\"url\":\"https:\\\/\\\/connectaled.com\\\/pl\\\/\",\"name\":\"Click&Light\",\"description\":\"Click&amp;Light\",\"publisher\":{\"@id\":\"https:\\\/\\\/connectaled.com\\\/pl\\\/#organization\"},\"alternateName\":\"Profesional LED Stripes\",\"potentialAction\":[{\"@type\":\"SearchAction\",\"target\":{\"@type\":\"EntryPoint\",\"urlTemplate\":\"https:\\\/\\\/connectaled.com\\\/pl\\\/?s={search_term_string}\"},\"query-input\":{\"@type\":\"PropertyValueSpecification\",\"valueRequired\":true,\"valueName\":\"search_term_string\"}}],\"inLanguage\":\"pl-PL\"},{\"@type\":\"Organization\",\"@id\":\"https:\\\/\\\/connectaled.com\\\/pl\\\/#organization\",\"name\":\"Click&Light\",\"alternateName\":\"ESTA Connecta LED Profesional LED Stripes\",\"url\":\"https:\\\/\\\/connectaled.com\\\/pl\\\/\",\"logo\":{\"@type\":\"ImageObject\",\"inLanguage\":\"pl-PL\",\"@id\":\"https:\\\/\\\/connectaled.com\\\/pl\\\/#\\\/schema\\\/logo\\\/image\\\/\",\"url\":\"https:\\\/\\\/connectaled.com\\\/wp-content\\\/uploads\\\/2026\\\/02\\\/0971ccf6-3fff-42e1-94cc-ad01a54d4b85-4.png\",\"contentUrl\":\"https:\\\/\\\/connectaled.com\\\/wp-content\\\/uploads\\\/2026\\\/02\\\/0971ccf6-3fff-42e1-94cc-ad01a54d4b85-4.png\",\"width\":1326,\"height\":330,\"caption\":\"Click&Light\"},\"image\":{\"@id\":\"https:\\\/\\\/connectaled.com\\\/pl\\\/#\\\/schema\\\/logo\\\/image\\\/\"}}]}<\/script>\n<!-- \/ Yoast SEO plugin. -->","yoast_head_json":{"title":"Blog techniczny o o\u015bwietleniu LED | Ta\u015bmy LED i efektywno\u015b\u0107","description":"Blog techniczny o o\u015bwietleniu LED z artyku\u0142ami fachowymi dotycz\u0105cymi ta\u015bm LED, zasilaczy SMPS, CRI, efektywno\u015bci energetycznej i profesjonalnych system\u00f3w LED.","robots":{"index":"index","follow":"follow","max-snippet":"max-snippet:-1","max-image-preview":"max-image-preview:large","max-video-preview":"max-video-preview:-1"},"canonical":"https:\/\/connectaled.com\/pl\/blog\/","og_locale":"pl_PL","og_type":"article","og_title":"Blog techniczny o o\u015bwietleniu LED | Ta\u015bmy LED i efektywno\u015b\u0107","og_description":"Blog techniczny o o\u015bwietleniu LED z artyku\u0142ami fachowymi dotycz\u0105cymi ta\u015bm LED, zasilaczy SMPS, CRI, efektywno\u015bci energetycznej i profesjonalnych system\u00f3w LED.","og_url":"https:\/\/connectaled.com\/pl\/blog\/","og_site_name":"Connecta","article_modified_time":"2026-02-27T16:32:10+00:00","og_image":[{"width":696,"height":516,"url":"https:\/\/connectaled.com\/wp-content\/uploads\/2026\/01\/Stednja-struje-696x516-1.jpg","type":"image\/jpeg"}],"twitter_card":"summary_large_image","twitter_misc":{"Szacowany czas czytania":"2 minuty"},"schema":{"@context":"https:\/\/schema.org","@graph":[{"@type":"WebPage","@id":"https:\/\/connectaled.com\/pl\/blog\/","url":"https:\/\/connectaled.com\/pl\/blog\/","name":"Blog techniczny o o\u015bwietleniu LED | Ta\u015bmy LED i efektywno\u015b\u0107","isPartOf":{"@id":"https:\/\/connectaled.com\/pl\/#website"},"primaryImageOfPage":{"@id":"https:\/\/connectaled.com\/pl\/blog\/#primaryimage"},"image":{"@id":"https:\/\/connectaled.com\/pl\/blog\/#primaryimage"},"thumbnailUrl":"https:\/\/connectaled.com\/wp-content\/uploads\/2026\/01\/Stednja-struje-696x516-1.jpg","datePublished":"2026-01-13T01:49:47+00:00","dateModified":"2026-02-27T16:32:10+00:00","description":"Blog techniczny o o\u015bwietleniu LED z artyku\u0142ami fachowymi dotycz\u0105cymi ta\u015bm LED, zasilaczy SMPS, CRI, efektywno\u015bci energetycznej i profesjonalnych system\u00f3w LED.","breadcrumb":{"@id":"https:\/\/connectaled.com\/pl\/blog\/#breadcrumb"},"inLanguage":"pl-PL","potentialAction":[{"@type":"ReadAction","target":["https:\/\/connectaled.com\/pl\/blog\/"]}]},{"@type":"ImageObject","inLanguage":"pl-PL","@id":"https:\/\/connectaled.com\/pl\/blog\/#primaryimage","url":"https:\/\/connectaled.com\/wp-content\/uploads\/2026\/01\/Stednja-struje-696x516-1.jpg","contentUrl":"https:\/\/connectaled.com\/wp-content\/uploads\/2026\/01\/Stednja-struje-696x516-1.jpg","width":696,"height":516,"caption":"Oszcz\u0119dno\u015b\u0107 energii"},{"@type":"BreadcrumbList","@id":"https:\/\/connectaled.com\/pl\/blog\/#breadcrumb","itemListElement":[{"@type":"ListItem","position":1,"name":"Home","item":"https:\/\/connectaled.com\/pl\/"},{"@type":"ListItem","position":2,"name":"Blog"}]},{"@type":"WebSite","@id":"https:\/\/connectaled.com\/pl\/#website","url":"https:\/\/connectaled.com\/pl\/","name":"Click&Light","description":"Click&amp;Light","publisher":{"@id":"https:\/\/connectaled.com\/pl\/#organization"},"alternateName":"Profesional LED Stripes","potentialAction":[{"@type":"SearchAction","target":{"@type":"EntryPoint","urlTemplate":"https:\/\/connectaled.com\/pl\/?s={search_term_string}"},"query-input":{"@type":"PropertyValueSpecification","valueRequired":true,"valueName":"search_term_string"}}],"inLanguage":"pl-PL"},{"@type":"Organization","@id":"https:\/\/connectaled.com\/pl\/#organization","name":"Click&Light","alternateName":"ESTA Connecta LED Profesional LED Stripes","url":"https:\/\/connectaled.com\/pl\/","logo":{"@type":"ImageObject","inLanguage":"pl-PL","@id":"https:\/\/connectaled.com\/pl\/#\/schema\/logo\/image\/","url":"https:\/\/connectaled.com\/wp-content\/uploads\/2026\/02\/0971ccf6-3fff-42e1-94cc-ad01a54d4b85-4.png","contentUrl":"https:\/\/connectaled.com\/wp-content\/uploads\/2026\/02\/0971ccf6-3fff-42e1-94cc-ad01a54d4b85-4.png","width":1326,"height":330,"caption":"Click&Light"},"image":{"@id":"https:\/\/connectaled.com\/pl\/#\/schema\/logo\/image\/"}}]}},"jetpack_sharing_enabled":true,"_links":{"self":[{"href":"https:\/\/connectaled.com\/pl\/wp-json\/wp\/v2\/pages\/51413","targetHints":{"allow":["GET"]}}],"collection":[{"href":"https:\/\/connectaled.com\/pl\/wp-json\/wp\/v2\/pages"}],"about":[{"href":"https:\/\/connectaled.com\/pl\/wp-json\/wp\/v2\/types\/page"}],"author":[{"embeddable":true,"href":"https:\/\/connectaled.com\/pl\/wp-json\/wp\/v2\/users\/1"}],"replies":[{"embeddable":true,"href":"https:\/\/connectaled.com\/pl\/wp-json\/wp\/v2\/comments?post=51413"}],"version-history":[{"count":9,"href":"https:\/\/connectaled.com\/pl\/wp-json\/wp\/v2\/pages\/51413\/revisions"}],"predecessor-version":[{"id":52682,"href":"https:\/\/connectaled.com\/pl\/wp-json\/wp\/v2\/pages\/51413\/revisions\/52682"}],"wp:featuredmedia":[{"embeddable":true,"href":"https:\/\/connectaled.com\/pl\/wp-json\/wp\/v2\/media\/51414"}],"wp:attachment":[{"href":"https:\/\/connectaled.com\/pl\/wp-json\/wp\/v2\/media?parent=51413"}],"curies":[{"name":"wp","href":"https:\/\/api.w.org\/{rel}","templated":true}]}}