{"id":52841,"date":"2026-04-05T17:12:56","date_gmt":"2026-04-05T15:12:56","guid":{"rendered":"https:\/\/connectaled.com\/?post_type=product&#038;p=52841"},"modified":"2026-04-05T20:46:43","modified_gmt":"2026-04-05T18:46:43","slug":"connecta-led-streifen-copy-2","status":"publish","type":"product","link":"https:\/\/connectaled.com\/de\/product\/connecta-led-streifen-copy-2\/","title":{"rendered":"ESTA LED PRO Streifen 5m Rolle"},"content":{"rendered":"<div class=\"wp-block-group connecta-b2b-product-notice\"><div class=\"wp-block-group__inner-container is-layout-flow wp-block-group-is-layout-flow\"><p>F\u00fcr professionelle Projekte und gr\u00f6\u00dfere Mengen kontaktieren Sie uns bitte f\u00fcr eine technische Beratung.<\/p><p><a href=\"https:\/\/connectaled.com\/de\/modulares-led-lichtsystem\/\">Modulares LED-Beleuchtungssystem<\/a> | <a href=\"https:\/\/connectaled.com\/de\/warum-connecta\/\">Warum Connecta<\/a> | <a href=\"https:\/\/connectaled.com\/de\/led-projektberatung-professionelles-modulares-led-system\/\">Projektberatung anfordern<\/a><\/p><\/div><\/div><h2 data-start=\"321\" data-end=\"375\">\ud83d\udd39 Produktbeschreibung \u2013 ESTA LED PRO Streifen<\/h2>\r\n<p data-start=\"377\" data-end=\"684\"><strong data-start=\"377\" data-end=\"407\">ESTA LED PRO Streifen<\/strong> ist eine professionelle Beleuchtungsl\u00f6sung, die f\u00fcr maximale Effizienz, Zuverl\u00e4ssigkeit und einfache Installation entwickelt wurde. Der ESTA LED PRO Streifen ist ein herk\u00f6mmlicher LED-Streifen, der auf Rollen geliefert wird. <\/p>\r\n<h3 data-start=\"1421\" data-end=\"1455\">Fortschrittlicher elektrischer Schutz<\/h3>\r\n<p data-start=\"1456\" data-end=\"1932\">ESTA LED PRO Streifen sind mit integriertem <strong data-start=\"1507\" data-end=\"1525\">ESD-Schutz<\/strong> ausgestattet, um empfindliche elektronische Komponenten w\u00e4hrend der Handhabung und Installation vor elektrostatischer Entladung zu sch\u00fctzen.<br data-start=\"1633\" data-end=\"1636\">Zus\u00e4tzlich verf\u00fcgt jedes Segment \u00fcber eine <strong data-start=\"1675\" data-end=\"1708\">elektronische Stromregelung<\/strong> mittels eines dedizierten Steuer-ICs, die sicherstellt, dass der Strom durch jede LED <strong data-start=\"1782\" data-end=\"1805\">niemals 60 mA \u00fcberschreitet<\/strong>. Dies verhindert \u00dcberstrombedingungen, reduziert thermische Belastungen und verl\u00e4ngert die Betriebslebensdauer der LEDs erheblich. <\/p>\r\n<h3 data-start=\"1934\" data-end=\"1976\">Hohe Dichte, hohe Effizienz<\/h3>\r\n<ul data-start=\"1977\" data-end=\"2214\">\r\n<li data-start=\"1977\" data-end=\"2030\">\r\n<p data-start=\"1979\" data-end=\"2030\"><strong data-start=\"1979\" data-end=\"2000\">70 LEDs pro Meter<\/strong> (35 LEDs pro 0,5-m-Segment)<\/p>\r\n<\/li>\r\n<li data-start=\"2031\" data-end=\"2093\">\r\n<p data-start=\"2033\" data-end=\"2093\">Gleichm\u00e4\u00dfige Lichtverteilung ohne sichtbaren Helligkeitsabfall<\/p>\r\n<\/li>\r\n<li data-start=\"2094\" data-end=\"2214\">\r\n<p data-start=\"2096\" data-end=\"2214\">Hohe Lichtausbeute von bis zu <strong data-start=\"2128\" data-end=\"2140\">165 lm\/W<\/strong>, was zu einer ausgezeichneten Energieeffizienz und einem reduzierten Stromverbrauch f\u00fchrt<\/p>\r\n<\/li>\r\n<\/ul>\r\n<h3 data-start=\"2216\" data-end=\"2243\">Robuste Leiterplattenkonstruktion<\/h3>\r\n<p data-start=\"2244\" data-end=\"2388\">Die flexible Leiterplatte wird mit einer <strong data-start=\"2284\" data-end=\"2325\">Kupferst\u00e4rke von 0,105 mm (105 \u00b5m)<\/strong> hergestellt \u2013 deutlich h\u00f6her als bei Standard-LED-Streifen. Dies gew\u00e4hrleistet: <\/p>\r\n<ul data-start=\"2389\" data-end=\"2503\">\r\n<li data-start=\"2389\" data-end=\"2420\">\r\n<p data-start=\"2391\" data-end=\"2420\">Geringerer elektrischer Widerstand<\/p>\r\n<\/li>\r\n<li data-start=\"2421\" data-end=\"2448\">\r\n<p data-start=\"2423\" data-end=\"2448\">Reduzierte W\u00e4rmeentwicklung<\/p>\r\n<\/li>\r\n<li data-start=\"2449\" data-end=\"2479\">\r\n<p data-start=\"2451\" data-end=\"2479\">Verbesserte thermische Stabilit\u00e4t<\/p>\r\n<\/li>\r\n<li data-start=\"2480\" data-end=\"2503\">\r\n<p data-start=\"2482\" data-end=\"2503\">L\u00e4ngere Lebensdauer<\/p>\r\n<\/li>\r\n<\/ul>\r\n<h3 data-start=\"2505\" data-end=\"2535\">Die wichtigsten Vorteile auf einen Blick<\/h3>\r\n<ul data-start=\"2536\" data-end=\"2843\">\r\n<li data-start=\"2636\" data-end=\"2681\">\r\n<p data-start=\"2638\" data-end=\"2681\">Integrierter ESD- und \u00dcberstromschutz<\/p>\r\n<\/li>\r\n<li data-start=\"2682\" data-end=\"2731\">\r\n<p data-start=\"2684\" data-end=\"2731\">Konstantstromregelung (max. 60 mA pro LED)<\/p>\r\n<\/li>\r\n<li data-start=\"2732\" data-end=\"2783\">\r\n<p data-start=\"2734\" data-end=\"2783\">Hohe LED-Dichte und \u00fcberlegene Energieeffizienz<\/p>\r\n<\/li>\r\n<li data-start=\"2784\" data-end=\"2843\">\r\n<p data-start=\"2786\" data-end=\"2843\">Dicke Kupferleiterplatte f\u00fcr Haltbarkeit und thermische Leistung<\/p>\r\n<\/li>\r\n<\/ul>\r\n<p data-start=\"2845\" data-end=\"3023\"><strong data-start=\"2845\" data-end=\"2867\">ESTA LED PRO Streifen<\/strong> ist eine ideale Wahl f\u00fcr Wohn-, Gewerbe- und professionelle Beleuchtungsanwendungen, bei denen Zuverl\u00e4ssigkeit, Effizienz und eine saubere Installation unerl\u00e4sslich sind.<\/p>\r\n<h2>Technische Daten<\/h2>\r\n<table class=\"connecta-specs\">\r\n<tbody>\r\n<tr>\r\n<th>Produkttyp<\/th>\r\n<td>ESTA LED PRO Streifen<\/td>\r\n<\/tr>\r\n<tr>\r\n<th>Material<\/th>\r\n<td>Flexibler Leiterplatten-LED-Streifen<\/td>\r\n<\/tr>\r\n<tr>\r\n<th>Streifenbreite<\/th>\r\n<td>10 mm<\/td>\r\n<\/tr>\r\n<tr>\r\n<th>Rollenl\u00e4nge<\/th>\r\n<td>5m (oder kundenspezifische L\u00e4nge)<\/td>\r\n<\/tr>\r\n<tr>\r\n<th>Schnittl\u00e4nge<\/th>\r\n<td>10 cm<\/td>\r\n<\/tr>\r\n<tr>\r\n<th>LED-Dichte<\/th>\r\n<td>70 LEDs pro Meter<\/td>\r\n<\/tr>\r\n<tr>\r\n<th>LED-Typ<\/th>\r\n<td>OSRAM DURIS 2835 LEDs<\/td>\r\n<\/tr>\r\n<tr>\r\n<th>Lichtfarbe (CCT)<\/th>\r\n<td>\r\n 2200K, 2700K, 3000K, 3500K, 4000K, 5000K, 5700K, 6500K\r\n      <\/td>\r\n<\/tr>\r\n<tr>\r\n<th>Farbwiedergabeindex (CRI)<\/th>\r\n<td>CRI &gt;80 oder CRI &gt;90 (optional)<\/td>\r\n<\/tr>\r\n<tr>\r\n<th>Lichtausbeute<\/th>\r\n<td>148\u2013165 lm\/W (abh\u00e4ngig von CCT)<\/td>\r\n<\/tr>\r\n<tr>\r\n<th>Lichtstrom<\/th>\r\n<td>Bis zu 2000 lm\/m (abh\u00e4ngig von der LED-Farbtemperatur)<\/td>\r\n<\/tr>\r\n<tr>\r\n<th>Betriebsspannung<\/th>\r\n<td>24 V DC<\/td>\r\n<\/tr>\r\n<tr>\r\n<th>Leistungsaufnahme<\/th>\r\n<td>\r\n 14,4 W\/m      <\/td>\r\n<\/tr>\r\n<tr>\r\n<th>Stromregelung<\/th>\r\n<td>Infineon IC-Konstantstromregelung, max. 60 mA pro LED<\/td>\r\n<\/tr>\r\n<tr>\r\n<th>Kupferst\u00e4rke<\/th>\r\n<td>105 \u00b5m (0,105 mm)<\/td>\r\n<\/tr>\r\n<tr>\r\n<th>ESD-Schutz<\/th>\r\n<td>2 kV gem\u00e4\u00df ANSI\/ESDA\/JEDEC JS-001 (HBM, Klasse 2)<\/td>\r\n<\/tr>\r\n<tr>\r\n<th>Schutzart<\/th>\r\n<td>IP10<\/td>\r\n<\/tr>\r\n<tr>\r\n<th>Energieeffizienzklasse<\/th>\r\n<td>Klasse C oder D (abh\u00e4ngig von CCT)<\/td>\r\n<\/tr>\r\n<tr>\r\n<th>Lebensdauer<\/th>\r\n<td>&gt;50.000 Stunden<\/td>\r\n<\/tr>\r\n<tr>\r\n<th>Klebefl\u00e4che<\/th>\r\n<td>Original 3M doppelseitiges Klebeband<\/td>\r\n<\/tr>\r\n<tr>\r\n<th>Hersteller<\/th>\r\n<td>ESTA, Kru\u0161evac, Serbien<\/td>\r\n<\/tr>\r\n<tr>\r\n<th>Zertifizierungen<\/th>\r\n<td>CE-konform<\/td>\r\n<\/tr>\r\n<\/tbody>\r\n<\/table>\r\n<p><script type=\"application\/ld+json\">\r\n{\r\n  \"@context\": \"https:\/\/schema.org\",\r\n  \"@type\": \"Product\",\r\n  \"@id\": \"https:\/\/connectaled.com\/product\/esta-led-pro-stripe\/#product\",\r\n  \"name\": \"ESTA LED PRO Stripe \",\r\n  \"inLanguage\": \"en\",\r\n  \"offers\": {\r\n    \"@type\": \"Offer\",\r\n    \"url\": \"https:\/\/connectaled.com\/product\/esta-led-pro-stripe\/\",\r\n    \"priceCurrency\": \"EUR\",\r\n    \"price\": \"30\",\r\n    \"availability\": \"https:\/\/schema.org\/InStock\",\r\n\"shippingDetails\": [\r\n  {\r\n    \"@type\": \"OfferShippingDetails\",\r\n    \"shippingDestination\": { \"@type\": \"DefinedRegion\", \"addressCountry\": \"DE\" },\r\n    \"shippingRate\": { \"@type\": \"MonetaryAmount\", \"value\": \"5.00\", \"currency\": \"EUR\" },\r\n    \"deliveryTime\": {\r\n      \"@type\": \"ShippingDeliveryTime\",\r\n      \"handlingTime\": { \"@type\": \"QuantitativeValue\", \"minValue\": 1, \"maxValue\": 2, \"unitCode\": \"DAY\" },\r\n      \"transitTime\": { \"@type\": \"QuantitativeValue\", \"minValue\": 7, \"maxValue\": 10, \"unitCode\": \"DAY\" }\r\n    }\r\n  },\r\n  {\r\n    \"@type\": \"OfferShippingDetails\",\r\n    \"shippingDestination\": { \"@type\": \"DefinedRegion\", \"addressCountry\": \"AT\" },\r\n    \"shippingRate\": { \"@type\": \"MonetaryAmount\", \"value\": \"5.00\", \"currency\": \"EUR\" },\r\n    \"deliveryTime\": {\r\n      \"@type\": \"ShippingDeliveryTime\",\r\n      \"handlingTime\": { \"@type\": \"QuantitativeValue\", \"minValue\": 1, \"maxValue\": 2, \"unitCode\": \"DAY\" },\r\n      \"transitTime\": { \"@type\": \"QuantitativeValue\", \"minValue\": 7, \"maxValue\": 10, \"unitCode\": \"DAY\" }\r\n    }\r\n  },\r\n  {\r\n    \"@type\": \"OfferShippingDetails\",\r\n    \"shippingDestination\": { \"@type\": \"DefinedRegion\", \"addressCountry\": \"FR\" },\r\n    \"shippingRate\": { \"@type\": \"MonetaryAmount\", \"value\": \"5.00\", \"currency\": \"EUR\" },\r\n    \"deliveryTime\": {\r\n      \"@type\": \"ShippingDeliveryTime\",\r\n      \"handlingTime\": { \"@type\": \"QuantitativeValue\", \"minValue\": 1, \"maxValue\": 2, \"unitCode\": \"DAY\" },\r\n      \"transitTime\": { \"@type\": \"QuantitativeValue\", \"minValue\": 7, \"maxValue\": 10, \"unitCode\": \"DAY\" }\r\n    }\r\n  },\r\n  {\r\n    \"@type\": \"OfferShippingDetails\",\r\n    \"shippingDestination\": { \"@type\": \"DefinedRegion\", \"addressCountry\": \"IT\" },\r\n    \"shippingRate\": { \"@type\": \"MonetaryAmount\", \"value\": \"5.00\", \"currency\": \"EUR\" },\r\n    \"deliveryTime\": {\r\n      \"@type\": \"ShippingDeliveryTime\",\r\n      \"handlingTime\": { \"@type\": \"QuantitativeValue\", \"minValue\": 1, \"maxValue\": 2, \"unitCode\": \"DAY\" },\r\n      \"transitTime\": { \"@type\": \"QuantitativeValue\", \"minValue\": 7, \"maxValue\": 10, \"unitCode\": \"DAY\" }\r\n    }\r\n  },\r\n  {\r\n    \"@type\": \"OfferShippingDetails\",\r\n    \"shippingDestination\": { \"@type\": \"DefinedRegion\", \"addressCountry\": \"ES\" },\r\n    \"shippingRate\": { \"@type\": \"MonetaryAmount\", \"value\": \"5.00\", \"currency\": \"EUR\" },\r\n    \"deliveryTime\": {\r\n      \"@type\": \"ShippingDeliveryTime\",\r\n      \"handlingTime\": { \"@type\": \"QuantitativeValue\", \"minValue\": 1, \"maxValue\": 2, \"unitCode\": \"DAY\" },\r\n      \"transitTime\": { \"@type\": \"QuantitativeValue\", \"minValue\": 7, \"maxValue\": 10, \"unitCode\": \"DAY\" }\r\n    }\r\n  },\r\n  {\r\n    \"@type\": \"OfferShippingDetails\",\r\n    \"shippingDestination\": { \"@type\": \"DefinedRegion\", \"addressCountry\": \"SI\" },\r\n    \"shippingRate\": { \"@type\": \"MonetaryAmount\", \"value\": \"5.00\", \"currency\": \"EUR\" },\r\n    \"deliveryTime\": {\r\n      \"@type\": \"ShippingDeliveryTime\",\r\n      \"handlingTime\": { \"@type\": \"QuantitativeValue\", \"minValue\": 1, \"maxValue\": 2, \"unitCode\": \"DAY\" },\r\n      \"transitTime\": { \"@type\": \"QuantitativeValue\", \"minValue\": 7, \"maxValue\": 10, \"unitCode\": \"DAY\" }\r\n    }\r\n  },\r\n  {\r\n    \"@type\": \"OfferShippingDetails\",\r\n    \"shippingDestination\": { \"@type\": \"DefinedRegion\", \"addressCountry\": \"DK\" },\r\n    \"shippingRate\": { \"@type\": \"MonetaryAmount\", \"value\": \"5.00\", \"currency\": \"EUR\" },\r\n    \"deliveryTime\": {\r\n      \"@type\": \"ShippingDeliveryTime\",\r\n      \"handlingTime\": { \"@type\": \"QuantitativeValue\", \"minValue\": 1, \"maxValue\": 2, \"unitCode\": \"DAY\" },\r\n      \"transitTime\": { \"@type\": \"QuantitativeValue\", \"minValue\": 7, \"maxValue\": 10, \"unitCode\": \"DAY\" }\r\n    }\r\n  },\r\n  {\r\n    \"@type\": \"OfferShippingDetails\",\r\n    \"shippingDestination\": { \"@type\": \"DefinedRegion\", \"addressCountry\": \"SE\" },\r\n    \"shippingRate\": { \"@type\": \"MonetaryAmount\", \"value\": \"5.00\", \"currency\": \"EUR\" },\r\n    \"deliveryTime\": {\r\n      \"@type\": \"ShippingDeliveryTime\",\r\n      \"handlingTime\": { \"@type\": \"QuantitativeValue\", \"minValue\": 1, \"maxValue\": 2, \"unitCode\": \"DAY\" },\r\n      \"transitTime\": { \"@type\": \"QuantitativeValue\", \"minValue\": 7, \"maxValue\": 10, \"unitCode\": \"DAY\" }\r\n    }\r\n  }\r\n],<\/p>\r\n<p>    \"hasMerchantReturnPolicy\": {\r\n      \"@type\": \"MerchantReturnPolicy\",\r\n      \"applicableCountry\": [\"DE\",\"AT\",\"FR\",\"IT\",\"ES\",\"SI\",\"DK\",\"SE\"],\r\n      \"returnPolicyCategory\": \"https:\/\/schema.org\/MerchantReturnFiniteReturnWindow\",\r\n      \"merchantReturnDays\": 14,\r\n      \"returnMethod\": \"https:\/\/schema.org\/ReturnByMail\",\r\n      \"returnFees\": \"https:\/\/schema.org\/ReturnFeesCustomerResponsibility\"\r\n    }\r\n  }\r\n}\r\n<\/script><\/p>\r\n","protected":false},"excerpt":{"rendered":"<div class=\"connecta-uspgrid\">\n<div class=\"card\">\n<div class=\"top\"><span class=\"icon\">\ud83d\udee1\ufe0f<\/span><strong>Integrierter Schutz<\/strong><\/div>\n<p>Integrierter ESD-Schutz und elektronische Strombegrenzung bis zu 60 mA pro LED.<\/p>\n<\/p><\/div>\n<div class=\"card\">\n<div class=\"top\"><span class=\"icon\">\ud83d\udca1<\/span><strong>Hohe Effizienz<\/strong><\/div>\n<p>Bis zu 165 lm\/W mit gleichm\u00e4\u00dfiger Lichtleistung \u00fcber die gesamte Installation.<\/p>\n<\/p><\/div>\n<div class=\"card\">\n<div class=\"top\"><span class=\"icon\">\ud83e\uddf2<\/span><strong>Einfache Montage<\/strong><\/div>\n<p>Original 3M Klebefl\u00e4che f\u00fcr schnelle und saubere Installation.<\/p>\n<\/p><\/div>\n<div class=\"card\">\n<div class=\"top\"><span class=\"icon\">\u2705<\/span><strong>CE-konform<\/strong><\/div>\n<p>Entwickelt, um die geltenden EU-Sicherheits- und Konformit\u00e4tsanforderungen zu erf\u00fcllen.<\/p>\n<\/p><\/div>\n<\/div>\n","protected":false},"featured_media":52895,"comment_status":"open","ping_status":"closed","template":"","meta":{"iawp_total_views":326},"product_brand":[],"product_cat":[70],"product_tag":[71],"class_list":{"0":"post-52841","1":"product","2":"type-product","3":"status-publish","4":"has-post-thumbnail","6":"product_cat-led-streifen","7":"product_tag-led-streifen","8":"sales-flash-overlay","9":"woocommerce-text-align-center","10":"woocommerce-image-align-center","11":"do-quantity-buttons","12":"wc-has-gallery","14":"first","15":"instock","16":"shipping-taxable","17":"purchasable","18":"product-type-variable"},"yoast_head":"<!-- This site is optimized with the Yoast SEO plugin v27.4 - https:\/\/yoast.com\/product\/yoast-seo-wordpress\/ -->\n<title>ESTA LED PRO Streifen 5m Rolle &#8226; Click&amp;Light<\/title>\n<meta name=\"description\" content=\"Professioneller LED Streifen 24V mit Konstantstrom, ESD-Schutz und bis zu 165 lm\/W. 70 LED\/m, hohe Lebensdauer, ideal f\u00fcr Projekte.\" \/>\n<meta name=\"robots\" content=\"index, follow, max-snippet:-1, max-image-preview:large, max-video-preview:-1\" \/>\n<link rel=\"canonical\" href=\"https:\/\/connectaled.com\/de\/product\/connecta-led-streifen-copy-2\/\" \/>\n<meta property=\"og:locale\" content=\"de_DE\" \/>\n<meta property=\"og:type\" content=\"article\" \/>\n<meta property=\"og:title\" content=\"ESTA LED PRO Streifen 5m Rolle &#8226; Click&amp;Light\" \/>\n<meta property=\"og:description\" content=\"Professioneller LED Streifen 24V mit Konstantstrom, ESD-Schutz und bis zu 165 lm\/W. 70 LED\/m, hohe Lebensdauer, ideal f\u00fcr Projekte.\" \/>\n<meta property=\"og:url\" content=\"https:\/\/connectaled.com\/de\/product\/connecta-led-streifen-copy-2\/\" \/>\n<meta property=\"og:site_name\" content=\"Click&amp;Light\" \/>\n<meta property=\"article:modified_time\" content=\"2026-04-05T18:46:43+00:00\" \/>\n<meta property=\"og:image\" content=\"https:\/\/connectaled.com\/wp-content\/uploads\/2026\/04\/ESTA-LED-PRO-1.jpg\" \/>\n\t<meta property=\"og:image:width\" content=\"1200\" \/>\n\t<meta property=\"og:image:height\" content=\"1600\" \/>\n\t<meta property=\"og:image:type\" content=\"image\/jpeg\" \/>\n<meta name=\"twitter:card\" content=\"summary_large_image\" \/>\n<meta name=\"twitter:label1\" content=\"Gesch\u00e4tzte Lesezeit\" \/>\n\t<meta name=\"twitter:data1\" content=\"2\u00a0Minuten\" \/>\n<script type=\"application\/ld+json\" class=\"yoast-schema-graph\">{\"@context\":\"https:\\\/\\\/schema.org\",\"@graph\":[{\"@type\":\"WebPage\",\"@id\":\"https:\\\/\\\/connectaled.com\\\/de\\\/product\\\/connecta-led-streifen-copy-2\\\/\",\"url\":\"https:\\\/\\\/connectaled.com\\\/de\\\/product\\\/connecta-led-streifen-copy-2\\\/\",\"name\":\"ESTA LED PRO Streifen 5m Rolle &#8226; Click&amp;Light\",\"isPartOf\":{\"@id\":\"https:\\\/\\\/connectaled.com\\\/de\\\/#website\"},\"primaryImageOfPage\":{\"@id\":\"https:\\\/\\\/connectaled.com\\\/de\\\/product\\\/connecta-led-streifen-copy-2\\\/#primaryimage\"},\"image\":{\"@id\":\"https:\\\/\\\/connectaled.com\\\/de\\\/product\\\/connecta-led-streifen-copy-2\\\/#primaryimage\"},\"thumbnailUrl\":\"https:\\\/\\\/connectaled.com\\\/wp-content\\\/uploads\\\/2026\\\/04\\\/ESTA-LED-PRO-1.jpg\",\"datePublished\":\"2026-04-05T15:12:56+00:00\",\"dateModified\":\"2026-04-05T18:46:43+00:00\",\"description\":\"Professioneller LED Streifen 24V mit Konstantstrom, ESD-Schutz und bis zu 165 lm\\\/W. 70 LED\\\/m, hohe Lebensdauer, ideal f\u00fcr Projekte.\",\"breadcrumb\":{\"@id\":\"https:\\\/\\\/connectaled.com\\\/de\\\/product\\\/connecta-led-streifen-copy-2\\\/#breadcrumb\"},\"inLanguage\":\"de\",\"potentialAction\":[{\"@type\":\"ReadAction\",\"target\":[\"https:\\\/\\\/connectaled.com\\\/de\\\/product\\\/connecta-led-streifen-copy-2\\\/\"]}]},{\"@type\":\"ImageObject\",\"inLanguage\":\"de\",\"@id\":\"https:\\\/\\\/connectaled.com\\\/de\\\/product\\\/connecta-led-streifen-copy-2\\\/#primaryimage\",\"url\":\"https:\\\/\\\/connectaled.com\\\/wp-content\\\/uploads\\\/2026\\\/04\\\/ESTA-LED-PRO-1.jpg\",\"contentUrl\":\"https:\\\/\\\/connectaled.com\\\/wp-content\\\/uploads\\\/2026\\\/04\\\/ESTA-LED-PRO-1.jpg\",\"width\":1200,\"height\":1600,\"caption\":\"ESTA LED PRO 1\"},{\"@type\":\"BreadcrumbList\",\"@id\":\"https:\\\/\\\/connectaled.com\\\/de\\\/product\\\/connecta-led-streifen-copy-2\\\/#breadcrumb\",\"itemListElement\":[{\"@type\":\"ListItem\",\"position\":1,\"name\":\"Home\",\"item\":\"https:\\\/\\\/connectaled.com\\\/de\\\/\"},{\"@type\":\"ListItem\",\"position\":2,\"name\":\"Shop\",\"item\":\"https:\\\/\\\/connectaled.com\\\/de\\\/shop\\\/\"},{\"@type\":\"ListItem\",\"position\":3,\"name\":\"ESTA LED PRO Streifen 5m Rolle\"}]},{\"@type\":\"WebSite\",\"@id\":\"https:\\\/\\\/connectaled.com\\\/de\\\/#website\",\"url\":\"https:\\\/\\\/connectaled.com\\\/de\\\/\",\"name\":\"Click&Light\",\"description\":\"Click&amp;Light\",\"publisher\":{\"@id\":\"https:\\\/\\\/connectaled.com\\\/de\\\/#organization\"},\"alternateName\":\"Profesional LED Stripes\",\"potentialAction\":[{\"@type\":\"SearchAction\",\"target\":{\"@type\":\"EntryPoint\",\"urlTemplate\":\"https:\\\/\\\/connectaled.com\\\/de\\\/?s={search_term_string}\"},\"query-input\":{\"@type\":\"PropertyValueSpecification\",\"valueRequired\":true,\"valueName\":\"search_term_string\"}}],\"inLanguage\":\"de\"},{\"@type\":\"Organization\",\"@id\":\"https:\\\/\\\/connectaled.com\\\/de\\\/#organization\",\"name\":\"Click&Light\",\"alternateName\":\"ESTA Connecta LED Profesional LED Stripes\",\"url\":\"https:\\\/\\\/connectaled.com\\\/de\\\/\",\"logo\":{\"@type\":\"ImageObject\",\"inLanguage\":\"de\",\"@id\":\"https:\\\/\\\/connectaled.com\\\/de\\\/#\\\/schema\\\/logo\\\/image\\\/\",\"url\":\"https:\\\/\\\/connectaled.com\\\/wp-content\\\/uploads\\\/2026\\\/02\\\/0971ccf6-3fff-42e1-94cc-ad01a54d4b85-4.png\",\"contentUrl\":\"https:\\\/\\\/connectaled.com\\\/wp-content\\\/uploads\\\/2026\\\/02\\\/0971ccf6-3fff-42e1-94cc-ad01a54d4b85-4.png\",\"width\":1326,\"height\":330,\"caption\":\"Click&Light\"},\"image\":{\"@id\":\"https:\\\/\\\/connectaled.com\\\/de\\\/#\\\/schema\\\/logo\\\/image\\\/\"}}]}<\/script>\n<!-- \/ Yoast SEO plugin. -->","yoast_head_json":{"title":"ESTA LED PRO Streifen 5m Rolle &#8226; Click&amp;Light","description":"Professioneller LED Streifen 24V mit Konstantstrom, ESD-Schutz und bis zu 165 lm\/W. 70 LED\/m, hohe Lebensdauer, ideal f\u00fcr Projekte.","robots":{"index":"index","follow":"follow","max-snippet":"max-snippet:-1","max-image-preview":"max-image-preview:large","max-video-preview":"max-video-preview:-1"},"canonical":"https:\/\/connectaled.com\/de\/product\/connecta-led-streifen-copy-2\/","og_locale":"de_DE","og_type":"article","og_title":"ESTA LED PRO Streifen 5m Rolle &#8226; Click&amp;Light","og_description":"Professioneller LED Streifen 24V mit Konstantstrom, ESD-Schutz und bis zu 165 lm\/W. 70 LED\/m, hohe Lebensdauer, ideal f\u00fcr Projekte.","og_url":"https:\/\/connectaled.com\/de\/product\/connecta-led-streifen-copy-2\/","og_site_name":"Click&amp;Light","article_modified_time":"2026-04-05T18:46:43+00:00","og_image":[{"width":1200,"height":1600,"url":"https:\/\/connectaled.com\/wp-content\/uploads\/2026\/04\/ESTA-LED-PRO-1.jpg","type":"image\/jpeg"}],"twitter_card":"summary_large_image","twitter_misc":{"Gesch\u00e4tzte Lesezeit":"2\u00a0Minuten"},"schema":{"@context":"https:\/\/schema.org","@graph":[{"@type":"WebPage","@id":"https:\/\/connectaled.com\/de\/product\/connecta-led-streifen-copy-2\/","url":"https:\/\/connectaled.com\/de\/product\/connecta-led-streifen-copy-2\/","name":"ESTA LED PRO Streifen 5m Rolle &#8226; Click&amp;Light","isPartOf":{"@id":"https:\/\/connectaled.com\/de\/#website"},"primaryImageOfPage":{"@id":"https:\/\/connectaled.com\/de\/product\/connecta-led-streifen-copy-2\/#primaryimage"},"image":{"@id":"https:\/\/connectaled.com\/de\/product\/connecta-led-streifen-copy-2\/#primaryimage"},"thumbnailUrl":"https:\/\/connectaled.com\/wp-content\/uploads\/2026\/04\/ESTA-LED-PRO-1.jpg","datePublished":"2026-04-05T15:12:56+00:00","dateModified":"2026-04-05T18:46:43+00:00","description":"Professioneller LED Streifen 24V mit Konstantstrom, ESD-Schutz und bis zu 165 lm\/W. 70 LED\/m, hohe Lebensdauer, ideal f\u00fcr Projekte.","breadcrumb":{"@id":"https:\/\/connectaled.com\/de\/product\/connecta-led-streifen-copy-2\/#breadcrumb"},"inLanguage":"de","potentialAction":[{"@type":"ReadAction","target":["https:\/\/connectaled.com\/de\/product\/connecta-led-streifen-copy-2\/"]}]},{"@type":"ImageObject","inLanguage":"de","@id":"https:\/\/connectaled.com\/de\/product\/connecta-led-streifen-copy-2\/#primaryimage","url":"https:\/\/connectaled.com\/wp-content\/uploads\/2026\/04\/ESTA-LED-PRO-1.jpg","contentUrl":"https:\/\/connectaled.com\/wp-content\/uploads\/2026\/04\/ESTA-LED-PRO-1.jpg","width":1200,"height":1600,"caption":"ESTA LED PRO 1"},{"@type":"BreadcrumbList","@id":"https:\/\/connectaled.com\/de\/product\/connecta-led-streifen-copy-2\/#breadcrumb","itemListElement":[{"@type":"ListItem","position":1,"name":"Home","item":"https:\/\/connectaled.com\/de\/"},{"@type":"ListItem","position":2,"name":"Shop","item":"https:\/\/connectaled.com\/de\/shop\/"},{"@type":"ListItem","position":3,"name":"ESTA LED PRO Streifen 5m Rolle"}]},{"@type":"WebSite","@id":"https:\/\/connectaled.com\/de\/#website","url":"https:\/\/connectaled.com\/de\/","name":"Click&Light","description":"Click&amp;Light","publisher":{"@id":"https:\/\/connectaled.com\/de\/#organization"},"alternateName":"Profesional LED Stripes","potentialAction":[{"@type":"SearchAction","target":{"@type":"EntryPoint","urlTemplate":"https:\/\/connectaled.com\/de\/?s={search_term_string}"},"query-input":{"@type":"PropertyValueSpecification","valueRequired":true,"valueName":"search_term_string"}}],"inLanguage":"de"},{"@type":"Organization","@id":"https:\/\/connectaled.com\/de\/#organization","name":"Click&Light","alternateName":"ESTA Connecta LED Profesional LED Stripes","url":"https:\/\/connectaled.com\/de\/","logo":{"@type":"ImageObject","inLanguage":"de","@id":"https:\/\/connectaled.com\/de\/#\/schema\/logo\/image\/","url":"https:\/\/connectaled.com\/wp-content\/uploads\/2026\/02\/0971ccf6-3fff-42e1-94cc-ad01a54d4b85-4.png","contentUrl":"https:\/\/connectaled.com\/wp-content\/uploads\/2026\/02\/0971ccf6-3fff-42e1-94cc-ad01a54d4b85-4.png","width":1326,"height":330,"caption":"Click&Light"},"image":{"@id":"https:\/\/connectaled.com\/de\/#\/schema\/logo\/image\/"}}]}},"jetpack_sharing_enabled":true,"_links":{"self":[{"href":"https:\/\/connectaled.com\/de\/wp-json\/wp\/v2\/product\/52841","targetHints":{"allow":["GET"]}}],"collection":[{"href":"https:\/\/connectaled.com\/de\/wp-json\/wp\/v2\/product"}],"about":[{"href":"https:\/\/connectaled.com\/de\/wp-json\/wp\/v2\/types\/product"}],"replies":[{"embeddable":true,"href":"https:\/\/connectaled.com\/de\/wp-json\/wp\/v2\/comments?post=52841"}],"wp:featuredmedia":[{"embeddable":true,"href":"https:\/\/connectaled.com\/de\/wp-json\/wp\/v2\/media\/52895"}],"wp:attachment":[{"href":"https:\/\/connectaled.com\/de\/wp-json\/wp\/v2\/media?parent=52841"}],"wp:term":[{"taxonomy":"product_brand","embeddable":true,"href":"https:\/\/connectaled.com\/de\/wp-json\/wp\/v2\/product_brand?post=52841"},{"taxonomy":"product_cat","embeddable":true,"href":"https:\/\/connectaled.com\/de\/wp-json\/wp\/v2\/product_cat?post=52841"},{"taxonomy":"product_tag","embeddable":true,"href":"https:\/\/connectaled.com\/de\/wp-json\/wp\/v2\/product_tag?post=52841"}],"curies":[{"name":"wp","href":"https:\/\/api.w.org\/{rel}","templated":true}]}}