{"id":50589,"date":"2026-01-10T23:37:39","date_gmt":"2026-01-10T22:37:39","guid":{"rendered":"https:\/\/connectaled.com\/kontaktseite\/"},"modified":"2026-02-27T22:34:10","modified_gmt":"2026-02-27T21:34:10","slug":"kontaktseite","status":"publish","type":"page","link":"https:\/\/connectaled.com\/de\/kontaktseite\/","title":{"rendered":"Kontaktseite"},"content":{"rendered":"\n<div class=\"gbp-section gb-element-f32e7e54\" id=\"contact\">\n<div class=\"gbp-section__inner gb-element-91bb9b84\">\n<div class=\"gb-element-24a72428\">\n<div>\n<h2 class=\"gb-text\">Anfragen zu Vertrieb &amp; Support<\/h2>\n\n\n\n<h1><\/h1>\n\n\n\n<p class=\"gb-text gb-text-e92e1187\">Suchen Sie nach der richtigen Beleuchtungsl\u00f6sung oder ben\u00f6tigen Sie Hilfe bei der Auswahl eines Produkts?<br>Unser Team steht Ihnen bei Vertriebs- und Supportanfragen zur Verf\u00fcgung.<br>Nehmen Sie Kontakt auf und wir begleiten Sie bei jedem Schritt.<\/p>\n\n\n\n<h1><\/h1>\n\n\n\n<figure class=\"wp-block-image size-large is-resized\"><img decoding=\"async\" width=\"1024\" height=\"255\" src=\"https:\/\/connectaled.com\/wp-content\/uploads\/2026\/02\/0971ccf6-3fff-42e1-94cc-ad01a54d4b85-2-1024x255.png\" alt=\"logo esta\" class=\"wp-image-52563\" style=\"aspect-ratio:4.016194331983805;width:298px;height:auto\" srcset=\"https:\/\/connectaled.com\/wp-content\/uploads\/2026\/02\/0971ccf6-3fff-42e1-94cc-ad01a54d4b85-2-1024x255.png 1024w, https:\/\/connectaled.com\/wp-content\/uploads\/2026\/02\/0971ccf6-3fff-42e1-94cc-ad01a54d4b85-2-300x75.png 300w, https:\/\/connectaled.com\/wp-content\/uploads\/2026\/02\/0971ccf6-3fff-42e1-94cc-ad01a54d4b85-2-768x191.png 768w, https:\/\/connectaled.com\/wp-content\/uploads\/2026\/02\/0971ccf6-3fff-42e1-94cc-ad01a54d4b85-2-700x174.png 700w, https:\/\/connectaled.com\/wp-content\/uploads\/2026\/02\/0971ccf6-3fff-42e1-94cc-ad01a54d4b85-2.png 1326w\" sizes=\"(max-width: 1024px) 100vw, 1024px\" \/><\/figure>\n\n\n\n<h2 class=\"wp-block-heading has-text-align-left\">Connecta LED-System<\/h2>\n\n\n\n<h1><\/h1>\n\n\n\n<p class=\"gb-text gbp-section__text--sm gb-text-ca6a19ea\">Anfragen von Privatkunden<br>+381 64 820 1705<\/p>\n\n\n\n<p class=\"gb-text gbp-section__text--sm gb-text-a6817d56\">Anfragen von Gesch\u00e4ftskunden<br>+381 69 240 5067<\/p>\n<\/div>\n\n\n\n<div class=\"gb-element-72ebc597\">\n<div><div class=\"wp-block-jetpack-contact-form is-layout-flex wp-container-jetpack-contact-form-is-layout-faa3ad1c wp-block-jetpack-contact-form-is-layout-flex\"><a href=\"https:\/\/connectaled.com\/de\/kontaktseite\/\" target=\"_blank\" rel=\"noopener noreferrer\">Formular einreichen.<\/a><\/div><\/div>\n<\/div>\n<\/div>\n<\/div>\n<\/div>\n","protected":false},"excerpt":{"rendered":"<p>Anfragen zu Vertrieb &amp; Support Suchen Sie nach der richtigen Beleuchtungsl\u00f6sung oder ben\u00f6tigen Sie Hilfe bei der Auswahl eines Produkts?Unser Team steht Ihnen bei Vertriebs- und Supportanfragen zur Verf\u00fcgung.Nehmen Sie Kontakt auf und wir begleiten Sie bei jedem Schritt. Connecta LED-System Anfragen von Privatkunden+381 64 820 1705 Anfragen von Gesch\u00e4ftskunden+381 69 240 5067<\/p>\n","protected":false},"author":1,"featured_media":51546,"parent":0,"menu_order":0,"comment_status":"closed","ping_status":"closed","template":"","meta":{"iawp_total_views":0,"footnotes":""},"class_list":["post-50589","page","type-page","status-publish","has-post-thumbnail"],"yoast_head":"<!-- This site is optimized with the Yoast SEO plugin v27.4 - https:\/\/yoast.com\/product\/yoast-seo-wordpress\/ -->\n<title>Kontaktseite &#8226; Click&amp;Light<\/title>\n<meta name=\"robots\" content=\"noindex, follow\" \/>\n<meta property=\"og:locale\" content=\"de_DE\" \/>\n<meta property=\"og:type\" content=\"article\" \/>\n<meta property=\"og:title\" content=\"Kontaktseite &#8226; Click&amp;Light\" \/>\n<meta property=\"og:description\" content=\"Anfragen zu Vertrieb &amp; Support Suchen Sie nach der richtigen Beleuchtungsl\u00f6sung oder ben\u00f6tigen Sie Hilfe bei der Auswahl eines Produkts?Unser Team steht Ihnen bei Vertriebs- und Supportanfragen zur Verf\u00fcgung.Nehmen Sie Kontakt auf und wir begleiten Sie bei jedem Schritt. Connecta LED-System Anfragen von Privatkunden+381 64 820 1705 Anfragen von Gesch\u00e4ftskunden+381 69 240 5067\" \/>\n<meta property=\"og:url\" content=\"https:\/\/connectaled.com\/de\/kontaktseite\/\" \/>\n<meta property=\"og:site_name\" content=\"Click&amp;Light\" \/>\n<meta property=\"article:modified_time\" content=\"2026-02-27T21:34:10+00:00\" \/>\n<meta property=\"og:image\" content=\"https:\/\/connectaled.com\/wp-content\/uploads\/2026\/02\/Colored-Gradient-Illustration-Contact-Us-Facebook-Post.jpg\" \/>\n\t<meta property=\"og:image:width\" content=\"940\" \/>\n\t<meta property=\"og:image:height\" content=\"788\" \/>\n\t<meta property=\"og:image:type\" content=\"image\/jpeg\" \/>\n<meta name=\"twitter:card\" content=\"summary_large_image\" \/>\n<meta name=\"twitter:label1\" content=\"Gesch\u00e4tzte Lesezeit\" \/>\n\t<meta name=\"twitter:data1\" content=\"1\u00a0Minute\" \/>\n<script type=\"application\/ld+json\" class=\"yoast-schema-graph\">{\"@context\":\"https:\\\/\\\/schema.org\",\"@graph\":[{\"@type\":\"WebPage\",\"@id\":\"https:\\\/\\\/connectaled.com\\\/de\\\/kontaktseite\\\/\",\"url\":\"https:\\\/\\\/connectaled.com\\\/de\\\/kontaktseite\\\/\",\"name\":\"Kontaktseite &#8226; Click&amp;Light\",\"isPartOf\":{\"@id\":\"https:\\\/\\\/connectaled.com\\\/de\\\/#website\"},\"primaryImageOfPage\":{\"@id\":\"https:\\\/\\\/connectaled.com\\\/de\\\/kontaktseite\\\/#primaryimage\"},\"image\":{\"@id\":\"https:\\\/\\\/connectaled.com\\\/de\\\/kontaktseite\\\/#primaryimage\"},\"thumbnailUrl\":\"https:\\\/\\\/connectaled.com\\\/wp-content\\\/uploads\\\/2026\\\/02\\\/Colored-Gradient-Illustration-Contact-Us-Facebook-Post.jpg\",\"datePublished\":\"2026-01-10T22:37:39+00:00\",\"dateModified\":\"2026-02-27T21:34:10+00:00\",\"breadcrumb\":{\"@id\":\"https:\\\/\\\/connectaled.com\\\/de\\\/kontaktseite\\\/#breadcrumb\"},\"inLanguage\":\"de\",\"potentialAction\":[{\"@type\":\"ReadAction\",\"target\":[\"https:\\\/\\\/connectaled.com\\\/de\\\/kontaktseite\\\/\"]}]},{\"@type\":\"ImageObject\",\"inLanguage\":\"de\",\"@id\":\"https:\\\/\\\/connectaled.com\\\/de\\\/kontaktseite\\\/#primaryimage\",\"url\":\"https:\\\/\\\/connectaled.com\\\/wp-content\\\/uploads\\\/2026\\\/02\\\/Colored-Gradient-Illustration-Contact-Us-Facebook-Post.jpg\",\"contentUrl\":\"https:\\\/\\\/connectaled.com\\\/wp-content\\\/uploads\\\/2026\\\/02\\\/Colored-Gradient-Illustration-Contact-Us-Facebook-Post.jpg\",\"width\":940,\"height\":788,\"caption\":\"contact us\"},{\"@type\":\"BreadcrumbList\",\"@id\":\"https:\\\/\\\/connectaled.com\\\/de\\\/kontaktseite\\\/#breadcrumb\",\"itemListElement\":[{\"@type\":\"ListItem\",\"position\":1,\"name\":\"Home\",\"item\":\"https:\\\/\\\/connectaled.com\\\/de\\\/\"},{\"@type\":\"ListItem\",\"position\":2,\"name\":\"Kontaktseite\"}]},{\"@type\":\"WebSite\",\"@id\":\"https:\\\/\\\/connectaled.com\\\/de\\\/#website\",\"url\":\"https:\\\/\\\/connectaled.com\\\/de\\\/\",\"name\":\"Click&Light\",\"description\":\"Click&amp;Light\",\"publisher\":{\"@id\":\"https:\\\/\\\/connectaled.com\\\/de\\\/#organization\"},\"alternateName\":\"Profesional LED Stripes\",\"potentialAction\":[{\"@type\":\"SearchAction\",\"target\":{\"@type\":\"EntryPoint\",\"urlTemplate\":\"https:\\\/\\\/connectaled.com\\\/de\\\/?s={search_term_string}\"},\"query-input\":{\"@type\":\"PropertyValueSpecification\",\"valueRequired\":true,\"valueName\":\"search_term_string\"}}],\"inLanguage\":\"de\"},{\"@type\":\"Organization\",\"@id\":\"https:\\\/\\\/connectaled.com\\\/de\\\/#organization\",\"name\":\"Click&Light\",\"alternateName\":\"ESTA Connecta LED Profesional LED Stripes\",\"url\":\"https:\\\/\\\/connectaled.com\\\/de\\\/\",\"logo\":{\"@type\":\"ImageObject\",\"inLanguage\":\"de\",\"@id\":\"https:\\\/\\\/connectaled.com\\\/de\\\/#\\\/schema\\\/logo\\\/image\\\/\",\"url\":\"https:\\\/\\\/connectaled.com\\\/wp-content\\\/uploads\\\/2026\\\/02\\\/0971ccf6-3fff-42e1-94cc-ad01a54d4b85-4.png\",\"contentUrl\":\"https:\\\/\\\/connectaled.com\\\/wp-content\\\/uploads\\\/2026\\\/02\\\/0971ccf6-3fff-42e1-94cc-ad01a54d4b85-4.png\",\"width\":1326,\"height\":330,\"caption\":\"Click&Light\"},\"image\":{\"@id\":\"https:\\\/\\\/connectaled.com\\\/de\\\/#\\\/schema\\\/logo\\\/image\\\/\"}}]}<\/script>\n<!-- \/ Yoast SEO plugin. -->","yoast_head_json":{"title":"Kontaktseite &#8226; Click&amp;Light","robots":{"index":"noindex","follow":"follow"},"og_locale":"de_DE","og_type":"article","og_title":"Kontaktseite &#8226; Click&amp;Light","og_description":"Anfragen zu Vertrieb &amp; Support Suchen Sie nach der richtigen Beleuchtungsl\u00f6sung oder ben\u00f6tigen Sie Hilfe bei der Auswahl eines Produkts?Unser Team steht Ihnen bei Vertriebs- und Supportanfragen zur Verf\u00fcgung.Nehmen Sie Kontakt auf und wir begleiten Sie bei jedem Schritt. Connecta LED-System Anfragen von Privatkunden+381 64 820 1705 Anfragen von Gesch\u00e4ftskunden+381 69 240 5067","og_url":"https:\/\/connectaled.com\/de\/kontaktseite\/","og_site_name":"Click&amp;Light","article_modified_time":"2026-02-27T21:34:10+00:00","og_image":[{"width":940,"height":788,"url":"https:\/\/connectaled.com\/wp-content\/uploads\/2026\/02\/Colored-Gradient-Illustration-Contact-Us-Facebook-Post.jpg","type":"image\/jpeg"}],"twitter_card":"summary_large_image","twitter_misc":{"Gesch\u00e4tzte Lesezeit":"1\u00a0Minute"},"schema":{"@context":"https:\/\/schema.org","@graph":[{"@type":"WebPage","@id":"https:\/\/connectaled.com\/de\/kontaktseite\/","url":"https:\/\/connectaled.com\/de\/kontaktseite\/","name":"Kontaktseite &#8226; Click&amp;Light","isPartOf":{"@id":"https:\/\/connectaled.com\/de\/#website"},"primaryImageOfPage":{"@id":"https:\/\/connectaled.com\/de\/kontaktseite\/#primaryimage"},"image":{"@id":"https:\/\/connectaled.com\/de\/kontaktseite\/#primaryimage"},"thumbnailUrl":"https:\/\/connectaled.com\/wp-content\/uploads\/2026\/02\/Colored-Gradient-Illustration-Contact-Us-Facebook-Post.jpg","datePublished":"2026-01-10T22:37:39+00:00","dateModified":"2026-02-27T21:34:10+00:00","breadcrumb":{"@id":"https:\/\/connectaled.com\/de\/kontaktseite\/#breadcrumb"},"inLanguage":"de","potentialAction":[{"@type":"ReadAction","target":["https:\/\/connectaled.com\/de\/kontaktseite\/"]}]},{"@type":"ImageObject","inLanguage":"de","@id":"https:\/\/connectaled.com\/de\/kontaktseite\/#primaryimage","url":"https:\/\/connectaled.com\/wp-content\/uploads\/2026\/02\/Colored-Gradient-Illustration-Contact-Us-Facebook-Post.jpg","contentUrl":"https:\/\/connectaled.com\/wp-content\/uploads\/2026\/02\/Colored-Gradient-Illustration-Contact-Us-Facebook-Post.jpg","width":940,"height":788,"caption":"contact us"},{"@type":"BreadcrumbList","@id":"https:\/\/connectaled.com\/de\/kontaktseite\/#breadcrumb","itemListElement":[{"@type":"ListItem","position":1,"name":"Home","item":"https:\/\/connectaled.com\/de\/"},{"@type":"ListItem","position":2,"name":"Kontaktseite"}]},{"@type":"WebSite","@id":"https:\/\/connectaled.com\/de\/#website","url":"https:\/\/connectaled.com\/de\/","name":"Click&Light","description":"Click&amp;Light","publisher":{"@id":"https:\/\/connectaled.com\/de\/#organization"},"alternateName":"Profesional LED Stripes","potentialAction":[{"@type":"SearchAction","target":{"@type":"EntryPoint","urlTemplate":"https:\/\/connectaled.com\/de\/?s={search_term_string}"},"query-input":{"@type":"PropertyValueSpecification","valueRequired":true,"valueName":"search_term_string"}}],"inLanguage":"de"},{"@type":"Organization","@id":"https:\/\/connectaled.com\/de\/#organization","name":"Click&Light","alternateName":"ESTA Connecta LED Profesional LED Stripes","url":"https:\/\/connectaled.com\/de\/","logo":{"@type":"ImageObject","inLanguage":"de","@id":"https:\/\/connectaled.com\/de\/#\/schema\/logo\/image\/","url":"https:\/\/connectaled.com\/wp-content\/uploads\/2026\/02\/0971ccf6-3fff-42e1-94cc-ad01a54d4b85-4.png","contentUrl":"https:\/\/connectaled.com\/wp-content\/uploads\/2026\/02\/0971ccf6-3fff-42e1-94cc-ad01a54d4b85-4.png","width":1326,"height":330,"caption":"Click&Light"},"image":{"@id":"https:\/\/connectaled.com\/de\/#\/schema\/logo\/image\/"}}]}},"jetpack_sharing_enabled":true,"_links":{"self":[{"href":"https:\/\/connectaled.com\/de\/wp-json\/wp\/v2\/pages\/50589","targetHints":{"allow":["GET"]}}],"collection":[{"href":"https:\/\/connectaled.com\/de\/wp-json\/wp\/v2\/pages"}],"about":[{"href":"https:\/\/connectaled.com\/de\/wp-json\/wp\/v2\/types\/page"}],"author":[{"embeddable":true,"href":"https:\/\/connectaled.com\/de\/wp-json\/wp\/v2\/users\/1"}],"replies":[{"embeddable":true,"href":"https:\/\/connectaled.com\/de\/wp-json\/wp\/v2\/comments?post=50589"}],"version-history":[{"count":7,"href":"https:\/\/connectaled.com\/de\/wp-json\/wp\/v2\/pages\/50589\/revisions"}],"predecessor-version":[{"id":52699,"href":"https:\/\/connectaled.com\/de\/wp-json\/wp\/v2\/pages\/50589\/revisions\/52699"}],"wp:featuredmedia":[{"embeddable":true,"href":"https:\/\/connectaled.com\/de\/wp-json\/wp\/v2\/media\/51546"}],"wp:attachment":[{"href":"https:\/\/connectaled.com\/de\/wp-json\/wp\/v2\/media?parent=50589"}],"curies":[{"name":"wp","href":"https:\/\/api.w.org\/{rel}","templated":true}]}}