{"id":50582,"date":"2026-01-10T22:25:53","date_gmt":"2026-01-10T21:25:53","guid":{"rendered":"https:\/\/connectaled.com\/haftungsausschluss-richtlinie\/"},"modified":"2026-02-09T21:49:12","modified_gmt":"2026-02-09T20:49:12","slug":"haftungsausschluss-richtlinie","status":"publish","type":"page","link":"https:\/\/connectaled.com\/de\/haftungsausschluss-richtlinie\/","title":{"rendered":"Haftungsausschluss-Richtlinie"},"content":{"rendered":"\n<h1>Haftungsausschluss<\/h1>\n<p><strong>Letzte Aktualisierung:<\/strong> Januar 2026<\/p>\n\n<h2>1. Allgemeine Informationen<\/h2>\n<p>\nDie Informationen auf https:\/\/connectaled.com dienen ausschlie\u00dflich allgemeinen Informationszwecken.\nObwohl wir uns um Genauigkeit bem\u00fchen, \u00fcbernehmen wir keine Gew\u00e4hr f\u00fcr die Vollst\u00e4ndigkeit oder Eignung f\u00fcr bestimmte Anwendungen.\n<\/p>\n\n<h2>2. Produktverwendung und -installation<\/h2>\n<p>\nConnecta LED-Produkte m\u00fcssen gem\u00e4\u00df den geltenden elektrischen Normen und lokalen Vorschriften installiert und verwendet werden.\nJe nach Anwendung kann eine professionelle Installation erforderlich sein.\n<\/p>\n\n<h2>3. Produktkonformit\u00e4t und CE-Kennzeichnung<\/h2>\n<p>\nProdukte mit CE-Kennzeichnung entsprechen den relevanten Konformit\u00e4ts- und Sicherheitsanforderungen der Europ\u00e4ischen Union zum Zeitpunkt des Inverkehrbringens.\nDie CE-Kennzeichnung ersetzt nicht die Verpflichtung zur Einhaltung nationaler Installations- und Nutzungsvorschriften.\n<\/p>\n\n<h2>4. Haftungsbeschr\u00e4nkung<\/h2>\n<p>\nWir \u00fcbernehmen keine Verantwortung f\u00fcr Sch\u00e4den, Fehlfunktionen oder Verletzungen, die durch unsachgem\u00e4\u00dfe Installation, Modifikation oder Verwendung von Produkten au\u00dferhalb ihres bestimmungsgem\u00e4\u00dfen Zwecks entstehen.\n<\/p>\n\n<h2>5. Externe Links<\/h2>\n<p>\nDiese Website kann Links zu Websites Dritter enthalten.\nWir sind nicht verantwortlich f\u00fcr den Inhalt oder die Datenschutzpraktiken dieser Websites.\n<\/p>\n\n<h2>6. Haftungsbeschr\u00e4nkung<\/h2>\n<p>\nSoweit gesetzlich zul\u00e4ssig, schlie\u00dfen wir die Haftung f\u00fcr Verluste oder Sch\u00e4den aus, die aus dem Vertrauen auf Informationen auf dieser Website entstehen.\n<\/p>\n\n","protected":false},"excerpt":{"rendered":"<p>Haftungsausschluss Letzte Aktualisierung: Januar 2026 1. Allgemeine Informationen Die Informationen auf https:\/\/connectaled.com dienen ausschlie\u00dflich allgemeinen Informationszwecken. Obwohl wir uns um Genauigkeit bem\u00fchen, \u00fcbernehmen wir keine Gew\u00e4hr f\u00fcr die Vollst\u00e4ndigkeit oder Eignung f\u00fcr bestimmte Anwendungen. 2. Produktverwendung und -installation Connecta LED-Produkte m\u00fcssen gem\u00e4\u00df den geltenden elektrischen Normen und lokalen Vorschriften installiert und verwendet werden. Je nach &#8230; <a title=\"Haftungsausschluss-Richtlinie\" class=\"read-more\" href=\"https:\/\/connectaled.com\/de\/haftungsausschluss-richtlinie\/\" aria-label=\"Mehr Informationen \u00fcber Haftungsausschluss-Richtlinie\">Weiterlesen &#8230;<\/a><\/p>\n","protected":false},"author":1,"featured_media":0,"parent":0,"menu_order":0,"comment_status":"closed","ping_status":"closed","template":"","meta":{"iawp_total_views":0,"footnotes":""},"class_list":["post-50582","page","type-page","status-publish"],"yoast_head":"<!-- This site is optimized with the Yoast SEO plugin v27.4 - https:\/\/yoast.com\/product\/yoast-seo-wordpress\/ -->\n<title>Haftungsausschluss-Richtlinie &#8226; Click&amp;Light<\/title>\n<meta name=\"robots\" content=\"noindex, follow\" \/>\n<meta property=\"og:locale\" content=\"de_DE\" \/>\n<meta property=\"og:type\" content=\"article\" \/>\n<meta property=\"og:title\" content=\"Haftungsausschluss-Richtlinie &#8226; Click&amp;Light\" \/>\n<meta property=\"og:description\" content=\"Haftungsausschluss Letzte Aktualisierung: Januar 2026 1. Allgemeine Informationen Die Informationen auf https:\/\/connectaled.com dienen ausschlie\u00dflich allgemeinen Informationszwecken. Obwohl wir uns um Genauigkeit bem\u00fchen, \u00fcbernehmen wir keine Gew\u00e4hr f\u00fcr die Vollst\u00e4ndigkeit oder Eignung f\u00fcr bestimmte Anwendungen. 2. Produktverwendung und -installation Connecta LED-Produkte m\u00fcssen gem\u00e4\u00df den geltenden elektrischen Normen und lokalen Vorschriften installiert und verwendet werden. Je nach ... Weiterlesen ...\" \/>\n<meta property=\"og:url\" content=\"https:\/\/connectaled.com\/de\/haftungsausschluss-richtlinie\/\" \/>\n<meta property=\"og:site_name\" content=\"Click&amp;Light\" \/>\n<meta property=\"article:modified_time\" content=\"2026-02-09T20:49:12+00:00\" \/>\n<meta name=\"twitter:card\" content=\"summary_large_image\" \/>\n<meta name=\"twitter:label1\" content=\"Gesch\u00e4tzte Lesezeit\" \/>\n\t<meta name=\"twitter:data1\" content=\"1\u00a0Minute\" \/>\n<script type=\"application\/ld+json\" class=\"yoast-schema-graph\">{\"@context\":\"https:\\\/\\\/schema.org\",\"@graph\":[{\"@type\":\"WebPage\",\"@id\":\"https:\\\/\\\/connectaled.com\\\/de\\\/haftungsausschluss-richtlinie\\\/\",\"url\":\"https:\\\/\\\/connectaled.com\\\/de\\\/haftungsausschluss-richtlinie\\\/\",\"name\":\"Haftungsausschluss-Richtlinie &#8226; Click&amp;Light\",\"isPartOf\":{\"@id\":\"https:\\\/\\\/connectaled.com\\\/de\\\/#website\"},\"datePublished\":\"2026-01-10T21:25:53+00:00\",\"dateModified\":\"2026-02-09T20:49:12+00:00\",\"breadcrumb\":{\"@id\":\"https:\\\/\\\/connectaled.com\\\/de\\\/haftungsausschluss-richtlinie\\\/#breadcrumb\"},\"inLanguage\":\"de\",\"potentialAction\":[{\"@type\":\"ReadAction\",\"target\":[\"https:\\\/\\\/connectaled.com\\\/de\\\/haftungsausschluss-richtlinie\\\/\"]}]},{\"@type\":\"BreadcrumbList\",\"@id\":\"https:\\\/\\\/connectaled.com\\\/de\\\/haftungsausschluss-richtlinie\\\/#breadcrumb\",\"itemListElement\":[{\"@type\":\"ListItem\",\"position\":1,\"name\":\"Home\",\"item\":\"https:\\\/\\\/connectaled.com\\\/de\\\/\"},{\"@type\":\"ListItem\",\"position\":2,\"name\":\"Haftungsausschluss-Richtlinie\"}]},{\"@type\":\"WebSite\",\"@id\":\"https:\\\/\\\/connectaled.com\\\/de\\\/#website\",\"url\":\"https:\\\/\\\/connectaled.com\\\/de\\\/\",\"name\":\"Click&Light\",\"description\":\"Click&amp;Light\",\"publisher\":{\"@id\":\"https:\\\/\\\/connectaled.com\\\/de\\\/#organization\"},\"alternateName\":\"Profesional LED Stripes\",\"potentialAction\":[{\"@type\":\"SearchAction\",\"target\":{\"@type\":\"EntryPoint\",\"urlTemplate\":\"https:\\\/\\\/connectaled.com\\\/de\\\/?s={search_term_string}\"},\"query-input\":{\"@type\":\"PropertyValueSpecification\",\"valueRequired\":true,\"valueName\":\"search_term_string\"}}],\"inLanguage\":\"de\"},{\"@type\":\"Organization\",\"@id\":\"https:\\\/\\\/connectaled.com\\\/de\\\/#organization\",\"name\":\"Click&Light\",\"alternateName\":\"ESTA Connecta LED Profesional LED Stripes\",\"url\":\"https:\\\/\\\/connectaled.com\\\/de\\\/\",\"logo\":{\"@type\":\"ImageObject\",\"inLanguage\":\"de\",\"@id\":\"https:\\\/\\\/connectaled.com\\\/de\\\/#\\\/schema\\\/logo\\\/image\\\/\",\"url\":\"https:\\\/\\\/connectaled.com\\\/wp-content\\\/uploads\\\/2026\\\/02\\\/0971ccf6-3fff-42e1-94cc-ad01a54d4b85-4.png\",\"contentUrl\":\"https:\\\/\\\/connectaled.com\\\/wp-content\\\/uploads\\\/2026\\\/02\\\/0971ccf6-3fff-42e1-94cc-ad01a54d4b85-4.png\",\"width\":1326,\"height\":330,\"caption\":\"Click&Light\"},\"image\":{\"@id\":\"https:\\\/\\\/connectaled.com\\\/de\\\/#\\\/schema\\\/logo\\\/image\\\/\"}}]}<\/script>\n<!-- \/ Yoast SEO plugin. -->","yoast_head_json":{"title":"Haftungsausschluss-Richtlinie &#8226; Click&amp;Light","robots":{"index":"noindex","follow":"follow"},"og_locale":"de_DE","og_type":"article","og_title":"Haftungsausschluss-Richtlinie &#8226; Click&amp;Light","og_description":"Haftungsausschluss Letzte Aktualisierung: Januar 2026 1. Allgemeine Informationen Die Informationen auf https:\/\/connectaled.com dienen ausschlie\u00dflich allgemeinen Informationszwecken. Obwohl wir uns um Genauigkeit bem\u00fchen, \u00fcbernehmen wir keine Gew\u00e4hr f\u00fcr die Vollst\u00e4ndigkeit oder Eignung f\u00fcr bestimmte Anwendungen. 2. Produktverwendung und -installation Connecta LED-Produkte m\u00fcssen gem\u00e4\u00df den geltenden elektrischen Normen und lokalen Vorschriften installiert und verwendet werden. Je nach ... Weiterlesen ...","og_url":"https:\/\/connectaled.com\/de\/haftungsausschluss-richtlinie\/","og_site_name":"Click&amp;Light","article_modified_time":"2026-02-09T20:49:12+00:00","twitter_card":"summary_large_image","twitter_misc":{"Gesch\u00e4tzte Lesezeit":"1\u00a0Minute"},"schema":{"@context":"https:\/\/schema.org","@graph":[{"@type":"WebPage","@id":"https:\/\/connectaled.com\/de\/haftungsausschluss-richtlinie\/","url":"https:\/\/connectaled.com\/de\/haftungsausschluss-richtlinie\/","name":"Haftungsausschluss-Richtlinie &#8226; Click&amp;Light","isPartOf":{"@id":"https:\/\/connectaled.com\/de\/#website"},"datePublished":"2026-01-10T21:25:53+00:00","dateModified":"2026-02-09T20:49:12+00:00","breadcrumb":{"@id":"https:\/\/connectaled.com\/de\/haftungsausschluss-richtlinie\/#breadcrumb"},"inLanguage":"de","potentialAction":[{"@type":"ReadAction","target":["https:\/\/connectaled.com\/de\/haftungsausschluss-richtlinie\/"]}]},{"@type":"BreadcrumbList","@id":"https:\/\/connectaled.com\/de\/haftungsausschluss-richtlinie\/#breadcrumb","itemListElement":[{"@type":"ListItem","position":1,"name":"Home","item":"https:\/\/connectaled.com\/de\/"},{"@type":"ListItem","position":2,"name":"Haftungsausschluss-Richtlinie"}]},{"@type":"WebSite","@id":"https:\/\/connectaled.com\/de\/#website","url":"https:\/\/connectaled.com\/de\/","name":"Click&Light","description":"Click&amp;Light","publisher":{"@id":"https:\/\/connectaled.com\/de\/#organization"},"alternateName":"Profesional LED Stripes","potentialAction":[{"@type":"SearchAction","target":{"@type":"EntryPoint","urlTemplate":"https:\/\/connectaled.com\/de\/?s={search_term_string}"},"query-input":{"@type":"PropertyValueSpecification","valueRequired":true,"valueName":"search_term_string"}}],"inLanguage":"de"},{"@type":"Organization","@id":"https:\/\/connectaled.com\/de\/#organization","name":"Click&Light","alternateName":"ESTA Connecta LED Profesional LED Stripes","url":"https:\/\/connectaled.com\/de\/","logo":{"@type":"ImageObject","inLanguage":"de","@id":"https:\/\/connectaled.com\/de\/#\/schema\/logo\/image\/","url":"https:\/\/connectaled.com\/wp-content\/uploads\/2026\/02\/0971ccf6-3fff-42e1-94cc-ad01a54d4b85-4.png","contentUrl":"https:\/\/connectaled.com\/wp-content\/uploads\/2026\/02\/0971ccf6-3fff-42e1-94cc-ad01a54d4b85-4.png","width":1326,"height":330,"caption":"Click&Light"},"image":{"@id":"https:\/\/connectaled.com\/de\/#\/schema\/logo\/image\/"}}]}},"jetpack_sharing_enabled":true,"_links":{"self":[{"href":"https:\/\/connectaled.com\/de\/wp-json\/wp\/v2\/pages\/50582","targetHints":{"allow":["GET"]}}],"collection":[{"href":"https:\/\/connectaled.com\/de\/wp-json\/wp\/v2\/pages"}],"about":[{"href":"https:\/\/connectaled.com\/de\/wp-json\/wp\/v2\/types\/page"}],"author":[{"embeddable":true,"href":"https:\/\/connectaled.com\/de\/wp-json\/wp\/v2\/users\/1"}],"replies":[{"embeddable":true,"href":"https:\/\/connectaled.com\/de\/wp-json\/wp\/v2\/comments?post=50582"}],"version-history":[{"count":1,"href":"https:\/\/connectaled.com\/de\/wp-json\/wp\/v2\/pages\/50582\/revisions"}],"predecessor-version":[{"id":50583,"href":"https:\/\/connectaled.com\/de\/wp-json\/wp\/v2\/pages\/50582\/revisions\/50583"}],"wp:attachment":[{"href":"https:\/\/connectaled.com\/de\/wp-json\/wp\/v2\/media?parent=50582"}],"curies":[{"name":"wp","href":"https:\/\/api.w.org\/{rel}","templated":true}]}}