{"id":52916,"date":"2026-04-05T19:26:09","date_gmt":"2026-04-05T17:26:09","guid":{"rendered":"https:\/\/connectaled.com\/?post_type=product&#038;p=52916"},"modified":"2026-04-05T21:56:02","modified_gmt":"2026-04-05T19:56:02","slug":"led-pasek-connecta-copy","status":"publish","type":"product","link":"https:\/\/connectaled.com\/cs\/produkt\/led-pasek-connecta-copy\/","title":{"rendered":"ESTA LED PRO ALU p\u00e1sek (3 \u00d7 1 m v balen\u00ed)"},"content":{"rendered":"\r\n<div class=\"wp-block-group connecta-b2b-product-notice\"><div class=\"wp-block-group__inner-container is-layout-flow wp-block-group-is-layout-flow\">\r\n  \r\n  <p>Pro profesion\u00e1ln\u00ed projekty a v\u011bt\u0161\u00ed mno\u017estv\u00ed n\u00e1s pros\u00edm kontaktujte pro technickou konzultaci.<\/p>\r\n  \r\n\r\n  \r\n  <p>\r\n    <a href=\"https:\/\/connectaled.com\/cs\/modularni-led-osvetlovaci-system\/\">modul\u00e1rn\u00ed LED osv\u011btlovac\u00ed syst\u00e9m<\/a> |\r\n    <a href=\"https:\/\/connectaled.com\/cs\/proc-connecta\/\">Pro\u010d Connecta<\/a> |\r\n    <a href=\"https:\/\/connectaled.com\/cs\/vyzadat-si-projektove-poradenstvi\/\">Vy\u017e\u00e1dat projektovou konzultaci<\/a>\r\n  <\/p>\r\n  \r\n<\/div><\/div>\r\n\r\n\r\n<h2>\ud83d\udd39 Popis produktu \u2013 ESTA LED PRO ALU Stripe<\/h2>\r\n\r\n<p><strong>ESTA LED PRO ALU Stripe<\/strong> je profesion\u00e1ln\u00ed osv\u011btlovac\u00ed \u0159e\u0161en\u00ed navr\u017een\u00e9 pro maxim\u00e1ln\u00ed \u00fa\u010dinnost, spolehlivost a snadnou instalaci. Na rozd\u00edl od b\u011b\u017en\u00fdch LED p\u00e1sk\u016f vyu\u017e\u00edv\u00e1 <strong>hlin\u00edkov\u00fd modul\u00e1rn\u00ed koncept 1 m<\/strong>, kter\u00fd umo\u017e\u0148uje p\u0159esnou konfiguraci.<\/p>\r\n\r\n<h3>Pokro\u010dil\u00e1 elektrick\u00e1 ochrana<\/h3>\r\n<p>ESTA LED PRO ALU Stripe je vybaven integrovanou <strong>ESD ochranou<\/strong>, kter\u00e1 chr\u00e1n\u00ed citliv\u00e9 elektronick\u00e9 sou\u010d\u00e1stky b\u011bhem manipulace a instalace.<br>\r\nKa\u017ed\u00fd segment nav\u00edc obsahuje <strong>elektronickou regulaci proudu<\/strong> pomoc\u00ed speci\u00e1ln\u00edho \u0159\u00eddic\u00edho IC, tak\u017ee proud pro ka\u017edou LED <strong>nikdy nep\u0159ekro\u010d\u00ed 60 mA<\/strong>. T\u00edm se p\u0159edch\u00e1z\u00ed nadproudu, sni\u017euje se tepeln\u00e9 nam\u00e1h\u00e1n\u00ed a v\u00fdrazn\u011b se prodlu\u017euje \u017eivotnost LED.<\/p>\r\n\r\n<h3>Osv\u011btlen\u00ed s vysokou hustotou a \u00fa\u010dinnost\u00ed<\/h3>\r\n<ul>\r\n  <li><strong>70 LED na metr<\/strong><\/li>\r\n  <li>Rovnom\u011brn\u00e1 distribuce sv\u011btla bez viditeln\u00e9ho poklesu jasu<\/li>\r\n  <li>Sv\u011bteln\u00e1 \u00fa\u010dinnost a\u017e <strong>165 lm\/W<\/strong> pro vynikaj\u00edc\u00ed energetickou efektivitu<\/li>\r\n<\/ul>\r\n\r\n<h3>Robustn\u00ed konstrukce hlin\u00edkov\u00e9ho PCB<\/h3>\r\n<p>Hlin\u00edkov\u00e9 PCB zaji\u0161\u0165uje lep\u0161\u00ed elektrick\u00e9 i tepeln\u00e9 vlastnosti. To p\u0159in\u00e1\u0161\u00ed:<\/p>\r\n<ul>\r\n  <li>Ni\u017e\u0161\u00ed elektrick\u00fd odpor<\/li>\r\n  <li>Ni\u017e\u0161\u00ed tvorbu tepla<\/li>\r\n  <li>Lep\u0161\u00ed tepelnou stabilitu<\/li>\r\n  <li>Del\u0161\u00ed \u017eivotnost<\/li>\r\n<\/ul>\r\n\r\n<h3>Hlavn\u00ed v\u00fdhody v p\u0159ehledu<\/h3>\r\n<ul>\r\n  <li>Integrovan\u00e1 ESD ochrana a ochrana proti nadproudu<\/li>\r\n  <li>\u0158\u00edzen\u00ed konstantn\u00edho proudu (max. 60 mA na LED)<\/li>\r\n  <li>Vysok\u00e1 hustota LED a \u0161pi\u010dkov\u00e1 energetick\u00e1 \u00fa\u010dinnost<\/li>\r\n  <li>Hlin\u00edkov\u00e9 PCB pro odolnost a lep\u0161\u00ed odvod tepla<\/li>\r\n<\/ul>\r\n\r\n<p><strong>ESTA LED PRO ALU Stripe<\/strong> je ide\u00e1ln\u00ed volbou pro reziden\u010dn\u00ed, komer\u010dn\u00ed i profesion\u00e1ln\u00ed osv\u011btlovac\u00ed aplikace, kde jsou kl\u00ed\u010dov\u00e9 spolehlivost, \u00fa\u010dinnost a \u010dist\u00e1 instalace.<\/p>\r\n<p><script type=\"application\/ld+json\">\r\n{\r\n  \"@context\": \"https:\/\/schema.org\",\r\n  \"@type\": \"Product\",\r\n  \"@id\": \"https:\/\/connectaled.com\/product\/esta-led-pro-alu-stripe\/#product\",\r\n  \"name\": \"ESTA LED PRO ALU Stripe\",\r\n  \"inLanguage\": \"en\",\r\n  \"offers\": {\r\n    \"@type\": \"Offer\",\r\n    \"url\": \"https:\/\/connectaled.com\/product\/esta-led-pro-alu-stripe\/\",\r\n    \"priceCurrency\": \"EUR\",\r\n    \"price\": \"15\",\r\n    \"availability\": \"https:\/\/schema.org\/InStock\",\r\n\"shippingDetails\": [\r\n  {\r\n    \"@type\": \"OfferShippingDetails\",\r\n    \"shippingDestination\": { \"@type\": \"DefinedRegion\", \"addressCountry\": \"DE\" },\r\n    \"shippingRate\": { \"@type\": \"MonetaryAmount\", \"value\": \"5.00\", \"currency\": \"EUR\" },\r\n    \"deliveryTime\": {\r\n      \"@type\": \"ShippingDeliveryTime\",\r\n      \"handlingTime\": { \"@type\": \"QuantitativeValue\", \"minValue\": 1, \"maxValue\": 2, \"unitCode\": \"DAY\" },\r\n      \"transitTime\": { \"@type\": \"QuantitativeValue\", \"minValue\": 7, \"maxValue\": 10, \"unitCode\": \"DAY\" }\r\n    }\r\n  },\r\n  {\r\n    \"@type\": \"OfferShippingDetails\",\r\n    \"shippingDestination\": { \"@type\": \"DefinedRegion\", \"addressCountry\": \"AT\" },\r\n    \"shippingRate\": { \"@type\": \"MonetaryAmount\", \"value\": \"5.00\", \"currency\": \"EUR\" },\r\n    \"deliveryTime\": {\r\n      \"@type\": \"ShippingDeliveryTime\",\r\n      \"handlingTime\": { \"@type\": \"QuantitativeValue\", \"minValue\": 1, \"maxValue\": 2, \"unitCode\": \"DAY\" },\r\n      \"transitTime\": { \"@type\": \"QuantitativeValue\", \"minValue\": 7, \"maxValue\": 10, \"unitCode\": \"DAY\" }\r\n    }\r\n  },\r\n  {\r\n    \"@type\": \"OfferShippingDetails\",\r\n    \"shippingDestination\": { \"@type\": \"DefinedRegion\", \"addressCountry\": \"FR\" },\r\n    \"shippingRate\": { \"@type\": \"MonetaryAmount\", \"value\": \"5.00\", \"currency\": \"EUR\" },\r\n    \"deliveryTime\": {\r\n      \"@type\": \"ShippingDeliveryTime\",\r\n      \"handlingTime\": { \"@type\": \"QuantitativeValue\", \"minValue\": 1, \"maxValue\": 2, \"unitCode\": \"DAY\" },\r\n      \"transitTime\": { \"@type\": \"QuantitativeValue\", \"minValue\": 7, \"maxValue\": 10, \"unitCode\": \"DAY\" }\r\n    }\r\n  },\r\n  {\r\n    \"@type\": \"OfferShippingDetails\",\r\n    \"shippingDestination\": { \"@type\": \"DefinedRegion\", \"addressCountry\": \"IT\" },\r\n    \"shippingRate\": { \"@type\": \"MonetaryAmount\", \"value\": \"5.00\", \"currency\": \"EUR\" },\r\n    \"deliveryTime\": {\r\n      \"@type\": \"ShippingDeliveryTime\",\r\n      \"handlingTime\": { \"@type\": \"QuantitativeValue\", \"minValue\": 1, \"maxValue\": 2, \"unitCode\": \"DAY\" },\r\n      \"transitTime\": { \"@type\": \"QuantitativeValue\", \"minValue\": 7, \"maxValue\": 10, \"unitCode\": \"DAY\" }\r\n    }\r\n  },\r\n  {\r\n    \"@type\": \"OfferShippingDetails\",\r\n    \"shippingDestination\": { \"@type\": \"DefinedRegion\", \"addressCountry\": \"ES\" },\r\n    \"shippingRate\": { \"@type\": \"MonetaryAmount\", \"value\": \"5.00\", \"currency\": \"EUR\" },\r\n    \"deliveryTime\": {\r\n      \"@type\": \"ShippingDeliveryTime\",\r\n      \"handlingTime\": { \"@type\": \"QuantitativeValue\", \"minValue\": 1, \"maxValue\": 2, \"unitCode\": \"DAY\" },\r\n      \"transitTime\": { \"@type\": \"QuantitativeValue\", \"minValue\": 7, \"maxValue\": 10, \"unitCode\": \"DAY\" }\r\n    }\r\n  },\r\n  {\r\n    \"@type\": \"OfferShippingDetails\",\r\n    \"shippingDestination\": { \"@type\": \"DefinedRegion\", \"addressCountry\": \"SI\" },\r\n    \"shippingRate\": { \"@type\": \"MonetaryAmount\", \"value\": \"5.00\", \"currency\": \"EUR\" },\r\n    \"deliveryTime\": {\r\n      \"@type\": \"ShippingDeliveryTime\",\r\n      \"handlingTime\": { \"@type\": \"QuantitativeValue\", \"minValue\": 1, \"maxValue\": 2, \"unitCode\": \"DAY\" },\r\n      \"transitTime\": { \"@type\": \"QuantitativeValue\", \"minValue\": 7, \"maxValue\": 10, \"unitCode\": \"DAY\" }\r\n    }\r\n  },\r\n  {\r\n    \"@type\": \"OfferShippingDetails\",\r\n    \"shippingDestination\": { \"@type\": \"DefinedRegion\", \"addressCountry\": \"DK\" },\r\n    \"shippingRate\": { \"@type\": \"MonetaryAmount\", \"value\": \"5.00\", \"currency\": \"EUR\" },\r\n    \"deliveryTime\": {\r\n      \"@type\": \"ShippingDeliveryTime\",\r\n      \"handlingTime\": { \"@type\": \"QuantitativeValue\", \"minValue\": 1, \"maxValue\": 2, \"unitCode\": \"DAY\" },\r\n      \"transitTime\": { \"@type\": \"QuantitativeValue\", \"minValue\": 7, \"maxValue\": 10, \"unitCode\": \"DAY\" }\r\n    }\r\n  },\r\n  {\r\n    \"@type\": \"OfferShippingDetails\",\r\n    \"shippingDestination\": { \"@type\": \"DefinedRegion\", \"addressCountry\": \"SE\" },\r\n    \"shippingRate\": { \"@type\": \"MonetaryAmount\", \"value\": \"5.00\", \"currency\": \"EUR\" },\r\n    \"deliveryTime\": {\r\n      \"@type\": \"ShippingDeliveryTime\",\r\n      \"handlingTime\": { \"@type\": \"QuantitativeValue\", \"minValue\": 1, \"maxValue\": 2, \"unitCode\": \"DAY\" },\r\n      \"transitTime\": { \"@type\": \"QuantitativeValue\", \"minValue\": 7, \"maxValue\": 10, \"unitCode\": \"DAY\" }\r\n    }\r\n  }\r\n],<\/p>\r\n<p>    \"hasMerchantReturnPolicy\": {\r\n      \"@type\": \"MerchantReturnPolicy\",\r\n      \"applicableCountry\": [\"DE\",\"AT\",\"FR\",\"IT\",\"ES\",\"SI\",\"DK\",\"SE\"],\r\n      \"returnPolicyCategory\": \"https:\/\/schema.org\/MerchantReturnFiniteReturnWindow\",\r\n      \"merchantReturnDays\": 14,\r\n      \"returnMethod\": \"https:\/\/schema.org\/ReturnByMail\",\r\n      \"returnFees\": \"https:\/\/schema.org\/ReturnFeesCustomerResponsibility\"\r\n    }\r\n  }\r\n}\r\n<\/script><\/p>\r\n","protected":false},"excerpt":{"rendered":"<div class=\"connecta-uspgrid\">\n<div class=\"card\">\n<div class=\"top\"><span class=\"icon\">\ud83d\udee1\ufe0f<\/span><strong>Integrovan\u00e1 ochrana<\/strong><\/div>\n<p>Integrovan\u00e1 ESD ochrana a elektronick\u00e1 regulace proudu do 60 mA na LED.<\/p>\n<\/p><\/div>\n<div class=\"card\">\n<div class=\"top\"><span class=\"icon\">\ud83d\udca1<\/span><strong>Vysok\u00e1 \u00fa\u010dinnost<\/strong><\/div>\n<p>A\u017e 165 lm\/W s rovnom\u011brn\u00fdm sv\u011bteln\u00fdm v\u00fdstupem v cel\u00e9 instalaci.<\/p>\n<\/p><\/div>\n<div class=\"card\">\n<div class=\"top\"><span class=\"icon\">\ud83e\uddf2<\/span><strong>Snadn\u00e1 mont\u00e1\u017e<\/strong><\/div>\n<p>Origin\u00e1ln\u00ed samolepic\u00ed podklad 3M pro rychlou a \u010distou instalaci.<\/p>\n<\/p><\/div>\n<div class=\"card\">\n<div class=\"top\"><span class=\"icon\">\u2705<\/span><strong>Shoda s CE<\/strong><\/div>\n<p>Navr\u017eeno spl\u0148ovat p\u0159\u00edslu\u0161n\u00e9 bezpe\u010dnostn\u00ed a technick\u00e9 po\u017eadavky EU.<\/p>\n<\/p><\/div>\n<\/div>\n","protected":false},"featured_media":53000,"comment_status":"open","ping_status":"closed","template":"","meta":{"iawp_total_views":13},"product_brand":[],"product_cat":[87],"product_tag":[86],"class_list":{"0":"post-52916","1":"product","2":"type-product","3":"status-publish","4":"has-post-thumbnail","6":"product_cat-led-pasky","7":"product_tag-led-pasek","8":"sales-flash-overlay","9":"woocommerce-text-align-center","10":"woocommerce-image-align-center","11":"do-quantity-buttons","12":"wc-has-gallery","14":"first","15":"instock","16":"shipping-taxable","17":"purchasable","18":"product-type-variable"},"yoast_head":"<!-- This site is optimized with the Yoast SEO plugin v27.4 - https:\/\/yoast.com\/product\/yoast-seo-wordpress\/ -->\n<title>Modul\u00e1rn\u00ed LED p\u00e1sek 24V Connecta | Profesion\u00e1ln\u00ed \u0159e\u0161en\u00ed<\/title>\n<meta name=\"description\" content=\"Profesion\u00e1ln\u00ed LED p\u00e1sek 24V na hlin\u00edkov\u00e9m PCB s \u0159\u00edzen\u00edm proudu, ESD ochranou a \u00fa\u010dinnost\u00ed a\u017e 165 lm\/W.\" \/>\n<meta name=\"robots\" content=\"index, follow, max-snippet:-1, max-image-preview:large, max-video-preview:-1\" \/>\n<link rel=\"canonical\" href=\"https:\/\/connectaled.com\/cs\/produkt\/led-pasek-connecta-copy\/\" \/>\n<meta property=\"og:locale\" content=\"cs_CZ\" \/>\n<meta property=\"og:type\" content=\"article\" \/>\n<meta property=\"og:title\" content=\"Modul\u00e1rn\u00ed LED p\u00e1sek 24V Connecta | Profesion\u00e1ln\u00ed \u0159e\u0161en\u00ed\" \/>\n<meta property=\"og:description\" content=\"Profesion\u00e1ln\u00ed LED p\u00e1sek 24V na hlin\u00edkov\u00e9m PCB s \u0159\u00edzen\u00edm proudu, ESD ochranou a \u00fa\u010dinnost\u00ed a\u017e 165 lm\/W.\" \/>\n<meta property=\"og:url\" content=\"https:\/\/connectaled.com\/cs\/produkt\/led-pasek-connecta-copy\/\" \/>\n<meta property=\"og:site_name\" content=\"Connecta\" \/>\n<meta property=\"article:modified_time\" content=\"2026-04-05T19:56:02+00:00\" \/>\n<meta property=\"og:image\" content=\"https:\/\/connectaled.com\/wp-content\/uploads\/2026\/04\/ESTA-LED-PRO1.1.jpg\" \/>\n\t<meta property=\"og:image:width\" content=\"2000\" \/>\n\t<meta property=\"og:image:height\" content=\"1333\" \/>\n\t<meta property=\"og:image:type\" content=\"image\/jpeg\" \/>\n<meta name=\"twitter:card\" content=\"summary_large_image\" \/>\n<meta name=\"twitter:label1\" content=\"Odhadovan\u00e1 doba \u010dten\u00ed\" \/>\n\t<meta name=\"twitter:data1\" content=\"2 minuty\" \/>\n<script type=\"application\/ld+json\" class=\"yoast-schema-graph\">{\"@context\":\"https:\\\/\\\/schema.org\",\"@graph\":[{\"@type\":\"WebPage\",\"@id\":\"https:\\\/\\\/connectaled.com\\\/cs\\\/produkt\\\/led-pasek-connecta-copy\\\/\",\"url\":\"https:\\\/\\\/connectaled.com\\\/cs\\\/produkt\\\/led-pasek-connecta-copy\\\/\",\"name\":\"Modul\u00e1rn\u00ed LED p\u00e1sek 24V Connecta | Profesion\u00e1ln\u00ed \u0159e\u0161en\u00ed\",\"isPartOf\":{\"@id\":\"https:\\\/\\\/connectaled.com\\\/cs\\\/#website\"},\"primaryImageOfPage\":{\"@id\":\"https:\\\/\\\/connectaled.com\\\/cs\\\/produkt\\\/led-pasek-connecta-copy\\\/#primaryimage\"},\"image\":{\"@id\":\"https:\\\/\\\/connectaled.com\\\/cs\\\/produkt\\\/led-pasek-connecta-copy\\\/#primaryimage\"},\"thumbnailUrl\":\"https:\\\/\\\/connectaled.com\\\/wp-content\\\/uploads\\\/2026\\\/04\\\/ESTA-LED-PRO1.1.jpg\",\"datePublished\":\"2026-04-05T17:26:09+00:00\",\"dateModified\":\"2026-04-05T19:56:02+00:00\",\"description\":\"Profesion\u00e1ln\u00ed LED p\u00e1sek 24V na hlin\u00edkov\u00e9m PCB s \u0159\u00edzen\u00edm proudu, ESD ochranou a \u00fa\u010dinnost\u00ed a\u017e 165 lm\\\/W.\",\"breadcrumb\":{\"@id\":\"https:\\\/\\\/connectaled.com\\\/cs\\\/produkt\\\/led-pasek-connecta-copy\\\/#breadcrumb\"},\"inLanguage\":\"cs\",\"potentialAction\":[{\"@type\":\"ReadAction\",\"target\":[\"https:\\\/\\\/connectaled.com\\\/cs\\\/produkt\\\/led-pasek-connecta-copy\\\/\"]}]},{\"@type\":\"ImageObject\",\"inLanguage\":\"cs\",\"@id\":\"https:\\\/\\\/connectaled.com\\\/cs\\\/produkt\\\/led-pasek-connecta-copy\\\/#primaryimage\",\"url\":\"https:\\\/\\\/connectaled.com\\\/wp-content\\\/uploads\\\/2026\\\/04\\\/ESTA-LED-PRO1.1.jpg\",\"contentUrl\":\"https:\\\/\\\/connectaled.com\\\/wp-content\\\/uploads\\\/2026\\\/04\\\/ESTA-LED-PRO1.1.jpg\",\"width\":2000,\"height\":1333,\"caption\":\"ESTA-LED-PRO-ALU\"},{\"@type\":\"BreadcrumbList\",\"@id\":\"https:\\\/\\\/connectaled.com\\\/cs\\\/produkt\\\/led-pasek-connecta-copy\\\/#breadcrumb\",\"itemListElement\":[{\"@type\":\"ListItem\",\"position\":1,\"name\":\"Home\",\"item\":\"https:\\\/\\\/connectaled.com\\\/cs\\\/\"},{\"@type\":\"ListItem\",\"position\":2,\"name\":\"Obchod\",\"item\":\"https:\\\/\\\/connectaled.com\\\/cs\\\/obchod\\\/\"},{\"@type\":\"ListItem\",\"position\":3,\"name\":\"ESTA LED PRO ALU p\u00e1sek (3 \u00d7 1 m v balen\u00ed)\"}]},{\"@type\":\"WebSite\",\"@id\":\"https:\\\/\\\/connectaled.com\\\/cs\\\/#website\",\"url\":\"https:\\\/\\\/connectaled.com\\\/cs\\\/\",\"name\":\"Click&Light\",\"description\":\"Click&amp;Light\",\"publisher\":{\"@id\":\"https:\\\/\\\/connectaled.com\\\/cs\\\/#organization\"},\"alternateName\":\"Profesional LED Stripes\",\"potentialAction\":[{\"@type\":\"SearchAction\",\"target\":{\"@type\":\"EntryPoint\",\"urlTemplate\":\"https:\\\/\\\/connectaled.com\\\/cs\\\/?s={search_term_string}\"},\"query-input\":{\"@type\":\"PropertyValueSpecification\",\"valueRequired\":true,\"valueName\":\"search_term_string\"}}],\"inLanguage\":\"cs\"},{\"@type\":\"Organization\",\"@id\":\"https:\\\/\\\/connectaled.com\\\/cs\\\/#organization\",\"name\":\"Click&Light\",\"alternateName\":\"ESTA Connecta LED Profesional LED Stripes\",\"url\":\"https:\\\/\\\/connectaled.com\\\/cs\\\/\",\"logo\":{\"@type\":\"ImageObject\",\"inLanguage\":\"cs\",\"@id\":\"https:\\\/\\\/connectaled.com\\\/cs\\\/#\\\/schema\\\/logo\\\/image\\\/\",\"url\":\"https:\\\/\\\/connectaled.com\\\/wp-content\\\/uploads\\\/2026\\\/02\\\/0971ccf6-3fff-42e1-94cc-ad01a54d4b85-4.png\",\"contentUrl\":\"https:\\\/\\\/connectaled.com\\\/wp-content\\\/uploads\\\/2026\\\/02\\\/0971ccf6-3fff-42e1-94cc-ad01a54d4b85-4.png\",\"width\":1326,\"height\":330,\"caption\":\"Click&Light\"},\"image\":{\"@id\":\"https:\\\/\\\/connectaled.com\\\/cs\\\/#\\\/schema\\\/logo\\\/image\\\/\"}}]}<\/script>\n<!-- \/ Yoast SEO plugin. -->","yoast_head_json":{"title":"Modul\u00e1rn\u00ed LED p\u00e1sek 24V Connecta | Profesion\u00e1ln\u00ed \u0159e\u0161en\u00ed","description":"Profesion\u00e1ln\u00ed LED p\u00e1sek 24V na hlin\u00edkov\u00e9m PCB s \u0159\u00edzen\u00edm proudu, ESD ochranou a \u00fa\u010dinnost\u00ed a\u017e 165 lm\/W.","robots":{"index":"index","follow":"follow","max-snippet":"max-snippet:-1","max-image-preview":"max-image-preview:large","max-video-preview":"max-video-preview:-1"},"canonical":"https:\/\/connectaled.com\/cs\/produkt\/led-pasek-connecta-copy\/","og_locale":"cs_CZ","og_type":"article","og_title":"Modul\u00e1rn\u00ed LED p\u00e1sek 24V Connecta | Profesion\u00e1ln\u00ed \u0159e\u0161en\u00ed","og_description":"Profesion\u00e1ln\u00ed LED p\u00e1sek 24V na hlin\u00edkov\u00e9m PCB s \u0159\u00edzen\u00edm proudu, ESD ochranou a \u00fa\u010dinnost\u00ed a\u017e 165 lm\/W.","og_url":"https:\/\/connectaled.com\/cs\/produkt\/led-pasek-connecta-copy\/","og_site_name":"Connecta","article_modified_time":"2026-04-05T19:56:02+00:00","og_image":[{"width":2000,"height":1333,"url":"https:\/\/connectaled.com\/wp-content\/uploads\/2026\/04\/ESTA-LED-PRO1.1.jpg","type":"image\/jpeg"}],"twitter_card":"summary_large_image","twitter_misc":{"Odhadovan\u00e1 doba \u010dten\u00ed":"2 minuty"},"schema":{"@context":"https:\/\/schema.org","@graph":[{"@type":"WebPage","@id":"https:\/\/connectaled.com\/cs\/produkt\/led-pasek-connecta-copy\/","url":"https:\/\/connectaled.com\/cs\/produkt\/led-pasek-connecta-copy\/","name":"Modul\u00e1rn\u00ed LED p\u00e1sek 24V Connecta | Profesion\u00e1ln\u00ed \u0159e\u0161en\u00ed","isPartOf":{"@id":"https:\/\/connectaled.com\/cs\/#website"},"primaryImageOfPage":{"@id":"https:\/\/connectaled.com\/cs\/produkt\/led-pasek-connecta-copy\/#primaryimage"},"image":{"@id":"https:\/\/connectaled.com\/cs\/produkt\/led-pasek-connecta-copy\/#primaryimage"},"thumbnailUrl":"https:\/\/connectaled.com\/wp-content\/uploads\/2026\/04\/ESTA-LED-PRO1.1.jpg","datePublished":"2026-04-05T17:26:09+00:00","dateModified":"2026-04-05T19:56:02+00:00","description":"Profesion\u00e1ln\u00ed LED p\u00e1sek 24V na hlin\u00edkov\u00e9m PCB s \u0159\u00edzen\u00edm proudu, ESD ochranou a \u00fa\u010dinnost\u00ed a\u017e 165 lm\/W.","breadcrumb":{"@id":"https:\/\/connectaled.com\/cs\/produkt\/led-pasek-connecta-copy\/#breadcrumb"},"inLanguage":"cs","potentialAction":[{"@type":"ReadAction","target":["https:\/\/connectaled.com\/cs\/produkt\/led-pasek-connecta-copy\/"]}]},{"@type":"ImageObject","inLanguage":"cs","@id":"https:\/\/connectaled.com\/cs\/produkt\/led-pasek-connecta-copy\/#primaryimage","url":"https:\/\/connectaled.com\/wp-content\/uploads\/2026\/04\/ESTA-LED-PRO1.1.jpg","contentUrl":"https:\/\/connectaled.com\/wp-content\/uploads\/2026\/04\/ESTA-LED-PRO1.1.jpg","width":2000,"height":1333,"caption":"ESTA-LED-PRO-ALU"},{"@type":"BreadcrumbList","@id":"https:\/\/connectaled.com\/cs\/produkt\/led-pasek-connecta-copy\/#breadcrumb","itemListElement":[{"@type":"ListItem","position":1,"name":"Home","item":"https:\/\/connectaled.com\/cs\/"},{"@type":"ListItem","position":2,"name":"Obchod","item":"https:\/\/connectaled.com\/cs\/obchod\/"},{"@type":"ListItem","position":3,"name":"ESTA LED PRO ALU p\u00e1sek (3 \u00d7 1 m v balen\u00ed)"}]},{"@type":"WebSite","@id":"https:\/\/connectaled.com\/cs\/#website","url":"https:\/\/connectaled.com\/cs\/","name":"Click&Light","description":"Click&amp;Light","publisher":{"@id":"https:\/\/connectaled.com\/cs\/#organization"},"alternateName":"Profesional LED Stripes","potentialAction":[{"@type":"SearchAction","target":{"@type":"EntryPoint","urlTemplate":"https:\/\/connectaled.com\/cs\/?s={search_term_string}"},"query-input":{"@type":"PropertyValueSpecification","valueRequired":true,"valueName":"search_term_string"}}],"inLanguage":"cs"},{"@type":"Organization","@id":"https:\/\/connectaled.com\/cs\/#organization","name":"Click&Light","alternateName":"ESTA Connecta LED Profesional LED Stripes","url":"https:\/\/connectaled.com\/cs\/","logo":{"@type":"ImageObject","inLanguage":"cs","@id":"https:\/\/connectaled.com\/cs\/#\/schema\/logo\/image\/","url":"https:\/\/connectaled.com\/wp-content\/uploads\/2026\/02\/0971ccf6-3fff-42e1-94cc-ad01a54d4b85-4.png","contentUrl":"https:\/\/connectaled.com\/wp-content\/uploads\/2026\/02\/0971ccf6-3fff-42e1-94cc-ad01a54d4b85-4.png","width":1326,"height":330,"caption":"Click&Light"},"image":{"@id":"https:\/\/connectaled.com\/cs\/#\/schema\/logo\/image\/"}}]}},"jetpack_sharing_enabled":true,"_links":{"self":[{"href":"https:\/\/connectaled.com\/cs\/wp-json\/wp\/v2\/product\/52916","targetHints":{"allow":["GET"]}}],"collection":[{"href":"https:\/\/connectaled.com\/cs\/wp-json\/wp\/v2\/product"}],"about":[{"href":"https:\/\/connectaled.com\/cs\/wp-json\/wp\/v2\/types\/product"}],"replies":[{"embeddable":true,"href":"https:\/\/connectaled.com\/cs\/wp-json\/wp\/v2\/comments?post=52916"}],"wp:featuredmedia":[{"embeddable":true,"href":"https:\/\/connectaled.com\/cs\/wp-json\/wp\/v2\/media\/53000"}],"wp:attachment":[{"href":"https:\/\/connectaled.com\/cs\/wp-json\/wp\/v2\/media?parent=52916"}],"wp:term":[{"taxonomy":"product_brand","embeddable":true,"href":"https:\/\/connectaled.com\/cs\/wp-json\/wp\/v2\/product_brand?post=52916"},{"taxonomy":"product_cat","embeddable":true,"href":"https:\/\/connectaled.com\/cs\/wp-json\/wp\/v2\/product_cat?post=52916"},{"taxonomy":"product_tag","embeddable":true,"href":"https:\/\/connectaled.com\/cs\/wp-json\/wp\/v2\/product_tag?post=52916"}],"curies":[{"name":"wp","href":"https:\/\/api.w.org\/{rel}","templated":true}]}}