{"id":52830,"date":"2026-04-05T17:12:56","date_gmt":"2026-04-05T15:12:56","guid":{"rendered":"https:\/\/connectaled.com\/?post_type=product&#038;p=52830"},"modified":"2026-04-05T20:44:56","modified_gmt":"2026-04-05T18:44:56","slug":"led-pasek-connecta-copy-2","status":"publish","type":"product","link":"https:\/\/connectaled.com\/cs\/produkt\/led-pasek-connecta-copy-2\/","title":{"rendered":"ESTA LED PRO Stripe, 5m role"},"content":{"rendered":"<div class=\"wp-block-group connecta-b2b-product-notice\"><div class=\"wp-block-group__inner-container is-layout-flow wp-block-group-is-layout-flow\"><p>Pro profesion\u00e1ln\u00ed projekty a v\u011bt\u0161\u00ed mno\u017estv\u00ed n\u00e1s pros\u00edm kontaktujte pro technickou konzultaci.<\/p><p><a href=\"https:\/\/connectaled.com\/cs\/modularni-led-osvetlovaci-system\/\">modul\u00e1rn\u00ed LED osv\u011btlovac\u00ed syst\u00e9m<\/a> | <a href=\"https:\/\/connectaled.com\/cs\/proc-connecta\/\">Pro\u010d Connecta<\/a> | <a href=\"https:\/\/connectaled.com\/cs\/vyzadat-si-projektove-poradenstvi\/\">Vy\u017e\u00e1dat projektovou konzultaci<\/a><\/p><\/div><\/div><h2 data-start=\"321\" data-end=\"375\">\ud83d\udd39 Popis produktu \u2013 ESTA LED PRO Stripe<\/h2>\r\n<p data-start=\"377\" data-end=\"684\"><strong data-start=\"377\" data-end=\"407\">ESTA LED PRO Stripe<\/strong> je profesion\u00e1ln\u00ed osv\u011btlovac\u00ed \u0159e\u0161en\u00ed navr\u017een\u00e9 pro maxim\u00e1ln\u00ed \u00fa\u010dinnost, spolehlivost a snadnou instalaci. ESTA LED PRO Stripe je konven\u010dn\u00ed LED p\u00e1sek dod\u00e1van\u00fd v rol\u00edch. <\/p>\r\n<h3 data-start=\"1421\" data-end=\"1455\">Pokro\u010dil\u00e1 elektrick\u00e1 ochrana<\/h3>\r\n<p data-start=\"1456\" data-end=\"1932\">P\u00e1sky ESTA LED PRO Stripe jsou navr\u017eeny s integrovanou <strong data-start=\"1507\" data-end=\"1525\">ochranou proti ESD<\/strong>, kter\u00e1 chr\u00e1n\u00ed citliv\u00e9 elektronick\u00e9 sou\u010d\u00e1stky p\u0159ed elektrostatick\u00fdm v\u00fdbojem b\u011bhem manipulace a instalace.<br data-start=\"1633\" data-end=\"1636\">Ka\u017ed\u00fd segment nav\u00edc obsahuje <strong data-start=\"1675\" data-end=\"1708\">elektronickou regulaci proudu<\/strong> pomoc\u00ed vyhrazen\u00e9ho \u0159\u00eddic\u00edho IC, co\u017e zaji\u0161\u0165uje, \u017ee proud ka\u017edou LED <strong data-start=\"1782\" data-end=\"1805\">nikdy nep\u0159ekro\u010d\u00ed 60 mA<\/strong>. To zabra\u0148uje nadproudu, sni\u017euje tepeln\u00e9 nam\u00e1h\u00e1n\u00ed a v\u00fdrazn\u011b prodlu\u017euje provozn\u00ed \u017eivotnost LED diod. <\/p>\r\n<h3 data-start=\"1934\" data-end=\"1976\">Osv\u011btlen\u00ed s vysokou hustotou a \u00fa\u010dinnost\u00ed<\/h3>\r\n<ul data-start=\"1977\" data-end=\"2214\">\r\n<li data-start=\"1977\" data-end=\"2030\">\r\n<p data-start=\"1979\" data-end=\"2030\"><strong data-start=\"1979\" data-end=\"2000\">70 LED na metr<\/strong> (35 LED na 0,5 m segment)<\/p>\r\n<\/li>\r\n<li data-start=\"2031\" data-end=\"2093\">\r\n<p data-start=\"2033\" data-end=\"2093\">Rovnom\u011brn\u00e1 distribuce sv\u011btla bez viditeln\u00e9ho poklesu jasu<\/p>\r\n<\/li>\r\n<li data-start=\"2094\" data-end=\"2214\">\r\n<p data-start=\"2096\" data-end=\"2214\">Vysok\u00e1 sv\u011bteln\u00e1 \u00fa\u010dinnost a\u017e <strong data-start=\"2128\" data-end=\"2140\">165 lm\/W<\/strong>, co\u017e vede k vynikaj\u00edc\u00ed energetick\u00e9 \u00faspornosti a sn\u00ed\u017een\u00e9 spot\u0159eb\u011b energie<\/p>\r\n<\/li>\r\n<\/ul>\r\n<h3 data-start=\"2216\" data-end=\"2243\">Robustn\u00ed konstrukce PCB<\/h3>\r\n<p data-start=\"2244\" data-end=\"2388\">Flexibiln\u00ed PCB je vyrobeno s <strong data-start=\"2284\" data-end=\"2325\">tlou\u0161\u0165kou m\u011bdi 0,105 mm (105 \u00b5m)<\/strong> \u2013 podstatn\u011b v\u00edce ne\u017e u standardn\u00edch LED p\u00e1sk\u016f. To zaji\u0161\u0165uje: <\/p>\r\n<ul data-start=\"2389\" data-end=\"2503\">\r\n<li data-start=\"2389\" data-end=\"2420\">\r\n<p data-start=\"2391\" data-end=\"2420\">Ni\u017e\u0161\u00ed elektrick\u00fd odpor<\/p>\r\n<\/li>\r\n<li data-start=\"2421\" data-end=\"2448\">\r\n<p data-start=\"2423\" data-end=\"2448\">Sn\u00ed\u017eenou tvorbu tepla<\/p>\r\n<\/li>\r\n<li data-start=\"2449\" data-end=\"2479\">\r\n<p data-start=\"2451\" data-end=\"2479\">Lep\u0161\u00ed tepelnou stabilitu<\/p>\r\n<\/li>\r\n<li data-start=\"2480\" data-end=\"2503\">\r\n<p data-start=\"2482\" data-end=\"2503\">Del\u0161\u00ed servisn\u00ed \u017eivotnost<\/p>\r\n<\/li>\r\n<\/ul>\r\n<h3 data-start=\"2505\" data-end=\"2535\">Hlavn\u00ed v\u00fdhody v p\u0159ehledu<\/h3>\r\n<ul data-start=\"2536\" data-end=\"2843\">\r\n<li data-start=\"2636\" data-end=\"2681\">\r\n<p data-start=\"2638\" data-end=\"2681\">Integrovan\u00e1 ESD ochrana a ochrana proti nadproudu<\/p>\r\n<\/li>\r\n<li data-start=\"2682\" data-end=\"2731\">\r\n<p data-start=\"2684\" data-end=\"2731\">\u0158\u00edzen\u00ed konstantn\u00edho proudu (max. 60 mA na LED)<\/p>\r\n<\/li>\r\n<li data-start=\"2732\" data-end=\"2783\">\r\n<p data-start=\"2734\" data-end=\"2783\">Vysok\u00e1 hustota LED a \u0161pi\u010dkov\u00e1 energetick\u00e1 \u00fa\u010dinnost<\/p>\r\n<\/li>\r\n<li data-start=\"2784\" data-end=\"2843\">\r\n<p data-start=\"2786\" data-end=\"2843\">PCB s tlustou vrstvou m\u011bdi pro odolnost a tepeln\u00fd v\u00fdkon<\/p>\r\n<\/li>\r\n<\/ul>\r\n<p data-start=\"2845\" data-end=\"3023\"><strong data-start=\"2845\" data-end=\"2867\">ESTA LED PRO Stripe<\/strong> je ide\u00e1ln\u00ed volbou pro reziden\u010dn\u00ed, komer\u010dn\u00ed a profesion\u00e1ln\u00ed osv\u011btlovac\u00ed aplikace, kde jsou spolehlivost, \u00fa\u010dinnost a \u010dist\u00e1 instalace kl\u00ed\u010dov\u00e9.<\/p>\r\n<h2>Technick\u00e9 specifikace<\/h2>\r\n<table class=\"connecta-specs\">\r\n<tbody>\r\n<tr>\r\n<th>Typ produktu<\/th>\r\n<td>ESTA LED PRO Stripe<\/td>\r\n<\/tr>\r\n<tr>\r\n<th>Materi\u00e1l<\/th>\r\n<td>Flexibiln\u00ed PCB LED p\u00e1sek<\/td>\r\n<\/tr>\r\n<tr>\r\n<th>\u0160\u00ed\u0159ka p\u00e1sku<\/th>\r\n<td>10 mm<\/td>\r\n<\/tr>\r\n<tr>\r\n<th>D\u00e9lka role<\/th>\r\n<td>5 m (nebo vlastn\u00ed d\u00e9lka)<\/td>\r\n<\/tr>\r\n<tr>\r\n<th>D\u011blitelnost<\/th>\r\n<td>10 cm<\/td>\r\n<\/tr>\r\n<tr>\r\n<th>Hustota LED<\/th>\r\n<td>70 LED na metr<\/td>\r\n<\/tr>\r\n<tr>\r\n<th>Typ LED<\/th>\r\n<td>LED OSRAM DURIS 2835<\/td>\r\n<\/tr>\r\n<tr>\r\n<th>Teplota chromati\u010dnosti (CCT)<\/th>\r\n<td>\r\n 2200K, 2700K, 3000K, 3500K, 4000K, 5000K, 5700K, 6500K\r\n      <\/td>\r\n<\/tr>\r\n<tr>\r\n<th>Index pod\u00e1n\u00ed barev (CRI)<\/th>\r\n<td>CRI &gt;80 nebo CRI &gt;90 (voliteln\u011b)<\/td>\r\n<\/tr>\r\n<tr>\r\n<th>Sv\u011bteln\u00e1 \u00fa\u010dinnost<\/th>\r\n<td>148\u2013165 lm\/W (v z\u00e1vislosti na CCT)<\/td>\r\n<\/tr>\r\n<tr>\r\n<th>Sv\u011bteln\u00fd tok<\/th>\r\n<td>A\u017e 2000 lm\/m (v z\u00e1vislosti na teplot\u011b barvy LED)<\/td>\r\n<\/tr>\r\n<tr>\r\n<th>Provozn\u00ed nap\u011bt\u00ed<\/th>\r\n<td>24 V DC<\/td>\r\n<\/tr>\r\n<tr>\r\n<th>Spot\u0159eba energie<\/th>\r\n<td>\r\n 14,4 W\/m      <\/td>\r\n<\/tr>\r\n<tr>\r\n<th>\u0158\u00edzen\u00ed proudu<\/th>\r\n<td>Infineon IC \u0159\u00edzen\u00ed konstantn\u00edho proudu, max. 60 mA na LED<\/td>\r\n<\/tr>\r\n<tr>\r\n<th>Tlou\u0161\u0165ka m\u011bdi<\/th>\r\n<td>105 \u00b5m (0,105 mm)<\/td>\r\n<\/tr>\r\n<tr>\r\n<th>ESD ochrana<\/th>\r\n<td>2 kV podle ANSI\/ESDA\/JEDEC JS-001 (HBM, t\u0159\u00edda 2)<\/td>\r\n<\/tr>\r\n<tr>\r\n<th>Stupe\u0148 kryt\u00ed<\/th>\r\n<td>IP10<\/td>\r\n<\/tr>\r\n<tr>\r\n<th>T\u0159\u00edda energetick\u00e9 \u00fa\u010dinnosti<\/th>\r\n<td>T\u0159\u00edda C nebo D (v z\u00e1vislosti na CCT)<\/td>\r\n<\/tr>\r\n<tr>\r\n<th>\u017divotnost<\/th>\r\n<td>&gt;50 000 hodin<\/td>\r\n<\/tr>\r\n<tr>\r\n<th>Lepic\u00ed podklad<\/th>\r\n<td>Origin\u00e1ln\u00ed oboustrann\u00e1 lepic\u00ed p\u00e1ska 3M<\/td>\r\n<\/tr>\r\n<tr>\r\n<th>V\u00fdrobce<\/th>\r\n<td>ESTA, Kru\u0161evac, Srbsko<\/td>\r\n<\/tr>\r\n<tr>\r\n<th>Certifikace<\/th>\r\n<td>Shoda s CE<\/td>\r\n<\/tr>\r\n<\/tbody>\r\n<\/table>\r\n<p><script type=\"application\/ld+json\">\r\n{\r\n  \"@context\": \"https:\/\/schema.org\",\r\n  \"@type\": \"Product\",\r\n  \"@id\": \"https:\/\/connectaled.com\/product\/esta-led-pro-stripe\/#product\",\r\n  \"name\": \"ESTA LED PRO Stripe \",\r\n  \"inLanguage\": \"en\",\r\n  \"offers\": {\r\n    \"@type\": \"Offer\",\r\n    \"url\": \"https:\/\/connectaled.com\/product\/esta-led-pro-stripe\/\",\r\n    \"priceCurrency\": \"EUR\",\r\n    \"price\": \"30\",\r\n    \"availability\": \"https:\/\/schema.org\/InStock\",\r\n\"shippingDetails\": [\r\n  {\r\n    \"@type\": \"OfferShippingDetails\",\r\n    \"shippingDestination\": { \"@type\": \"DefinedRegion\", \"addressCountry\": \"DE\" },\r\n    \"shippingRate\": { \"@type\": \"MonetaryAmount\", \"value\": \"5.00\", \"currency\": \"EUR\" },\r\n    \"deliveryTime\": {\r\n      \"@type\": \"ShippingDeliveryTime\",\r\n      \"handlingTime\": { \"@type\": \"QuantitativeValue\", \"minValue\": 1, \"maxValue\": 2, \"unitCode\": \"DAY\" },\r\n      \"transitTime\": { \"@type\": \"QuantitativeValue\", \"minValue\": 7, \"maxValue\": 10, \"unitCode\": \"DAY\" }\r\n    }\r\n  },\r\n  {\r\n    \"@type\": \"OfferShippingDetails\",\r\n    \"shippingDestination\": { \"@type\": \"DefinedRegion\", \"addressCountry\": \"AT\" },\r\n    \"shippingRate\": { \"@type\": \"MonetaryAmount\", \"value\": \"5.00\", \"currency\": \"EUR\" },\r\n    \"deliveryTime\": {\r\n      \"@type\": \"ShippingDeliveryTime\",\r\n      \"handlingTime\": { \"@type\": \"QuantitativeValue\", \"minValue\": 1, \"maxValue\": 2, \"unitCode\": \"DAY\" },\r\n      \"transitTime\": { \"@type\": \"QuantitativeValue\", \"minValue\": 7, \"maxValue\": 10, \"unitCode\": \"DAY\" }\r\n    }\r\n  },\r\n  {\r\n    \"@type\": \"OfferShippingDetails\",\r\n    \"shippingDestination\": { \"@type\": \"DefinedRegion\", \"addressCountry\": \"FR\" },\r\n    \"shippingRate\": { \"@type\": \"MonetaryAmount\", \"value\": \"5.00\", \"currency\": \"EUR\" },\r\n    \"deliveryTime\": {\r\n      \"@type\": \"ShippingDeliveryTime\",\r\n      \"handlingTime\": { \"@type\": \"QuantitativeValue\", \"minValue\": 1, \"maxValue\": 2, \"unitCode\": \"DAY\" },\r\n      \"transitTime\": { \"@type\": \"QuantitativeValue\", \"minValue\": 7, \"maxValue\": 10, \"unitCode\": \"DAY\" }\r\n    }\r\n  },\r\n  {\r\n    \"@type\": \"OfferShippingDetails\",\r\n    \"shippingDestination\": { \"@type\": \"DefinedRegion\", \"addressCountry\": \"IT\" },\r\n    \"shippingRate\": { \"@type\": \"MonetaryAmount\", \"value\": \"5.00\", \"currency\": \"EUR\" },\r\n    \"deliveryTime\": {\r\n      \"@type\": \"ShippingDeliveryTime\",\r\n      \"handlingTime\": { \"@type\": \"QuantitativeValue\", \"minValue\": 1, \"maxValue\": 2, \"unitCode\": \"DAY\" },\r\n      \"transitTime\": { \"@type\": \"QuantitativeValue\", \"minValue\": 7, \"maxValue\": 10, \"unitCode\": \"DAY\" }\r\n    }\r\n  },\r\n  {\r\n    \"@type\": \"OfferShippingDetails\",\r\n    \"shippingDestination\": { \"@type\": \"DefinedRegion\", \"addressCountry\": \"ES\" },\r\n    \"shippingRate\": { \"@type\": \"MonetaryAmount\", \"value\": \"5.00\", \"currency\": \"EUR\" },\r\n    \"deliveryTime\": {\r\n      \"@type\": \"ShippingDeliveryTime\",\r\n      \"handlingTime\": { \"@type\": \"QuantitativeValue\", \"minValue\": 1, \"maxValue\": 2, \"unitCode\": \"DAY\" },\r\n      \"transitTime\": { \"@type\": \"QuantitativeValue\", \"minValue\": 7, \"maxValue\": 10, \"unitCode\": \"DAY\" }\r\n    }\r\n  },\r\n  {\r\n    \"@type\": \"OfferShippingDetails\",\r\n    \"shippingDestination\": { \"@type\": \"DefinedRegion\", \"addressCountry\": \"SI\" },\r\n    \"shippingRate\": { \"@type\": \"MonetaryAmount\", \"value\": \"5.00\", \"currency\": \"EUR\" },\r\n    \"deliveryTime\": {\r\n      \"@type\": \"ShippingDeliveryTime\",\r\n      \"handlingTime\": { \"@type\": \"QuantitativeValue\", \"minValue\": 1, \"maxValue\": 2, \"unitCode\": \"DAY\" },\r\n      \"transitTime\": { \"@type\": \"QuantitativeValue\", \"minValue\": 7, \"maxValue\": 10, \"unitCode\": \"DAY\" }\r\n    }\r\n  },\r\n  {\r\n    \"@type\": \"OfferShippingDetails\",\r\n    \"shippingDestination\": { \"@type\": \"DefinedRegion\", \"addressCountry\": \"DK\" },\r\n    \"shippingRate\": { \"@type\": \"MonetaryAmount\", \"value\": \"5.00\", \"currency\": \"EUR\" },\r\n    \"deliveryTime\": {\r\n      \"@type\": \"ShippingDeliveryTime\",\r\n      \"handlingTime\": { \"@type\": \"QuantitativeValue\", \"minValue\": 1, \"maxValue\": 2, \"unitCode\": \"DAY\" },\r\n      \"transitTime\": { \"@type\": \"QuantitativeValue\", \"minValue\": 7, \"maxValue\": 10, \"unitCode\": \"DAY\" }\r\n    }\r\n  },\r\n  {\r\n    \"@type\": \"OfferShippingDetails\",\r\n    \"shippingDestination\": { \"@type\": \"DefinedRegion\", \"addressCountry\": \"SE\" },\r\n    \"shippingRate\": { \"@type\": \"MonetaryAmount\", \"value\": \"5.00\", \"currency\": \"EUR\" },\r\n    \"deliveryTime\": {\r\n      \"@type\": \"ShippingDeliveryTime\",\r\n      \"handlingTime\": { \"@type\": \"QuantitativeValue\", \"minValue\": 1, \"maxValue\": 2, \"unitCode\": \"DAY\" },\r\n      \"transitTime\": { \"@type\": \"QuantitativeValue\", \"minValue\": 7, \"maxValue\": 10, \"unitCode\": \"DAY\" }\r\n    }\r\n  }\r\n],<\/p>\r\n<p>    \"hasMerchantReturnPolicy\": {\r\n      \"@type\": \"MerchantReturnPolicy\",\r\n      \"applicableCountry\": [\"DE\",\"AT\",\"FR\",\"IT\",\"ES\",\"SI\",\"DK\",\"SE\"],\r\n      \"returnPolicyCategory\": \"https:\/\/schema.org\/MerchantReturnFiniteReturnWindow\",\r\n      \"merchantReturnDays\": 14,\r\n      \"returnMethod\": \"https:\/\/schema.org\/ReturnByMail\",\r\n      \"returnFees\": \"https:\/\/schema.org\/ReturnFeesCustomerResponsibility\"\r\n    }\r\n  }\r\n}\r\n<\/script><\/p>\r\n","protected":false},"excerpt":{"rendered":"<div class=\"connecta-uspgrid\">\n<div class=\"card\">\n<div class=\"top\"><span class=\"icon\">\ud83d\udee1\ufe0f<\/span><strong>Integrovan\u00e1 ochrana<\/strong><\/div>\n<p>Integrovan\u00e1 ESD ochrana a elektronick\u00e1 regulace proudu do 60 mA na LED.<\/p>\n<\/p><\/div>\n<div class=\"card\">\n<div class=\"top\"><span class=\"icon\">\ud83d\udca1<\/span><strong>Vysok\u00e1 \u00fa\u010dinnost<\/strong><\/div>\n<p>A\u017e 165 lm\/W s rovnom\u011brn\u00fdm sv\u011bteln\u00fdm v\u00fdstupem v cel\u00e9 instalaci.<\/p>\n<\/p><\/div>\n<div class=\"card\">\n<div class=\"top\"><span class=\"icon\">\ud83e\uddf2<\/span><strong>Snadn\u00e1 mont\u00e1\u017e<\/strong><\/div>\n<p>Origin\u00e1ln\u00ed samolepic\u00ed podklad 3M pro rychlou a \u010distou instalaci.<\/p>\n<\/p><\/div>\n<div class=\"card\">\n<div class=\"top\"><span class=\"icon\">\u2705<\/span><strong>Shoda s CE<\/strong><\/div>\n<p>Navr\u017eeno spl\u0148ovat p\u0159\u00edslu\u0161n\u00e9 bezpe\u010dnostn\u00ed a technick\u00e9 po\u017eadavky EU.<\/p>\n<\/p><\/div>\n<\/div>\n","protected":false},"featured_media":52894,"comment_status":"open","ping_status":"closed","template":"","meta":{"iawp_total_views":13},"product_brand":[],"product_cat":[87],"product_tag":[86],"class_list":{"0":"post-52830","1":"product","2":"type-product","3":"status-publish","4":"has-post-thumbnail","6":"product_cat-led-pasky","7":"product_tag-led-pasek","8":"sales-flash-overlay","9":"woocommerce-text-align-center","10":"woocommerce-image-align-center","11":"do-quantity-buttons","12":"wc-has-gallery","14":"first","15":"instock","16":"shipping-taxable","17":"purchasable","18":"product-type-variable"},"yoast_head":"<!-- This site is optimized with the Yoast SEO plugin v27.4 - https:\/\/yoast.com\/product\/yoast-seo-wordpress\/ -->\n<title>Modul\u00e1rn\u00ed LED p\u00e1sek 24V Connecta | Profesion\u00e1ln\u00ed \u0159e\u0161en\u00ed<\/title>\n<meta name=\"description\" content=\"Profesion\u00e1ln\u00ed LED p\u00e1sek 24V s konstantn\u00edm proudem, ESD ochranou a \u00fa\u010dinnost\u00ed a\u017e 165 lm\/W. 70 LED\/m, dlouh\u00e1 \u017eivotnost, ide\u00e1ln\u00ed pro projekty.\" \/>\n<meta name=\"robots\" content=\"index, follow, max-snippet:-1, max-image-preview:large, max-video-preview:-1\" \/>\n<link rel=\"canonical\" href=\"https:\/\/connectaled.com\/cs\/produkt\/led-pasek-connecta-copy-2\/\" \/>\n<meta property=\"og:locale\" content=\"cs_CZ\" \/>\n<meta property=\"og:type\" content=\"article\" \/>\n<meta property=\"og:title\" content=\"Modul\u00e1rn\u00ed LED p\u00e1sek 24V Connecta | Profesion\u00e1ln\u00ed \u0159e\u0161en\u00ed\" \/>\n<meta property=\"og:description\" content=\"Profesion\u00e1ln\u00ed LED p\u00e1sek 24V s konstantn\u00edm proudem, ESD ochranou a \u00fa\u010dinnost\u00ed a\u017e 165 lm\/W. 70 LED\/m, dlouh\u00e1 \u017eivotnost, ide\u00e1ln\u00ed pro projekty.\" \/>\n<meta property=\"og:url\" content=\"https:\/\/connectaled.com\/cs\/produkt\/led-pasek-connecta-copy-2\/\" \/>\n<meta property=\"og:site_name\" content=\"Connecta\" \/>\n<meta property=\"article:modified_time\" content=\"2026-04-05T18:44:56+00:00\" \/>\n<meta property=\"og:image\" content=\"https:\/\/connectaled.com\/wp-content\/uploads\/2026\/04\/ESTA-LED-PRO-1.jpg\" \/>\n\t<meta property=\"og:image:width\" content=\"1200\" \/>\n\t<meta property=\"og:image:height\" content=\"1600\" \/>\n\t<meta property=\"og:image:type\" content=\"image\/jpeg\" \/>\n<meta name=\"twitter:card\" content=\"summary_large_image\" \/>\n<meta name=\"twitter:label1\" content=\"Odhadovan\u00e1 doba \u010dten\u00ed\" \/>\n\t<meta name=\"twitter:data1\" content=\"2 minuty\" \/>\n<script type=\"application\/ld+json\" class=\"yoast-schema-graph\">{\"@context\":\"https:\\\/\\\/schema.org\",\"@graph\":[{\"@type\":\"WebPage\",\"@id\":\"https:\\\/\\\/connectaled.com\\\/cs\\\/produkt\\\/led-pasek-connecta-copy-2\\\/\",\"url\":\"https:\\\/\\\/connectaled.com\\\/cs\\\/produkt\\\/led-pasek-connecta-copy-2\\\/\",\"name\":\"Modul\u00e1rn\u00ed LED p\u00e1sek 24V Connecta | Profesion\u00e1ln\u00ed \u0159e\u0161en\u00ed\",\"isPartOf\":{\"@id\":\"https:\\\/\\\/connectaled.com\\\/cs\\\/#website\"},\"primaryImageOfPage\":{\"@id\":\"https:\\\/\\\/connectaled.com\\\/cs\\\/produkt\\\/led-pasek-connecta-copy-2\\\/#primaryimage\"},\"image\":{\"@id\":\"https:\\\/\\\/connectaled.com\\\/cs\\\/produkt\\\/led-pasek-connecta-copy-2\\\/#primaryimage\"},\"thumbnailUrl\":\"https:\\\/\\\/connectaled.com\\\/wp-content\\\/uploads\\\/2026\\\/04\\\/ESTA-LED-PRO-1.jpg\",\"datePublished\":\"2026-04-05T15:12:56+00:00\",\"dateModified\":\"2026-04-05T18:44:56+00:00\",\"description\":\"Profesion\u00e1ln\u00ed LED p\u00e1sek 24V s konstantn\u00edm proudem, ESD ochranou a \u00fa\u010dinnost\u00ed a\u017e 165 lm\\\/W. 70 LED\\\/m, dlouh\u00e1 \u017eivotnost, ide\u00e1ln\u00ed pro projekty.\",\"breadcrumb\":{\"@id\":\"https:\\\/\\\/connectaled.com\\\/cs\\\/produkt\\\/led-pasek-connecta-copy-2\\\/#breadcrumb\"},\"inLanguage\":\"cs\",\"potentialAction\":[{\"@type\":\"ReadAction\",\"target\":[\"https:\\\/\\\/connectaled.com\\\/cs\\\/produkt\\\/led-pasek-connecta-copy-2\\\/\"]}]},{\"@type\":\"ImageObject\",\"inLanguage\":\"cs\",\"@id\":\"https:\\\/\\\/connectaled.com\\\/cs\\\/produkt\\\/led-pasek-connecta-copy-2\\\/#primaryimage\",\"url\":\"https:\\\/\\\/connectaled.com\\\/wp-content\\\/uploads\\\/2026\\\/04\\\/ESTA-LED-PRO-1.jpg\",\"contentUrl\":\"https:\\\/\\\/connectaled.com\\\/wp-content\\\/uploads\\\/2026\\\/04\\\/ESTA-LED-PRO-1.jpg\",\"width\":1200,\"height\":1600,\"caption\":\"ESTA LED PRO 1\"},{\"@type\":\"BreadcrumbList\",\"@id\":\"https:\\\/\\\/connectaled.com\\\/cs\\\/produkt\\\/led-pasek-connecta-copy-2\\\/#breadcrumb\",\"itemListElement\":[{\"@type\":\"ListItem\",\"position\":1,\"name\":\"Home\",\"item\":\"https:\\\/\\\/connectaled.com\\\/cs\\\/\"},{\"@type\":\"ListItem\",\"position\":2,\"name\":\"Obchod\",\"item\":\"https:\\\/\\\/connectaled.com\\\/cs\\\/obchod\\\/\"},{\"@type\":\"ListItem\",\"position\":3,\"name\":\"ESTA LED PRO Stripe, 5m role\"}]},{\"@type\":\"WebSite\",\"@id\":\"https:\\\/\\\/connectaled.com\\\/cs\\\/#website\",\"url\":\"https:\\\/\\\/connectaled.com\\\/cs\\\/\",\"name\":\"Click&Light\",\"description\":\"Click&amp;Light\",\"publisher\":{\"@id\":\"https:\\\/\\\/connectaled.com\\\/cs\\\/#organization\"},\"alternateName\":\"Profesional LED Stripes\",\"potentialAction\":[{\"@type\":\"SearchAction\",\"target\":{\"@type\":\"EntryPoint\",\"urlTemplate\":\"https:\\\/\\\/connectaled.com\\\/cs\\\/?s={search_term_string}\"},\"query-input\":{\"@type\":\"PropertyValueSpecification\",\"valueRequired\":true,\"valueName\":\"search_term_string\"}}],\"inLanguage\":\"cs\"},{\"@type\":\"Organization\",\"@id\":\"https:\\\/\\\/connectaled.com\\\/cs\\\/#organization\",\"name\":\"Click&Light\",\"alternateName\":\"ESTA Connecta LED Profesional LED Stripes\",\"url\":\"https:\\\/\\\/connectaled.com\\\/cs\\\/\",\"logo\":{\"@type\":\"ImageObject\",\"inLanguage\":\"cs\",\"@id\":\"https:\\\/\\\/connectaled.com\\\/cs\\\/#\\\/schema\\\/logo\\\/image\\\/\",\"url\":\"https:\\\/\\\/connectaled.com\\\/wp-content\\\/uploads\\\/2026\\\/02\\\/0971ccf6-3fff-42e1-94cc-ad01a54d4b85-4.png\",\"contentUrl\":\"https:\\\/\\\/connectaled.com\\\/wp-content\\\/uploads\\\/2026\\\/02\\\/0971ccf6-3fff-42e1-94cc-ad01a54d4b85-4.png\",\"width\":1326,\"height\":330,\"caption\":\"Click&Light\"},\"image\":{\"@id\":\"https:\\\/\\\/connectaled.com\\\/cs\\\/#\\\/schema\\\/logo\\\/image\\\/\"}}]}<\/script>\n<!-- \/ Yoast SEO plugin. -->","yoast_head_json":{"title":"Modul\u00e1rn\u00ed LED p\u00e1sek 24V Connecta | Profesion\u00e1ln\u00ed \u0159e\u0161en\u00ed","description":"Profesion\u00e1ln\u00ed LED p\u00e1sek 24V s konstantn\u00edm proudem, ESD ochranou a \u00fa\u010dinnost\u00ed a\u017e 165 lm\/W. 70 LED\/m, dlouh\u00e1 \u017eivotnost, ide\u00e1ln\u00ed pro projekty.","robots":{"index":"index","follow":"follow","max-snippet":"max-snippet:-1","max-image-preview":"max-image-preview:large","max-video-preview":"max-video-preview:-1"},"canonical":"https:\/\/connectaled.com\/cs\/produkt\/led-pasek-connecta-copy-2\/","og_locale":"cs_CZ","og_type":"article","og_title":"Modul\u00e1rn\u00ed LED p\u00e1sek 24V Connecta | Profesion\u00e1ln\u00ed \u0159e\u0161en\u00ed","og_description":"Profesion\u00e1ln\u00ed LED p\u00e1sek 24V s konstantn\u00edm proudem, ESD ochranou a \u00fa\u010dinnost\u00ed a\u017e 165 lm\/W. 70 LED\/m, dlouh\u00e1 \u017eivotnost, ide\u00e1ln\u00ed pro projekty.","og_url":"https:\/\/connectaled.com\/cs\/produkt\/led-pasek-connecta-copy-2\/","og_site_name":"Connecta","article_modified_time":"2026-04-05T18:44:56+00:00","og_image":[{"width":1200,"height":1600,"url":"https:\/\/connectaled.com\/wp-content\/uploads\/2026\/04\/ESTA-LED-PRO-1.jpg","type":"image\/jpeg"}],"twitter_card":"summary_large_image","twitter_misc":{"Odhadovan\u00e1 doba \u010dten\u00ed":"2 minuty"},"schema":{"@context":"https:\/\/schema.org","@graph":[{"@type":"WebPage","@id":"https:\/\/connectaled.com\/cs\/produkt\/led-pasek-connecta-copy-2\/","url":"https:\/\/connectaled.com\/cs\/produkt\/led-pasek-connecta-copy-2\/","name":"Modul\u00e1rn\u00ed LED p\u00e1sek 24V Connecta | Profesion\u00e1ln\u00ed \u0159e\u0161en\u00ed","isPartOf":{"@id":"https:\/\/connectaled.com\/cs\/#website"},"primaryImageOfPage":{"@id":"https:\/\/connectaled.com\/cs\/produkt\/led-pasek-connecta-copy-2\/#primaryimage"},"image":{"@id":"https:\/\/connectaled.com\/cs\/produkt\/led-pasek-connecta-copy-2\/#primaryimage"},"thumbnailUrl":"https:\/\/connectaled.com\/wp-content\/uploads\/2026\/04\/ESTA-LED-PRO-1.jpg","datePublished":"2026-04-05T15:12:56+00:00","dateModified":"2026-04-05T18:44:56+00:00","description":"Profesion\u00e1ln\u00ed LED p\u00e1sek 24V s konstantn\u00edm proudem, ESD ochranou a \u00fa\u010dinnost\u00ed a\u017e 165 lm\/W. 70 LED\/m, dlouh\u00e1 \u017eivotnost, ide\u00e1ln\u00ed pro projekty.","breadcrumb":{"@id":"https:\/\/connectaled.com\/cs\/produkt\/led-pasek-connecta-copy-2\/#breadcrumb"},"inLanguage":"cs","potentialAction":[{"@type":"ReadAction","target":["https:\/\/connectaled.com\/cs\/produkt\/led-pasek-connecta-copy-2\/"]}]},{"@type":"ImageObject","inLanguage":"cs","@id":"https:\/\/connectaled.com\/cs\/produkt\/led-pasek-connecta-copy-2\/#primaryimage","url":"https:\/\/connectaled.com\/wp-content\/uploads\/2026\/04\/ESTA-LED-PRO-1.jpg","contentUrl":"https:\/\/connectaled.com\/wp-content\/uploads\/2026\/04\/ESTA-LED-PRO-1.jpg","width":1200,"height":1600,"caption":"ESTA LED PRO 1"},{"@type":"BreadcrumbList","@id":"https:\/\/connectaled.com\/cs\/produkt\/led-pasek-connecta-copy-2\/#breadcrumb","itemListElement":[{"@type":"ListItem","position":1,"name":"Home","item":"https:\/\/connectaled.com\/cs\/"},{"@type":"ListItem","position":2,"name":"Obchod","item":"https:\/\/connectaled.com\/cs\/obchod\/"},{"@type":"ListItem","position":3,"name":"ESTA LED PRO Stripe, 5m role"}]},{"@type":"WebSite","@id":"https:\/\/connectaled.com\/cs\/#website","url":"https:\/\/connectaled.com\/cs\/","name":"Click&Light","description":"Click&amp;Light","publisher":{"@id":"https:\/\/connectaled.com\/cs\/#organization"},"alternateName":"Profesional LED Stripes","potentialAction":[{"@type":"SearchAction","target":{"@type":"EntryPoint","urlTemplate":"https:\/\/connectaled.com\/cs\/?s={search_term_string}"},"query-input":{"@type":"PropertyValueSpecification","valueRequired":true,"valueName":"search_term_string"}}],"inLanguage":"cs"},{"@type":"Organization","@id":"https:\/\/connectaled.com\/cs\/#organization","name":"Click&Light","alternateName":"ESTA Connecta LED Profesional LED Stripes","url":"https:\/\/connectaled.com\/cs\/","logo":{"@type":"ImageObject","inLanguage":"cs","@id":"https:\/\/connectaled.com\/cs\/#\/schema\/logo\/image\/","url":"https:\/\/connectaled.com\/wp-content\/uploads\/2026\/02\/0971ccf6-3fff-42e1-94cc-ad01a54d4b85-4.png","contentUrl":"https:\/\/connectaled.com\/wp-content\/uploads\/2026\/02\/0971ccf6-3fff-42e1-94cc-ad01a54d4b85-4.png","width":1326,"height":330,"caption":"Click&Light"},"image":{"@id":"https:\/\/connectaled.com\/cs\/#\/schema\/logo\/image\/"}}]}},"jetpack_sharing_enabled":true,"_links":{"self":[{"href":"https:\/\/connectaled.com\/cs\/wp-json\/wp\/v2\/product\/52830","targetHints":{"allow":["GET"]}}],"collection":[{"href":"https:\/\/connectaled.com\/cs\/wp-json\/wp\/v2\/product"}],"about":[{"href":"https:\/\/connectaled.com\/cs\/wp-json\/wp\/v2\/types\/product"}],"replies":[{"embeddable":true,"href":"https:\/\/connectaled.com\/cs\/wp-json\/wp\/v2\/comments?post=52830"}],"wp:featuredmedia":[{"embeddable":true,"href":"https:\/\/connectaled.com\/cs\/wp-json\/wp\/v2\/media\/52894"}],"wp:attachment":[{"href":"https:\/\/connectaled.com\/cs\/wp-json\/wp\/v2\/media?parent=52830"}],"wp:term":[{"taxonomy":"product_brand","embeddable":true,"href":"https:\/\/connectaled.com\/cs\/wp-json\/wp\/v2\/product_brand?post=52830"},{"taxonomy":"product_cat","embeddable":true,"href":"https:\/\/connectaled.com\/cs\/wp-json\/wp\/v2\/product_cat?post=52830"},{"taxonomy":"product_tag","embeddable":true,"href":"https:\/\/connectaled.com\/cs\/wp-json\/wp\/v2\/product_tag?post=52830"}],"curies":[{"name":"wp","href":"https:\/\/api.w.org\/{rel}","templated":true}]}}