{"id":51463,"date":"2026-01-10T22:20:17","date_gmt":"2026-01-10T21:20:17","guid":{"rendered":"https:\/\/connectaled.com\/zasady-vraceni-zbozi-a-penez\/"},"modified":"2026-02-22T20:03:29","modified_gmt":"2026-02-22T19:03:29","slug":"zasady-vraceni-zbozi-a-penez","status":"publish","type":"page","link":"https:\/\/connectaled.com\/cs\/zasady-vraceni-zbozi-a-penez\/","title":{"rendered":"Z\u00e1sady vr\u00e1cen\u00ed zbo\u017e\u00ed a pen\u011bz"},"content":{"rendered":"\n<h1>Z\u00e1sady vr\u00e1cen\u00ed zbo\u017e\u00ed a pen\u011bz<\/h1>\n<p><strong>Posledn\u00ed aktualizace:<\/strong> leden 2026<\/p>\n\n<h2>1. Pr\u00e1vo spot\u0159ebitele v EU na odstoupen\u00ed od smlouvy<\/h2>\n<p>\nPokud jste spot\u0159ebitelem s bydli\u0161t\u011bm v Evropsk\u00e9 unii, m\u00e1te pr\u00e1vo odstoupit od n\u00e1kupu do 14dn\u016f bez ud\u00e1n\u00ed d\u016fvodu v souladu se sm\u011brnic\u00ed 2011\/83\/EU.\n<\/p>\n\n<h2>2. Lh\u016fta pro odstoupen\u00ed od smlouvy<\/h2>\n<p>\nLh\u016fta pro odstoupen\u00ed od smlouvy \u010din\u00ed 14dn\u00ed ode dne, kdy jste vy nebo v\u00e1mi ur\u010den\u00e1 t\u0159et\u00ed osoba fyzicky p\u0159evzali zbo\u017e\u00ed.\n<\/p>\n\n<h2>3. Uplatn\u011bn\u00ed pr\u00e1va na odstoupen\u00ed od smlouvy<\/h2>\n<p>\nChcete-li uplatnit sv\u00e9 pr\u00e1vo na odstoupen\u00ed od smlouvy, mus\u00edte n\u00e1m sv\u00e9 rozhodnut\u00ed ozn\u00e1mit e-mailem:\n<a href=\"mailto:admin@connectaled.com\">admin@connectaled.com<\/a>.\n<\/p>\n\n<h2>4. D\u016fsledky odstoupen\u00ed od smlouvy<\/h2>\n<p>\nPokud od t\u00e9to smlouvy odstoup\u00edte, vr\u00e1t\u00edme v\u00e1m v\u0161echny platby, kter\u00e9 jsme od v\u00e1s obdr\u017eeli, v\u010detn\u011b n\u00e1klad\u016f na standardn\u00ed dod\u00e1n\u00ed.\nVr\u00e1cen\u00ed pen\u011bz bude provedeno stejn\u00fdm platebn\u00edm prost\u0159edkem, kter\u00fd jste pou\u017eili p\u0159i p\u016fvodn\u00ed transakci, a to do 14\u00a0dn\u016f.\n<\/p>\n\n<h2>5. Vr\u00e1cen\u00ed zbo\u017e\u00ed<\/h2>\n<p>\nZbo\u017e\u00ed mus\u00ed b\u00fdt vr\u00e1ceno bezodkladn\u011b a nejpozd\u011bji do 14dn\u016f od ozn\u00e1men\u00ed o odstoupen\u00ed od smlouvy.\n<\/p>\n\n<h2>6. N\u00e1klady na vr\u00e1cen\u00ed zbo\u017e\u00ed<\/h2>\n<p>\nPonesete p\u0159\u00edm\u00e9 n\u00e1klady spojen\u00e9 s vr\u00e1cen\u00edm zbo\u017e\u00ed, leda\u017ee by zbo\u017e\u00ed bylo vadn\u00e9 nebo bylo dod\u00e1no nespr\u00e1vn\u011b.\n<\/p>\n\n<h2>7. Sn\u00ed\u017een\u00ed hodnoty<\/h2>\n<p>\nOdpov\u00edd\u00e1te pouze za sn\u00ed\u017een\u00ed hodnoty zbo\u017e\u00ed v d\u016fsledku nakl\u00e1d\u00e1n\u00ed s t\u00edmto zbo\u017e\u00edm jin\u00fdm zp\u016fsobem, ne\u017e kter\u00fd je nutn\u00fd k obezn\u00e1men\u00ed se s povahou, vlastnostmi a funk\u010dnost\u00ed zbo\u017e\u00ed.\n<\/p>\n\n<h2>8. Vadn\u00e9 nebo se smlouvou neshodn\u00e9 produkty<\/h2>\n<p>\nPokud je produkt vadn\u00fd nebo neodpov\u00edd\u00e1 smlouv\u011b, m\u00e1te n\u00e1rok na prost\u0159edky n\u00e1pravy podle platn\u00fdch z\u00e1kon\u016f EU o ochran\u011b spot\u0159ebitele, v\u010detn\u011b opravy, v\u00fdm\u011bny nebo vr\u00e1cen\u00ed pen\u011bz.\n<\/p>\n","protected":false},"excerpt":{"rendered":"<p>Z\u00e1sady vr\u00e1cen\u00ed zbo\u017e\u00ed a pen\u011bz Posledn\u00ed aktualizace: leden 2026 1. Pr\u00e1vo spot\u0159ebitele v EU na odstoupen\u00ed od smlouvy Pokud jste spot\u0159ebitelem s bydli\u0161t\u011bm v Evropsk\u00e9 unii, m\u00e1te pr\u00e1vo odstoupit od n\u00e1kupu do 14dn\u016f bez ud\u00e1n\u00ed d\u016fvodu v souladu se sm\u011brnic\u00ed 2011\/83\/EU. 2. Lh\u016fta pro odstoupen\u00ed od smlouvy Lh\u016fta pro odstoupen\u00ed od smlouvy \u010din\u00ed 14dn\u00ed ode &#8230; <a title=\"Z\u00e1sady vr\u00e1cen\u00ed zbo\u017e\u00ed a pen\u011bz\" class=\"read-more\" href=\"https:\/\/connectaled.com\/cs\/zasady-vraceni-zbozi-a-penez\/\" aria-label=\"\u010c\u00edst v\u00edce o Z\u00e1sady vr\u00e1cen\u00ed zbo\u017e\u00ed a pen\u011bz\">Read more<\/a><\/p>\n","protected":false},"author":1,"featured_media":0,"parent":0,"menu_order":0,"comment_status":"closed","ping_status":"closed","template":"","meta":{"iawp_total_views":0,"footnotes":""},"class_list":["post-51463","page","type-page","status-publish"],"yoast_head":"<!-- This site is optimized with the Yoast SEO plugin v27.4 - https:\/\/yoast.com\/product\/yoast-seo-wordpress\/ -->\n<title>Z\u00e1sady vr\u00e1cen\u00ed zbo\u017e\u00ed a pen\u011bz &#8226; Connecta<\/title>\n<meta name=\"description\" content=\"14denn\u00ed lh\u016fta pro vr\u00e1cen\u00ed produkt\u016f Connecta LED. Odpov\u00edd\u00e1 spot\u0159ebitelsk\u00fdm pr\u00e1v\u016fm EU. Vr\u00e1cen\u00ed po\u0161tou, p\u0159i\u010dem\u017e n\u00e1klady na dopravu hrad\u00ed z\u00e1kazn\u00edk.\" \/>\n<meta name=\"robots\" content=\"noindex, follow\" \/>\n<meta property=\"og:locale\" content=\"cs_CZ\" \/>\n<meta property=\"og:type\" content=\"article\" \/>\n<meta property=\"og:title\" content=\"Z\u00e1sady vr\u00e1cen\u00ed zbo\u017e\u00ed a pen\u011bz &#8226; Connecta\" \/>\n<meta property=\"og:description\" content=\"14denn\u00ed lh\u016fta pro vr\u00e1cen\u00ed produkt\u016f Connecta LED. Odpov\u00edd\u00e1 spot\u0159ebitelsk\u00fdm pr\u00e1v\u016fm EU. Vr\u00e1cen\u00ed po\u0161tou, p\u0159i\u010dem\u017e n\u00e1klady na dopravu hrad\u00ed z\u00e1kazn\u00edk.\" \/>\n<meta property=\"og:url\" content=\"https:\/\/connectaled.com\/cs\/zasady-vraceni-zbozi-a-penez\/\" \/>\n<meta property=\"og:site_name\" content=\"Connecta\" \/>\n<meta property=\"article:modified_time\" content=\"2026-02-22T19:03:29+00:00\" \/>\n<meta name=\"twitter:card\" content=\"summary_large_image\" \/>\n<meta name=\"twitter:label1\" content=\"Odhadovan\u00e1 doba \u010dten\u00ed\" \/>\n\t<meta name=\"twitter:data1\" content=\"2 minuty\" \/>\n<script type=\"application\/ld+json\" class=\"yoast-schema-graph\">{\"@context\":\"https:\\\/\\\/schema.org\",\"@graph\":[{\"@type\":\"WebPage\",\"@id\":\"https:\\\/\\\/connectaled.com\\\/cs\\\/zasady-vraceni-zbozi-a-penez\\\/\",\"url\":\"https:\\\/\\\/connectaled.com\\\/cs\\\/zasady-vraceni-zbozi-a-penez\\\/\",\"name\":\"Z\u00e1sady vr\u00e1cen\u00ed zbo\u017e\u00ed a pen\u011bz &#8226; Connecta\",\"isPartOf\":{\"@id\":\"https:\\\/\\\/connectaled.com\\\/cs\\\/#website\"},\"datePublished\":\"2026-01-10T21:20:17+00:00\",\"dateModified\":\"2026-02-22T19:03:29+00:00\",\"description\":\"14denn\u00ed lh\u016fta pro vr\u00e1cen\u00ed produkt\u016f Connecta LED. Odpov\u00edd\u00e1 spot\u0159ebitelsk\u00fdm pr\u00e1v\u016fm EU. Vr\u00e1cen\u00ed po\u0161tou, p\u0159i\u010dem\u017e n\u00e1klady na dopravu hrad\u00ed z\u00e1kazn\u00edk.\",\"breadcrumb\":{\"@id\":\"https:\\\/\\\/connectaled.com\\\/cs\\\/zasady-vraceni-zbozi-a-penez\\\/#breadcrumb\"},\"inLanguage\":\"cs\",\"potentialAction\":[{\"@type\":\"ReadAction\",\"target\":[\"https:\\\/\\\/connectaled.com\\\/cs\\\/zasady-vraceni-zbozi-a-penez\\\/\"]}]},{\"@type\":\"BreadcrumbList\",\"@id\":\"https:\\\/\\\/connectaled.com\\\/cs\\\/zasady-vraceni-zbozi-a-penez\\\/#breadcrumb\",\"itemListElement\":[{\"@type\":\"ListItem\",\"position\":1,\"name\":\"Home\",\"item\":\"https:\\\/\\\/connectaled.com\\\/cs\\\/\"},{\"@type\":\"ListItem\",\"position\":2,\"name\":\"Z\u00e1sady vr\u00e1cen\u00ed zbo\u017e\u00ed a pen\u011bz\"}]},{\"@type\":\"WebSite\",\"@id\":\"https:\\\/\\\/connectaled.com\\\/cs\\\/#website\",\"url\":\"https:\\\/\\\/connectaled.com\\\/cs\\\/\",\"name\":\"Click&Light\",\"description\":\"Click&amp;Light\",\"publisher\":{\"@id\":\"https:\\\/\\\/connectaled.com\\\/cs\\\/#organization\"},\"alternateName\":\"Profesional LED Stripes\",\"potentialAction\":[{\"@type\":\"SearchAction\",\"target\":{\"@type\":\"EntryPoint\",\"urlTemplate\":\"https:\\\/\\\/connectaled.com\\\/cs\\\/?s={search_term_string}\"},\"query-input\":{\"@type\":\"PropertyValueSpecification\",\"valueRequired\":true,\"valueName\":\"search_term_string\"}}],\"inLanguage\":\"cs\"},{\"@type\":\"Organization\",\"@id\":\"https:\\\/\\\/connectaled.com\\\/cs\\\/#organization\",\"name\":\"Click&Light\",\"alternateName\":\"ESTA Connecta LED Profesional LED Stripes\",\"url\":\"https:\\\/\\\/connectaled.com\\\/cs\\\/\",\"logo\":{\"@type\":\"ImageObject\",\"inLanguage\":\"cs\",\"@id\":\"https:\\\/\\\/connectaled.com\\\/cs\\\/#\\\/schema\\\/logo\\\/image\\\/\",\"url\":\"https:\\\/\\\/connectaled.com\\\/wp-content\\\/uploads\\\/2026\\\/02\\\/0971ccf6-3fff-42e1-94cc-ad01a54d4b85-4.png\",\"contentUrl\":\"https:\\\/\\\/connectaled.com\\\/wp-content\\\/uploads\\\/2026\\\/02\\\/0971ccf6-3fff-42e1-94cc-ad01a54d4b85-4.png\",\"width\":1326,\"height\":330,\"caption\":\"Click&Light\"},\"image\":{\"@id\":\"https:\\\/\\\/connectaled.com\\\/cs\\\/#\\\/schema\\\/logo\\\/image\\\/\"}}]}<\/script>\n<!-- \/ Yoast SEO plugin. -->","yoast_head_json":{"title":"Z\u00e1sady vr\u00e1cen\u00ed zbo\u017e\u00ed a pen\u011bz &#8226; Connecta","description":"14denn\u00ed lh\u016fta pro vr\u00e1cen\u00ed produkt\u016f Connecta LED. Odpov\u00edd\u00e1 spot\u0159ebitelsk\u00fdm pr\u00e1v\u016fm EU. Vr\u00e1cen\u00ed po\u0161tou, p\u0159i\u010dem\u017e n\u00e1klady na dopravu hrad\u00ed z\u00e1kazn\u00edk.","robots":{"index":"noindex","follow":"follow"},"og_locale":"cs_CZ","og_type":"article","og_title":"Z\u00e1sady vr\u00e1cen\u00ed zbo\u017e\u00ed a pen\u011bz &#8226; Connecta","og_description":"14denn\u00ed lh\u016fta pro vr\u00e1cen\u00ed produkt\u016f Connecta LED. Odpov\u00edd\u00e1 spot\u0159ebitelsk\u00fdm pr\u00e1v\u016fm EU. Vr\u00e1cen\u00ed po\u0161tou, p\u0159i\u010dem\u017e n\u00e1klady na dopravu hrad\u00ed z\u00e1kazn\u00edk.","og_url":"https:\/\/connectaled.com\/cs\/zasady-vraceni-zbozi-a-penez\/","og_site_name":"Connecta","article_modified_time":"2026-02-22T19:03:29+00:00","twitter_card":"summary_large_image","twitter_misc":{"Odhadovan\u00e1 doba \u010dten\u00ed":"2 minuty"},"schema":{"@context":"https:\/\/schema.org","@graph":[{"@type":"WebPage","@id":"https:\/\/connectaled.com\/cs\/zasady-vraceni-zbozi-a-penez\/","url":"https:\/\/connectaled.com\/cs\/zasady-vraceni-zbozi-a-penez\/","name":"Z\u00e1sady vr\u00e1cen\u00ed zbo\u017e\u00ed a pen\u011bz &#8226; Connecta","isPartOf":{"@id":"https:\/\/connectaled.com\/cs\/#website"},"datePublished":"2026-01-10T21:20:17+00:00","dateModified":"2026-02-22T19:03:29+00:00","description":"14denn\u00ed lh\u016fta pro vr\u00e1cen\u00ed produkt\u016f Connecta LED. Odpov\u00edd\u00e1 spot\u0159ebitelsk\u00fdm pr\u00e1v\u016fm EU. Vr\u00e1cen\u00ed po\u0161tou, p\u0159i\u010dem\u017e n\u00e1klady na dopravu hrad\u00ed z\u00e1kazn\u00edk.","breadcrumb":{"@id":"https:\/\/connectaled.com\/cs\/zasady-vraceni-zbozi-a-penez\/#breadcrumb"},"inLanguage":"cs","potentialAction":[{"@type":"ReadAction","target":["https:\/\/connectaled.com\/cs\/zasady-vraceni-zbozi-a-penez\/"]}]},{"@type":"BreadcrumbList","@id":"https:\/\/connectaled.com\/cs\/zasady-vraceni-zbozi-a-penez\/#breadcrumb","itemListElement":[{"@type":"ListItem","position":1,"name":"Home","item":"https:\/\/connectaled.com\/cs\/"},{"@type":"ListItem","position":2,"name":"Z\u00e1sady vr\u00e1cen\u00ed zbo\u017e\u00ed a pen\u011bz"}]},{"@type":"WebSite","@id":"https:\/\/connectaled.com\/cs\/#website","url":"https:\/\/connectaled.com\/cs\/","name":"Click&Light","description":"Click&amp;Light","publisher":{"@id":"https:\/\/connectaled.com\/cs\/#organization"},"alternateName":"Profesional LED Stripes","potentialAction":[{"@type":"SearchAction","target":{"@type":"EntryPoint","urlTemplate":"https:\/\/connectaled.com\/cs\/?s={search_term_string}"},"query-input":{"@type":"PropertyValueSpecification","valueRequired":true,"valueName":"search_term_string"}}],"inLanguage":"cs"},{"@type":"Organization","@id":"https:\/\/connectaled.com\/cs\/#organization","name":"Click&Light","alternateName":"ESTA Connecta LED Profesional LED Stripes","url":"https:\/\/connectaled.com\/cs\/","logo":{"@type":"ImageObject","inLanguage":"cs","@id":"https:\/\/connectaled.com\/cs\/#\/schema\/logo\/image\/","url":"https:\/\/connectaled.com\/wp-content\/uploads\/2026\/02\/0971ccf6-3fff-42e1-94cc-ad01a54d4b85-4.png","contentUrl":"https:\/\/connectaled.com\/wp-content\/uploads\/2026\/02\/0971ccf6-3fff-42e1-94cc-ad01a54d4b85-4.png","width":1326,"height":330,"caption":"Click&Light"},"image":{"@id":"https:\/\/connectaled.com\/cs\/#\/schema\/logo\/image\/"}}]}},"jetpack_sharing_enabled":true,"_links":{"self":[{"href":"https:\/\/connectaled.com\/cs\/wp-json\/wp\/v2\/pages\/51463","targetHints":{"allow":["GET"]}}],"collection":[{"href":"https:\/\/connectaled.com\/cs\/wp-json\/wp\/v2\/pages"}],"about":[{"href":"https:\/\/connectaled.com\/cs\/wp-json\/wp\/v2\/types\/page"}],"author":[{"embeddable":true,"href":"https:\/\/connectaled.com\/cs\/wp-json\/wp\/v2\/users\/1"}],"replies":[{"embeddable":true,"href":"https:\/\/connectaled.com\/cs\/wp-json\/wp\/v2\/comments?post=51463"}],"version-history":[{"count":1,"href":"https:\/\/connectaled.com\/cs\/wp-json\/wp\/v2\/pages\/51463\/revisions"}],"predecessor-version":[{"id":51464,"href":"https:\/\/connectaled.com\/cs\/wp-json\/wp\/v2\/pages\/51463\/revisions\/51464"}],"wp:attachment":[{"href":"https:\/\/connectaled.com\/cs\/wp-json\/wp\/v2\/media?parent=51463"}],"curies":[{"name":"wp","href":"https:\/\/api.w.org\/{rel}","templated":true}]}}