{"id":51459,"date":"2025-09-07T21:30:47","date_gmt":"2025-09-07T19:30:47","guid":{"rendered":"https:\/\/connectaled.com\/muj-ucet\/"},"modified":"2026-02-22T20:01:50","modified_gmt":"2026-02-22T19:01:50","slug":"muj-ucet","status":"publish","type":"page","link":"https:\/\/connectaled.com\/cs\/muj-ucet\/","title":{"rendered":"M\u016fj \u00fa\u010det"},"content":{"rendered":"<div class=\"woocommerce\"><\/div>\n","protected":false},"excerpt":{"rendered":"","protected":false},"author":1,"featured_media":0,"parent":0,"menu_order":0,"comment_status":"closed","ping_status":"closed","template":"","meta":{"iawp_total_views":0,"footnotes":""},"class_list":["post-51459","page","type-page","status-publish"],"yoast_head":"<!-- This site is optimized with the Yoast SEO plugin v27.4 - https:\/\/yoast.com\/product\/yoast-seo-wordpress\/ -->\n<title>M\u016fj \u00fa\u010det &#8226; Connecta<\/title>\n<meta name=\"robots\" content=\"noindex, follow\" \/>\n<meta property=\"og:locale\" content=\"cs_CZ\" \/>\n<meta property=\"og:type\" content=\"article\" \/>\n<meta property=\"og:title\" content=\"M\u016fj \u00fa\u010det &#8226; Connecta\" \/>\n<meta property=\"og:url\" content=\"https:\/\/connectaled.com\/cs\/muj-ucet\/\" \/>\n<meta property=\"og:site_name\" content=\"Connecta\" \/>\n<meta property=\"article:modified_time\" content=\"2026-02-22T19:01:50+00:00\" \/>\n<meta name=\"twitter:card\" content=\"summary_large_image\" \/>\n<script type=\"application\/ld+json\" class=\"yoast-schema-graph\">{\"@context\":\"https:\\\/\\\/schema.org\",\"@graph\":[{\"@type\":\"WebPage\",\"@id\":\"https:\\\/\\\/connectaled.com\\\/cs\\\/muj-ucet\\\/\",\"url\":\"https:\\\/\\\/connectaled.com\\\/cs\\\/muj-ucet\\\/\",\"name\":\"M\u016fj \u00fa\u010det &#8226; Connecta\",\"isPartOf\":{\"@id\":\"https:\\\/\\\/connectaled.com\\\/cs\\\/#website\"},\"datePublished\":\"2025-09-07T19:30:47+00:00\",\"dateModified\":\"2026-02-22T19:01:50+00:00\",\"breadcrumb\":{\"@id\":\"https:\\\/\\\/connectaled.com\\\/cs\\\/muj-ucet\\\/#breadcrumb\"},\"inLanguage\":\"cs\",\"potentialAction\":[{\"@type\":\"ReadAction\",\"target\":[\"https:\\\/\\\/connectaled.com\\\/cs\\\/muj-ucet\\\/\"]}]},{\"@type\":\"BreadcrumbList\",\"@id\":\"https:\\\/\\\/connectaled.com\\\/cs\\\/muj-ucet\\\/#breadcrumb\",\"itemListElement\":[{\"@type\":\"ListItem\",\"position\":1,\"name\":\"Home\",\"item\":\"https:\\\/\\\/connectaled.com\\\/cs\\\/\"},{\"@type\":\"ListItem\",\"position\":2,\"name\":\"M\u016fj \u00fa\u010det\"}]},{\"@type\":\"WebSite\",\"@id\":\"https:\\\/\\\/connectaled.com\\\/cs\\\/#website\",\"url\":\"https:\\\/\\\/connectaled.com\\\/cs\\\/\",\"name\":\"Click&Light\",\"description\":\"Click&amp;Light\",\"publisher\":{\"@id\":\"https:\\\/\\\/connectaled.com\\\/cs\\\/#organization\"},\"alternateName\":\"Profesional LED Stripes\",\"potentialAction\":[{\"@type\":\"SearchAction\",\"target\":{\"@type\":\"EntryPoint\",\"urlTemplate\":\"https:\\\/\\\/connectaled.com\\\/cs\\\/?s={search_term_string}\"},\"query-input\":{\"@type\":\"PropertyValueSpecification\",\"valueRequired\":true,\"valueName\":\"search_term_string\"}}],\"inLanguage\":\"cs\"},{\"@type\":\"Organization\",\"@id\":\"https:\\\/\\\/connectaled.com\\\/cs\\\/#organization\",\"name\":\"Click&Light\",\"alternateName\":\"ESTA Connecta LED Profesional LED Stripes\",\"url\":\"https:\\\/\\\/connectaled.com\\\/cs\\\/\",\"logo\":{\"@type\":\"ImageObject\",\"inLanguage\":\"cs\",\"@id\":\"https:\\\/\\\/connectaled.com\\\/cs\\\/#\\\/schema\\\/logo\\\/image\\\/\",\"url\":\"https:\\\/\\\/connectaled.com\\\/wp-content\\\/uploads\\\/2026\\\/02\\\/0971ccf6-3fff-42e1-94cc-ad01a54d4b85-4.png\",\"contentUrl\":\"https:\\\/\\\/connectaled.com\\\/wp-content\\\/uploads\\\/2026\\\/02\\\/0971ccf6-3fff-42e1-94cc-ad01a54d4b85-4.png\",\"width\":1326,\"height\":330,\"caption\":\"Click&Light\"},\"image\":{\"@id\":\"https:\\\/\\\/connectaled.com\\\/cs\\\/#\\\/schema\\\/logo\\\/image\\\/\"}}]}<\/script>\n<!-- \/ Yoast SEO plugin. -->","yoast_head_json":{"title":"M\u016fj \u00fa\u010det &#8226; Connecta","robots":{"index":"noindex","follow":"follow"},"og_locale":"cs_CZ","og_type":"article","og_title":"M\u016fj \u00fa\u010det &#8226; Connecta","og_url":"https:\/\/connectaled.com\/cs\/muj-ucet\/","og_site_name":"Connecta","article_modified_time":"2026-02-22T19:01:50+00:00","twitter_card":"summary_large_image","schema":{"@context":"https:\/\/schema.org","@graph":[{"@type":"WebPage","@id":"https:\/\/connectaled.com\/cs\/muj-ucet\/","url":"https:\/\/connectaled.com\/cs\/muj-ucet\/","name":"M\u016fj \u00fa\u010det &#8226; Connecta","isPartOf":{"@id":"https:\/\/connectaled.com\/cs\/#website"},"datePublished":"2025-09-07T19:30:47+00:00","dateModified":"2026-02-22T19:01:50+00:00","breadcrumb":{"@id":"https:\/\/connectaled.com\/cs\/muj-ucet\/#breadcrumb"},"inLanguage":"cs","potentialAction":[{"@type":"ReadAction","target":["https:\/\/connectaled.com\/cs\/muj-ucet\/"]}]},{"@type":"BreadcrumbList","@id":"https:\/\/connectaled.com\/cs\/muj-ucet\/#breadcrumb","itemListElement":[{"@type":"ListItem","position":1,"name":"Home","item":"https:\/\/connectaled.com\/cs\/"},{"@type":"ListItem","position":2,"name":"M\u016fj \u00fa\u010det"}]},{"@type":"WebSite","@id":"https:\/\/connectaled.com\/cs\/#website","url":"https:\/\/connectaled.com\/cs\/","name":"Click&Light","description":"Click&amp;Light","publisher":{"@id":"https:\/\/connectaled.com\/cs\/#organization"},"alternateName":"Profesional LED Stripes","potentialAction":[{"@type":"SearchAction","target":{"@type":"EntryPoint","urlTemplate":"https:\/\/connectaled.com\/cs\/?s={search_term_string}"},"query-input":{"@type":"PropertyValueSpecification","valueRequired":true,"valueName":"search_term_string"}}],"inLanguage":"cs"},{"@type":"Organization","@id":"https:\/\/connectaled.com\/cs\/#organization","name":"Click&Light","alternateName":"ESTA Connecta LED Profesional LED Stripes","url":"https:\/\/connectaled.com\/cs\/","logo":{"@type":"ImageObject","inLanguage":"cs","@id":"https:\/\/connectaled.com\/cs\/#\/schema\/logo\/image\/","url":"https:\/\/connectaled.com\/wp-content\/uploads\/2026\/02\/0971ccf6-3fff-42e1-94cc-ad01a54d4b85-4.png","contentUrl":"https:\/\/connectaled.com\/wp-content\/uploads\/2026\/02\/0971ccf6-3fff-42e1-94cc-ad01a54d4b85-4.png","width":1326,"height":330,"caption":"Click&Light"},"image":{"@id":"https:\/\/connectaled.com\/cs\/#\/schema\/logo\/image\/"}}]}},"jetpack_sharing_enabled":true,"_links":{"self":[{"href":"https:\/\/connectaled.com\/cs\/wp-json\/wp\/v2\/pages\/51459","targetHints":{"allow":["GET"]}}],"collection":[{"href":"https:\/\/connectaled.com\/cs\/wp-json\/wp\/v2\/pages"}],"about":[{"href":"https:\/\/connectaled.com\/cs\/wp-json\/wp\/v2\/types\/page"}],"author":[{"embeddable":true,"href":"https:\/\/connectaled.com\/cs\/wp-json\/wp\/v2\/users\/1"}],"replies":[{"embeddable":true,"href":"https:\/\/connectaled.com\/cs\/wp-json\/wp\/v2\/comments?post=51459"}],"version-history":[{"count":1,"href":"https:\/\/connectaled.com\/cs\/wp-json\/wp\/v2\/pages\/51459\/revisions"}],"predecessor-version":[{"id":51460,"href":"https:\/\/connectaled.com\/cs\/wp-json\/wp\/v2\/pages\/51459\/revisions\/51460"}],"wp:attachment":[{"href":"https:\/\/connectaled.com\/cs\/wp-json\/wp\/v2\/media?parent=51459"}],"curies":[{"name":"wp","href":"https:\/\/api.w.org\/{rel}","templated":true}]}}