{"id":51455,"date":"2026-01-10T23:37:39","date_gmt":"2026-01-10T22:37:39","guid":{"rendered":"https:\/\/connectaled.com\/kontaktni-stranka\/"},"modified":"2026-02-27T22:36:23","modified_gmt":"2026-02-27T21:36:23","slug":"kontaktni-stranka","status":"publish","type":"page","link":"https:\/\/connectaled.com\/cs\/kontaktni-stranka\/","title":{"rendered":"Kontaktn\u00ed str\u00e1nka"},"content":{"rendered":"\n<div class=\"gbp-section gb-element-f32e7e54\" id=\"contact\">\n<div class=\"gbp-section__inner gb-element-91bb9b84\">\n<div class=\"gb-element-24a72428\">\n<div>\n<h2 class=\"gb-text\">Dotazy na prodej a&amp;podporu<\/h2>\n\n\n\n<h1><\/h1>\n\n\n\n<p class=\"gb-text gb-text-e92e1187\">Hled\u00e1te spr\u00e1vn\u00e9 \u0159e\u0161en\u00ed osv\u011btlen\u00ed nebo pot\u0159ebujete pomoci s v\u00fdb\u011brem produktu?<br>N\u00e1\u0161 t\u00fdm je v\u00e1m k dispozici pro dotazy t\u00fdkaj\u00edc\u00ed se prodeje a podpory.<br>Kontaktujte n\u00e1s a my v\u00e1s provedeme ka\u017ed\u00fdm krokem.<\/p>\n\n\n\n<h1><\/h1>\n\n\n\n<figure class=\"wp-block-image size-full is-resized\"><img decoding=\"async\" width=\"1326\" height=\"330\" src=\"https:\/\/connectaled.com\/wp-content\/uploads\/2026\/02\/0971ccf6-3fff-42e1-94cc-ad01a54d4b85-4.png\" alt=\"\" class=\"wp-image-52688\" style=\"aspect-ratio:4.016194331983805;width:298px;height:auto\" srcset=\"https:\/\/connectaled.com\/wp-content\/uploads\/2026\/02\/0971ccf6-3fff-42e1-94cc-ad01a54d4b85-4.png 1326w, https:\/\/connectaled.com\/wp-content\/uploads\/2026\/02\/0971ccf6-3fff-42e1-94cc-ad01a54d4b85-4-300x75.png 300w, https:\/\/connectaled.com\/wp-content\/uploads\/2026\/02\/0971ccf6-3fff-42e1-94cc-ad01a54d4b85-4-1024x255.png 1024w, https:\/\/connectaled.com\/wp-content\/uploads\/2026\/02\/0971ccf6-3fff-42e1-94cc-ad01a54d4b85-4-768x191.png 768w, https:\/\/connectaled.com\/wp-content\/uploads\/2026\/02\/0971ccf6-3fff-42e1-94cc-ad01a54d4b85-4-700x174.png 700w\" sizes=\"(max-width: 1326px) 100vw, 1326px\" \/><\/figure>\n\n\n\n<h2 class=\"wp-block-heading has-text-align-left\">LED syst\u00e9m Connecta<\/h2>\n\n\n\n<h1><\/h1>\n\n\n\n<p class=\"gb-text gbp-section__text--sm gb-text-ca6a19ea\">Dotazy soukrom\u00fdch z\u00e1kazn\u00edk\u016f<br>+381 64 820 1705<\/p>\n\n\n\n<p class=\"gb-text gbp-section__text--sm gb-text-a6817d56\">Dotazy firemn\u00edch z\u00e1kazn\u00edk\u016f<br>+381 69 240 5067<\/p>\n<\/div>\n\n\n\n<div class=\"gb-element-72ebc597\">\n<div><div class=\"wp-block-jetpack-contact-form is-layout-flex wp-container-jetpack-contact-form-is-layout-faa3ad1c wp-block-jetpack-contact-form-is-layout-flex\"><a href=\"https:\/\/connectaled.com\/cs\/kontaktni-stranka\/\" target=\"_blank\" rel=\"noopener noreferrer\">Odeslat formul\u00e1\u0159.<\/a><\/div><\/div>\n<\/div>\n<\/div>\n<\/div>\n<\/div>\n","protected":false},"excerpt":{"rendered":"<p>Dotazy na prodej a&amp;podporu Hled\u00e1te spr\u00e1vn\u00e9 \u0159e\u0161en\u00ed osv\u011btlen\u00ed nebo pot\u0159ebujete pomoci s v\u00fdb\u011brem produktu?N\u00e1\u0161 t\u00fdm je v\u00e1m k dispozici pro dotazy t\u00fdkaj\u00edc\u00ed se prodeje a podpory.Kontaktujte n\u00e1s a my v\u00e1s provedeme ka\u017ed\u00fdm krokem. LED syst\u00e9m Connecta Dotazy soukrom\u00fdch z\u00e1kazn\u00edk\u016f+381 64 820 1705 Dotazy firemn\u00edch z\u00e1kazn\u00edk\u016f+381 69 240 5067<\/p>\n","protected":false},"author":1,"featured_media":51544,"parent":0,"menu_order":0,"comment_status":"closed","ping_status":"closed","template":"","meta":{"iawp_total_views":0,"footnotes":""},"class_list":["post-51455","page","type-page","status-publish","has-post-thumbnail"],"yoast_head":"<!-- This site is optimized with the Yoast SEO plugin v27.4 - https:\/\/yoast.com\/product\/yoast-seo-wordpress\/ -->\n<title>Kontaktn\u00ed str\u00e1nka &#8226; Connecta<\/title>\n<meta name=\"robots\" content=\"noindex, follow\" \/>\n<meta property=\"og:locale\" content=\"cs_CZ\" \/>\n<meta property=\"og:type\" content=\"article\" \/>\n<meta property=\"og:title\" content=\"Kontaktn\u00ed str\u00e1nka &#8226; Connecta\" \/>\n<meta property=\"og:description\" content=\"Dotazy na prodej a&amp;podporu Hled\u00e1te spr\u00e1vn\u00e9 \u0159e\u0161en\u00ed osv\u011btlen\u00ed nebo pot\u0159ebujete pomoci s v\u00fdb\u011brem produktu?N\u00e1\u0161 t\u00fdm je v\u00e1m k dispozici pro dotazy t\u00fdkaj\u00edc\u00ed se prodeje a podpory.Kontaktujte n\u00e1s a my v\u00e1s provedeme ka\u017ed\u00fdm krokem. LED syst\u00e9m Connecta Dotazy soukrom\u00fdch z\u00e1kazn\u00edk\u016f+381 64 820 1705 Dotazy firemn\u00edch z\u00e1kazn\u00edk\u016f+381 69 240 5067\" \/>\n<meta property=\"og:url\" content=\"https:\/\/connectaled.com\/cs\/kontaktni-stranka\/\" \/>\n<meta property=\"og:site_name\" content=\"Connecta\" \/>\n<meta property=\"article:modified_time\" content=\"2026-02-27T21:36:23+00:00\" \/>\n<meta property=\"og:image\" content=\"https:\/\/connectaled.com\/wp-content\/uploads\/2026\/02\/Colored-Gradient-Illustration-Contact-Us-Facebook-Post.jpg\" \/>\n\t<meta property=\"og:image:width\" content=\"940\" \/>\n\t<meta property=\"og:image:height\" content=\"788\" \/>\n\t<meta property=\"og:image:type\" content=\"image\/jpeg\" \/>\n<meta name=\"twitter:card\" content=\"summary_large_image\" \/>\n<meta name=\"twitter:label1\" content=\"Odhadovan\u00e1 doba \u010dten\u00ed\" \/>\n\t<meta name=\"twitter:data1\" content=\"1 minuta\" \/>\n<script type=\"application\/ld+json\" class=\"yoast-schema-graph\">{\"@context\":\"https:\\\/\\\/schema.org\",\"@graph\":[{\"@type\":\"WebPage\",\"@id\":\"https:\\\/\\\/connectaled.com\\\/cs\\\/kontaktni-stranka\\\/\",\"url\":\"https:\\\/\\\/connectaled.com\\\/cs\\\/kontaktni-stranka\\\/\",\"name\":\"Kontaktn\u00ed str\u00e1nka &#8226; Connecta\",\"isPartOf\":{\"@id\":\"https:\\\/\\\/connectaled.com\\\/cs\\\/#website\"},\"primaryImageOfPage\":{\"@id\":\"https:\\\/\\\/connectaled.com\\\/cs\\\/kontaktni-stranka\\\/#primaryimage\"},\"image\":{\"@id\":\"https:\\\/\\\/connectaled.com\\\/cs\\\/kontaktni-stranka\\\/#primaryimage\"},\"thumbnailUrl\":\"https:\\\/\\\/connectaled.com\\\/wp-content\\\/uploads\\\/2026\\\/02\\\/Colored-Gradient-Illustration-Contact-Us-Facebook-Post.jpg\",\"datePublished\":\"2026-01-10T22:37:39+00:00\",\"dateModified\":\"2026-02-27T21:36:23+00:00\",\"breadcrumb\":{\"@id\":\"https:\\\/\\\/connectaled.com\\\/cs\\\/kontaktni-stranka\\\/#breadcrumb\"},\"inLanguage\":\"cs\",\"potentialAction\":[{\"@type\":\"ReadAction\",\"target\":[\"https:\\\/\\\/connectaled.com\\\/cs\\\/kontaktni-stranka\\\/\"]}]},{\"@type\":\"ImageObject\",\"inLanguage\":\"cs\",\"@id\":\"https:\\\/\\\/connectaled.com\\\/cs\\\/kontaktni-stranka\\\/#primaryimage\",\"url\":\"https:\\\/\\\/connectaled.com\\\/wp-content\\\/uploads\\\/2026\\\/02\\\/Colored-Gradient-Illustration-Contact-Us-Facebook-Post.jpg\",\"contentUrl\":\"https:\\\/\\\/connectaled.com\\\/wp-content\\\/uploads\\\/2026\\\/02\\\/Colored-Gradient-Illustration-Contact-Us-Facebook-Post.jpg\",\"width\":940,\"height\":788,\"caption\":\"contact us\"},{\"@type\":\"BreadcrumbList\",\"@id\":\"https:\\\/\\\/connectaled.com\\\/cs\\\/kontaktni-stranka\\\/#breadcrumb\",\"itemListElement\":[{\"@type\":\"ListItem\",\"position\":1,\"name\":\"Home\",\"item\":\"https:\\\/\\\/connectaled.com\\\/cs\\\/\"},{\"@type\":\"ListItem\",\"position\":2,\"name\":\"Kontaktn\u00ed str\u00e1nka\"}]},{\"@type\":\"WebSite\",\"@id\":\"https:\\\/\\\/connectaled.com\\\/cs\\\/#website\",\"url\":\"https:\\\/\\\/connectaled.com\\\/cs\\\/\",\"name\":\"Click&Light\",\"description\":\"Click&amp;Light\",\"publisher\":{\"@id\":\"https:\\\/\\\/connectaled.com\\\/cs\\\/#organization\"},\"alternateName\":\"Profesional LED Stripes\",\"potentialAction\":[{\"@type\":\"SearchAction\",\"target\":{\"@type\":\"EntryPoint\",\"urlTemplate\":\"https:\\\/\\\/connectaled.com\\\/cs\\\/?s={search_term_string}\"},\"query-input\":{\"@type\":\"PropertyValueSpecification\",\"valueRequired\":true,\"valueName\":\"search_term_string\"}}],\"inLanguage\":\"cs\"},{\"@type\":\"Organization\",\"@id\":\"https:\\\/\\\/connectaled.com\\\/cs\\\/#organization\",\"name\":\"Click&Light\",\"alternateName\":\"ESTA Connecta LED Profesional LED Stripes\",\"url\":\"https:\\\/\\\/connectaled.com\\\/cs\\\/\",\"logo\":{\"@type\":\"ImageObject\",\"inLanguage\":\"cs\",\"@id\":\"https:\\\/\\\/connectaled.com\\\/cs\\\/#\\\/schema\\\/logo\\\/image\\\/\",\"url\":\"https:\\\/\\\/connectaled.com\\\/wp-content\\\/uploads\\\/2026\\\/02\\\/0971ccf6-3fff-42e1-94cc-ad01a54d4b85-4.png\",\"contentUrl\":\"https:\\\/\\\/connectaled.com\\\/wp-content\\\/uploads\\\/2026\\\/02\\\/0971ccf6-3fff-42e1-94cc-ad01a54d4b85-4.png\",\"width\":1326,\"height\":330,\"caption\":\"Click&Light\"},\"image\":{\"@id\":\"https:\\\/\\\/connectaled.com\\\/cs\\\/#\\\/schema\\\/logo\\\/image\\\/\"}}]}<\/script>\n<!-- \/ Yoast SEO plugin. -->","yoast_head_json":{"title":"Kontaktn\u00ed str\u00e1nka &#8226; Connecta","robots":{"index":"noindex","follow":"follow"},"og_locale":"cs_CZ","og_type":"article","og_title":"Kontaktn\u00ed str\u00e1nka &#8226; Connecta","og_description":"Dotazy na prodej a&amp;podporu Hled\u00e1te spr\u00e1vn\u00e9 \u0159e\u0161en\u00ed osv\u011btlen\u00ed nebo pot\u0159ebujete pomoci s v\u00fdb\u011brem produktu?N\u00e1\u0161 t\u00fdm je v\u00e1m k dispozici pro dotazy t\u00fdkaj\u00edc\u00ed se prodeje a podpory.Kontaktujte n\u00e1s a my v\u00e1s provedeme ka\u017ed\u00fdm krokem. LED syst\u00e9m Connecta Dotazy soukrom\u00fdch z\u00e1kazn\u00edk\u016f+381 64 820 1705 Dotazy firemn\u00edch z\u00e1kazn\u00edk\u016f+381 69 240 5067","og_url":"https:\/\/connectaled.com\/cs\/kontaktni-stranka\/","og_site_name":"Connecta","article_modified_time":"2026-02-27T21:36:23+00:00","og_image":[{"width":940,"height":788,"url":"https:\/\/connectaled.com\/wp-content\/uploads\/2026\/02\/Colored-Gradient-Illustration-Contact-Us-Facebook-Post.jpg","type":"image\/jpeg"}],"twitter_card":"summary_large_image","twitter_misc":{"Odhadovan\u00e1 doba \u010dten\u00ed":"1 minuta"},"schema":{"@context":"https:\/\/schema.org","@graph":[{"@type":"WebPage","@id":"https:\/\/connectaled.com\/cs\/kontaktni-stranka\/","url":"https:\/\/connectaled.com\/cs\/kontaktni-stranka\/","name":"Kontaktn\u00ed str\u00e1nka &#8226; Connecta","isPartOf":{"@id":"https:\/\/connectaled.com\/cs\/#website"},"primaryImageOfPage":{"@id":"https:\/\/connectaled.com\/cs\/kontaktni-stranka\/#primaryimage"},"image":{"@id":"https:\/\/connectaled.com\/cs\/kontaktni-stranka\/#primaryimage"},"thumbnailUrl":"https:\/\/connectaled.com\/wp-content\/uploads\/2026\/02\/Colored-Gradient-Illustration-Contact-Us-Facebook-Post.jpg","datePublished":"2026-01-10T22:37:39+00:00","dateModified":"2026-02-27T21:36:23+00:00","breadcrumb":{"@id":"https:\/\/connectaled.com\/cs\/kontaktni-stranka\/#breadcrumb"},"inLanguage":"cs","potentialAction":[{"@type":"ReadAction","target":["https:\/\/connectaled.com\/cs\/kontaktni-stranka\/"]}]},{"@type":"ImageObject","inLanguage":"cs","@id":"https:\/\/connectaled.com\/cs\/kontaktni-stranka\/#primaryimage","url":"https:\/\/connectaled.com\/wp-content\/uploads\/2026\/02\/Colored-Gradient-Illustration-Contact-Us-Facebook-Post.jpg","contentUrl":"https:\/\/connectaled.com\/wp-content\/uploads\/2026\/02\/Colored-Gradient-Illustration-Contact-Us-Facebook-Post.jpg","width":940,"height":788,"caption":"contact us"},{"@type":"BreadcrumbList","@id":"https:\/\/connectaled.com\/cs\/kontaktni-stranka\/#breadcrumb","itemListElement":[{"@type":"ListItem","position":1,"name":"Home","item":"https:\/\/connectaled.com\/cs\/"},{"@type":"ListItem","position":2,"name":"Kontaktn\u00ed str\u00e1nka"}]},{"@type":"WebSite","@id":"https:\/\/connectaled.com\/cs\/#website","url":"https:\/\/connectaled.com\/cs\/","name":"Click&Light","description":"Click&amp;Light","publisher":{"@id":"https:\/\/connectaled.com\/cs\/#organization"},"alternateName":"Profesional LED Stripes","potentialAction":[{"@type":"SearchAction","target":{"@type":"EntryPoint","urlTemplate":"https:\/\/connectaled.com\/cs\/?s={search_term_string}"},"query-input":{"@type":"PropertyValueSpecification","valueRequired":true,"valueName":"search_term_string"}}],"inLanguage":"cs"},{"@type":"Organization","@id":"https:\/\/connectaled.com\/cs\/#organization","name":"Click&Light","alternateName":"ESTA Connecta LED Profesional LED Stripes","url":"https:\/\/connectaled.com\/cs\/","logo":{"@type":"ImageObject","inLanguage":"cs","@id":"https:\/\/connectaled.com\/cs\/#\/schema\/logo\/image\/","url":"https:\/\/connectaled.com\/wp-content\/uploads\/2026\/02\/0971ccf6-3fff-42e1-94cc-ad01a54d4b85-4.png","contentUrl":"https:\/\/connectaled.com\/wp-content\/uploads\/2026\/02\/0971ccf6-3fff-42e1-94cc-ad01a54d4b85-4.png","width":1326,"height":330,"caption":"Click&Light"},"image":{"@id":"https:\/\/connectaled.com\/cs\/#\/schema\/logo\/image\/"}}]}},"jetpack_sharing_enabled":true,"_links":{"self":[{"href":"https:\/\/connectaled.com\/cs\/wp-json\/wp\/v2\/pages\/51455","targetHints":{"allow":["GET"]}}],"collection":[{"href":"https:\/\/connectaled.com\/cs\/wp-json\/wp\/v2\/pages"}],"about":[{"href":"https:\/\/connectaled.com\/cs\/wp-json\/wp\/v2\/types\/page"}],"author":[{"embeddable":true,"href":"https:\/\/connectaled.com\/cs\/wp-json\/wp\/v2\/users\/1"}],"replies":[{"embeddable":true,"href":"https:\/\/connectaled.com\/cs\/wp-json\/wp\/v2\/comments?post=51455"}],"version-history":[{"count":8,"href":"https:\/\/connectaled.com\/cs\/wp-json\/wp\/v2\/pages\/51455\/revisions"}],"predecessor-version":[{"id":52701,"href":"https:\/\/connectaled.com\/cs\/wp-json\/wp\/v2\/pages\/51455\/revisions\/52701"}],"wp:featuredmedia":[{"embeddable":true,"href":"https:\/\/connectaled.com\/cs\/wp-json\/wp\/v2\/media\/51544"}],"wp:attachment":[{"href":"https:\/\/connectaled.com\/cs\/wp-json\/wp\/v2\/media?parent=51455"}],"curies":[{"name":"wp","href":"https:\/\/api.w.org\/{rel}","templated":true}]}}