{"id":51443,"date":"2026-01-10T22:10:22","date_gmt":"2026-01-10T21:10:22","guid":{"rendered":"https:\/\/connectaled.com\/zasady-ochrany-osobnich-udaju\/"},"modified":"2026-02-22T19:57:43","modified_gmt":"2026-02-22T18:57:43","slug":"zasady-ochrany-osobnich-udaju","status":"publish","type":"page","link":"https:\/\/connectaled.com\/cs\/zasady-ochrany-osobnich-udaju\/","title":{"rendered":"Z\u00e1sady ochrany osobn\u00edch \u00fadaj\u016f"},"content":{"rendered":"\n<div\/>\n\n<h1>Z\u00e1sady ochrany osobn\u00edch \u00fadaj\u016f<\/h1>\n<p><strong>Prohl\u00e1\u0161en\u00ed o ochran\u011b osobn\u00edch \u00fadaj\u016f<\/strong><br\/>Posledn\u00ed aktualizace: leden 2026<\/p>\n\n<h2>1. \u00davod<\/h2>\n<p>\nToto prohl\u00e1\u0161en\u00ed o ochran\u011b osobn\u00edch \u00fadaj\u016f vysv\u011btluje, jak connectaled.com (\u201emy\u201c, \u201en\u00e1s\u201c, \u201ena\u0161e\u201c) shroma\u017e\u010fuje, pou\u017e\u00edv\u00e1, ukl\u00e1d\u00e1 a chr\u00e1n\u00ed Va\u0161e osobn\u00ed \u00fadaje, kdy\u017e nav\u0161t\u00edv\u00edte na\u0161e webov\u00e9 str\u00e1nky https:\/\/connectaled.com a souvisej\u00edc\u00ed slu\u017eby nebo s nimi interagujete.\n<\/p>\n<p>\nZavazujeme se chr\u00e1nit Va\u0161e soukrom\u00ed a nakl\u00e1dat s Va\u0161imi osobn\u00edmi \u00fadaji transparentn\u00edm a bezpe\u010dn\u00fdm zp\u016fsobem v souladu s platn\u00fdmi z\u00e1kony o ochran\u011b osobn\u00edch \u00fadaj\u016f, v\u010detn\u011b obecn\u00e9ho na\u0159\u00edzen\u00ed o ochran\u011b osobn\u00edch \u00fadaj\u016f (GDPR).\n<\/p>\n\n<h2>2. Spr\u00e1vce \u00fadaj\u016f<\/h2>\n<p>\nSpr\u00e1vcem odpov\u011bdn\u00fdm za Va\u0161e osobn\u00ed \u00fadaje je:\n<\/p>\n<p>\n<strong>ESTA PR Uro\u0161 Ne\u0161i\u0107<\/strong><br\/>Adresa: \u0106upi\u0107eva 21, 37000 Kru\u0161evac, Srbsko<br\/>E-mail: <a href=\"mailto:admin@connectaled.com\">admin@connectaled.com<\/a><br\/>Telefon: +381 64 820 1705\n<\/p>\n\n<h2>3. Osobn\u00ed \u00fadaje, kter\u00e9 shroma\u017e\u010fujeme<\/h2>\n\n<h3>Informace, kter\u00e9 n\u00e1m poskytnete p\u0159\u00edmo<\/h3>\n<ul>\n  <li>Jm\u00e9no<\/li>\n  <li>E-mailov\u00e1 adresa<\/li>\n  <li>N\u00e1zev spole\u010dnosti (pokud je uveden)<\/li>\n  <li>Informace odeslan\u00e9 prost\u0159ednictv\u00edm kontaktn\u00edch formul\u00e1\u0159\u016f nebo \u017e\u00e1dost\u00ed o podporu<\/li>\n  <li>Ve\u0161ker\u00e9 dal\u0161\u00ed informace, kter\u00e9 n\u00e1m sd\u011bl\u00edte p\u0159i kontaktov\u00e1n\u00ed<\/li>\n<\/ul>\n\n<h3>Automaticky shroma\u017e\u010fovan\u00e9 informace<\/h3>\n<ul>\n  <li>IP adresa<\/li>\n  <li>Typ a verze prohl\u00ed\u017ee\u010de<\/li>\n  <li>Informace o za\u0159\u00edzen\u00ed a opera\u010dn\u00edm syst\u00e9mu<\/li>\n  <li>Nav\u0161t\u00edven\u00e9 str\u00e1nky a akce proveden\u00e9 na webu<\/li>\n  <li>Datum a \u010das p\u0159\u00edstupu<\/li>\n<\/ul>\n\n<h3>Platebn\u00ed informace<\/h3>\n<p>\nPokud provedete n\u00e1kup, platby zpracov\u00e1vaj\u00ed poskytovatel\u00e9 platebn\u00edch slu\u017eeb t\u0159et\u00edch stran (nap\u0159. PayPal nebo jin\u00e9 schv\u00e1len\u00e9 platebn\u00ed br\u00e1ny). \u00dapln\u00e9 \u00fadaje o Va\u0161\u00ed platebn\u00ed kart\u011b na na\u0161ich serverech neukl\u00e1d\u00e1me ani nezpracov\u00e1v\u00e1me.  \n<\/p>\n<p>\nPoskytovatel\u00e9 platebn\u00edch slu\u017eeb mohou shroma\u017e\u010fovat a zpracov\u00e1vat osobn\u00ed a finan\u010dn\u00ed \u00fadaje v souladu se sv\u00fdmi vlastn\u00edmi z\u00e1sadami ochrany osobn\u00edch \u00fadaj\u016f.\n<\/p>\n\n<h2>4. Jak pou\u017e\u00edv\u00e1me Va\u0161e osobn\u00ed \u00fadaje<\/h2>\n<p>\nVa\u0161e osobn\u00ed \u00fadaje pou\u017e\u00edv\u00e1me k n\u00e1sleduj\u00edc\u00edm \u00fa\u010del\u016fm:\n<\/p>\n<ul>\n  <li>K odpov\u011bd\u00edm na dotazy t\u00fdkaj\u00edc\u00ed se prodeje, distribuce nebo podpory<\/li>\n  <li>K poskytov\u00e1n\u00ed informac\u00ed o na\u0161ich produktech a slu\u017eb\u00e1ch<\/li>\n  <li>Ke zpracov\u00e1n\u00ed a spr\u00e1v\u011b objedn\u00e1vek a vztah\u016f se z\u00e1kazn\u00edky<\/li>\n  <li>Ke komunikaci s V\u00e1mi ohledn\u011b dotaz\u016f nebo transakc\u00ed<\/li>\n  <li>Ke zlep\u0161ov\u00e1n\u00ed funk\u010dnosti, bezpe\u010dnosti a v\u00fdkonu na\u0161ich webov\u00fdch str\u00e1nek<\/li>\n  <li>K pln\u011bn\u00ed pr\u00e1vn\u00edch a regula\u010dn\u00edch povinnost\u00ed<\/li>\n<\/ul>\n\n<h2>5. Pr\u00e1vn\u00ed z\u00e1klady zpracov\u00e1n\u00ed (GDPR)<\/h2>\n<p>\nOsobn\u00ed \u00fadaje zpracov\u00e1v\u00e1me na z\u00e1klad\u011b jednoho nebo v\u00edce z n\u00e1sleduj\u00edc\u00edch pr\u00e1vn\u00edch z\u00e1klad\u016f:\n<\/p>\n<ul>\n  <li><strong>Smluvn\u00ed nezbytnost<\/strong> \u2013 pro vy\u0159\u00edzen\u00ed dotaz\u016f, objedn\u00e1vek a poskytnut\u00ed po\u017eadovan\u00fdch slu\u017eeb<\/li>\n  <li><strong>Opr\u00e1vn\u011bn\u00e9 z\u00e1jmy<\/strong> \u2013 pro provoz, zlep\u0161ov\u00e1n\u00ed a zabezpe\u010den\u00ed na\u0161ich webov\u00fdch str\u00e1nek a podnik\u00e1n\u00ed<\/li>\n  <li><strong>Pr\u00e1vn\u00ed povinnosti<\/strong> \u2013 pro dodr\u017eov\u00e1n\u00ed platn\u00fdch z\u00e1kon\u016f a p\u0159edpis\u016f<\/li>\n  <li><strong>Souhlas<\/strong> \u2013 je-li vy\u017eadov\u00e1n, pro volitelnou komunikaci nebo marketingov\u00e9 aktivity<\/li>\n<\/ul>\n\n<h2>6. Sd\u00edlen\u00ed \u00fadaj\u016f a t\u0159et\u00ed strany<\/h2>\n<p>\nVa\u0161e osobn\u00ed \u00fadaje neprod\u00e1v\u00e1me.\n<\/p>\n<p>\nVa\u0161e osobn\u00ed \u00fadaje m\u016f\u017eeme sd\u00edlet s:\n<\/p>\n<ul>\n  <li>Poskytovateli platebn\u00edch slu\u017eeb pro zpracov\u00e1n\u00ed transakc\u00ed<\/li>\n  <li>Poskytovateli slu\u017eeb, kte\u0159\u00ed pom\u00e1haj\u00ed s hostingem webu, doru\u010dov\u00e1n\u00edm e-mail\u016f, analytikou nebo zabezpe\u010den\u00edm<\/li>\n  <li>Org\u00e1ny ve\u0159ejn\u00e9 moci nebo pr\u00e1vn\u00edmi subjekty, pokud to vy\u017eaduje z\u00e1kon<\/li>\n<\/ul>\n\n<h2>7. Mezin\u00e1rodn\u00ed p\u0159ed\u00e1v\u00e1n\u00ed \u00fadaj\u016f<\/h2>\n<p>\nVa\u0161e osobn\u00ed \u00fadaje mohou b\u00fdt zpracov\u00e1v\u00e1ny nebo ukl\u00e1d\u00e1ny na serverech mimo Va\u0161i zemi v z\u00e1vislosti na um\u00edst\u011bn\u00ed na\u0161ich poskytovatel\u016f slu\u017eeb. Je-li to nutn\u00e9, zav\u00e1d\u00edme vhodn\u00e1 ochrann\u00e1 opat\u0159en\u00ed, abychom zajistili odpov\u00eddaj\u00edc\u00ed ochranu Va\u0161ich \u00fadaj\u016f.  \n<\/p>\n\n<h2>8. Zabezpe\u010den\u00ed \u00fadaj\u016f<\/h2>\n<p>\nZav\u00e1d\u00edme p\u0159im\u011b\u0159en\u00e1 technick\u00e1 a organiza\u010dn\u00ed opat\u0159en\u00ed k ochran\u011b osobn\u00edch \u00fadaj\u016f p\u0159ed n\u00e1hodn\u00fdm nebo protipr\u00e1vn\u00edm zni\u010den\u00edm, ztr\u00e1tou, zm\u011bnou, neopr\u00e1vn\u011bn\u00fdm zp\u0159\u00edstupn\u011bn\u00edm nebo neopr\u00e1vn\u011bn\u00fdm p\u0159\u00edstupem.\n<\/p>\n\n<h2>9. Uchov\u00e1v\u00e1n\u00ed \u00fadaj\u016f<\/h2>\n<p>\nOsobn\u00ed \u00fadaje uchov\u00e1v\u00e1me pouze po dobu nezbytnou k napln\u011bn\u00ed \u00fa\u010del\u016f uveden\u00fdch v tomto prohl\u00e1\u0161en\u00ed o ochran\u011b osobn\u00edch \u00fadaj\u016f, v\u010detn\u011b:\n<\/p>\n<ul>\n  <li>Po dobu nezbytnou k odpov\u011bd\u00edm na dotazy nebo ke spr\u00e1v\u011b obchodn\u00edch vztah\u016f<\/li>\n  <li>Po dobu vy\u017eadovanou platn\u00fdmi pr\u00e1vn\u00edmi, \u00fa\u010detn\u00edmi nebo da\u0148ov\u00fdmi p\u0159edpisy<\/li>\n  <li>Po dobu nezbytnou k \u0159e\u0161en\u00ed spor\u016f a vym\u00e1h\u00e1n\u00ed dohod<\/li>\n<\/ul>\n\n<h2>10. Va\u0161e pr\u00e1va<\/h2>\n<p>\nPodle platn\u00fdch pr\u00e1vn\u00edch p\u0159edpis\u016f o ochran\u011b osobn\u00edch \u00fadaj\u016f m\u016f\u017eete m\u00edt n\u00e1sleduj\u00edc\u00ed pr\u00e1va:\n<\/p>\n<ul>\n  <li>Pr\u00e1vo na p\u0159\u00edstup<\/li>\n  <li>Pr\u00e1vo na opravu<\/li>\n  <li>Pr\u00e1vo na v\u00fdmaz<\/li>\n  <li>Pr\u00e1vo na omezen\u00ed zpracov\u00e1n\u00ed<\/li>\n  <li>Pr\u00e1vo na p\u0159enositelnost \u00fadaj\u016f<\/li>\n  <li>Pr\u00e1vo vzn\u00e9st n\u00e1mitku proti zpracov\u00e1n\u00ed, v\u010detn\u011b p\u0159\u00edm\u00e9ho marketingu<\/li>\n<\/ul>\n<p>\nChcete-li uplatnit sv\u00e1 pr\u00e1va, kontaktujte n\u00e1s pros\u00edm na <a href=\"mailto:admin@connectaled.com\">admin@connectaled.com<\/a>. P\u0159ed odpov\u011bd\u00ed m\u016f\u017eeme po\u017eadovat ov\u011b\u0159en\u00ed Va\u0161\u00ed toto\u017enosti.  \n<\/p>\n\n<h2>11. Cookies a sledovac\u00ed technologie<\/h2>\n<p>\nPou\u017e\u00edv\u00e1me cookies a podobn\u00e9 technologie k:\n<\/p>\n<ul>\n  <li>Umo\u017en\u011bn\u00ed z\u00e1kladn\u00ed funk\u010dnosti webu<\/li>\n  <li>Ukl\u00e1d\u00e1n\u00ed u\u017eivatelsk\u00fdch nastaven\u00ed<\/li>\n  <li>Shroma\u017e\u010fov\u00e1n\u00ed anonymizovan\u00fdch anal\u00fdz za \u00fa\u010delem zlep\u0161ov\u00e1n\u00ed na\u0161ich webov\u00fdch str\u00e1nek<\/li>\n<\/ul>\n<p>\nCookies m\u016f\u017eete spravovat nebo zak\u00e1zat v nastaven\u00ed sv\u00e9ho prohl\u00ed\u017ee\u010de. Upozor\u0148ujeme, \u017ee n\u011bkter\u00e9 funkce webu nemus\u00ed bez cookies fungovat spr\u00e1vn\u011b.  \n<\/p>\n\n<h2>12. Odkazy na t\u0159et\u00ed strany<\/h2>\n<p>\nNa\u0161e webov\u00e9 str\u00e1nky mohou obsahovat odkazy na webov\u00e9 str\u00e1nky t\u0159et\u00edch stran. Neodpov\u00edd\u00e1me za postupy ochrany osobn\u00edch \u00fadaj\u016f ani za obsah t\u011bchto extern\u00edch web\u016f. Doporu\u010dujeme V\u00e1m, abyste si p\u0159ed poskytnut\u00edm osobn\u00edch \u00fadaj\u016f p\u0159e\u010detli jejich z\u00e1sady ochrany osobn\u00edch \u00fadaj\u016f.   \n<\/p>\n\n<h2>13. Zm\u011bny tohoto prohl\u00e1\u0161en\u00ed o ochran\u011b osobn\u00edch \u00fadaj\u016f<\/h2>\n<p>\nToto prohl\u00e1\u0161en\u00ed o ochran\u011b osobn\u00edch \u00fadaj\u016f m\u016f\u017eeme \u010das od \u010dasu aktualizovat. Ve\u0161ker\u00e9 zm\u011bny se projev\u00ed aktualizac\u00ed data \u201ePosledn\u00ed aktualizace\u201c v horn\u00ed \u010d\u00e1sti t\u00e9to str\u00e1nky. Pokra\u010duj\u00edc\u00ed pou\u017e\u00edv\u00e1n\u00ed webu po zm\u011bn\u00e1ch p\u0159edstavuje p\u0159ijet\u00ed aktualizovan\u00fdch z\u00e1sad.   \n<\/p>\n\n<h2>14. Kontaktn\u00ed \u00fadaje<\/h2>\n<p>\nPokud m\u00e1te dotazy nebo obavy t\u00fdkaj\u00edc\u00ed se tohoto prohl\u00e1\u0161en\u00ed o ochran\u011b osobn\u00edch \u00fadaj\u016f nebo na\u0161ich postup\u016f zpracov\u00e1n\u00ed \u00fadaj\u016f, obra\u0165te se pros\u00edm na:\n<\/p>\n<p>\n<strong>ESTA PR Uro\u0161 Ne\u0161i\u0107<\/strong><br\/>E-mail: <a href=\"mailto:admin@connectaled.com\">admin@connectaled.com<\/a><br\/>Adresa: \u0106upi\u0107eva 21, 37000 Kru\u0161evac, Srbsko<br\/>Telefon: +381 64 820 1705\n<\/p>\n\n","protected":false},"excerpt":{"rendered":"<p>Z\u00e1sady ochrany osobn\u00edch \u00fadaj\u016f Prohl\u00e1\u0161en\u00ed o ochran\u011b osobn\u00edch \u00fadaj\u016fPosledn\u00ed aktualizace: leden 2026 1. \u00davod Toto prohl\u00e1\u0161en\u00ed o ochran\u011b osobn\u00edch \u00fadaj\u016f vysv\u011btluje, jak connectaled.com (\u201emy\u201c, \u201en\u00e1s\u201c, \u201ena\u0161e\u201c) shroma\u017e\u010fuje, pou\u017e\u00edv\u00e1, ukl\u00e1d\u00e1 a chr\u00e1n\u00ed Va\u0161e osobn\u00ed \u00fadaje, kdy\u017e nav\u0161t\u00edv\u00edte na\u0161e webov\u00e9 str\u00e1nky https:\/\/connectaled.com a souvisej\u00edc\u00ed slu\u017eby nebo s nimi interagujete. Zavazujeme se chr\u00e1nit Va\u0161e soukrom\u00ed a nakl\u00e1dat s &#8230; <a title=\"Z\u00e1sady ochrany osobn\u00edch \u00fadaj\u016f\" class=\"read-more\" href=\"https:\/\/connectaled.com\/cs\/zasady-ochrany-osobnich-udaju\/\" aria-label=\"\u010c\u00edst v\u00edce o Z\u00e1sady ochrany osobn\u00edch \u00fadaj\u016f\">Read more<\/a><\/p>\n","protected":false},"author":1,"featured_media":0,"parent":0,"menu_order":0,"comment_status":"closed","ping_status":"closed","template":"","meta":{"iawp_total_views":0,"footnotes":""},"class_list":["post-51443","page","type-page","status-publish"],"yoast_head":"<!-- This site is optimized with the Yoast SEO plugin v27.4 - https:\/\/yoast.com\/product\/yoast-seo-wordpress\/ -->\n<title>Z\u00e1sady ochrany osobn\u00edch \u00fadaj\u016f &#8226; Connecta<\/title>\n<meta name=\"robots\" content=\"noindex, follow\" \/>\n<meta property=\"og:locale\" content=\"cs_CZ\" \/>\n<meta property=\"og:type\" content=\"article\" \/>\n<meta property=\"og:title\" content=\"Z\u00e1sady ochrany osobn\u00edch \u00fadaj\u016f &#8226; Connecta\" \/>\n<meta property=\"og:description\" content=\"Z\u00e1sady ochrany osobn\u00edch \u00fadaj\u016f Prohl\u00e1\u0161en\u00ed o ochran\u011b osobn\u00edch \u00fadaj\u016fPosledn\u00ed aktualizace: leden 2026 1. \u00davod Toto prohl\u00e1\u0161en\u00ed o ochran\u011b osobn\u00edch \u00fadaj\u016f vysv\u011btluje, jak connectaled.com (\u201emy\u201c, \u201en\u00e1s\u201c, \u201ena\u0161e\u201c) shroma\u017e\u010fuje, pou\u017e\u00edv\u00e1, ukl\u00e1d\u00e1 a chr\u00e1n\u00ed Va\u0161e osobn\u00ed \u00fadaje, kdy\u017e nav\u0161t\u00edv\u00edte na\u0161e webov\u00e9 str\u00e1nky https:\/\/connectaled.com a souvisej\u00edc\u00ed slu\u017eby nebo s nimi interagujete. Zavazujeme se chr\u00e1nit Va\u0161e soukrom\u00ed a nakl\u00e1dat s ... Read more\" \/>\n<meta property=\"og:url\" content=\"https:\/\/connectaled.com\/cs\/zasady-ochrany-osobnich-udaju\/\" \/>\n<meta property=\"og:site_name\" content=\"Connecta\" \/>\n<meta property=\"article:modified_time\" content=\"2026-02-22T18:57:43+00:00\" \/>\n<meta name=\"twitter:card\" content=\"summary_large_image\" \/>\n<meta name=\"twitter:label1\" content=\"Odhadovan\u00e1 doba \u010dten\u00ed\" \/>\n\t<meta name=\"twitter:data1\" content=\"5 minut\" \/>\n<script type=\"application\/ld+json\" class=\"yoast-schema-graph\">{\"@context\":\"https:\\\/\\\/schema.org\",\"@graph\":[{\"@type\":\"WebPage\",\"@id\":\"https:\\\/\\\/connectaled.com\\\/cs\\\/zasady-ochrany-osobnich-udaju\\\/\",\"url\":\"https:\\\/\\\/connectaled.com\\\/cs\\\/zasady-ochrany-osobnich-udaju\\\/\",\"name\":\"Z\u00e1sady ochrany osobn\u00edch \u00fadaj\u016f &#8226; Connecta\",\"isPartOf\":{\"@id\":\"https:\\\/\\\/connectaled.com\\\/cs\\\/#website\"},\"datePublished\":\"2026-01-10T21:10:22+00:00\",\"dateModified\":\"2026-02-22T18:57:43+00:00\",\"breadcrumb\":{\"@id\":\"https:\\\/\\\/connectaled.com\\\/cs\\\/zasady-ochrany-osobnich-udaju\\\/#breadcrumb\"},\"inLanguage\":\"cs\",\"potentialAction\":[{\"@type\":\"ReadAction\",\"target\":[\"https:\\\/\\\/connectaled.com\\\/cs\\\/zasady-ochrany-osobnich-udaju\\\/\"]}]},{\"@type\":\"BreadcrumbList\",\"@id\":\"https:\\\/\\\/connectaled.com\\\/cs\\\/zasady-ochrany-osobnich-udaju\\\/#breadcrumb\",\"itemListElement\":[{\"@type\":\"ListItem\",\"position\":1,\"name\":\"Home\",\"item\":\"https:\\\/\\\/connectaled.com\\\/cs\\\/\"},{\"@type\":\"ListItem\",\"position\":2,\"name\":\"Z\u00e1sady ochrany osobn\u00edch \u00fadaj\u016f\"}]},{\"@type\":\"WebSite\",\"@id\":\"https:\\\/\\\/connectaled.com\\\/cs\\\/#website\",\"url\":\"https:\\\/\\\/connectaled.com\\\/cs\\\/\",\"name\":\"Click&Light\",\"description\":\"Click&amp;Light\",\"publisher\":{\"@id\":\"https:\\\/\\\/connectaled.com\\\/cs\\\/#organization\"},\"alternateName\":\"Profesional LED Stripes\",\"potentialAction\":[{\"@type\":\"SearchAction\",\"target\":{\"@type\":\"EntryPoint\",\"urlTemplate\":\"https:\\\/\\\/connectaled.com\\\/cs\\\/?s={search_term_string}\"},\"query-input\":{\"@type\":\"PropertyValueSpecification\",\"valueRequired\":true,\"valueName\":\"search_term_string\"}}],\"inLanguage\":\"cs\"},{\"@type\":\"Organization\",\"@id\":\"https:\\\/\\\/connectaled.com\\\/cs\\\/#organization\",\"name\":\"Click&Light\",\"alternateName\":\"ESTA Connecta LED Profesional LED Stripes\",\"url\":\"https:\\\/\\\/connectaled.com\\\/cs\\\/\",\"logo\":{\"@type\":\"ImageObject\",\"inLanguage\":\"cs\",\"@id\":\"https:\\\/\\\/connectaled.com\\\/cs\\\/#\\\/schema\\\/logo\\\/image\\\/\",\"url\":\"https:\\\/\\\/connectaled.com\\\/wp-content\\\/uploads\\\/2026\\\/02\\\/0971ccf6-3fff-42e1-94cc-ad01a54d4b85-4.png\",\"contentUrl\":\"https:\\\/\\\/connectaled.com\\\/wp-content\\\/uploads\\\/2026\\\/02\\\/0971ccf6-3fff-42e1-94cc-ad01a54d4b85-4.png\",\"width\":1326,\"height\":330,\"caption\":\"Click&Light\"},\"image\":{\"@id\":\"https:\\\/\\\/connectaled.com\\\/cs\\\/#\\\/schema\\\/logo\\\/image\\\/\"}}]}<\/script>\n<!-- \/ Yoast SEO plugin. -->","yoast_head_json":{"title":"Z\u00e1sady ochrany osobn\u00edch \u00fadaj\u016f &#8226; Connecta","robots":{"index":"noindex","follow":"follow"},"og_locale":"cs_CZ","og_type":"article","og_title":"Z\u00e1sady ochrany osobn\u00edch \u00fadaj\u016f &#8226; Connecta","og_description":"Z\u00e1sady ochrany osobn\u00edch \u00fadaj\u016f Prohl\u00e1\u0161en\u00ed o ochran\u011b osobn\u00edch \u00fadaj\u016fPosledn\u00ed aktualizace: leden 2026 1. \u00davod Toto prohl\u00e1\u0161en\u00ed o ochran\u011b osobn\u00edch \u00fadaj\u016f vysv\u011btluje, jak connectaled.com (\u201emy\u201c, \u201en\u00e1s\u201c, \u201ena\u0161e\u201c) shroma\u017e\u010fuje, pou\u017e\u00edv\u00e1, ukl\u00e1d\u00e1 a chr\u00e1n\u00ed Va\u0161e osobn\u00ed \u00fadaje, kdy\u017e nav\u0161t\u00edv\u00edte na\u0161e webov\u00e9 str\u00e1nky https:\/\/connectaled.com a souvisej\u00edc\u00ed slu\u017eby nebo s nimi interagujete. Zavazujeme se chr\u00e1nit Va\u0161e soukrom\u00ed a nakl\u00e1dat s ... Read more","og_url":"https:\/\/connectaled.com\/cs\/zasady-ochrany-osobnich-udaju\/","og_site_name":"Connecta","article_modified_time":"2026-02-22T18:57:43+00:00","twitter_card":"summary_large_image","twitter_misc":{"Odhadovan\u00e1 doba \u010dten\u00ed":"5 minut"},"schema":{"@context":"https:\/\/schema.org","@graph":[{"@type":"WebPage","@id":"https:\/\/connectaled.com\/cs\/zasady-ochrany-osobnich-udaju\/","url":"https:\/\/connectaled.com\/cs\/zasady-ochrany-osobnich-udaju\/","name":"Z\u00e1sady ochrany osobn\u00edch \u00fadaj\u016f &#8226; Connecta","isPartOf":{"@id":"https:\/\/connectaled.com\/cs\/#website"},"datePublished":"2026-01-10T21:10:22+00:00","dateModified":"2026-02-22T18:57:43+00:00","breadcrumb":{"@id":"https:\/\/connectaled.com\/cs\/zasady-ochrany-osobnich-udaju\/#breadcrumb"},"inLanguage":"cs","potentialAction":[{"@type":"ReadAction","target":["https:\/\/connectaled.com\/cs\/zasady-ochrany-osobnich-udaju\/"]}]},{"@type":"BreadcrumbList","@id":"https:\/\/connectaled.com\/cs\/zasady-ochrany-osobnich-udaju\/#breadcrumb","itemListElement":[{"@type":"ListItem","position":1,"name":"Home","item":"https:\/\/connectaled.com\/cs\/"},{"@type":"ListItem","position":2,"name":"Z\u00e1sady ochrany osobn\u00edch \u00fadaj\u016f"}]},{"@type":"WebSite","@id":"https:\/\/connectaled.com\/cs\/#website","url":"https:\/\/connectaled.com\/cs\/","name":"Click&Light","description":"Click&amp;Light","publisher":{"@id":"https:\/\/connectaled.com\/cs\/#organization"},"alternateName":"Profesional LED Stripes","potentialAction":[{"@type":"SearchAction","target":{"@type":"EntryPoint","urlTemplate":"https:\/\/connectaled.com\/cs\/?s={search_term_string}"},"query-input":{"@type":"PropertyValueSpecification","valueRequired":true,"valueName":"search_term_string"}}],"inLanguage":"cs"},{"@type":"Organization","@id":"https:\/\/connectaled.com\/cs\/#organization","name":"Click&Light","alternateName":"ESTA Connecta LED Profesional LED Stripes","url":"https:\/\/connectaled.com\/cs\/","logo":{"@type":"ImageObject","inLanguage":"cs","@id":"https:\/\/connectaled.com\/cs\/#\/schema\/logo\/image\/","url":"https:\/\/connectaled.com\/wp-content\/uploads\/2026\/02\/0971ccf6-3fff-42e1-94cc-ad01a54d4b85-4.png","contentUrl":"https:\/\/connectaled.com\/wp-content\/uploads\/2026\/02\/0971ccf6-3fff-42e1-94cc-ad01a54d4b85-4.png","width":1326,"height":330,"caption":"Click&Light"},"image":{"@id":"https:\/\/connectaled.com\/cs\/#\/schema\/logo\/image\/"}}]}},"jetpack_sharing_enabled":true,"_links":{"self":[{"href":"https:\/\/connectaled.com\/cs\/wp-json\/wp\/v2\/pages\/51443","targetHints":{"allow":["GET"]}}],"collection":[{"href":"https:\/\/connectaled.com\/cs\/wp-json\/wp\/v2\/pages"}],"about":[{"href":"https:\/\/connectaled.com\/cs\/wp-json\/wp\/v2\/types\/page"}],"author":[{"embeddable":true,"href":"https:\/\/connectaled.com\/cs\/wp-json\/wp\/v2\/users\/1"}],"replies":[{"embeddable":true,"href":"https:\/\/connectaled.com\/cs\/wp-json\/wp\/v2\/comments?post=51443"}],"version-history":[{"count":1,"href":"https:\/\/connectaled.com\/cs\/wp-json\/wp\/v2\/pages\/51443\/revisions"}],"predecessor-version":[{"id":51444,"href":"https:\/\/connectaled.com\/cs\/wp-json\/wp\/v2\/pages\/51443\/revisions\/51444"}],"wp:attachment":[{"href":"https:\/\/connectaled.com\/cs\/wp-json\/wp\/v2\/media?parent=51443"}],"curies":[{"name":"wp","href":"https:\/\/api.w.org\/{rel}","templated":true}]}}