{"id":51439,"date":"2026-01-10T22:25:16","date_gmt":"2026-01-10T21:25:16","guid":{"rendered":"https:\/\/connectaled.com\/zasady-pouzivani-souboru-cookie\/"},"modified":"2026-02-22T19:50:05","modified_gmt":"2026-02-22T18:50:05","slug":"zasady-pouzivani-souboru-cookie","status":"publish","type":"page","link":"https:\/\/connectaled.com\/cs\/zasady-pouzivani-souboru-cookie\/","title":{"rendered":"Z\u00e1sady pou\u017e\u00edv\u00e1n\u00ed soubor\u016f cookie"},"content":{"rendered":"\n<h1>Z\u00e1sady pou\u017e\u00edv\u00e1n\u00ed soubor\u016f cookie<\/h1>\n<p><strong>Posledn\u00ed aktualizace:<\/strong> leden 2026<\/p>\n\n<h2>1. \u00davod<\/h2>\n<p>\nTyto z\u00e1sady pou\u017e\u00edv\u00e1n\u00ed soubor\u016f cookie vysv\u011btluj\u00ed, jak connectaled.com (\u201emy\u201c, \u201en\u00e1s\u201c, \u201ena\u0161e\u201c) pou\u017e\u00edv\u00e1 soubory cookie a podobn\u00e9 technologie na na\u0161em webu https:\/\/connectaled.com.\n<\/p>\n<p>\nTyto z\u00e1sady je t\u0159eba \u010d\u00edst spole\u010dn\u011b s na\u0161imi <a href=\"https:\/\/connectaled.com\/privacy-policy\/\">Z\u00e1sadami ochrany osobn\u00edch \u00fadaj\u016f<\/a>, kter\u00e9 vysv\u011btluj\u00ed, jak obecn\u011b zpracov\u00e1v\u00e1me osobn\u00ed \u00fadaje.\n<\/p>\n\n<h2>2. Co jsou soubory cookie?<\/h2>\n<p>\nSoubory cookie jsou mal\u00e9 textov\u00e9 soubory, kter\u00e9 se p\u0159i n\u00e1v\u0161t\u011bv\u011b webu ukl\u00e1daj\u00ed do va\u0161eho za\u0159\u00edzen\u00ed (po\u010d\u00edta\u010de, tabletu nebo chytr\u00e9ho telefonu). Soubory cookie pom\u00e1haj\u00ed web\u016fm spr\u00e1vn\u011b fungovat, ukl\u00e1dat u\u017eivatelsk\u00e1 nastaven\u00ed a poskytovat informace o tom, jak je web pou\u017e\u00edv\u00e1n.  \n<\/p>\n\n<h2>3. Typy soubor\u016f cookie, kter\u00e9 pou\u017e\u00edv\u00e1me<\/h2>\n\n<h3>Nezbytn\u00e9 (funk\u010dn\u00ed) soubory cookie<\/h3>\n<p>\nTyto soubory cookie jsou nezbytn\u00e9 pro spr\u00e1vn\u00e9 fungov\u00e1n\u00ed webu. Umo\u017e\u0148uj\u00ed kl\u00ed\u010dov\u00e9 funkce, jako je navigace na str\u00e1nk\u00e1ch, zabezpe\u010den\u00ed a odes\u00edl\u00e1n\u00ed formul\u00e1\u0159\u016f. Bez t\u011bchto soubor\u016f cookie nemus\u00ed web fungovat spr\u00e1vn\u011b.   \n<\/p>\n\n<h3>Preferen\u010dn\u00ed soubory cookie<\/h3>\n<p>\nTyto soubory cookie umo\u017e\u0148uj\u00ed webu pamatovat si va\u0161e preference, nap\u0159. jazykov\u00e9 nastaven\u00ed nebo region, aby v\u00e1m poskytl personalizovan\u011bj\u0161\u00ed prost\u0159ed\u00ed.\n<\/p>\n\n<h3>Statistick\u00e9 (analytick\u00e9) soubory cookie<\/h3>\n<p>\nAnalytick\u00e9 soubory cookie n\u00e1m pom\u00e1haj\u00ed porozum\u011bt tomu, jak n\u00e1v\u0161t\u011bvn\u00edci s na\u0161\u00edm webem interaguj\u00ed, a to shroma\u017e\u010fov\u00e1n\u00edm anonymizovan\u00fdch informac\u00ed, nap\u0159. nav\u0161t\u00edven\u00fdch str\u00e1nek, doby str\u00e1ven\u00e9 na webu a typu za\u0159\u00edzen\u00ed.\n<\/p>\n<p>\nV budoucnu m\u016f\u017eeme pou\u017e\u00edvat analytick\u00e9 n\u00e1stroje, jako je Google Analytics. Tyto soubory cookie se nastav\u00ed a\u017e pot\u00e9, co prost\u0159ednictv\u00edm na\u0161eho cookie banneru ud\u011bl\u00edte v\u00fdslovn\u00fd souhlas.  \n<\/p>\n\n<h3>Marketingov\u00e9 soubory cookie<\/h3>\n<p>\nMarketingov\u00e9 soubory cookie se pou\u017e\u00edvaj\u00ed ke sledov\u00e1n\u00ed n\u00e1v\u0161t\u011bvn\u00edk\u016f nap\u0159\u00ed\u010d weby a mohou b\u00fdt pou\u017eity k zobrazov\u00e1n\u00ed relevantn\u00ed reklamy.\n<\/p>\n<p>\nV sou\u010dasnosti nepou\u017e\u00edv\u00e1me \u017e\u00e1dn\u00e9 aktivn\u00ed marketingov\u00e9 ani reklamn\u00ed soubory cookie. Pokud v budoucnu zavedeme n\u00e1stroje, jako je Meta (Facebook) Pixel nebo podobn\u00e9 technologie, budou tyto soubory cookie aktivov\u00e1ny pouze s va\u0161\u00edm souhlasem.  \n<\/p>\n\n<h2>4. Pr\u00e1vn\u00ed z\u00e1klad pro pou\u017e\u00edv\u00e1n\u00ed soubor\u016f cookie<\/h2>\n<p>\nV souladu s obecn\u00fdm na\u0159\u00edzen\u00edm o ochran\u011b osobn\u00edch \u00fadaj\u016f (GDPR) a podobn\u00fdmi z\u00e1kony o ochran\u011b osobn\u00edch \u00fadaj\u016f:\n<\/p>\n<ul>\n  <li>Nezbytn\u00e9 soubory cookie jsou nastavov\u00e1ny na z\u00e1klad\u011b na\u0161eho opr\u00e1vn\u011bn\u00e9ho z\u00e1jmu na poskytov\u00e1n\u00ed funk\u010dn\u00edho webu.<\/li>\n  <li>V\u0161echny ne nezbytn\u00e9 soubory cookie (preference, anal\u00fdzy, marketing) se nastavuj\u00ed a\u017e pot\u00e9, co ud\u011bl\u00edte souhlas.<\/li>\n<\/ul>\n\n<h2>5. Spr\u00e1va va\u0161ich nastaven\u00ed soubor\u016f cookie<\/h2>\n<p>\nP\u0159i prvn\u00ed n\u00e1v\u0161t\u011bv\u011b na\u0161eho webu se v\u00e1m zobraz\u00ed cookie banner, kter\u00fd v\u00e1m umo\u017en\u00ed:\n<\/p>\n<ul>\n  <li>P\u0159ijmout v\u0161echny soubory cookie<\/li>\n  <li>Odm\u00edtnout ne nezbytn\u00e9 soubory cookie<\/li>\n  <li>Upravit nastaven\u00ed soubor\u016f cookie<\/li>\n<\/ul>\n<p>\nSv\u016fj souhlas m\u016f\u017eete kdykoli zm\u011bnit nebo odvolat prost\u0159ednictv\u00edm nastaven\u00ed soubor\u016f cookie dostupn\u00e9ho na webu.\n<\/p>\n\n<h2>6. Soubory cookie a CCPA (obyvatel\u00e9 Kalifornie)<\/h2>\n<p>\nPokud jste obyvatelem Kalifornie, m\u00e1te pr\u00e1vo zjistit, kter\u00e9 kategorie osobn\u00edch \u00fadaj\u016f jsou prost\u0159ednictv\u00edm soubor\u016f cookie shroma\u017e\u010fov\u00e1ny, a pr\u00e1vo odm\u00edtnout prodej nebo sd\u00edlen\u00ed osobn\u00edch \u00fadaj\u016f.\n<\/p>\n<p>\nNeprod\u00e1v\u00e1me osobn\u00ed \u00fadaje shrom\u00e1\u017ed\u011bn\u00e9 prost\u0159ednictv\u00edm soubor\u016f cookie. Jak\u00e9koli budouc\u00ed pou\u017e\u00edv\u00e1n\u00ed analytick\u00fdch nebo marketingov\u00fdch soubor\u016f cookie podl\u00e9h\u00e1 souhlasu u\u017eivatele a platn\u00fdm z\u00e1kon\u016fm o ochran\u011b osobn\u00edch \u00fadaj\u016f.  \n<\/p>\n\n<h2>7. Soubory cookie t\u0159et\u00edch stran<\/h2>\n<p>\nN\u011bkter\u00e9 soubory cookie mohou b\u00fdt um\u00edst\u011bny t\u0159et\u00edmi stranami, kter\u00e9 n\u00e1m pom\u00e1haj\u00ed s funk\u010dnost\u00ed webu, anal\u00fdzou nebo marketingem. Tyto t\u0159et\u00ed strany mohou zpracov\u00e1vat \u00fadaje v souladu se sv\u00fdmi vlastn\u00edmi z\u00e1sadami ochrany osobn\u00edch \u00fadaj\u016f.  \n<\/p>\n<p>\nSoubory cookie t\u0159et\u00edch stran se pou\u017e\u00edvaj\u00ed pouze tehdy, pokud je to z\u00e1konem povoleno, a a\u017e pot\u00e9, co ud\u011bl\u00edte souhlas.\n<\/p>\n\n<h2>8. Jak zak\u00e1zat soubory cookie ve va\u0161em prohl\u00ed\u017ee\u010di<\/h2>\n<p>\nKrom\u011b na\u0161eho cookie banneru m\u016f\u017eete soubory cookie spravovat nebo mazat prost\u0159ednictv\u00edm nastaven\u00ed prohl\u00ed\u017ee\u010de. Vezm\u011bte pros\u00edm na v\u011bdom\u00ed, \u017ee zak\u00e1z\u00e1n\u00ed ur\u010dit\u00fdch soubor\u016f cookie m\u016f\u017ee ovlivnit funk\u010dnost webu.  \n<\/p>\n\n<h2>9. Zm\u011bny t\u011bchto z\u00e1sad pou\u017e\u00edv\u00e1n\u00ed soubor\u016f cookie<\/h2>\n<p>\nTyto z\u00e1sady pou\u017e\u00edv\u00e1n\u00ed soubor\u016f cookie m\u016f\u017eeme \u010das od \u010dasu aktualizovat. Ve\u0161ker\u00e9 zm\u011bny se projev\u00ed aktualizac\u00ed data \u201ePosledn\u00ed aktualizace\u201c v horn\u00ed \u010d\u00e1sti t\u00e9to str\u00e1nky.  \n<\/p>\n\n<h2>10. Kontaktn\u00ed informace<\/h2>\n<p>\nPokud m\u00e1te ot\u00e1zky ohledn\u011b na\u0161eho pou\u017e\u00edv\u00e1n\u00ed soubor\u016f cookie nebo t\u011bchto z\u00e1sad pou\u017e\u00edv\u00e1n\u00ed soubor\u016f cookie, kontaktujte n\u00e1s pros\u00edm na:\n<\/p>\n<p>\n<strong>ESTA PR Uro\u0161 Ne\u0161i\u0107<\/strong><br\/>E-mail: <a href=\"mailto:admin@connectaled.com\">admin@connectaled.com<\/a><br\/>Adresa: \u0106upi\u0107eva 21, 37000 Kru\u0161evac, Srbsko<br\/>Telefon: +381 64 820 1705\n<\/p>\n\n","protected":false},"excerpt":{"rendered":"<p>Z\u00e1sady pou\u017e\u00edv\u00e1n\u00ed soubor\u016f cookie Posledn\u00ed aktualizace: leden 2026 1. \u00davod Tyto z\u00e1sady pou\u017e\u00edv\u00e1n\u00ed soubor\u016f cookie vysv\u011btluj\u00ed, jak connectaled.com (\u201emy\u201c, \u201en\u00e1s\u201c, \u201ena\u0161e\u201c) pou\u017e\u00edv\u00e1 soubory cookie a podobn\u00e9 technologie na na\u0161em webu https:\/\/connectaled.com. Tyto z\u00e1sady je t\u0159eba \u010d\u00edst spole\u010dn\u011b s na\u0161imi Z\u00e1sadami ochrany osobn\u00edch \u00fadaj\u016f, kter\u00e9 vysv\u011btluj\u00ed, jak obecn\u011b zpracov\u00e1v\u00e1me osobn\u00ed \u00fadaje. 2. Co jsou soubory cookie? &#8230; <a title=\"Z\u00e1sady pou\u017e\u00edv\u00e1n\u00ed soubor\u016f cookie\" class=\"read-more\" href=\"https:\/\/connectaled.com\/cs\/zasady-pouzivani-souboru-cookie\/\" aria-label=\"\u010c\u00edst v\u00edce o Z\u00e1sady pou\u017e\u00edv\u00e1n\u00ed soubor\u016f cookie\">Read more<\/a><\/p>\n","protected":false},"author":1,"featured_media":0,"parent":0,"menu_order":0,"comment_status":"closed","ping_status":"closed","template":"","meta":{"iawp_total_views":0,"footnotes":""},"class_list":["post-51439","page","type-page","status-publish"],"yoast_head":"<!-- This site is optimized with the Yoast SEO plugin v27.4 - https:\/\/yoast.com\/product\/yoast-seo-wordpress\/ -->\n<title>Z\u00e1sady pou\u017e\u00edv\u00e1n\u00ed soubor\u016f cookie &#8226; Connecta<\/title>\n<meta name=\"robots\" content=\"noindex, follow\" \/>\n<meta property=\"og:locale\" content=\"cs_CZ\" \/>\n<meta property=\"og:type\" content=\"article\" \/>\n<meta property=\"og:title\" content=\"Z\u00e1sady pou\u017e\u00edv\u00e1n\u00ed soubor\u016f cookie &#8226; Connecta\" \/>\n<meta property=\"og:description\" content=\"Z\u00e1sady pou\u017e\u00edv\u00e1n\u00ed soubor\u016f cookie Posledn\u00ed aktualizace: leden 2026 1. \u00davod Tyto z\u00e1sady pou\u017e\u00edv\u00e1n\u00ed soubor\u016f cookie vysv\u011btluj\u00ed, jak connectaled.com (\u201emy\u201c, \u201en\u00e1s\u201c, \u201ena\u0161e\u201c) pou\u017e\u00edv\u00e1 soubory cookie a podobn\u00e9 technologie na na\u0161em webu https:\/\/connectaled.com. Tyto z\u00e1sady je t\u0159eba \u010d\u00edst spole\u010dn\u011b s na\u0161imi Z\u00e1sadami ochrany osobn\u00edch \u00fadaj\u016f, kter\u00e9 vysv\u011btluj\u00ed, jak obecn\u011b zpracov\u00e1v\u00e1me osobn\u00ed \u00fadaje. 2. Co jsou soubory cookie? ... Read more\" \/>\n<meta property=\"og:url\" content=\"https:\/\/connectaled.com\/cs\/zasady-pouzivani-souboru-cookie\/\" \/>\n<meta property=\"og:site_name\" content=\"Connecta\" \/>\n<meta property=\"article:modified_time\" content=\"2026-02-22T18:50:05+00:00\" \/>\n<meta name=\"twitter:card\" content=\"summary_large_image\" \/>\n<meta name=\"twitter:label1\" content=\"Odhadovan\u00e1 doba \u010dten\u00ed\" \/>\n\t<meta name=\"twitter:data1\" content=\"4 minuty\" \/>\n<script type=\"application\/ld+json\" class=\"yoast-schema-graph\">{\"@context\":\"https:\\\/\\\/schema.org\",\"@graph\":[{\"@type\":\"WebPage\",\"@id\":\"https:\\\/\\\/connectaled.com\\\/cs\\\/zasady-pouzivani-souboru-cookie\\\/\",\"url\":\"https:\\\/\\\/connectaled.com\\\/cs\\\/zasady-pouzivani-souboru-cookie\\\/\",\"name\":\"Z\u00e1sady pou\u017e\u00edv\u00e1n\u00ed soubor\u016f cookie &#8226; Connecta\",\"isPartOf\":{\"@id\":\"https:\\\/\\\/connectaled.com\\\/cs\\\/#website\"},\"datePublished\":\"2026-01-10T21:25:16+00:00\",\"dateModified\":\"2026-02-22T18:50:05+00:00\",\"breadcrumb\":{\"@id\":\"https:\\\/\\\/connectaled.com\\\/cs\\\/zasady-pouzivani-souboru-cookie\\\/#breadcrumb\"},\"inLanguage\":\"cs\",\"potentialAction\":[{\"@type\":\"ReadAction\",\"target\":[\"https:\\\/\\\/connectaled.com\\\/cs\\\/zasady-pouzivani-souboru-cookie\\\/\"]}]},{\"@type\":\"BreadcrumbList\",\"@id\":\"https:\\\/\\\/connectaled.com\\\/cs\\\/zasady-pouzivani-souboru-cookie\\\/#breadcrumb\",\"itemListElement\":[{\"@type\":\"ListItem\",\"position\":1,\"name\":\"Home\",\"item\":\"https:\\\/\\\/connectaled.com\\\/cs\\\/\"},{\"@type\":\"ListItem\",\"position\":2,\"name\":\"Z\u00e1sady pou\u017e\u00edv\u00e1n\u00ed soubor\u016f cookie\"}]},{\"@type\":\"WebSite\",\"@id\":\"https:\\\/\\\/connectaled.com\\\/cs\\\/#website\",\"url\":\"https:\\\/\\\/connectaled.com\\\/cs\\\/\",\"name\":\"Click&Light\",\"description\":\"Click&amp;Light\",\"publisher\":{\"@id\":\"https:\\\/\\\/connectaled.com\\\/cs\\\/#organization\"},\"alternateName\":\"Profesional LED Stripes\",\"potentialAction\":[{\"@type\":\"SearchAction\",\"target\":{\"@type\":\"EntryPoint\",\"urlTemplate\":\"https:\\\/\\\/connectaled.com\\\/cs\\\/?s={search_term_string}\"},\"query-input\":{\"@type\":\"PropertyValueSpecification\",\"valueRequired\":true,\"valueName\":\"search_term_string\"}}],\"inLanguage\":\"cs\"},{\"@type\":\"Organization\",\"@id\":\"https:\\\/\\\/connectaled.com\\\/cs\\\/#organization\",\"name\":\"Click&Light\",\"alternateName\":\"ESTA Connecta LED Profesional LED Stripes\",\"url\":\"https:\\\/\\\/connectaled.com\\\/cs\\\/\",\"logo\":{\"@type\":\"ImageObject\",\"inLanguage\":\"cs\",\"@id\":\"https:\\\/\\\/connectaled.com\\\/cs\\\/#\\\/schema\\\/logo\\\/image\\\/\",\"url\":\"https:\\\/\\\/connectaled.com\\\/wp-content\\\/uploads\\\/2026\\\/02\\\/0971ccf6-3fff-42e1-94cc-ad01a54d4b85-4.png\",\"contentUrl\":\"https:\\\/\\\/connectaled.com\\\/wp-content\\\/uploads\\\/2026\\\/02\\\/0971ccf6-3fff-42e1-94cc-ad01a54d4b85-4.png\",\"width\":1326,\"height\":330,\"caption\":\"Click&Light\"},\"image\":{\"@id\":\"https:\\\/\\\/connectaled.com\\\/cs\\\/#\\\/schema\\\/logo\\\/image\\\/\"}}]}<\/script>\n<!-- \/ Yoast SEO plugin. -->","yoast_head_json":{"title":"Z\u00e1sady pou\u017e\u00edv\u00e1n\u00ed soubor\u016f cookie &#8226; Connecta","robots":{"index":"noindex","follow":"follow"},"og_locale":"cs_CZ","og_type":"article","og_title":"Z\u00e1sady pou\u017e\u00edv\u00e1n\u00ed soubor\u016f cookie &#8226; Connecta","og_description":"Z\u00e1sady pou\u017e\u00edv\u00e1n\u00ed soubor\u016f cookie Posledn\u00ed aktualizace: leden 2026 1. \u00davod Tyto z\u00e1sady pou\u017e\u00edv\u00e1n\u00ed soubor\u016f cookie vysv\u011btluj\u00ed, jak connectaled.com (\u201emy\u201c, \u201en\u00e1s\u201c, \u201ena\u0161e\u201c) pou\u017e\u00edv\u00e1 soubory cookie a podobn\u00e9 technologie na na\u0161em webu https:\/\/connectaled.com. Tyto z\u00e1sady je t\u0159eba \u010d\u00edst spole\u010dn\u011b s na\u0161imi Z\u00e1sadami ochrany osobn\u00edch \u00fadaj\u016f, kter\u00e9 vysv\u011btluj\u00ed, jak obecn\u011b zpracov\u00e1v\u00e1me osobn\u00ed \u00fadaje. 2. Co jsou soubory cookie? ... Read more","og_url":"https:\/\/connectaled.com\/cs\/zasady-pouzivani-souboru-cookie\/","og_site_name":"Connecta","article_modified_time":"2026-02-22T18:50:05+00:00","twitter_card":"summary_large_image","twitter_misc":{"Odhadovan\u00e1 doba \u010dten\u00ed":"4 minuty"},"schema":{"@context":"https:\/\/schema.org","@graph":[{"@type":"WebPage","@id":"https:\/\/connectaled.com\/cs\/zasady-pouzivani-souboru-cookie\/","url":"https:\/\/connectaled.com\/cs\/zasady-pouzivani-souboru-cookie\/","name":"Z\u00e1sady pou\u017e\u00edv\u00e1n\u00ed soubor\u016f cookie &#8226; Connecta","isPartOf":{"@id":"https:\/\/connectaled.com\/cs\/#website"},"datePublished":"2026-01-10T21:25:16+00:00","dateModified":"2026-02-22T18:50:05+00:00","breadcrumb":{"@id":"https:\/\/connectaled.com\/cs\/zasady-pouzivani-souboru-cookie\/#breadcrumb"},"inLanguage":"cs","potentialAction":[{"@type":"ReadAction","target":["https:\/\/connectaled.com\/cs\/zasady-pouzivani-souboru-cookie\/"]}]},{"@type":"BreadcrumbList","@id":"https:\/\/connectaled.com\/cs\/zasady-pouzivani-souboru-cookie\/#breadcrumb","itemListElement":[{"@type":"ListItem","position":1,"name":"Home","item":"https:\/\/connectaled.com\/cs\/"},{"@type":"ListItem","position":2,"name":"Z\u00e1sady pou\u017e\u00edv\u00e1n\u00ed soubor\u016f cookie"}]},{"@type":"WebSite","@id":"https:\/\/connectaled.com\/cs\/#website","url":"https:\/\/connectaled.com\/cs\/","name":"Click&Light","description":"Click&amp;Light","publisher":{"@id":"https:\/\/connectaled.com\/cs\/#organization"},"alternateName":"Profesional LED Stripes","potentialAction":[{"@type":"SearchAction","target":{"@type":"EntryPoint","urlTemplate":"https:\/\/connectaled.com\/cs\/?s={search_term_string}"},"query-input":{"@type":"PropertyValueSpecification","valueRequired":true,"valueName":"search_term_string"}}],"inLanguage":"cs"},{"@type":"Organization","@id":"https:\/\/connectaled.com\/cs\/#organization","name":"Click&Light","alternateName":"ESTA Connecta LED Profesional LED Stripes","url":"https:\/\/connectaled.com\/cs\/","logo":{"@type":"ImageObject","inLanguage":"cs","@id":"https:\/\/connectaled.com\/cs\/#\/schema\/logo\/image\/","url":"https:\/\/connectaled.com\/wp-content\/uploads\/2026\/02\/0971ccf6-3fff-42e1-94cc-ad01a54d4b85-4.png","contentUrl":"https:\/\/connectaled.com\/wp-content\/uploads\/2026\/02\/0971ccf6-3fff-42e1-94cc-ad01a54d4b85-4.png","width":1326,"height":330,"caption":"Click&Light"},"image":{"@id":"https:\/\/connectaled.com\/cs\/#\/schema\/logo\/image\/"}}]}},"jetpack_sharing_enabled":true,"_links":{"self":[{"href":"https:\/\/connectaled.com\/cs\/wp-json\/wp\/v2\/pages\/51439","targetHints":{"allow":["GET"]}}],"collection":[{"href":"https:\/\/connectaled.com\/cs\/wp-json\/wp\/v2\/pages"}],"about":[{"href":"https:\/\/connectaled.com\/cs\/wp-json\/wp\/v2\/types\/page"}],"author":[{"embeddable":true,"href":"https:\/\/connectaled.com\/cs\/wp-json\/wp\/v2\/users\/1"}],"replies":[{"embeddable":true,"href":"https:\/\/connectaled.com\/cs\/wp-json\/wp\/v2\/comments?post=51439"}],"version-history":[{"count":1,"href":"https:\/\/connectaled.com\/cs\/wp-json\/wp\/v2\/pages\/51439\/revisions"}],"predecessor-version":[{"id":51440,"href":"https:\/\/connectaled.com\/cs\/wp-json\/wp\/v2\/pages\/51439\/revisions\/51440"}],"wp:attachment":[{"href":"https:\/\/connectaled.com\/cs\/wp-json\/wp\/v2\/media?parent=51439"}],"curies":[{"name":"wp","href":"https:\/\/api.w.org\/{rel}","templated":true}]}}