{"id":51411,"date":"2026-01-11T02:16:07","date_gmt":"2026-01-11T01:16:07","guid":{"rendered":"https:\/\/connectaled.com\/proc-connecta\/"},"modified":"2026-02-27T16:01:05","modified_gmt":"2026-02-27T15:01:05","slug":"proc-connecta","status":"publish","type":"page","link":"https:\/\/connectaled.com\/cs\/proc-connecta\/","title":{"rendered":"Pro\u010d Connecta"},"content":{"rendered":"\n<h1 class=\"gb-text gb-text-418ed580\">Pro\u010d je Connecta profesion\u00e1ln\u00ed modul\u00e1rn\u00ed LED syst\u00e9m<\/h1>\n\n\n\n<div>\n<section class=\"connecta-why\">\n\n\n  <p class=\"lead\">\n Connecta je profesion\u00e1ln\u00ed modul\u00e1rn\u00ed LED syst\u00e9m pro instalat\u00e9ry, kte\u0159\u00ed vy\u017eaduj\u00ed\n p\u0159edv\u00eddateln\u00fd elektrick\u00fd v\u00fdkon a \u010distou instalaci.\n Na rozd\u00edl od klasick\u00fdch LED p\u00e1sk\u016f se systematicky p\u0159edch\u00e1z\u00ed \u00fabytk\u016fm nap\u011bt\u00ed,\n nerovnom\u011brn\u00e9mu jasu, n\u00e1ro\u010dn\u00e9mu p\u00e1jen\u00ed a p\u0159ed\u010dasn\u00fdm poruch\u00e1m.\n  <\/p>\n\n  <p class=\"lead\">\n Ka\u017ed\u00e9 konstruk\u010dn\u00ed rozhodnut\u00ed je zam\u011b\u0159eno na bezpe\u010dnost instalace,\n elektrickou stabilitu a dlouhodobou spolehlivost.\n D\u00edky tomu projekty funguj\u00ed stabiln\u011b a s n\u00edzk\u00fdmi n\u00e1roky na \u00fadr\u017ebu ji\u017e od sam\u00e9ho za\u010d\u00e1tku.\n  <\/p>\n\n  <h2>Modul\u00e1rn\u00ed architektura nam\u00edsto nekone\u010dn\u00e9 metr\u00e1\u017ee v rol\u00edch<\/h2>\n  <p>\n Connecta se skl\u00e1d\u00e1 z p\u0159esn\u00fdch 0,5m segment\u016f nam\u00edsto dlouh\u00fdch, n\u00e1chyln\u00fdch rol\u00ed.\n Segmenty se propojuj\u00ed pomoc\u00ed konektor\u016f Kyocera.\n D\u00edky tomu lze realizovat p\u0159esn\u00e9 d\u00e9lky bez nutnosti st\u0159\u00edh\u00e1n\u00ed nebo p\u00e1jen\u00ed.\n  <\/p>\n\n  <h2>Nap\u00e1jen\u00ed tam, kde je to technicky nutn\u00e9<\/h2>\n  <p>\n Ka\u017ed\u00fd segment disponuje samostatnou mo\u017enost\u00ed nap\u00e1jen\u00ed.\n P\u0159\u00edvod proudu tak m\u016f\u017ee prob\u00edhat pravideln\u011b a eliminuje se \u00fabytek nap\u011bt\u00ed\n na dlouh\u00fdch tras\u00e1ch.\n V\u00fdsledkem je rovnom\u011brn\u00fd jas od prvn\u00ed do posledn\u00ed LED diody.\n  <\/p>\n\n  <h2>Regulace konstantn\u00edho proudu pro stabiln\u00ed sv\u011bteln\u00fd v\u00fdkon<\/h2>\n  <p>\n Integrovan\u00e1 regulace konstantn\u00edho proudu od spole\u010dnosti Infineon omezuje proud na segment na 60\u00a0mA.\n I p\u0159i kol\u00eds\u00e1n\u00ed nap\u011bt\u00ed z\u016fst\u00e1vaj\u00ed LED diody v bezpe\u010dn\u00fdch provozn\u00edch mez\u00edch.\n Podle spole\u010dnosti <a href=\"https:\/\/www.osram.com\" target=\"_blank\" rel=\"noopener\">OSRAM<\/a>\n stabiln\u00ed regulace proudu v\u00fdrazn\u011b zvy\u0161uje \u017eivotnost a v\u00fdkon.\n  <\/p>\n\n  <h2>Ochrann\u00e9 mechanismy v ka\u017ed\u00e9m modulu<\/h2>\n  <p>\n Ka\u017ed\u00fd segment je vybaven ochranou proti ESD.\n T\u00edm se sni\u017euje riziko po\u0161kozen\u00ed b\u011bhem mont\u00e1\u017ee a manipulace,\n co\u017e v\u00fdrazn\u011b omezuje pravd\u011bpodobnost selh\u00e1n\u00ed.\n  <\/p>\n\n  <h2>105\u00b5m m\u011bdi pro tepelnou a elektrickou stabilitu<\/h2>\n  <p>\n Deska plo\u0161n\u00fdch spoj\u016f se 105\u00a0\u00b5m m\u011bdi sni\u017euje elektrick\u00fd odpor\n a zlep\u0161uje odvod tepla.\n D\u00edky tomu z\u016fst\u00e1v\u00e1 syst\u00e9m stabiln\u00ed i v nep\u0159etr\u017eit\u00e9m provozu.\n  <\/p>\n\n  <h2>Optimalizov\u00e1no pro s\u00e9riovou v\u00fdrobu a profesion\u00e1ln\u00ed aplikace<\/h2>\n  <p>\n Standardizovan\u00fd 10mm form\u00e1t pasuje do b\u011b\u017en\u00fdch hlin\u00edkov\u00fdch profil\u016f.\n Modul\u00e1rn\u00ed koncept nav\u00edc zaji\u0161\u0165uje reprodukovateln\u00e9 v\u00fdsledky\n v s\u00e9riov\u00e9 i projektov\u00e9 v\u00fdrob\u011b.\n  <\/p>\n\n  <h2>Minimalizace servisn\u00edch z\u00e1sah\u016f d\u00edky robustn\u00ed konstrukci<\/h2>\n  <p>\n Ni\u017e\u0161\u00ed tepeln\u00e9 zat\u00ed\u017een\u00ed, kontrolovan\u00fd pr\u016ftok proudu a integrovan\u00e1 ochrana\n umo\u017e\u0148uj\u00ed \u017eivotnost p\u0159es 50\u00a0000 hodin.\n Pro profesion\u00e1ln\u00ed u\u017eivatele to znamen\u00e1 m\u00e9n\u011b reklamac\u00ed\n a pl\u00e1novatelnou provozn\u00ed spolehlivost.\n  <\/p>\n\n  <p style=\"text-align:center;\">\n    <a href=\"https:\/\/connectaled.com\/cs\/modularni-led-osvetlovaci-system\/\">Modul\u00e1rn\u00ed LED osv\u011btlovac\u00ed syst\u00e9m<\/a> |\n <a href=\"https:\/\/connectaled.com\/cs\/faq\/\">FAQ pro profesion\u00e1ln\u00ed instalat\u00e9ry<\/a> |\n <a href=\"https:\/\/connectaled.com\/cs\/vyzadat-si-projektove-poradenstvi\/\">Vy\u017e\u00e1dat projektovou konzultaci<\/a> |\n <a href=\"\/cs\/\">Domovsk\u00e1 str\u00e1nka<\/a>\n  <\/p>\n\n<\/section>\n<\/div>\n","protected":false},"excerpt":{"rendered":"<p>Pro\u010d je Connecta profesion\u00e1ln\u00ed modul\u00e1rn\u00ed LED syst\u00e9m Connecta je profesion\u00e1ln\u00ed modul\u00e1rn\u00ed LED syst\u00e9m pro instalat\u00e9ry, kte\u0159\u00ed vy\u017eaduj\u00ed p\u0159edv\u00eddateln\u00fd elektrick\u00fd v\u00fdkon a \u010distou instalaci. Na rozd\u00edl od klasick\u00fdch LED p\u00e1sk\u016f se systematicky p\u0159edch\u00e1z\u00ed \u00fabytk\u016fm nap\u011bt\u00ed, nerovnom\u011brn\u00e9mu jasu, n\u00e1ro\u010dn\u00e9mu p\u00e1jen\u00ed a p\u0159ed\u010dasn\u00fdm poruch\u00e1m. Ka\u017ed\u00e9 konstruk\u010dn\u00ed rozhodnut\u00ed je zam\u011b\u0159eno na bezpe\u010dnost instalace, elektrickou stabilitu a dlouhodobou spolehlivost. D\u00edky &#8230; <a title=\"Pro\u010d Connecta\" class=\"read-more\" href=\"https:\/\/connectaled.com\/cs\/proc-connecta\/\" aria-label=\"\u010c\u00edst v\u00edce o Pro\u010d Connecta\">Read more<\/a><\/p>\n","protected":false},"author":1,"featured_media":51311,"parent":0,"menu_order":0,"comment_status":"closed","ping_status":"closed","template":"","meta":{"iawp_total_views":0,"footnotes":""},"class_list":["post-51411","page","type-page","status-publish","has-post-thumbnail"],"yoast_head":"<!-- This site is optimized with the Yoast SEO plugin v27.4 - https:\/\/yoast.com\/product\/yoast-seo-wordpress\/ -->\n<title>Profesion\u00e1ln\u00ed modul\u00e1rn\u00ed LED syst\u00e9m | Pro\u010d Connecta<\/title>\n<meta name=\"description\" content=\"Profesion\u00e1ln\u00ed modul\u00e1rn\u00ed LED syst\u00e9m pro instalat\u00e9ry. Bezp\u00e1jec\u00ed spojen\u00ed, nap\u00e1jen\u00ed ka\u017ed\u00fdch 0,5m a stabiln\u00ed regulace konstantn\u00edho proudu.\" \/>\n<meta name=\"robots\" content=\"index, follow, max-snippet:-1, max-image-preview:large, max-video-preview:-1\" \/>\n<link rel=\"canonical\" href=\"https:\/\/connectaled.com\/cs\/proc-connecta\/\" \/>\n<meta property=\"og:locale\" content=\"cs_CZ\" \/>\n<meta property=\"og:type\" content=\"article\" \/>\n<meta property=\"og:title\" content=\"Profesion\u00e1ln\u00ed modul\u00e1rn\u00ed LED syst\u00e9m | Pro\u010d Connecta\" \/>\n<meta property=\"og:description\" content=\"Profesion\u00e1ln\u00ed modul\u00e1rn\u00ed LED syst\u00e9m pro instalat\u00e9ry. Bezp\u00e1jec\u00ed spojen\u00ed, nap\u00e1jen\u00ed ka\u017ed\u00fdch 0,5m a stabiln\u00ed regulace konstantn\u00edho proudu.\" \/>\n<meta property=\"og:url\" content=\"https:\/\/connectaled.com\/cs\/proc-connecta\/\" \/>\n<meta property=\"og:site_name\" content=\"Connecta\" \/>\n<meta property=\"article:modified_time\" content=\"2026-02-27T15:01:05+00:00\" \/>\n<meta property=\"og:image\" content=\"https:\/\/connectaled.com\/wp-content\/uploads\/2026\/01\/GSTD8173-1024x683-1.jpg\" \/>\n\t<meta property=\"og:image:width\" content=\"1024\" \/>\n\t<meta property=\"og:image:height\" content=\"683\" \/>\n\t<meta property=\"og:image:type\" content=\"image\/jpeg\" \/>\n<meta name=\"twitter:card\" content=\"summary_large_image\" \/>\n<meta name=\"twitter:label1\" content=\"Odhadovan\u00e1 doba \u010dten\u00ed\" \/>\n\t<meta name=\"twitter:data1\" content=\"2 minuty\" \/>\n<script type=\"application\/ld+json\" class=\"yoast-schema-graph\">{\"@context\":\"https:\\\/\\\/schema.org\",\"@graph\":[{\"@type\":\"WebPage\",\"@id\":\"https:\\\/\\\/connectaled.com\\\/cs\\\/proc-connecta\\\/\",\"url\":\"https:\\\/\\\/connectaled.com\\\/cs\\\/proc-connecta\\\/\",\"name\":\"Profesion\u00e1ln\u00ed modul\u00e1rn\u00ed LED syst\u00e9m | Pro\u010d Connecta\",\"isPartOf\":{\"@id\":\"https:\\\/\\\/connectaled.com\\\/cs\\\/#website\"},\"primaryImageOfPage\":{\"@id\":\"https:\\\/\\\/connectaled.com\\\/cs\\\/proc-connecta\\\/#primaryimage\"},\"image\":{\"@id\":\"https:\\\/\\\/connectaled.com\\\/cs\\\/proc-connecta\\\/#primaryimage\"},\"thumbnailUrl\":\"https:\\\/\\\/connectaled.com\\\/wp-content\\\/uploads\\\/2026\\\/01\\\/GSTD8173-1024x683-1.jpg\",\"datePublished\":\"2026-01-11T01:16:07+00:00\",\"dateModified\":\"2026-02-27T15:01:05+00:00\",\"description\":\"Profesion\u00e1ln\u00ed modul\u00e1rn\u00ed LED syst\u00e9m pro instalat\u00e9ry. Bezp\u00e1jec\u00ed spojen\u00ed, nap\u00e1jen\u00ed ka\u017ed\u00fdch 0,5m a stabiln\u00ed regulace konstantn\u00edho proudu.\",\"breadcrumb\":{\"@id\":\"https:\\\/\\\/connectaled.com\\\/cs\\\/proc-connecta\\\/#breadcrumb\"},\"inLanguage\":\"cs\",\"potentialAction\":[{\"@type\":\"ReadAction\",\"target\":[\"https:\\\/\\\/connectaled.com\\\/cs\\\/proc-connecta\\\/\"]}]},{\"@type\":\"ImageObject\",\"inLanguage\":\"cs\",\"@id\":\"https:\\\/\\\/connectaled.com\\\/cs\\\/proc-connecta\\\/#primaryimage\",\"url\":\"https:\\\/\\\/connectaled.com\\\/wp-content\\\/uploads\\\/2026\\\/01\\\/GSTD8173-1024x683-1.jpg\",\"contentUrl\":\"https:\\\/\\\/connectaled.com\\\/wp-content\\\/uploads\\\/2026\\\/01\\\/GSTD8173-1024x683-1.jpg\",\"width\":1024,\"height\":683,\"caption\":\"ESTA-connecta-led-stripe\"},{\"@type\":\"BreadcrumbList\",\"@id\":\"https:\\\/\\\/connectaled.com\\\/cs\\\/proc-connecta\\\/#breadcrumb\",\"itemListElement\":[{\"@type\":\"ListItem\",\"position\":1,\"name\":\"Home\",\"item\":\"https:\\\/\\\/connectaled.com\\\/cs\\\/\"},{\"@type\":\"ListItem\",\"position\":2,\"name\":\"Pro\u010d Connecta\"}]},{\"@type\":\"WebSite\",\"@id\":\"https:\\\/\\\/connectaled.com\\\/cs\\\/#website\",\"url\":\"https:\\\/\\\/connectaled.com\\\/cs\\\/\",\"name\":\"Click&Light\",\"description\":\"Click&amp;Light\",\"publisher\":{\"@id\":\"https:\\\/\\\/connectaled.com\\\/cs\\\/#organization\"},\"alternateName\":\"Profesional LED Stripes\",\"potentialAction\":[{\"@type\":\"SearchAction\",\"target\":{\"@type\":\"EntryPoint\",\"urlTemplate\":\"https:\\\/\\\/connectaled.com\\\/cs\\\/?s={search_term_string}\"},\"query-input\":{\"@type\":\"PropertyValueSpecification\",\"valueRequired\":true,\"valueName\":\"search_term_string\"}}],\"inLanguage\":\"cs\"},{\"@type\":\"Organization\",\"@id\":\"https:\\\/\\\/connectaled.com\\\/cs\\\/#organization\",\"name\":\"Click&Light\",\"alternateName\":\"ESTA Connecta LED Profesional LED Stripes\",\"url\":\"https:\\\/\\\/connectaled.com\\\/cs\\\/\",\"logo\":{\"@type\":\"ImageObject\",\"inLanguage\":\"cs\",\"@id\":\"https:\\\/\\\/connectaled.com\\\/cs\\\/#\\\/schema\\\/logo\\\/image\\\/\",\"url\":\"https:\\\/\\\/connectaled.com\\\/wp-content\\\/uploads\\\/2026\\\/02\\\/0971ccf6-3fff-42e1-94cc-ad01a54d4b85-4.png\",\"contentUrl\":\"https:\\\/\\\/connectaled.com\\\/wp-content\\\/uploads\\\/2026\\\/02\\\/0971ccf6-3fff-42e1-94cc-ad01a54d4b85-4.png\",\"width\":1326,\"height\":330,\"caption\":\"Click&Light\"},\"image\":{\"@id\":\"https:\\\/\\\/connectaled.com\\\/cs\\\/#\\\/schema\\\/logo\\\/image\\\/\"}}]}<\/script>\n<!-- \/ Yoast SEO plugin. -->","yoast_head_json":{"title":"Profesion\u00e1ln\u00ed modul\u00e1rn\u00ed LED syst\u00e9m | Pro\u010d Connecta","description":"Profesion\u00e1ln\u00ed modul\u00e1rn\u00ed LED syst\u00e9m pro instalat\u00e9ry. Bezp\u00e1jec\u00ed spojen\u00ed, nap\u00e1jen\u00ed ka\u017ed\u00fdch 0,5m a stabiln\u00ed regulace konstantn\u00edho proudu.","robots":{"index":"index","follow":"follow","max-snippet":"max-snippet:-1","max-image-preview":"max-image-preview:large","max-video-preview":"max-video-preview:-1"},"canonical":"https:\/\/connectaled.com\/cs\/proc-connecta\/","og_locale":"cs_CZ","og_type":"article","og_title":"Profesion\u00e1ln\u00ed modul\u00e1rn\u00ed LED syst\u00e9m | Pro\u010d Connecta","og_description":"Profesion\u00e1ln\u00ed modul\u00e1rn\u00ed LED syst\u00e9m pro instalat\u00e9ry. Bezp\u00e1jec\u00ed spojen\u00ed, nap\u00e1jen\u00ed ka\u017ed\u00fdch 0,5m a stabiln\u00ed regulace konstantn\u00edho proudu.","og_url":"https:\/\/connectaled.com\/cs\/proc-connecta\/","og_site_name":"Connecta","article_modified_time":"2026-02-27T15:01:05+00:00","og_image":[{"width":1024,"height":683,"url":"https:\/\/connectaled.com\/wp-content\/uploads\/2026\/01\/GSTD8173-1024x683-1.jpg","type":"image\/jpeg"}],"twitter_card":"summary_large_image","twitter_misc":{"Odhadovan\u00e1 doba \u010dten\u00ed":"2 minuty"},"schema":{"@context":"https:\/\/schema.org","@graph":[{"@type":"WebPage","@id":"https:\/\/connectaled.com\/cs\/proc-connecta\/","url":"https:\/\/connectaled.com\/cs\/proc-connecta\/","name":"Profesion\u00e1ln\u00ed modul\u00e1rn\u00ed LED syst\u00e9m | Pro\u010d Connecta","isPartOf":{"@id":"https:\/\/connectaled.com\/cs\/#website"},"primaryImageOfPage":{"@id":"https:\/\/connectaled.com\/cs\/proc-connecta\/#primaryimage"},"image":{"@id":"https:\/\/connectaled.com\/cs\/proc-connecta\/#primaryimage"},"thumbnailUrl":"https:\/\/connectaled.com\/wp-content\/uploads\/2026\/01\/GSTD8173-1024x683-1.jpg","datePublished":"2026-01-11T01:16:07+00:00","dateModified":"2026-02-27T15:01:05+00:00","description":"Profesion\u00e1ln\u00ed modul\u00e1rn\u00ed LED syst\u00e9m pro instalat\u00e9ry. Bezp\u00e1jec\u00ed spojen\u00ed, nap\u00e1jen\u00ed ka\u017ed\u00fdch 0,5m a stabiln\u00ed regulace konstantn\u00edho proudu.","breadcrumb":{"@id":"https:\/\/connectaled.com\/cs\/proc-connecta\/#breadcrumb"},"inLanguage":"cs","potentialAction":[{"@type":"ReadAction","target":["https:\/\/connectaled.com\/cs\/proc-connecta\/"]}]},{"@type":"ImageObject","inLanguage":"cs","@id":"https:\/\/connectaled.com\/cs\/proc-connecta\/#primaryimage","url":"https:\/\/connectaled.com\/wp-content\/uploads\/2026\/01\/GSTD8173-1024x683-1.jpg","contentUrl":"https:\/\/connectaled.com\/wp-content\/uploads\/2026\/01\/GSTD8173-1024x683-1.jpg","width":1024,"height":683,"caption":"ESTA-connecta-led-stripe"},{"@type":"BreadcrumbList","@id":"https:\/\/connectaled.com\/cs\/proc-connecta\/#breadcrumb","itemListElement":[{"@type":"ListItem","position":1,"name":"Home","item":"https:\/\/connectaled.com\/cs\/"},{"@type":"ListItem","position":2,"name":"Pro\u010d Connecta"}]},{"@type":"WebSite","@id":"https:\/\/connectaled.com\/cs\/#website","url":"https:\/\/connectaled.com\/cs\/","name":"Click&Light","description":"Click&amp;Light","publisher":{"@id":"https:\/\/connectaled.com\/cs\/#organization"},"alternateName":"Profesional LED Stripes","potentialAction":[{"@type":"SearchAction","target":{"@type":"EntryPoint","urlTemplate":"https:\/\/connectaled.com\/cs\/?s={search_term_string}"},"query-input":{"@type":"PropertyValueSpecification","valueRequired":true,"valueName":"search_term_string"}}],"inLanguage":"cs"},{"@type":"Organization","@id":"https:\/\/connectaled.com\/cs\/#organization","name":"Click&Light","alternateName":"ESTA Connecta LED Profesional LED Stripes","url":"https:\/\/connectaled.com\/cs\/","logo":{"@type":"ImageObject","inLanguage":"cs","@id":"https:\/\/connectaled.com\/cs\/#\/schema\/logo\/image\/","url":"https:\/\/connectaled.com\/wp-content\/uploads\/2026\/02\/0971ccf6-3fff-42e1-94cc-ad01a54d4b85-4.png","contentUrl":"https:\/\/connectaled.com\/wp-content\/uploads\/2026\/02\/0971ccf6-3fff-42e1-94cc-ad01a54d4b85-4.png","width":1326,"height":330,"caption":"Click&Light"},"image":{"@id":"https:\/\/connectaled.com\/cs\/#\/schema\/logo\/image\/"}}]}},"jetpack_sharing_enabled":true,"_links":{"self":[{"href":"https:\/\/connectaled.com\/cs\/wp-json\/wp\/v2\/pages\/51411","targetHints":{"allow":["GET"]}}],"collection":[{"href":"https:\/\/connectaled.com\/cs\/wp-json\/wp\/v2\/pages"}],"about":[{"href":"https:\/\/connectaled.com\/cs\/wp-json\/wp\/v2\/types\/page"}],"author":[{"embeddable":true,"href":"https:\/\/connectaled.com\/cs\/wp-json\/wp\/v2\/users\/1"}],"replies":[{"embeddable":true,"href":"https:\/\/connectaled.com\/cs\/wp-json\/wp\/v2\/comments?post=51411"}],"version-history":[{"count":4,"href":"https:\/\/connectaled.com\/cs\/wp-json\/wp\/v2\/pages\/51411\/revisions"}],"predecessor-version":[{"id":52626,"href":"https:\/\/connectaled.com\/cs\/wp-json\/wp\/v2\/pages\/51411\/revisions\/52626"}],"wp:featuredmedia":[{"embeddable":true,"href":"https:\/\/connectaled.com\/cs\/wp-json\/wp\/v2\/media\/51311"}],"wp:attachment":[{"href":"https:\/\/connectaled.com\/cs\/wp-json\/wp\/v2\/media?parent=51411"}],"curies":[{"name":"wp","href":"https:\/\/api.w.org\/{rel}","templated":true}]}}