{"id":51406,"date":"2026-02-09T22:18:35","date_gmt":"2026-02-09T21:18:35","guid":{"rendered":"https:\/\/connectaled.com\/vyzadat-si-projektove-poradenstvi\/"},"modified":"2026-02-28T00:55:21","modified_gmt":"2026-02-27T23:55:21","slug":"vyzadat-si-projektove-poradenstvi","status":"publish","type":"page","link":"https:\/\/connectaled.com\/cs\/vyzadat-si-projektove-poradenstvi\/","title":{"rendered":"Vy\u017e\u00e1dat si projektov\u00e9 poradenstv\u00ed"},"content":{"rendered":"\n<style>\n\/* CF7 \u2013 Connecta form styling *\/\n.wpcf7 form,\n.wpcf7 form *{\n  font-family: ui-sans-serif, system-ui, -apple-system, \"Segoe UI\", Roboto, Arial, \"Noto Sans\", \"Liberation Sans\", sans-serif !important;\n}\n.wpcf7 form label{display:block !important;margin:0 0 14px !important;font-weight:650 !important;}\n.wpcf7 .cf7-note{font-weight:500 !important;opacity:.75 !important;font-size:.92em !important;margin-left:.35em !important;}\n.wpcf7 form input[type=\"text\"],\n.wpcf7 form input[type=\"email\"],\n.wpcf7 form input[type=\"tel\"],\n.wpcf7 form input[type=\"url\"],\n.wpcf7 form input[type=\"file\"],\n.wpcf7 form select,\n.wpcf7 form textarea{\n  width:100% !important;max-width:100% !important;box-sizing:border-box !important;\n  margin-top:8px !important;padding:12px !important;border-radius:14px !important;\n  border:1px solid rgba(0,0,0,.12) !important;background:rgba(0,0,0,.03) !important;\n}\n.wpcf7 form textarea{min-height:150px !important;resize:vertical !important;}\n.wpcf7 form .wpcf7-submit{padding:14px 18px !important;border-radius:14px !important;font-weight:700 !important;}\n<\/style>\n\n\n\n<h1 class=\"gb-text gb-text-32a0988f\">Vy\u017e\u00e1dat si technick\u00e9 LED projektov\u00e9 poradenstv\u00ed<\/h1>\n\n\n\n<section class=\"connecta-consultation\">\n\n\n\n<p class=\"lead\">\nToto LED projektov\u00e9 poradenstv\u00ed je ur\u010deno profesion\u00e1ln\u00edm u\u017eivatel\u016fm,\nkte\u0159\u00ed pracuj\u00ed s modul\u00e1rn\u00edm LED syst\u00e9mem jako je Connecta.\nJe ur\u010deno pro v\u00fdrobce, instala\u010dn\u00ed firmy a projektov\u00e9 t\u00fdmy.\n<\/p>\n\n<p class=\"lead\">\nConnecta je profesion\u00e1ln\u00ed modul\u00e1rn\u00ed LED syst\u00e9m,\nvyvinut\u00fd pro elektrickou stabilitu, reprodukovateln\u00fd v\u00fdkon\na \u010distou integraci do s\u00e9riov\u00fdch a projektov\u00fdch prost\u0159ed\u00ed.\n<\/p>\n\n<h2>Co toto LED technick\u00e9 \u0159e\u0161en\u00ed zahrnuje<\/h2>\n<ul>\n<li>Elektrick\u00e9 slad\u011bn\u00ed a konfigurace syst\u00e9mu<\/li>\n<li>Pl\u00e1nov\u00e1n\u00ed nap\u00e1jen\u00ed u del\u0161\u00edch \u00fasek\u016f<\/li>\n<li>V\u00fdb\u011br ovlada\u010d\u016f (24 V syst\u00e9my)<\/li>\n<li>Tepeln\u00e9 posouzen\u00ed a instala\u010dn\u00ed situace<\/li>\n<li>Podpora dokumentace pro v\u00fdrobu nebo projekt<\/li>\n<\/ul>\n\n<h2>Pro koho je toto projektov\u00e9 poradenstv\u00ed vhodn\u00e9?<\/h2>\n<p>\nPoradenstv\u00ed je ur\u010deno v\u00fdrobc\u016fm n\u00e1bytku, firm\u00e1m zab\u00fdvaj\u00edc\u00edm se interi\u00e9rov\u00fdm vybaven\u00edm,\nsv\u011bteln\u00fdm design\u00e9r\u016fm a projektov\u00fdm mana\u017eer\u016fm s profesion\u00e1ln\u00edmi po\u017eadavky.\n<\/p>\n\n<p>\nDal\u0161\u00ed technick\u00e9 informace naleznete v \n<a href=\"https:\/\/connectaled.com\/cs\/modularni-led-osvetlovaci-system\/\">modul\u00e1rn\u00edm LED osv\u011btlovac\u00edm syst\u00e9mu<\/a>\nnebo na str\u00e1nce <a href=\"https:\/\/connectaled.com\/cs\/proc-connecta\/\">Pro\u010d Connecta<\/a>.\n<\/p>\n\n<\/section>\n\n\n\n<div style=\"height:31px\" aria-hidden=\"true\" class=\"wp-block-spacer\"><\/div>\n\n\n\n<div>\n<h2 class=\"gb-text gb-text-23b7fee5\">Pro v\u00edce informac\u00ed ode\u0161lete popt\u00e1vku<\/h2>\n<\/div>\n\n\n\n<div class=\"wpcf7 no-js\" id=\"wpcf7-f51736-o1\" lang=\"cs-CZ\" dir=\"ltr\" data-wpcf7-id=\"51736\">\n<div class=\"screen-reader-response\"><p role=\"status\" aria-live=\"polite\" aria-atomic=\"true\"><\/p> <ul><\/ul><\/div>\n<form action=\"\/cs\/wp-json\/wp\/v2\/pages\/51406#wpcf7-f51736-o1\" method=\"post\" class=\"wpcf7-form init\" aria-label=\"Kontaktn\u00ed formul\u00e1\u0159\" enctype=\"multipart\/form-data\" novalidate=\"novalidate\" data-status=\"init\">\n<fieldset class=\"hidden-fields-container\"><input type=\"hidden\" name=\"_wpcf7\" value=\"51736\" \/><input type=\"hidden\" name=\"_wpcf7_version\" value=\"6.1.5\" \/><input type=\"hidden\" name=\"_wpcf7_locale\" value=\"cs_CZ\" \/><input type=\"hidden\" name=\"_wpcf7_unit_tag\" value=\"wpcf7-f51736-o1\" \/><input type=\"hidden\" name=\"_wpcf7_container_post\" value=\"0\" \/><input type=\"hidden\" name=\"_wpcf7_posted_data_hash\" value=\"\" \/>\n<\/fieldset>\n<style type=\"text\/css\">.bbadcabeeddddcccbb { position: absolute !important; left: -9999vw !important; }<\/style><div id=\"\" class=\"bbadcabeeddddcccbb\"><label for=\"website-bbadcabeeddddcccbb\">Website<\/label><input type=\"url\" name=\"website\" value=\"\" autocomplete=\"disable\" tabindex=\"-1\" id=\"website-bbadcabeeddddcccbb\"  \/><label for=\"firstname-bbadcabeeddddcccbb\">First Name<\/label><input type=\"text\" name=\"firstname\" value=\"\" autocomplete=\"disable\" tabindex=\"-1\" id=\"firstname-bbadcabeeddddcccbb\"  \/><label for=\"lastname-bbadcabeeddddcccbb\">Last Name<\/label><input type=\"text\" name=\"lastname\" value=\"\" autocomplete=\"disable\" tabindex=\"-1\" id=\"lastname-bbadcabeeddddcccbb\"  \/><label for=\"email-bbadcabeeddddcccbb\">Email<\/label><input type=\"email\" name=\"email-b27bad0cab549eedd770ddc1ccb21b\" value=\"\" autocomplete=\"disable\" tabindex=\"-1\" id=\"email-bbadcabeeddddcccbb\"  \/><label for=\"b27bad0cab549eedd770ddc1ccb21b-bbadcabeeddddcccbb\">Connecta<\/label><input type=\"text\" name=\"b27bad0cab549eedd770ddc1ccb21b\" value=\"\" autocomplete=\"disable\" tabindex=\"-1\" id=\"b27bad0cab549eedd770ddc1ccb21b-bbadcabeeddddcccbb\"  \/><\/div><p><label> Spole\u010dnost <span class=\"cf7-note\">(Voliteln\u00e9)<\/span><br \/>\n<span class=\"wpcf7-form-control-wrap\" data-name=\"company\"><input size=\"40\" maxlength=\"400\" class=\"wpcf7-form-control wpcf7-text\" autocomplete=\"organization\" aria-invalid=\"false\" value=\"\" type=\"text\" name=\"company\" \/><\/span> <\/label>\n<\/p>\n<p><label> Kontaktn\u00ed osoba <span class=\"cf7-note\">(Povinn\u00fd \u00fadaj)<\/span><br \/>\n<span class=\"wpcf7-form-control-wrap\" data-name=\"contact_person\"><input size=\"40\" maxlength=\"400\" class=\"wpcf7-form-control wpcf7-text wpcf7-validates-as-required\" autocomplete=\"name\" aria-required=\"true\" aria-invalid=\"false\" value=\"\" type=\"text\" name=\"contact_person\" \/><\/span> <\/label>\n<\/p>\n<p><label> E-mail <span class=\"cf7-note\">(Povinn\u00fd \u00fadaj)<\/span><br \/>\n<span class=\"wpcf7-form-control-wrap\" data-name=\"email\"><input size=\"40\" maxlength=\"400\" class=\"wpcf7-form-control wpcf7-email wpcf7-validates-as-required wpcf7-text wpcf7-validates-as-email\" autocomplete=\"email\" aria-required=\"true\" aria-invalid=\"false\" value=\"\" type=\"email\" name=\"email\" \/><\/span> <\/label>\n<\/p>\n<p><label> Telefon <span class=\"cf7-note\">(Voliteln\u00e9)<\/span><br \/>\n<span class=\"wpcf7-form-control-wrap\" data-name=\"phone\"><input size=\"40\" maxlength=\"400\" class=\"wpcf7-form-control wpcf7-tel wpcf7-text wpcf7-validates-as-tel\" autocomplete=\"tel\" aria-invalid=\"false\" value=\"\" type=\"tel\" name=\"phone\" \/><\/span> <\/label>\n<\/p>\n<p><label> Zem\u011b <span class=\"cf7-note\">(Povinn\u00fd \u00fadaj)<\/span><br \/>\n<span class=\"wpcf7-form-control-wrap\" data-name=\"country\"><input size=\"40\" maxlength=\"400\" class=\"wpcf7-form-control wpcf7-text wpcf7-validates-as-required\" autocomplete=\"country-name\" aria-required=\"true\" aria-invalid=\"false\" value=\"\" type=\"text\" name=\"country\" \/><\/span> <\/label>\n<\/p>\n<p><label> Oblast pou\u017eit\u00ed <span class=\"cf7-note\">(Povinn\u00fd \u00fadaj)<\/span><br \/>\n<span class=\"wpcf7-form-control-wrap\" data-name=\"application_area\"><select class=\"wpcf7-form-control wpcf7-select wpcf7-validates-as-required\" aria-required=\"true\" aria-invalid=\"false\" name=\"application_area\"><option value=\"\">&#8212;Zvolte pros\u00edm mo\u017enost&#8212;<\/option><option value=\"V\u00fdroba n\u00e1bytku \/ truhl\u00e1\u0159sk\u00e1 v\u00fdroba\">V\u00fdroba n\u00e1bytku \/ truhl\u00e1\u0159sk\u00e1 v\u00fdroba<\/option><option value=\"Interi\u00e9rov\u00e9 realizace \/ projekty\">Interi\u00e9rov\u00e9 realizace \/ projekty<\/option><option value=\"Komer\u010dn\u00ed osv\u011btlen\u00ed \/ retail\">Komer\u010dn\u00ed osv\u011btlen\u00ed \/ retail<\/option><option value=\"S\u00e9riov\u00e1 v\u00fdroba\">S\u00e9riov\u00e1 v\u00fdroba<\/option><option value=\"Jin\u00e9\">Jin\u00e9<\/option><\/select><\/span> <\/label>\n<\/p>\n<p><label> Odhadovan\u00e1 celkov\u00e1 d\u00e9lka <span class=\"cf7-note\">(Povinn\u00fd \u00fadaj)<\/span><br \/>\n<span class=\"wpcf7-form-control-wrap\" data-name=\"total_length\"><select class=\"wpcf7-form-control wpcf7-select wpcf7-validates-as-required\" aria-required=\"true\" aria-invalid=\"false\" name=\"total_length\"><option value=\"\">&#8212;Zvolte pros\u00edm mo\u017enost&#8212;<\/option><option value=\"&lt; 5 m\">&lt; 5 m<\/option><option value=\"5\u201320 m\">5\u201320 m<\/option><option value=\"20\u2013100 m\">20\u2013100 m<\/option><option value=\"&gt; 100 m\">&gt; 100 m<\/option><\/select><\/span> <\/label>\n<\/p>\n<p><label> Po\u017eadovan\u00e1 barva sv\u011btla (CCT) <span class=\"cf7-note\">(Voliteln\u00e9)<\/span><br \/>\n<span class=\"wpcf7-form-control-wrap\" data-name=\"cct\"><select class=\"wpcf7-form-control wpcf7-select\" aria-invalid=\"false\" name=\"cct\"><option value=\"\">&#8212;Zvolte pros\u00edm mo\u017enost&#8212;<\/option><option value=\"2200K\">2200K<\/option><option value=\"2700K\">2700K<\/option><option value=\"3000K\">3000K<\/option><option value=\"3500K\">3500K<\/option><option value=\"4000K\">4000K<\/option><option value=\"5000K\">5000K<\/option><option value=\"5700K\">5700K<\/option><option value=\"6500K\">6500K<\/option><\/select><\/span> <\/label>\n<\/p>\n<p><label> Po\u017eadavek na CRI <span class=\"cf7-note\">(Voliteln\u00e9)<\/span><br \/>\n<span class=\"wpcf7-form-control-wrap\" data-name=\"cri\"><select class=\"wpcf7-form-control wpcf7-select\" aria-invalid=\"false\" name=\"cri\"><option value=\"\">&#8212;Zvolte pros\u00edm mo\u017enost&#8212;<\/option><option value=\"CRI &gt; 80\">CRI &gt; 80<\/option><option value=\"CRI &gt; 90\">CRI &gt; 90<\/option><option value=\"Nejsem si jist\u00fd\/\u00e1\">Nejsem si jist\u00fd\/\u00e1<\/option><\/select><\/span> <\/label>\n<\/p>\n<p><label> O\u010dek\u00e1van\u00fd ro\u010dn\u00ed objem <span class=\"cf7-note\">(Voliteln\u00e9)<\/span><br \/>\n<span class=\"wpcf7-form-control-wrap\" data-name=\"annual_volume\"><select class=\"wpcf7-form-control wpcf7-select\" aria-invalid=\"false\" name=\"annual_volume\"><option value=\"\">&#8212;Zvolte pros\u00edm mo\u017enost&#8212;<\/option><option value=\"Prototyp \/ testov\u00e1n\u00ed\">Prototyp \/ testov\u00e1n\u00ed<\/option><option value=\"&lt; 100 ks\">&lt; 100 ks<\/option><option value=\"100\u20131000 ks\">100\u20131000 ks<\/option><option value=\"&gt; 1000 ks\">&gt; 1000 ks<\/option><\/select><\/span> <\/label>\n<\/p>\n<p><label> Popis projektu <span class=\"cf7-note\">(Povinn\u00fd \u00fadaj)<\/span><br \/>\n<span class=\"wpcf7-form-control-wrap\" data-name=\"project_notes\"><textarea cols=\"10\" rows=\"6\" maxlength=\"2000\" class=\"wpcf7-form-control wpcf7-textarea wpcf7-validates-as-required\" aria-required=\"true\" aria-invalid=\"false\" placeholder=\"Uve\u010fte pros\u00edm: \u00fa\u010del instalace, po\u010det lini\u00ed\/segment\u016f, o\u010dek\u00e1van\u00fd jas, zp\u016fsob instalace (profil\/difuzor), p\u0159\u00edpadn\u00e1 omezen\u00ed prostoru, po\u017eadavky na \u0159\u00edzen\u00ed\/stm\u00edv\u00e1n\u00ed apod.\" name=\"project_notes\"><\/textarea><\/span> <\/label>\n<\/p>\n<p><label> Odkaz na podklady <span class=\"cf7-note\">(Voliteln\u00e9)<\/span><br \/>\n<span class=\"wpcf7-form-control-wrap\" data-name=\"docs_link\"><input size=\"40\" maxlength=\"400\" class=\"wpcf7-form-control wpcf7-url wpcf7-text wpcf7-validates-as-url\" aria-invalid=\"false\" placeholder=\"Nap\u0159. Google Drive \/ Dropbox \/ WeTransfer odkaz\" value=\"\" type=\"url\" name=\"docs_link\" \/><\/span> <\/label>\n<\/p>\n<p><label> P\u0159\u00edloha (PDF\/JPG) <span class=\"cf7-note\">(Voliteln\u00e9)<\/span><br \/>\n<span class=\"wpcf7-form-control-wrap\" data-name=\"file-998\"><input size=\"40\" class=\"wpcf7-form-control wpcf7-file cf7-note\" accept=\"audio\/*,video\/*,image\/*\" aria-invalid=\"false\" type=\"file\" name=\"file-998\" \/><\/span> <\/label>\n<\/p>\n<p><span class=\"wpcf7-form-control-wrap\" data-name=\"gdpr_conscent\"><span class=\"wpcf7-form-control wpcf7-acceptance optional\"><span class=\"wpcf7-list-item\"><label><input type=\"checkbox\" name=\"gdpr_conscent\" value=\"1\" aria-invalid=\"false\" \/><span class=\"wpcf7-list-item-label\">Souhlas\u00edm se zpracov\u00e1n\u00edm \u00fadaj\u016f za \u00fa\u010delem vy\u0159\u00edzen\u00ed t\u00e9to popt\u00e1vky.<\/span><\/label><\/span><\/span><\/span>\n<\/p>\n<p><input class=\"wpcf7-form-control wpcf7-submit has-spinner\" type=\"submit\" value=\"Po\u017e\u00e1dat o technickou konzultaci\" \/>\n<\/p><div class=\"wpcf7-response-output\" aria-hidden=\"true\"><\/div>\n<\/form>\n<\/div>\n\n","protected":false},"excerpt":{"rendered":"<p>Vy\u017e\u00e1dat si technick\u00e9 LED projektov\u00e9 poradenstv\u00ed Toto LED projektov\u00e9 poradenstv\u00ed je ur\u010deno profesion\u00e1ln\u00edm u\u017eivatel\u016fm, kte\u0159\u00ed pracuj\u00ed s modul\u00e1rn\u00edm LED syst\u00e9mem jako je Connecta. Je ur\u010deno pro v\u00fdrobce, instala\u010dn\u00ed firmy a projektov\u00e9 t\u00fdmy. Connecta je profesion\u00e1ln\u00ed modul\u00e1rn\u00ed LED syst\u00e9m, vyvinut\u00fd pro elektrickou stabilitu, reprodukovateln\u00fd v\u00fdkon a \u010distou integraci do s\u00e9riov\u00fdch a projektov\u00fdch prost\u0159ed\u00ed. Co toto LED &#8230; <a title=\"Vy\u017e\u00e1dat si projektov\u00e9 poradenstv\u00ed\" class=\"read-more\" href=\"https:\/\/connectaled.com\/cs\/vyzadat-si-projektove-poradenstvi\/\" aria-label=\"\u010c\u00edst v\u00edce o Vy\u017e\u00e1dat si projektov\u00e9 poradenstv\u00ed\">Read more<\/a><\/p>\n","protected":false},"author":1,"featured_media":51407,"parent":0,"menu_order":0,"comment_status":"closed","ping_status":"closed","template":"","meta":{"iawp_total_views":0,"footnotes":""},"class_list":["post-51406","page","type-page","status-publish","has-post-thumbnail"],"yoast_head":"<!-- This site is optimized with the Yoast SEO plugin v27.4 - https:\/\/yoast.com\/product\/yoast-seo-wordpress\/ -->\n<title>LED projektov\u00e9 poradenstv\u00ed pro profesion\u00e1ln\u00ed aplikace | Connecta<\/title>\n<meta name=\"description\" content=\"Technick\u00e9 LED projektov\u00e9 poradenstv\u00ed pro profesion\u00e1ln\u00ed aplikace. Pl\u00e1nov\u00e1n\u00ed, nap\u00e1jen\u00ed, v\u00fdb\u011br ovlada\u010d\u016f a syst\u00e9mov\u00e1 integrace.\" \/>\n<meta name=\"robots\" content=\"index, follow, max-snippet:-1, max-image-preview:large, max-video-preview:-1\" \/>\n<link rel=\"canonical\" href=\"https:\/\/connectaled.com\/cs\/vyzadat-si-projektove-poradenstvi\/\" \/>\n<meta property=\"og:locale\" content=\"cs_CZ\" \/>\n<meta property=\"og:type\" content=\"article\" \/>\n<meta property=\"og:title\" content=\"LED projektov\u00e9 poradenstv\u00ed pro profesion\u00e1ln\u00ed aplikace | Connecta\" \/>\n<meta property=\"og:description\" content=\"Technick\u00e9 LED projektov\u00e9 poradenstv\u00ed pro profesion\u00e1ln\u00ed aplikace. Pl\u00e1nov\u00e1n\u00ed, nap\u00e1jen\u00ed, v\u00fdb\u011br ovlada\u010d\u016f a syst\u00e9mov\u00e1 integrace.\" \/>\n<meta property=\"og:url\" content=\"https:\/\/connectaled.com\/cs\/vyzadat-si-projektove-poradenstvi\/\" \/>\n<meta property=\"og:site_name\" content=\"Connecta\" \/>\n<meta property=\"article:modified_time\" content=\"2026-02-27T23:55:21+00:00\" \/>\n<meta property=\"og:image\" content=\"https:\/\/connectaled.com\/wp-content\/uploads\/2026\/02\/Lighting-Design-2048x1365-1.jpg\" \/>\n\t<meta property=\"og:image:width\" content=\"2048\" \/>\n\t<meta property=\"og:image:height\" content=\"1365\" \/>\n\t<meta property=\"og:image:type\" content=\"image\/jpeg\" \/>\n<meta name=\"twitter:card\" content=\"summary_large_image\" \/>\n<meta name=\"twitter:label1\" content=\"Odhadovan\u00e1 doba \u010dten\u00ed\" \/>\n\t<meta name=\"twitter:data1\" content=\"1 minuta\" \/>\n<script type=\"application\/ld+json\" class=\"yoast-schema-graph\">{\"@context\":\"https:\\\/\\\/schema.org\",\"@graph\":[{\"@type\":\"WebPage\",\"@id\":\"https:\\\/\\\/connectaled.com\\\/cs\\\/vyzadat-si-projektove-poradenstvi\\\/\",\"url\":\"https:\\\/\\\/connectaled.com\\\/cs\\\/vyzadat-si-projektove-poradenstvi\\\/\",\"name\":\"LED projektov\u00e9 poradenstv\u00ed pro profesion\u00e1ln\u00ed aplikace | Connecta\",\"isPartOf\":{\"@id\":\"https:\\\/\\\/connectaled.com\\\/cs\\\/#website\"},\"primaryImageOfPage\":{\"@id\":\"https:\\\/\\\/connectaled.com\\\/cs\\\/vyzadat-si-projektove-poradenstvi\\\/#primaryimage\"},\"image\":{\"@id\":\"https:\\\/\\\/connectaled.com\\\/cs\\\/vyzadat-si-projektove-poradenstvi\\\/#primaryimage\"},\"thumbnailUrl\":\"https:\\\/\\\/connectaled.com\\\/wp-content\\\/uploads\\\/2026\\\/02\\\/Lighting-Design-2048x1365-1.jpg\",\"datePublished\":\"2026-02-09T21:18:35+00:00\",\"dateModified\":\"2026-02-27T23:55:21+00:00\",\"description\":\"Technick\u00e9 LED projektov\u00e9 poradenstv\u00ed pro profesion\u00e1ln\u00ed aplikace. Pl\u00e1nov\u00e1n\u00ed, nap\u00e1jen\u00ed, v\u00fdb\u011br ovlada\u010d\u016f a syst\u00e9mov\u00e1 integrace.\",\"breadcrumb\":{\"@id\":\"https:\\\/\\\/connectaled.com\\\/cs\\\/vyzadat-si-projektove-poradenstvi\\\/#breadcrumb\"},\"inLanguage\":\"cs\",\"potentialAction\":[{\"@type\":\"ReadAction\",\"target\":[\"https:\\\/\\\/connectaled.com\\\/cs\\\/vyzadat-si-projektove-poradenstvi\\\/\"]}]},{\"@type\":\"ImageObject\",\"inLanguage\":\"cs\",\"@id\":\"https:\\\/\\\/connectaled.com\\\/cs\\\/vyzadat-si-projektove-poradenstvi\\\/#primaryimage\",\"url\":\"https:\\\/\\\/connectaled.com\\\/wp-content\\\/uploads\\\/2026\\\/02\\\/Lighting-Design-2048x1365-1.jpg\",\"contentUrl\":\"https:\\\/\\\/connectaled.com\\\/wp-content\\\/uploads\\\/2026\\\/02\\\/Lighting-Design-2048x1365-1.jpg\",\"width\":2048,\"height\":1365,\"caption\":\"N\u00e1vrh osv\u011btlen\u00ed\"},{\"@type\":\"BreadcrumbList\",\"@id\":\"https:\\\/\\\/connectaled.com\\\/cs\\\/vyzadat-si-projektove-poradenstvi\\\/#breadcrumb\",\"itemListElement\":[{\"@type\":\"ListItem\",\"position\":1,\"name\":\"Home\",\"item\":\"https:\\\/\\\/connectaled.com\\\/cs\\\/\"},{\"@type\":\"ListItem\",\"position\":2,\"name\":\"Vy\u017e\u00e1dat si projektov\u00e9 poradenstv\u00ed\"}]},{\"@type\":\"WebSite\",\"@id\":\"https:\\\/\\\/connectaled.com\\\/cs\\\/#website\",\"url\":\"https:\\\/\\\/connectaled.com\\\/cs\\\/\",\"name\":\"Click&Light\",\"description\":\"Click&amp;Light\",\"publisher\":{\"@id\":\"https:\\\/\\\/connectaled.com\\\/cs\\\/#organization\"},\"alternateName\":\"Profesional LED Stripes\",\"potentialAction\":[{\"@type\":\"SearchAction\",\"target\":{\"@type\":\"EntryPoint\",\"urlTemplate\":\"https:\\\/\\\/connectaled.com\\\/cs\\\/?s={search_term_string}\"},\"query-input\":{\"@type\":\"PropertyValueSpecification\",\"valueRequired\":true,\"valueName\":\"search_term_string\"}}],\"inLanguage\":\"cs\"},{\"@type\":\"Organization\",\"@id\":\"https:\\\/\\\/connectaled.com\\\/cs\\\/#organization\",\"name\":\"Click&Light\",\"alternateName\":\"ESTA Connecta LED Profesional LED Stripes\",\"url\":\"https:\\\/\\\/connectaled.com\\\/cs\\\/\",\"logo\":{\"@type\":\"ImageObject\",\"inLanguage\":\"cs\",\"@id\":\"https:\\\/\\\/connectaled.com\\\/cs\\\/#\\\/schema\\\/logo\\\/image\\\/\",\"url\":\"https:\\\/\\\/connectaled.com\\\/wp-content\\\/uploads\\\/2026\\\/02\\\/0971ccf6-3fff-42e1-94cc-ad01a54d4b85-4.png\",\"contentUrl\":\"https:\\\/\\\/connectaled.com\\\/wp-content\\\/uploads\\\/2026\\\/02\\\/0971ccf6-3fff-42e1-94cc-ad01a54d4b85-4.png\",\"width\":1326,\"height\":330,\"caption\":\"Click&Light\"},\"image\":{\"@id\":\"https:\\\/\\\/connectaled.com\\\/cs\\\/#\\\/schema\\\/logo\\\/image\\\/\"}}]}<\/script>\n<!-- \/ Yoast SEO plugin. -->","yoast_head_json":{"title":"LED projektov\u00e9 poradenstv\u00ed pro profesion\u00e1ln\u00ed aplikace | Connecta","description":"Technick\u00e9 LED projektov\u00e9 poradenstv\u00ed pro profesion\u00e1ln\u00ed aplikace. Pl\u00e1nov\u00e1n\u00ed, nap\u00e1jen\u00ed, v\u00fdb\u011br ovlada\u010d\u016f a syst\u00e9mov\u00e1 integrace.","robots":{"index":"index","follow":"follow","max-snippet":"max-snippet:-1","max-image-preview":"max-image-preview:large","max-video-preview":"max-video-preview:-1"},"canonical":"https:\/\/connectaled.com\/cs\/vyzadat-si-projektove-poradenstvi\/","og_locale":"cs_CZ","og_type":"article","og_title":"LED projektov\u00e9 poradenstv\u00ed pro profesion\u00e1ln\u00ed aplikace | Connecta","og_description":"Technick\u00e9 LED projektov\u00e9 poradenstv\u00ed pro profesion\u00e1ln\u00ed aplikace. Pl\u00e1nov\u00e1n\u00ed, nap\u00e1jen\u00ed, v\u00fdb\u011br ovlada\u010d\u016f a syst\u00e9mov\u00e1 integrace.","og_url":"https:\/\/connectaled.com\/cs\/vyzadat-si-projektove-poradenstvi\/","og_site_name":"Connecta","article_modified_time":"2026-02-27T23:55:21+00:00","og_image":[{"width":2048,"height":1365,"url":"https:\/\/connectaled.com\/wp-content\/uploads\/2026\/02\/Lighting-Design-2048x1365-1.jpg","type":"image\/jpeg"}],"twitter_card":"summary_large_image","twitter_misc":{"Odhadovan\u00e1 doba \u010dten\u00ed":"1 minuta"},"schema":{"@context":"https:\/\/schema.org","@graph":[{"@type":"WebPage","@id":"https:\/\/connectaled.com\/cs\/vyzadat-si-projektove-poradenstvi\/","url":"https:\/\/connectaled.com\/cs\/vyzadat-si-projektove-poradenstvi\/","name":"LED projektov\u00e9 poradenstv\u00ed pro profesion\u00e1ln\u00ed aplikace | Connecta","isPartOf":{"@id":"https:\/\/connectaled.com\/cs\/#website"},"primaryImageOfPage":{"@id":"https:\/\/connectaled.com\/cs\/vyzadat-si-projektove-poradenstvi\/#primaryimage"},"image":{"@id":"https:\/\/connectaled.com\/cs\/vyzadat-si-projektove-poradenstvi\/#primaryimage"},"thumbnailUrl":"https:\/\/connectaled.com\/wp-content\/uploads\/2026\/02\/Lighting-Design-2048x1365-1.jpg","datePublished":"2026-02-09T21:18:35+00:00","dateModified":"2026-02-27T23:55:21+00:00","description":"Technick\u00e9 LED projektov\u00e9 poradenstv\u00ed pro profesion\u00e1ln\u00ed aplikace. Pl\u00e1nov\u00e1n\u00ed, nap\u00e1jen\u00ed, v\u00fdb\u011br ovlada\u010d\u016f a syst\u00e9mov\u00e1 integrace.","breadcrumb":{"@id":"https:\/\/connectaled.com\/cs\/vyzadat-si-projektove-poradenstvi\/#breadcrumb"},"inLanguage":"cs","potentialAction":[{"@type":"ReadAction","target":["https:\/\/connectaled.com\/cs\/vyzadat-si-projektove-poradenstvi\/"]}]},{"@type":"ImageObject","inLanguage":"cs","@id":"https:\/\/connectaled.com\/cs\/vyzadat-si-projektove-poradenstvi\/#primaryimage","url":"https:\/\/connectaled.com\/wp-content\/uploads\/2026\/02\/Lighting-Design-2048x1365-1.jpg","contentUrl":"https:\/\/connectaled.com\/wp-content\/uploads\/2026\/02\/Lighting-Design-2048x1365-1.jpg","width":2048,"height":1365,"caption":"N\u00e1vrh osv\u011btlen\u00ed"},{"@type":"BreadcrumbList","@id":"https:\/\/connectaled.com\/cs\/vyzadat-si-projektove-poradenstvi\/#breadcrumb","itemListElement":[{"@type":"ListItem","position":1,"name":"Home","item":"https:\/\/connectaled.com\/cs\/"},{"@type":"ListItem","position":2,"name":"Vy\u017e\u00e1dat si projektov\u00e9 poradenstv\u00ed"}]},{"@type":"WebSite","@id":"https:\/\/connectaled.com\/cs\/#website","url":"https:\/\/connectaled.com\/cs\/","name":"Click&Light","description":"Click&amp;Light","publisher":{"@id":"https:\/\/connectaled.com\/cs\/#organization"},"alternateName":"Profesional LED Stripes","potentialAction":[{"@type":"SearchAction","target":{"@type":"EntryPoint","urlTemplate":"https:\/\/connectaled.com\/cs\/?s={search_term_string}"},"query-input":{"@type":"PropertyValueSpecification","valueRequired":true,"valueName":"search_term_string"}}],"inLanguage":"cs"},{"@type":"Organization","@id":"https:\/\/connectaled.com\/cs\/#organization","name":"Click&Light","alternateName":"ESTA Connecta LED Profesional LED Stripes","url":"https:\/\/connectaled.com\/cs\/","logo":{"@type":"ImageObject","inLanguage":"cs","@id":"https:\/\/connectaled.com\/cs\/#\/schema\/logo\/image\/","url":"https:\/\/connectaled.com\/wp-content\/uploads\/2026\/02\/0971ccf6-3fff-42e1-94cc-ad01a54d4b85-4.png","contentUrl":"https:\/\/connectaled.com\/wp-content\/uploads\/2026\/02\/0971ccf6-3fff-42e1-94cc-ad01a54d4b85-4.png","width":1326,"height":330,"caption":"Click&Light"},"image":{"@id":"https:\/\/connectaled.com\/cs\/#\/schema\/logo\/image\/"}}]}},"jetpack_sharing_enabled":true,"_links":{"self":[{"href":"https:\/\/connectaled.com\/cs\/wp-json\/wp\/v2\/pages\/51406","targetHints":{"allow":["GET"]}}],"collection":[{"href":"https:\/\/connectaled.com\/cs\/wp-json\/wp\/v2\/pages"}],"about":[{"href":"https:\/\/connectaled.com\/cs\/wp-json\/wp\/v2\/types\/page"}],"author":[{"embeddable":true,"href":"https:\/\/connectaled.com\/cs\/wp-json\/wp\/v2\/users\/1"}],"replies":[{"embeddable":true,"href":"https:\/\/connectaled.com\/cs\/wp-json\/wp\/v2\/comments?post=51406"}],"version-history":[{"count":19,"href":"https:\/\/connectaled.com\/cs\/wp-json\/wp\/v2\/pages\/51406\/revisions"}],"predecessor-version":[{"id":52711,"href":"https:\/\/connectaled.com\/cs\/wp-json\/wp\/v2\/pages\/51406\/revisions\/52711"}],"wp:featuredmedia":[{"embeddable":true,"href":"https:\/\/connectaled.com\/cs\/wp-json\/wp\/v2\/media\/51407"}],"wp:attachment":[{"href":"https:\/\/connectaled.com\/cs\/wp-json\/wp\/v2\/media?parent=51406"}],"curies":[{"name":"wp","href":"https:\/\/api.w.org\/{rel}","templated":true}]}}