{"id":51386,"date":"2026-02-09T15:19:28","date_gmt":"2026-02-09T14:19:28","guid":{"rendered":"https:\/\/connectaled.com\/modularni-led-osvetlovaci-system\/"},"modified":"2026-02-22T23:22:27","modified_gmt":"2026-02-22T22:22:27","slug":"modularni-led-osvetlovaci-system","status":"publish","type":"page","link":"https:\/\/connectaled.com\/cs\/modularni-led-osvetlovaci-system\/","title":{"rendered":"Modul\u00e1rn\u00ed LED osv\u011btlovac\u00ed syst\u00e9m"},"content":{"rendered":"\n<div class=\"gbp-section gb-element-4b161898\">\n<div class=\"gbp-section__inner gb-element-9a2ed4f7\">\n<div class=\"gb-element-dcd20708\">\n<p class=\"gb-text gbp-section__tagline\"><\/p>\n\n\n\n<h1 class=\"gb-text gbp-section__headline\">Modul\u00e1rn\u00ed LED osv\u011btlovac\u00ed syst\u00e9m pro profesion\u00e1ln\u00ed aplikace<\/h1>\n\n\n\n<p class=\"gb-text gbp-section__text\">Modul\u00e1rn\u00ed LED osv\u011btlovac\u00ed syst\u00e9m odstra\u0148uje strukturn\u00ed a elektrick\u00e1 omezen\u00ed konven\u010dn\u00edch LED p\u00e1sk\u016f. Connecta sni\u017euje pokles nap\u011bt\u00ed, nerovnom\u011brn\u00fd jas a instala\u010dn\u00ed rizika pomoc\u00ed segmentovan\u00e9 0,5m architektury s integrovanou regulac\u00ed konstantn\u00edho proudu a konektory <\/p>\n<\/div>\n\n\n\n<figure class=\"wp-block-image size-full\"><img width=\"2560\" height=\"1920\" decoding=\"async\" src=\"https:\/\/connectaled.com\/wp-content\/uploads\/2025\/12\/connecta-led-traka-kako-se-nastavlja-scaled.jpg\" alt=\"\" class=\"wp-image-51331\"\/><\/figure>\n<\/div>\n<\/div>\n\n\n<p><!-- HERO SECTION --><\/p>\n<p><!-- SECTION --><\/p>\n<h2>Pro\u010d je modul\u00e1rn\u00ed LED osv\u011btlovac\u00ed syst\u00e9m kl\u00ed\u010dov\u00fd v profesion\u00e1ln\u00edch projektech<\/h2>\n<p>Modul\u00e1rn\u00ed LED osv\u011btlovac\u00ed syst\u00e9m nab\u00edz\u00ed konstruk\u010dn\u00ed a elektrick\u00e9 v\u00fdhody oproti klasick\u00fdm LED p\u00e1sk\u016fm v rol\u00edch. Nam\u00edsto dlouh\u00fdch, pr\u016fb\u011b\u017en\u00fdch vodi\u010d\u016f umo\u017e\u0148uje modul\u00e1rn\u00ed architektura kontrolovanou segmentaci a p\u0159edv\u00eddateln\u00e9 elektrick\u00e9 chov\u00e1n\u00ed.<\/p>\n<p>V profesion\u00e1ln\u00edch aplikac\u00edch, jako je v\u00fdroba n\u00e1bytku, vnit\u0159n\u00ed v\u00fdstavba nebo s\u00e9riov\u00e1 v\u00fdroba, je rozhoduj\u00edc\u00ed opakovatelnost. Syst\u00e9mov\u00e1 konstrukce proto sni\u017euje odchylky p\u0159i instalaci a zaji\u0161\u0165uje konstantn\u00ed sv\u011bteln\u00fd v\u00fdkon.<\/p>\n<p>Modul\u00e1rn\u00ed struktura nav\u00edc v\u00fdrazn\u011b zjednodu\u0161uje nap\u00e1jen\u00ed. Instalat\u00e9\u0159i mohou c\u00edlen\u011b p\u0159edch\u00e1zet poklesu nap\u011bt\u00ed \u2013 bez n\u00e1ro\u010dn\u00fdch \u00faprav nebo p\u00e1jen\u00fdch spoj\u016f.<\/p>\n<p><!-- PROBLEMS --><\/p>\n<h2>Typick\u00e9 probl\u00e9my klasick\u00fdch LED p\u00e1sk\u016f<\/h2>\n<ul>\n<li>Pokles nap\u011bt\u00ed na del\u0161\u00edch \u00fasec\u00edch<\/li>\n<li>Rozd\u00edln\u00fd jas pod\u00e9l instalace<\/li>\n<li>N\u00e1ro\u010dnost p\u00e1jen\u00ed a instala\u010dn\u00ed rizika<\/li>\n<li>Nep\u0159edv\u00eddateln\u00e9 chov\u00e1n\u00ed p\u0159i s\u00e9riov\u00e9 v\u00fdrob\u011b<\/li>\n<\/ul>\n<p><!-- SYSTEM SOLUTION --><\/p>\n<h2>Syst\u00e9mov\u00e9 \u0159e\u0161en\u00ed: Connecta<\/h2>\n<p>Connecta kombinuje LED OSRAM, \u010dipy Infineon pro konstantn\u00ed proud a konektory Kyocera v architektu\u0159e navr\u017een\u00e9 pro reprodukovateln\u00fd elektrick\u00fd a sv\u011bteln\u00fd v\u00fdkon.<br \/>Mezin\u00e1rodn\u00ed <a href=\"https:\/\/www.iea.org\/topics\/energy-efficiency\">agentura pro energii (IEA)<\/a> zd\u016fraz\u0148uje v\u00fdznam energeticky \u00fa\u010dinn\u00fdch osv\u011btlovac\u00edch syst\u00e9m\u016f pro udr\u017eiteln\u00e9 sni\u017eov\u00e1n\u00ed spot\u0159eby elekt\u0159iny.<\/p>\n<p><!-- ELECTRICAL STABILITY --><\/p>\n<h2>Elektrick\u00e1 stabilita d\u00edky integrovan\u00e9 regulaci konstantn\u00edho proudu<\/h2>\n<p>Na rozd\u00edl od standardn\u00edch LED p\u00e1sk\u016f, kter\u00e9 jsou zalo\u017eeny v\u00fdhradn\u011b na distribuci nap\u011bt\u00ed, Connecta integruje segmentovou regulaci konstantn\u00edho proudu. Ka\u017ed\u00e1 LED tak pracuje v bezpe\u010dn\u00fdch elektrick\u00fdch parametrech.<\/p>\n<p>Jas proto z\u016fst\u00e1v\u00e1 konstantn\u00ed i p\u0159i kol\u00eds\u00e1n\u00ed nap\u00e1jec\u00edho nap\u011bt\u00ed. Sou\u010dasn\u011b se sni\u017euje tepeln\u00e9 zat\u00ed\u017een\u00ed, co\u017e v\u00fdrazn\u011b prodlu\u017euje \u017eivotnost.<\/p>\n<p>Pro profesion\u00e1ln\u00ed u\u017eivatele to znamen\u00e1 m\u00e9n\u011b servisn\u00edch z\u00e1sah\u016f, pl\u00e1novateln\u00fd v\u00fdkon a dlouhodobou stabilitu syst\u00e9mu.<\/p>\n<p>Podle technick\u00e9 dokumentace <a href=\"https:\/\/www.osram.com\">OSRAM<\/a> p\u0159esn\u00e1 regulace konstantn\u00edho proudu v\u00fdrazn\u011b zlep\u0161uje stabilitu a \u017eivotnost modern\u00edch LED syst\u00e9m\u016f.<\/p>\n<p><!-- APPLICATIONS --><\/p>\n<h2>Oblasti pou\u017eit\u00ed<\/h2>\n<ul>\n<li>V\u00fdroba n\u00e1bytku a s\u00e9riov\u00e1 v\u00fdroba<\/li>\n<li>Vnit\u0159n\u00ed v\u00fdstavba a objektov\u00e9 projekty<\/li>\n<li>Sv\u011bteln\u00fd design a interi\u00e9rov\u00e1 architektura<\/li>\n<li>Malos\u00e9riov\u00e1 a s\u00e9riov\u00e1 v\u00fdroba<\/li>\n<\/ul>\n<p><!-- THERMAL --><\/p>\n<h2>Tepeln\u00fd management a tlou\u0161\u0165ka m\u011bdi<\/h2>\n<p>Profesion\u00e1ln\u00ed LED syst\u00e9my mus\u00ed efektivn\u011b odv\u00e1d\u011bt teplo. Nadm\u011brn\u00e9 tepeln\u00e9 zat\u00ed\u017een\u00ed sni\u017euje jak \u017eivotnost, tak stabilitu sv\u011btla.<\/p>\n<p>Connecta pou\u017e\u00edv\u00e1 m\u011bd\u011bnou vrstvu o tlou\u0161\u0165ce 105 \u00b5m \u2013 v\u00fdrazn\u011b siln\u011bj\u0161\u00ed ne\u017e u b\u011b\u017en\u00fdch LED p\u00e1sk\u016f. T\u00edm se sni\u017euje elektrick\u00fd odpor a v\u00fdrazn\u011b se zlep\u0161uje odvod tepla.<\/p>\n<p>Modul\u00e1rn\u00ed LED osv\u011btlovac\u00ed syst\u00e9m tak zaji\u0161\u0165uje elektrickou i tepelnou stabilitu p\u0159i trval\u00e9m provozu.<\/p>\n<p><!-- COMPARISON --><\/p>\n<h2>Srovn\u00e1n\u00ed: Modul\u00e1rn\u00ed LED osv\u011btlovac\u00ed syst\u00e9m vs. klasick\u00fd LED p\u00e1sek<\/h2>\n<p>Klasick\u00e9 LED p\u00e1sky se v\u011bt\u0161inou vyr\u00e1b\u011bj\u00ed jako pr\u016fb\u011b\u017en\u00e9 role. Tento zp\u016fsob v\u00fdroby zjednodu\u0161uje produkci, ale p\u0159in\u00e1\u0161\u00ed elektrick\u00e1 a tepeln\u00e1 omezen\u00ed. Dlouh\u00e9 vodi\u010de zvy\u0161uj\u00ed odpor a vedou k poklesu nap\u011bt\u00ed.<\/p>\n<p>Modul\u00e1rn\u00ed syst\u00e9m naproti tomu c\u00edlen\u011b segmentuje elektrickou strukturu. Ka\u017ed\u00fd modul pracuje v definovan\u00fdch parametrech, co\u017e umo\u017e\u0148uje stabiln\u00ed regulaci proudu a jednoduch\u00e9 nap\u00e1jen\u00ed.<\/p>\n<p>Modul\u00e1rn\u00ed konstrukce nav\u00edc sni\u017euje z\u00e1vislost na p\u00e1jen\u00fdch spoj\u00edch a zvy\u0161uje p\u0159esnost opakov\u00e1n\u00ed v profesion\u00e1ln\u00edm prost\u0159ed\u00ed.<\/p>\n<p><!-- SERIAL PRODUCTION --><\/p>\n<h2>Navr\u017eeno pro s\u00e9riovou a opakovanou v\u00fdrobu<\/h2>\n<p>Profesion\u00e1ln\u00ed projekty vy\u017eaduj\u00ed pl\u00e1novateln\u00e9 v\u00fdsledky. Modul\u00e1rn\u00ed LED osv\u011btlovac\u00ed syst\u00e9m umo\u017e\u0148uje standardizovan\u00e9 instalace s reprodukovateln\u00fdm v\u00fdkonem.<\/p>\n<p>Proto\u017ee ka\u017ed\u00fd segment n\u00e1sleduje stejnou elektrickou architekturu, lze osv\u011btlovac\u00ed koncepty efektivn\u011b p\u0159en\u00e1\u0161et \u2013 bez op\u011btovn\u00fdch technick\u00fdch \u00faprav.<\/p>\n<p>Zejm\u00e9na ve v\u00fdrob\u011b n\u00e1bytku a p\u0159i objektov\u00fdch projektech tato opakovatelnost rozhoduje o ekonomi\u010dnosti a efektivit\u011b.<\/p>\n<p><!-- PROCESS --><\/p>\n<h2>Pr\u016fb\u011bh projektu<\/h2>\n<ul>\n<li>Anal\u00fdza po\u017eadavk\u016f a technick\u00e1 koordinace<\/li>\n<li>Konfigurace syst\u00e9mu pro danou aplikaci<\/li>\n<li>Dokumentace a podpora implementace<\/li>\n<\/ul>\n<p><!-- COMPLIANCE --><\/p>\n<h2>Shoda a v\u00fdroba<\/h2>\n<p>Shoda s CE, integrovan\u00e9 ochrann\u00e9 obvody, vyv\u00edjeno a vyr\u00e1b\u011bno v Evrop\u011b.<\/p>\n<p><!-- FINAL --><\/p>\n<h2>Od LED p\u00e1sku k in\u017een\u00fdrsk\u00e9mu syst\u00e9mu<\/h2>\n<p>Connecta nen\u00ed b\u011b\u017en\u00fd LED p\u00e1sek. Jedn\u00e1 se o profesion\u00e1ln\u00ed LED osv\u011btlovac\u00ed syst\u00e9m navr\u017een\u00fd pro kontrolovan\u00fd a reprodukovateln\u00fd v\u00fdkon.<\/p>\n<p>Modul\u00e1rn\u00ed LED osv\u011btlovac\u00ed syst\u00e9m je v\u00edce ne\u017e jen p\u00e1sek s konektory \u2013 je to strukturovan\u00e1 elektrick\u00e1 platforma pro n\u00e1ro\u010dn\u00e9 aplikace.<\/p>\n<h2>Napl\u00e1nujte sv\u016fj projekt s modul\u00e1rn\u00edm LED osv\u011btlovac\u00edm syst\u00e9mem<\/h2>\n<p>Pro elektrickou stabilitu, p\u0159edv\u00eddateln\u00fd v\u00fdkon a \u010distou instalaci v profesion\u00e1ln\u00edch aplikac\u00edch.<\/p>\n<p><!-- \/wp:post-content --><\/p>\n<p><!-- wp:paragraph {\"align\":\"center\",\"className\":\"connecta-b2b-cornerstone-links\"} --><\/p>\n<p class=\"has-text-align-center connecta-b2b-cornerstone-links\"><a href=\"https:\/\/connectaled.com\/cs\/proc-connecta\/\">Pro\u010d Connecta<\/a> | <a href=\"https:\/\/connectaled.com\/cs\/faq\/\">FAQ pro profesion\u00e1ln\u00ed instalat\u00e9ry<\/a> | <a href=\"https:\/\/connectaled.com\/cs\/vyzadat-si-projektove-poradenstvi\/\">Vy\u017e\u00e1dat si projektovou konzultaci<\/a> | <a href=\"https:\/\/connectaled.com\/cs\/\">\u00davodn\u00ed str\u00e1nka<\/a> | <a href=\"https:\/\/connectaled.com\/cs\/popis-produktu\/\">Technick\u00e9 detaily produktu<\/a><\/p>\n<p><!-- \/wp:paragraph --><\/p>\n<p><!-- wp:generateblocks\/element {\"uniqueId\":\"751e0f37\",\"tagName\":\"div\"} --><\/p>\n<div><!-- wp:jetpack\/tiled-gallery {\"columns\":3,\"columnWidths\":[[\"70.06048\",\"29.93952\"],[\"37.24699\",\"62.75301\"],[\"30.85222\",\"35.67471\",\"33.47306\"]],\"ids\":[50242,50397,50309,50229,50299,50171,50169,50167,50165],\"roundedCorners\":9} --><\/p>\n<div class=\"wp-block-jetpack-tiled-gallery aligncenter is-style-rectangular\">\n<div class=\"has-rounded-corners-9\">\n<div class=\"tiled-gallery__gallery\">\n<div class=\"tiled-gallery__row\">\n<div class=\"tiled-gallery__col\" style=\"flex-basis: 70.06048%;\">\n<figure class=\"tiled-gallery__item\"><img decoding=\"async\" src=\"https:\/\/i0.wp.com\/connectaled.com\/wp-content\/uploads\/2026\/01\/GSTD8173-1024x683-1.jpg?ssl=1\" alt=\"modular LED lighting system installation\" data-height=\"683\" data-id=\"50242\" data-link=\"https:\/\/connectaled.com\/the-cheapest-led-strip-is-actually-the-most-expensive-led-strip-why\/gstd8173-1024x683\/#main\" data-url=\"https:\/\/connectaled.com\/wp-content\/uploads\/2026\/01\/GSTD8173-1024x683-1.jpg\" data-width=\"1024\" data-amp-layout=\"responsive\" \/><\/figure>\n<\/div>\n<div class=\"tiled-gallery__col\" style=\"flex-basis: 29.93952%;\">\n<figure class=\"tiled-gallery__item\"><img decoding=\"async\" src=\"https:\/\/i0.wp.com\/connectaled.com\/wp-content\/uploads\/2026\/01\/Nenaslovljeni-dizajn-2-1024x910.png?ssl=1\" alt=\"modular LED segment architecture\" data-height=\"1820\" data-id=\"50397\" data-link=\"https:\/\/connectaled.com\/nenaslovljeni-dizajn-2\/\" data-url=\"https:\/\/connectaled.com\/wp-content\/uploads\/2026\/01\/Nenaslovljeni-dizajn-2-1024x910.png\" data-width=\"2048\" data-amp-layout=\"responsive\" \/><\/figure>\n<figure class=\"tiled-gallery__item\"><img decoding=\"async\" src=\"https:\/\/i0.wp.com\/connectaled.com\/wp-content\/uploads\/2026\/01\/GSTD7812-scaled-1-1024x683.jpg?ssl=1\" alt=\"esta connecta led profil alu\" data-height=\"1707\" data-id=\"50309\" data-link=\"https:\/\/connectaled.com\/home\/gstd7812-scaled\/#main\" data-url=\"https:\/\/connectaled.com\/wp-content\/uploads\/2026\/01\/GSTD7812-scaled-1-1024x683.jpg\" data-width=\"2560\" data-amp-layout=\"responsive\" \/><\/figure>\n<\/div>\n<\/div>\n<div class=\"tiled-gallery__row\">\n<div class=\"tiled-gallery__col\" style=\"flex-basis: 37.24699%;\">\n<figure class=\"tiled-gallery__item\"><img decoding=\"async\" src=\"https:\/\/i0.wp.com\/connectaled.com\/wp-content\/uploads\/2026\/01\/color-rendering-index-cri-wipro-lighting-1624976873.jpg?ssl=1\" alt=\"color-rendering-index-cri-wipro-lighting\" data-height=\"488\" data-id=\"50229\" data-link=\"https:\/\/connectaled.com\/what-is-the-cri-color-rendering-index\/color-rendering-index-cri-wipro-lighting-1624976873\/#main\" data-url=\"https:\/\/connectaled.com\/wp-content\/uploads\/2026\/01\/color-rendering-index-cri-wipro-lighting-1624976873.jpg\" data-width=\"780\" data-amp-layout=\"responsive\" \/><\/figure>\n<figure class=\"tiled-gallery__item\"><img decoding=\"async\" src=\"https:\/\/i0.wp.com\/connectaled.com\/wp-content\/uploads\/2026\/01\/GSTD7815-1024x683-1.jpg?ssl=1\" alt=\"professional modular LED strip system\" data-height=\"683\" data-id=\"50299\" data-link=\"https:\/\/connectaled.com\/energy-efficiency-of-led-strip-lights\/gstd7815-1024x683\/#main\" data-url=\"https:\/\/connectaled.com\/wp-content\/uploads\/2026\/01\/GSTD7815-1024x683-1.jpg\" data-width=\"1024\" data-amp-layout=\"responsive\" \/><\/figure>\n<\/div>\n<div class=\"tiled-gallery__col\" style=\"flex-basis: 62.75301%;\">\n<figure class=\"tiled-gallery__item\"><img decoding=\"async\" src=\"https:\/\/i0.wp.com\/connectaled.com\/wp-content\/uploads\/2026\/01\/connecta_led_power_supply-scaled-1024x790.jpg?ssl=1\" alt=\"constant current LED module\" data-height=\"1974\" data-id=\"50171\" data-link=\"https:\/\/connectaled.com\/connecta_led_power_supply\/\" data-url=\"https:\/\/connectaled.com\/wp-content\/uploads\/2026\/01\/connecta_led_power_supply-scaled-1024x790.jpg\" data-width=\"2560\" data-amp-layout=\"responsive\" \/><\/figure>\n<\/div>\n<\/div>\n<div class=\"tiled-gallery__row\">\n<div class=\"tiled-gallery__col\" style=\"flex-basis: 30.85222%;\">\n<figure class=\"tiled-gallery__item\"><img decoding=\"async\" src=\"https:\/\/i0.wp.com\/connectaled.com\/wp-content\/uploads\/2026\/01\/connecta_kyocera_connectors-1024x914.jpg?ssl=1\" alt=\"connecta_kyocera_connectors\" data-height=\"1949\" data-id=\"50169\" data-link=\"https:\/\/connectaled.com\/connecta_kyocera_connectors\/\" data-url=\"https:\/\/connectaled.com\/wp-content\/uploads\/2026\/01\/connecta_kyocera_connectors-1024x914.jpg\" data-width=\"2184\" data-amp-layout=\"responsive\" \/><\/figure>\n<\/div>\n<div class=\"tiled-gallery__col\" style=\"flex-basis: 35.67471%;\">\n<figure class=\"tiled-gallery__item\"><img decoding=\"async\" src=\"https:\/\/i0.wp.com\/connectaled.com\/wp-content\/uploads\/2026\/01\/connecta_led_constant_current_ic_60mA-1024x790.jpg?ssl=1\" alt=\"professional modular LED strip\" data-height=\"1228\" data-id=\"50167\" data-link=\"https:\/\/connectaled.com\/connecta_led_constant_current_ic_60ma\/\" data-url=\"https:\/\/connectaled.com\/wp-content\/uploads\/2026\/01\/connecta_led_constant_current_ic_60mA-1024x790.jpg\" data-width=\"1592\" data-amp-layout=\"responsive\" \/><\/figure>\n<\/div>\n<div class=\"tiled-gallery__col\" style=\"flex-basis: 33.47306%;\">\n<figure class=\"tiled-gallery__item\"><img decoding=\"async\" src=\"https:\/\/i0.wp.com\/connectaled.com\/wp-content\/uploads\/2026\/01\/connecta_led_right_side_thickness-1.jpg?ssl=1\" alt=\"LED lighting system power injection\" data-height=\"694\" data-id=\"50165\" data-link=\"https:\/\/connectaled.com\/connecta_led_right_side_thickness-2\/\" data-url=\"https:\/\/connectaled.com\/wp-content\/uploads\/2026\/01\/connecta_led_right_side_thickness-1.jpg\" data-width=\"844\" data-amp-layout=\"responsive\" \/><\/figure>\n<\/div>\n<\/div>\n<\/div>\n<\/div>\n<\/div>\n<p><!-- \/wp:jetpack\/tiled-gallery --><\/p>\n<\/div>\n<p><!-- \/wp:generateblocks\/element --><\/p>","protected":false},"excerpt":{"rendered":"<p>Modul\u00e1rn\u00ed LED osv\u011btlovac\u00ed syst\u00e9m pro profesion\u00e1ln\u00ed aplikace Modul\u00e1rn\u00ed LED osv\u011btlovac\u00ed syst\u00e9m odstra\u0148uje strukturn\u00ed a elektrick\u00e1 omezen\u00ed konven\u010dn\u00edch LED p\u00e1sk\u016f. Connecta sni\u017euje pokles nap\u011bt\u00ed, nerovnom\u011brn\u00fd jas a instala\u010dn\u00ed rizika pomoc\u00ed segmentovan\u00e9 0,5m architektury s integrovanou regulac\u00ed konstantn\u00edho proudu a konektory Pro\u010d je modul\u00e1rn\u00ed LED osv\u011btlovac\u00ed syst\u00e9m kl\u00ed\u010dov\u00fd v profesion\u00e1ln\u00edch projektech Modul\u00e1rn\u00ed LED osv\u011btlovac\u00ed syst\u00e9m nab\u00edz\u00ed konstruk\u010dn\u00ed &#8230; <a title=\"Modul\u00e1rn\u00ed LED osv\u011btlovac\u00ed syst\u00e9m\" class=\"read-more\" href=\"https:\/\/connectaled.com\/cs\/modularni-led-osvetlovaci-system\/\" aria-label=\"\u010c\u00edst v\u00edce o Modul\u00e1rn\u00ed LED osv\u011btlovac\u00ed syst\u00e9m\">Read more<\/a><\/p>\n","protected":false},"author":1,"featured_media":0,"parent":0,"menu_order":0,"comment_status":"closed","ping_status":"closed","template":"","meta":{"iawp_total_views":1,"footnotes":""},"class_list":["post-51386","page","type-page","status-publish"],"yoast_head":"<!-- This site is optimized with the Yoast SEO plugin v27.4 - https:\/\/yoast.com\/product\/yoast-seo-wordpress\/ -->\n<title>Modul\u00e1rn\u00ed LED osv\u011btlovac\u00ed syst\u00e9m pro profesion\u00e1ly | Connecta<\/title>\n<meta name=\"description\" content=\"Modul\u00e1rn\u00ed LED osv\u011btlovac\u00ed syst\u00e9m pro profesion\u00e1ly: men\u0161\u00ed pokles nap\u011bt\u00ed, stabiln\u00ed regulace konstantn\u00edho proudu a rovnom\u011brn\u00fd jas.\" \/>\n<meta name=\"robots\" content=\"index, follow, max-snippet:-1, max-image-preview:large, max-video-preview:-1\" \/>\n<link rel=\"canonical\" href=\"https:\/\/connectaled.com\/cs\/modularni-led-osvetlovaci-system\/\" \/>\n<meta property=\"og:locale\" content=\"cs_CZ\" \/>\n<meta property=\"og:type\" content=\"article\" \/>\n<meta property=\"og:title\" content=\"Modul\u00e1rn\u00ed LED osv\u011btlovac\u00ed syst\u00e9m pro profesion\u00e1ly | Connecta\" \/>\n<meta property=\"og:description\" content=\"Modul\u00e1rn\u00ed LED osv\u011btlovac\u00ed syst\u00e9m pro profesion\u00e1ly: men\u0161\u00ed pokles nap\u011bt\u00ed, stabiln\u00ed regulace konstantn\u00edho proudu a rovnom\u011brn\u00fd jas.\" \/>\n<meta property=\"og:url\" content=\"https:\/\/connectaled.com\/cs\/modularni-led-osvetlovaci-system\/\" \/>\n<meta property=\"og:site_name\" content=\"Connecta\" \/>\n<meta property=\"article:modified_time\" content=\"2026-02-22T22:22:27+00:00\" \/>\n<meta name=\"twitter:card\" content=\"summary_large_image\" \/>\n<meta name=\"twitter:label1\" content=\"Odhadovan\u00e1 doba \u010dten\u00ed\" \/>\n\t<meta name=\"twitter:data1\" content=\"5 minut\" \/>\n<script type=\"application\/ld+json\" class=\"yoast-schema-graph\">{\"@context\":\"https:\\\/\\\/schema.org\",\"@graph\":[{\"@type\":\"WebPage\",\"@id\":\"https:\\\/\\\/connectaled.com\\\/cs\\\/modularni-led-osvetlovaci-system\\\/\",\"url\":\"https:\\\/\\\/connectaled.com\\\/cs\\\/modularni-led-osvetlovaci-system\\\/\",\"name\":\"Modul\u00e1rn\u00ed LED osv\u011btlovac\u00ed syst\u00e9m pro profesion\u00e1ly | Connecta\",\"isPartOf\":{\"@id\":\"https:\\\/\\\/connectaled.com\\\/cs\\\/#website\"},\"primaryImageOfPage\":{\"@id\":\"https:\\\/\\\/connectaled.com\\\/cs\\\/modularni-led-osvetlovaci-system\\\/#primaryimage\"},\"image\":{\"@id\":\"https:\\\/\\\/connectaled.com\\\/cs\\\/modularni-led-osvetlovaci-system\\\/#primaryimage\"},\"thumbnailUrl\":\"https:\\\/\\\/connectaled.com\\\/wp-content\\\/uploads\\\/2025\\\/12\\\/connecta-led-traka-kako-se-nastavlja-scaled.jpg\",\"datePublished\":\"2026-02-09T14:19:28+00:00\",\"dateModified\":\"2026-02-22T22:22:27+00:00\",\"description\":\"Modul\u00e1rn\u00ed LED osv\u011btlovac\u00ed syst\u00e9m pro profesion\u00e1ly: men\u0161\u00ed pokles nap\u011bt\u00ed, stabiln\u00ed regulace konstantn\u00edho proudu a rovnom\u011brn\u00fd jas.\",\"breadcrumb\":{\"@id\":\"https:\\\/\\\/connectaled.com\\\/cs\\\/modularni-led-osvetlovaci-system\\\/#breadcrumb\"},\"inLanguage\":\"cs\",\"potentialAction\":[{\"@type\":\"ReadAction\",\"target\":[\"https:\\\/\\\/connectaled.com\\\/cs\\\/modularni-led-osvetlovaci-system\\\/\"]}]},{\"@type\":\"ImageObject\",\"inLanguage\":\"cs\",\"@id\":\"https:\\\/\\\/connectaled.com\\\/cs\\\/modularni-led-osvetlovaci-system\\\/#primaryimage\",\"url\":\"https:\\\/\\\/connectaled.com\\\/wp-content\\\/uploads\\\/2025\\\/12\\\/connecta-led-traka-kako-se-nastavlja-scaled.jpg\",\"contentUrl\":\"https:\\\/\\\/connectaled.com\\\/wp-content\\\/uploads\\\/2025\\\/12\\\/connecta-led-traka-kako-se-nastavlja-scaled.jpg\"},{\"@type\":\"BreadcrumbList\",\"@id\":\"https:\\\/\\\/connectaled.com\\\/cs\\\/modularni-led-osvetlovaci-system\\\/#breadcrumb\",\"itemListElement\":[{\"@type\":\"ListItem\",\"position\":1,\"name\":\"Home\",\"item\":\"https:\\\/\\\/connectaled.com\\\/cs\\\/\"},{\"@type\":\"ListItem\",\"position\":2,\"name\":\"Modul\u00e1rn\u00ed LED osv\u011btlovac\u00ed syst\u00e9m\"}]},{\"@type\":\"WebSite\",\"@id\":\"https:\\\/\\\/connectaled.com\\\/cs\\\/#website\",\"url\":\"https:\\\/\\\/connectaled.com\\\/cs\\\/\",\"name\":\"Click&Light\",\"description\":\"Click&amp;Light\",\"publisher\":{\"@id\":\"https:\\\/\\\/connectaled.com\\\/cs\\\/#organization\"},\"alternateName\":\"Profesional LED Stripes\",\"potentialAction\":[{\"@type\":\"SearchAction\",\"target\":{\"@type\":\"EntryPoint\",\"urlTemplate\":\"https:\\\/\\\/connectaled.com\\\/cs\\\/?s={search_term_string}\"},\"query-input\":{\"@type\":\"PropertyValueSpecification\",\"valueRequired\":true,\"valueName\":\"search_term_string\"}}],\"inLanguage\":\"cs\"},{\"@type\":\"Organization\",\"@id\":\"https:\\\/\\\/connectaled.com\\\/cs\\\/#organization\",\"name\":\"Click&Light\",\"alternateName\":\"ESTA Connecta LED Profesional LED Stripes\",\"url\":\"https:\\\/\\\/connectaled.com\\\/cs\\\/\",\"logo\":{\"@type\":\"ImageObject\",\"inLanguage\":\"cs\",\"@id\":\"https:\\\/\\\/connectaled.com\\\/cs\\\/#\\\/schema\\\/logo\\\/image\\\/\",\"url\":\"https:\\\/\\\/connectaled.com\\\/wp-content\\\/uploads\\\/2026\\\/02\\\/0971ccf6-3fff-42e1-94cc-ad01a54d4b85-4.png\",\"contentUrl\":\"https:\\\/\\\/connectaled.com\\\/wp-content\\\/uploads\\\/2026\\\/02\\\/0971ccf6-3fff-42e1-94cc-ad01a54d4b85-4.png\",\"width\":1326,\"height\":330,\"caption\":\"Click&Light\"},\"image\":{\"@id\":\"https:\\\/\\\/connectaled.com\\\/cs\\\/#\\\/schema\\\/logo\\\/image\\\/\"}}]}<\/script>\n<!-- \/ Yoast SEO plugin. -->","yoast_head_json":{"title":"Modul\u00e1rn\u00ed LED osv\u011btlovac\u00ed syst\u00e9m pro profesion\u00e1ly | Connecta","description":"Modul\u00e1rn\u00ed LED osv\u011btlovac\u00ed syst\u00e9m pro profesion\u00e1ly: men\u0161\u00ed pokles nap\u011bt\u00ed, stabiln\u00ed regulace konstantn\u00edho proudu a rovnom\u011brn\u00fd jas.","robots":{"index":"index","follow":"follow","max-snippet":"max-snippet:-1","max-image-preview":"max-image-preview:large","max-video-preview":"max-video-preview:-1"},"canonical":"https:\/\/connectaled.com\/cs\/modularni-led-osvetlovaci-system\/","og_locale":"cs_CZ","og_type":"article","og_title":"Modul\u00e1rn\u00ed LED osv\u011btlovac\u00ed syst\u00e9m pro profesion\u00e1ly | Connecta","og_description":"Modul\u00e1rn\u00ed LED osv\u011btlovac\u00ed syst\u00e9m pro profesion\u00e1ly: men\u0161\u00ed pokles nap\u011bt\u00ed, stabiln\u00ed regulace konstantn\u00edho proudu a rovnom\u011brn\u00fd jas.","og_url":"https:\/\/connectaled.com\/cs\/modularni-led-osvetlovaci-system\/","og_site_name":"Connecta","article_modified_time":"2026-02-22T22:22:27+00:00","twitter_card":"summary_large_image","twitter_misc":{"Odhadovan\u00e1 doba \u010dten\u00ed":"5 minut"},"schema":{"@context":"https:\/\/schema.org","@graph":[{"@type":"WebPage","@id":"https:\/\/connectaled.com\/cs\/modularni-led-osvetlovaci-system\/","url":"https:\/\/connectaled.com\/cs\/modularni-led-osvetlovaci-system\/","name":"Modul\u00e1rn\u00ed LED osv\u011btlovac\u00ed syst\u00e9m pro profesion\u00e1ly | Connecta","isPartOf":{"@id":"https:\/\/connectaled.com\/cs\/#website"},"primaryImageOfPage":{"@id":"https:\/\/connectaled.com\/cs\/modularni-led-osvetlovaci-system\/#primaryimage"},"image":{"@id":"https:\/\/connectaled.com\/cs\/modularni-led-osvetlovaci-system\/#primaryimage"},"thumbnailUrl":"https:\/\/connectaled.com\/wp-content\/uploads\/2025\/12\/connecta-led-traka-kako-se-nastavlja-scaled.jpg","datePublished":"2026-02-09T14:19:28+00:00","dateModified":"2026-02-22T22:22:27+00:00","description":"Modul\u00e1rn\u00ed LED osv\u011btlovac\u00ed syst\u00e9m pro profesion\u00e1ly: men\u0161\u00ed pokles nap\u011bt\u00ed, stabiln\u00ed regulace konstantn\u00edho proudu a rovnom\u011brn\u00fd jas.","breadcrumb":{"@id":"https:\/\/connectaled.com\/cs\/modularni-led-osvetlovaci-system\/#breadcrumb"},"inLanguage":"cs","potentialAction":[{"@type":"ReadAction","target":["https:\/\/connectaled.com\/cs\/modularni-led-osvetlovaci-system\/"]}]},{"@type":"ImageObject","inLanguage":"cs","@id":"https:\/\/connectaled.com\/cs\/modularni-led-osvetlovaci-system\/#primaryimage","url":"https:\/\/connectaled.com\/wp-content\/uploads\/2025\/12\/connecta-led-traka-kako-se-nastavlja-scaled.jpg","contentUrl":"https:\/\/connectaled.com\/wp-content\/uploads\/2025\/12\/connecta-led-traka-kako-se-nastavlja-scaled.jpg"},{"@type":"BreadcrumbList","@id":"https:\/\/connectaled.com\/cs\/modularni-led-osvetlovaci-system\/#breadcrumb","itemListElement":[{"@type":"ListItem","position":1,"name":"Home","item":"https:\/\/connectaled.com\/cs\/"},{"@type":"ListItem","position":2,"name":"Modul\u00e1rn\u00ed LED osv\u011btlovac\u00ed syst\u00e9m"}]},{"@type":"WebSite","@id":"https:\/\/connectaled.com\/cs\/#website","url":"https:\/\/connectaled.com\/cs\/","name":"Click&Light","description":"Click&amp;Light","publisher":{"@id":"https:\/\/connectaled.com\/cs\/#organization"},"alternateName":"Profesional LED Stripes","potentialAction":[{"@type":"SearchAction","target":{"@type":"EntryPoint","urlTemplate":"https:\/\/connectaled.com\/cs\/?s={search_term_string}"},"query-input":{"@type":"PropertyValueSpecification","valueRequired":true,"valueName":"search_term_string"}}],"inLanguage":"cs"},{"@type":"Organization","@id":"https:\/\/connectaled.com\/cs\/#organization","name":"Click&Light","alternateName":"ESTA Connecta LED Profesional LED Stripes","url":"https:\/\/connectaled.com\/cs\/","logo":{"@type":"ImageObject","inLanguage":"cs","@id":"https:\/\/connectaled.com\/cs\/#\/schema\/logo\/image\/","url":"https:\/\/connectaled.com\/wp-content\/uploads\/2026\/02\/0971ccf6-3fff-42e1-94cc-ad01a54d4b85-4.png","contentUrl":"https:\/\/connectaled.com\/wp-content\/uploads\/2026\/02\/0971ccf6-3fff-42e1-94cc-ad01a54d4b85-4.png","width":1326,"height":330,"caption":"Click&Light"},"image":{"@id":"https:\/\/connectaled.com\/cs\/#\/schema\/logo\/image\/"}}]}},"jetpack_sharing_enabled":true,"_links":{"self":[{"href":"https:\/\/connectaled.com\/cs\/wp-json\/wp\/v2\/pages\/51386","targetHints":{"allow":["GET"]}}],"collection":[{"href":"https:\/\/connectaled.com\/cs\/wp-json\/wp\/v2\/pages"}],"about":[{"href":"https:\/\/connectaled.com\/cs\/wp-json\/wp\/v2\/types\/page"}],"author":[{"embeddable":true,"href":"https:\/\/connectaled.com\/cs\/wp-json\/wp\/v2\/users\/1"}],"replies":[{"embeddable":true,"href":"https:\/\/connectaled.com\/cs\/wp-json\/wp\/v2\/comments?post=51386"}],"version-history":[{"count":13,"href":"https:\/\/connectaled.com\/cs\/wp-json\/wp\/v2\/pages\/51386\/revisions"}],"predecessor-version":[{"id":51564,"href":"https:\/\/connectaled.com\/cs\/wp-json\/wp\/v2\/pages\/51386\/revisions\/51564"}],"wp:attachment":[{"href":"https:\/\/connectaled.com\/cs\/wp-json\/wp\/v2\/media?parent=51386"}],"curies":[{"name":"wp","href":"https:\/\/api.w.org\/{rel}","templated":true}]}}